{"id":3,"date":"2019-02-20T11:11:12","date_gmt":"2019-02-20T11:11:12","guid":{"rendered":"http:\/\/permaculture.webarch5.co.uk\/?page_id=3"},"modified":"2025-10-14T20:26:50","modified_gmt":"2025-10-14T20:26:50","slug":"privacy-policy","status":"publish","type":"page","link":"https:\/\/perma.earth\/de\/privacy-policy\/","title":{"rendered":"Datenschutzbestimmungen"},"content":{"rendered":"<h2 class=\"wp-block-heading\">Wer wir sind<\/h2>\n\n\n\n<p>Wir sind das Internationale Permakultur CoLab. Unsere Website-Adresse lautet: <a href=\"https:\/\/perma.earth\/de\/\">https:\/\/perma.earth<\/a>.<\/p>\n\n\n\n<h3 class=\"wp-block-heading\">Admins<\/h3>\n\n\n\n<p>Admins f\u00fcr diese Website haben Zugriff auf alle Daten in der Datenbank. Sie erhalten Admin-Rechte auf der Grundlage einer langj\u00e4hrigen positiven Zusammenarbeit mit dem CoLab und fr\u00fcherer Erfahrung mit der Verwaltung einer WordPress-Website. Neue Admins werden bei Bedarf von den derzeitigen Admins ausgew\u00e4hlt oder wenn eine direkte Anfrage mit Zustimmung des Digitalen Kreises gestellt wird. Die 2-Faktor-Authentifizierung ist f\u00fcr alle Website-Admins erforderlich, um die Sicherheit zu erh\u00f6hen.<\/p>\n\n\n\n<h2 class=\"wp-block-heading\">Welche personenbezogenen Daten wir erfassen und warum wir sie erfassen<\/h2>\n\n\n\n<h3 class=\"wp-block-heading\">Kommentare<\/h3>\n\n\n\n<p>Wenn Besucher Kommentare auf der Website hinterlassen, erfassen wir die im Kommentarformular angezeigten Daten sowie die IP-Adresse des Besuchers und den User-Agent-String des Browsers, um die Spam-Erkennung zu erleichtern.<\/p>\n\n\n\n<p>Eine anonymisierte Zeichenfolge, die aus Ihrer E-Mail-Adresse erstellt wird (auch Hash genannt), kann dem Gravatar-Dienst zur Verf\u00fcgung gestellt werden, um zu sehen, ob Sie ihn benutzen. Die Datenschutzrichtlinien des Gravatar-Dienstes finden Sie hier: https:\/\/automattic.com\/privacy\/. Nach der Freigabe Ihres Kommentars ist Ihr Profilbild im Zusammenhang mit Ihrem Kommentar \u00f6ffentlich sichtbar.<\/p>\n\n\n\n<h3 class=\"wp-block-heading\">Medien<\/h3>\n\n\n\n<p>Wenn Sie Bilder auf die Website hochladen, sollten Sie es vermeiden, Bilder hochzuladen, die eingebettete Standortdaten (EXIF-GPS) enthalten. Die Besucher der Website k\u00f6nnen alle Standortdaten von den Bildern auf der Website herunterladen und extrahieren.<\/p>\n\n\n\n<h3 class=\"wp-block-heading\">Kontaktformulare<\/h3>\n\n\n\n<p>Die Daten unseres Kontaktformulars werden in unserer WordPress-Datenbank gespeichert und an unsere Website weitergeleitet. <a rel=\"noreferrer noopener\" aria-label=\"Slack (\u00f6ffnet in einer neuen Registerkarte)\" href=\"https:\/\/slack.com\" target=\"_blank\">Slack<\/a> Arbeitsbereich. Sobald sie in unserem Slack-Arbeitsbereich sind, kann jeder in unserem Slack-Arbeitsbereich sie dort sehen, einschlie\u00dflich des CoLab-Kernteams und der Mitarbeiter.<\/p>\n\n\n\n<h3 class=\"wp-block-heading\">Newsletter<\/h3>\n\n\n\n<p>Wir erheben und speichern unsere Newsletter-Anmeldedaten mit dem <a href=\"https:\/\/www.mailpoet.com\/\" target=\"_blank\" rel=\"noreferrer noopener\">Mailpoet-Dienst<\/a>. Die Daten k\u00f6nnen von Website-Administratoren in das Plugin importiert und exportiert werden, um die Liste zu aktualisieren. Sie k\u00f6nnen sich jederzeit wieder abmelden.<\/p>\n\n\n\n<h3 class=\"wp-block-heading\">Registrierung der Mitwirkenden<\/h3>\n\n\n\n<p>Wenn Sie sich als Beitragszahler registrieren <a href=\"\/de\/contribute\/\">hier<\/a> speichern wir die Informationen in unserer WordPress-Datenbank unter Verwendung der <a rel=\"noreferrer noopener\" aria-label=\"Teilnehmerdatenbank-Plugin (\u00f6ffnet in einer neuen Registerkarte)\" href=\"https:\/\/wordpress.org\/plugins\/participants-database\/\" target=\"_blank\">Teilnehmer Datenbank Plugin<\/a>. Wir leiten die Daten auch an unsere <a rel=\"noreferrer noopener\" aria-label=\"Slack (\u00f6ffnet in einer neuen Registerkarte)\" href=\"https:\/\/slack.com\" target=\"_blank\">Slack<\/a> Kanal, damit unser Team benachrichtigt werden kann und die M\u00f6glichkeit hat, die Daten manuell zu bearbeiten. Sobald sie in unserem Slack-Arbeitsbereich sind, kann jeder in unserem Slack-Arbeitsbereich sie dort sehen, einschlie\u00dflich des CoLab-Kernteams und der Mitarbeiter.<\/p>\n\n\n\n<h3 class=\"wp-block-heading\">Kekse<\/h3>\n\n\n\n<p>Wenn Sie einen Kommentar auf unserer Website hinterlassen, k\u00f6nnen Sie sich damit einverstanden erkl\u00e4ren, dass Ihr Name, Ihre E-Mail-Adresse und Ihre Website in Cookies gespeichert werden. Diese dienen Ihrer Bequemlichkeit, damit Sie Ihre Daten nicht erneut eingeben m\u00fcssen, wenn Sie einen weiteren Kommentar hinterlassen. Diese Cookies sind ein Jahr lang g\u00fcltig.<\/p>\n\n\n\n<p>Wenn Sie ein Konto haben und sich auf dieser Website anmelden, setzen wir ein tempor\u00e4res Cookie, um festzustellen, ob Ihr Browser Cookies zul\u00e4sst. Dieses Cookie enth\u00e4lt keine pers\u00f6nlichen Daten und wird gel\u00f6scht, wenn Sie Ihren Browser schlie\u00dfen.<\/p>\n\n\n\n<p>Wenn Sie sich anmelden, legen wir au\u00dferdem mehrere Cookies an, um Ihre Anmeldeinformationen und die von Ihnen gew\u00e4hlten Bildschirmoptionen zu speichern. Die Anmelde-Cookies bleiben zwei Tage lang gespeichert, die Cookies f\u00fcr die Bildschirmoptionen ein Jahr lang. Wenn Sie \u201cRemember Me\u201d w\u00e4hlen, bleibt Ihr Login zwei Wochen lang erhalten. Wenn Sie sich von Ihrem Konto abmelden, werden die Anmelde-Cookies entfernt.<\/p>\n\n\n\n<p>Wenn Sie einen Artikel bearbeiten oder ver\u00f6ffentlichen, wird ein zus\u00e4tzliches Cookie in Ihrem Browser gespeichert. Dieses Cookie enth\u00e4lt keine pers\u00f6nlichen Daten und zeigt lediglich die Post-ID des Artikels an, den Sie gerade bearbeitet haben. Er verf\u00e4llt nach 1 Tag.<\/p>\n\n\n\n<h3 class=\"wp-block-heading\">Eingebettete Inhalte von anderen Websites<\/h3>\n\n\n\n<p>Die Artikel auf dieser Website k\u00f6nnen eingebettete Inhalte (z. B. Videos, Bilder, Artikel usw.) enthalten. Eingebettete Inhalte von anderen Websites verhalten sich genau so, als ob der Besucher die andere Website besucht h\u00e4tte.<\/p>\n\n\n\n<p>Diese Websites k\u00f6nnen Daten \u00fcber Sie sammeln, Cookies verwenden, zus\u00e4tzliche Trackingfunktionen von Dritten einbetten und Ihre Interaktion mit diesen eingebetteten Inhalten \u00fcberwachen, einschlie\u00dflich der Verfolgung Ihrer Interaktion mit den eingebetteten Inhalten, wenn Sie ein Konto haben und auf dieser Website angemeldet sind.<\/p>\n\n\n\n<h3 class=\"wp-block-heading\">Analytik<\/h3>\n\n\n\n<p>Wir verwenden Matomo (fr\u00fcher Piwik genannt), um die Nutzung der Website zu verfolgen, damit wir die Benutzerfreundlichkeit unserer Website verbessern k\u00f6nnen. Unser Matomo-Server wird gehostet von <a href=\"https:\/\/docs.webarch.net\/wiki\/Matamo\" target=\"_blank\" rel=\"noreferrer noopener\" aria-label=\"Webarch (\u00f6ffnet in einer neuen Registerkarte)\">Webarch<\/a>.<\/p>\n\n\n\n<h2 class=\"wp-block-heading\">Wie lange wir Ihre Daten aufbewahren<\/h2>\n\n\n\n<p>Wenn Sie einen Kommentar hinterlassen, werden der Kommentar und seine Metadaten auf unbestimmte Zeit gespeichert. Auf diese Weise k\u00f6nnen wir Folgekommentare automatisch erkennen und genehmigen, anstatt sie in einer Moderationswarteschlange zu halten.<\/p>\n\n\n\n<p>F\u00fcr Benutzer, die sich auf unserer Website registrieren (falls vorhanden), speichern wir auch die pers\u00f6nlichen Informationen, die sie in ihrem Benutzerprofil angeben. Alle Nutzer k\u00f6nnen ihre pers\u00f6nlichen Daten jederzeit einsehen, bearbeiten oder l\u00f6schen (sie k\u00f6nnen jedoch ihren Benutzernamen nicht \u00e4ndern). Auch die Administratoren der Website k\u00f6nnen diese Informationen einsehen und bearbeiten.<\/p>\n\n\n\n<h2 class=\"wp-block-heading\">Welche Rechte Sie an Ihren Daten haben<\/h2>\n\n\n\n<p>Wenn Sie ein Konto auf dieser Website haben oder Kommentare hinterlassen haben, k\u00f6nnen Sie eine exportierte Datei mit den personenbezogenen Daten anfordern, die wir \u00fcber Sie gespeichert haben, einschlie\u00dflich der Daten, die Sie uns zur Verf\u00fcgung gestellt haben. Sie k\u00f6nnen auch verlangen, dass wir alle personenbezogenen Daten, die wir \u00fcber Sie gespeichert haben, l\u00f6schen. Davon ausgenommen sind Daten, die wir aus verwaltungstechnischen, rechtlichen oder sicherheitsrelevanten Gr\u00fcnden aufbewahren m\u00fcssen. Zu diesem Zweck <a href=\"\/de\/connect\/\">kontaktieren Sie uns<\/a>.<\/p>\n\n\n\n<h2 class=\"wp-block-heading\">Wohin wir Ihre Daten senden<\/h2>\n\n\n\n<p>Die Kommentare der Besucher k\u00f6nnen durch einen automatischen Spam-Erkennungsdienst \u00fcberpr\u00fcft werden.<\/p>\n\n\n\n<h2 class=\"wp-block-heading\">Zus\u00e4tzliche Informationen<\/h2>\n\n\n\n<h3 class=\"wp-block-heading\">Wie wir Ihre Daten sch\u00fctzen<\/h3>\n\n\n\n<p>Personenbezogene Daten unterliegen zus\u00e4tzlichen Sicherheitsvorkehrungen, die gew\u00e4hrleisten, dass diese Daten sicher verarbeitet werden. So bem\u00fchen wir uns beispielsweise darum, dass die Daten bei der \u00dcbertragung und Speicherung verschl\u00fcsselt werden, und der Zugang zu diesen Daten ist streng auf eine Mindestzahl von Personen beschr\u00e4nkt und unterliegt Vertraulichkeitsverpflichtungen. <\/p>\n\n\n\n<p>Wir werden alle angemessenen Ma\u00dfnahmen ergreifen, um sicherzustellen, dass Ihre Daten\nsicher und in \u00dcbereinstimmung mit dieser Richtlinie behandelt werden. Leider,\nist die \u00dcbertragung von Informationen \u00fcber das Internet nicht v\u00f6llig\nsicher. Obwohl wir unser Bestes tun, um Ihre pers\u00f6nlichen Daten zu sch\u00fctzen, k\u00f6nnen wir\nk\u00f6nnen wir nicht f\u00fcr die Sicherheit Ihrer Daten garantieren, die an eine unserer\nWebsites \u00fcbermittelten Daten nicht garantieren; jede \u00dcbermittlung erfolgt auf Ihr eigenes Risiko. Sobald wir Ihre Daten erhalten haben\nInformationen erhalten haben, werden wir strenge Verfahren und Sicherheitsvorkehrungen\n um unbefugten Zugriff zu verhindern. Wenn m\u00f6glich, wird Verschl\u00fcsselung eingesetzt,\nsowohl bei der \u00dcbertragung als auch bei der Speicherung. Zugangskontrollen innerhalb der Organisation\nschr\u00e4nken ein, wer auf Informationen zugreifen darf.<\/p>\n\n\n\n<h3 class=\"wp-block-heading\">Welche automatisierte Entscheidungsfindung und\/oder Profilerstellung wir mit Nutzerdaten durchf\u00fchren<\/h3>\n\n\n\n<p>Wir sammeln Ihre Pr\u00e4ferenzen, wo Sie sich einbringen m\u00f6chten, damit wir Sie in Zukunft mit Informationen und Einladungen zur Mitarbeit kontaktieren k\u00f6nnen.<\/p>","protected":false},"excerpt":{"rendered":"<p>Who we are We are The International Permaculture CoLab. Our website address is: https:\/\/perma.earth. Admins Admins for this website have access to all the date in the database. They are assigned admin rights based on having a long standing history of positive collaboration with the CoLab, and prior experience of administering a WordPress website. New [&hellip;]<\/p>\n","protected":false},"author":33,"featured_media":745,"parent":0,"menu_order":0,"comment_status":"closed","ping_status":"open","template":"","meta":{"_acf_changed":false,"_et_pb_use_builder":"","_et_pb_old_content":"","_et_gb_content_width":"","footnotes":""},"class_list":["post-3","page","type-page","status-publish","has-post-thumbnail","hentry"],"acf":[],"featured_image_urls":{"full":["https:\/\/perma.earth\/wp-content\/uploads\/2019\/07\/cropped-markus-spiske-8OyKWQgBsKQ-unsplash-e1562252408244-1.jpg",1335,751,false],"thumbnail":["https:\/\/perma.earth\/wp-content\/uploads\/2019\/07\/cropped-markus-spiske-8OyKWQgBsKQ-unsplash-e1562252408244-1-150x150.jpg",150,150,true],"medium":["https:\/\/perma.earth\/wp-content\/uploads\/2019\/07\/cropped-markus-spiske-8OyKWQgBsKQ-unsplash-e1562252408244-1-300x169.jpg",300,169,true],"medium_large":["https:\/\/perma.earth\/wp-content\/uploads\/2019\/07\/cropped-markus-spiske-8OyKWQgBsKQ-unsplash-e1562252408244-1-768x432.jpg",768,432,true],"large":["https:\/\/perma.earth\/wp-content\/uploads\/2019\/07\/cropped-markus-spiske-8OyKWQgBsKQ-unsplash-e1562252408244-1-1024x576.jpg",1024,576,true],"1536x1536":["https:\/\/perma.earth\/wp-content\/uploads\/2019\/07\/cropped-markus-spiske-8OyKWQgBsKQ-unsplash-e1562252408244-1.jpg",1335,751,false],"2048x2048":["https:\/\/perma.earth\/wp-content\/uploads\/2019\/07\/cropped-markus-spiske-8OyKWQgBsKQ-unsplash-e1562252408244-1.jpg",1335,751,false],"trp-custom-language-flag":["https:\/\/perma.earth\/wp-content\/uploads\/2019\/07\/cropped-markus-spiske-8OyKWQgBsKQ-unsplash-e1562252408244-1.jpg",18,10,false],"et-pb-post-main-image":["https:\/\/perma.earth\/wp-content\/uploads\/2019\/07\/cropped-markus-spiske-8OyKWQgBsKQ-unsplash-e1562252408244-1.jpg",400,225,false],"et-pb-post-main-image-fullwidth":["https:\/\/perma.earth\/wp-content\/uploads\/2019\/07\/cropped-markus-spiske-8OyKWQgBsKQ-unsplash-e1562252408244-1.jpg",1080,608,false],"et-pb-portfolio-image":["https:\/\/perma.earth\/wp-content\/uploads\/2019\/07\/cropped-markus-spiske-8OyKWQgBsKQ-unsplash-e1562252408244-1.jpg",400,225,false],"et-pb-portfolio-module-image":["https:\/\/perma.earth\/wp-content\/uploads\/2019\/07\/cropped-markus-spiske-8OyKWQgBsKQ-unsplash-e1562252408244-1.jpg",510,287,false],"et-pb-portfolio-image-single":["https:\/\/perma.earth\/wp-content\/uploads\/2019\/07\/cropped-markus-spiske-8OyKWQgBsKQ-unsplash-e1562252408244-1.jpg",1080,608,false],"et-pb-gallery-module-image-portrait":["https:\/\/perma.earth\/wp-content\/uploads\/2019\/07\/cropped-markus-spiske-8OyKWQgBsKQ-unsplash-e1562252408244-1.jpg",400,225,false],"et-pb-post-main-image-fullwidth-large":["https:\/\/perma.earth\/wp-content\/uploads\/2019\/07\/cropped-markus-spiske-8OyKWQgBsKQ-unsplash-e1562252408244-1.jpg",1335,751,false],"et-pb-image--responsive--desktop":["https:\/\/perma.earth\/wp-content\/uploads\/2019\/07\/cropped-markus-spiske-8OyKWQgBsKQ-unsplash-e1562252408244-1.jpg",1280,720,false],"et-pb-image--responsive--tablet":["https:\/\/perma.earth\/wp-content\/uploads\/2019\/07\/cropped-markus-spiske-8OyKWQgBsKQ-unsplash-e1562252408244-1.jpg",980,551,false],"et-pb-image--responsive--phone":["https:\/\/perma.earth\/wp-content\/uploads\/2019\/07\/cropped-markus-spiske-8OyKWQgBsKQ-unsplash-e1562252408244-1.jpg",480,270,false],"mailpoet_newsletter_max":["https:\/\/perma.earth\/wp-content\/uploads\/2019\/07\/cropped-markus-spiske-8OyKWQgBsKQ-unsplash-e1562252408244-1.jpg",1320,743,false],"woocommerce_thumbnail":["https:\/\/perma.earth\/wp-content\/uploads\/2019\/07\/cropped-markus-spiske-8OyKWQgBsKQ-unsplash-e1562252408244-1-300x300.jpg",300,300,true],"woocommerce_single":["https:\/\/perma.earth\/wp-content\/uploads\/2019\/07\/cropped-markus-spiske-8OyKWQgBsKQ-unsplash-e1562252408244-1-600x338.jpg",600,338,true],"woocommerce_gallery_thumbnail":["https:\/\/perma.earth\/wp-content\/uploads\/2019\/07\/cropped-markus-spiske-8OyKWQgBsKQ-unsplash-e1562252408244-1-100x100.jpg",100,100,true]},"post_excerpt_stackable":"<p>Who we are We are The International Permaculture CoLab. Our website address is: https:\/\/perma.earth. Admins Admins for this website have access to all the date in the database. They are assigned admin rights based on having a long standing history of positive collaboration with the CoLab, and prior experience of administering a WordPress website. New admins are selected when necessary by current admins, or when a direct request is made with consent from the Digital Circle. 2 factor authentication is required for all site admins for extra security. What personal data we collect and why we collect it Comments When&hellip;<\/p>\n","category_list":"","author_info":{"name":"aimee","url":"https:\/\/perma.earth\/de\/author\/aimee\/"},"comments_num":"0 comments","featured_image_urls_v2":{"full":["https:\/\/perma.earth\/wp-content\/uploads\/2019\/07\/cropped-markus-spiske-8OyKWQgBsKQ-unsplash-e1562252408244-1.jpg",1335,751,false],"thumbnail":["https:\/\/perma.earth\/wp-content\/uploads\/2019\/07\/cropped-markus-spiske-8OyKWQgBsKQ-unsplash-e1562252408244-1-150x150.jpg",150,150,true],"medium":["https:\/\/perma.earth\/wp-content\/uploads\/2019\/07\/cropped-markus-spiske-8OyKWQgBsKQ-unsplash-e1562252408244-1-300x169.jpg",300,169,true],"medium_large":["https:\/\/perma.earth\/wp-content\/uploads\/2019\/07\/cropped-markus-spiske-8OyKWQgBsKQ-unsplash-e1562252408244-1-768x432.jpg",768,432,true],"large":["https:\/\/perma.earth\/wp-content\/uploads\/2019\/07\/cropped-markus-spiske-8OyKWQgBsKQ-unsplash-e1562252408244-1-1024x576.jpg",1024,576,true],"1536x1536":["https:\/\/perma.earth\/wp-content\/uploads\/2019\/07\/cropped-markus-spiske-8OyKWQgBsKQ-unsplash-e1562252408244-1.jpg",1335,751,false],"2048x2048":["https:\/\/perma.earth\/wp-content\/uploads\/2019\/07\/cropped-markus-spiske-8OyKWQgBsKQ-unsplash-e1562252408244-1.jpg",1335,751,false],"trp-custom-language-flag":["https:\/\/perma.earth\/wp-content\/uploads\/2019\/07\/cropped-markus-spiske-8OyKWQgBsKQ-unsplash-e1562252408244-1.jpg",18,10,false],"et-pb-post-main-image":["https:\/\/perma.earth\/wp-content\/uploads\/2019\/07\/cropped-markus-spiske-8OyKWQgBsKQ-unsplash-e1562252408244-1.jpg",400,225,false],"et-pb-post-main-image-fullwidth":["https:\/\/perma.earth\/wp-content\/uploads\/2019\/07\/cropped-markus-spiske-8OyKWQgBsKQ-unsplash-e1562252408244-1.jpg",1080,608,false],"et-pb-portfolio-image":["https:\/\/perma.earth\/wp-content\/uploads\/2019\/07\/cropped-markus-spiske-8OyKWQgBsKQ-unsplash-e1562252408244-1.jpg",400,225,false],"et-pb-portfolio-module-image":["https:\/\/perma.earth\/wp-content\/uploads\/2019\/07\/cropped-markus-spiske-8OyKWQgBsKQ-unsplash-e1562252408244-1.jpg",510,287,false],"et-pb-portfolio-image-single":["https:\/\/perma.earth\/wp-content\/uploads\/2019\/07\/cropped-markus-spiske-8OyKWQgBsKQ-unsplash-e1562252408244-1.jpg",1080,608,false],"et-pb-gallery-module-image-portrait":["https:\/\/perma.earth\/wp-content\/uploads\/2019\/07\/cropped-markus-spiske-8OyKWQgBsKQ-unsplash-e1562252408244-1.jpg",400,225,false],"et-pb-post-main-image-fullwidth-large":["https:\/\/perma.earth\/wp-content\/uploads\/2019\/07\/cropped-markus-spiske-8OyKWQgBsKQ-unsplash-e1562252408244-1.jpg",1335,751,false],"et-pb-image--responsive--desktop":["https:\/\/perma.earth\/wp-content\/uploads\/2019\/07\/cropped-markus-spiske-8OyKWQgBsKQ-unsplash-e1562252408244-1.jpg",1280,720,false],"et-pb-image--responsive--tablet":["https:\/\/perma.earth\/wp-content\/uploads\/2019\/07\/cropped-markus-spiske-8OyKWQgBsKQ-unsplash-e1562252408244-1.jpg",980,551,false],"et-pb-image--responsive--phone":["https:\/\/perma.earth\/wp-content\/uploads\/2019\/07\/cropped-markus-spiske-8OyKWQgBsKQ-unsplash-e1562252408244-1.jpg",480,270,false],"mailpoet_newsletter_max":["https:\/\/perma.earth\/wp-content\/uploads\/2019\/07\/cropped-markus-spiske-8OyKWQgBsKQ-unsplash-e1562252408244-1.jpg",1320,743,false],"woocommerce_thumbnail":["https:\/\/perma.earth\/wp-content\/uploads\/2019\/07\/cropped-markus-spiske-8OyKWQgBsKQ-unsplash-e1562252408244-1-300x300.jpg",300,300,true],"woocommerce_single":["https:\/\/perma.earth\/wp-content\/uploads\/2019\/07\/cropped-markus-spiske-8OyKWQgBsKQ-unsplash-e1562252408244-1-600x338.jpg",600,338,true],"woocommerce_gallery_thumbnail":["https:\/\/perma.earth\/wp-content\/uploads\/2019\/07\/cropped-markus-spiske-8OyKWQgBsKQ-unsplash-e1562252408244-1-100x100.jpg",100,100,true]},"post_excerpt_stackable_v2":"<p>Who we are We are The International Permaculture CoLab. Our website address is: https:\/\/perma.earth. Admins Admins for this website have access to all the date in the database. They are assigned admin rights based on having a long standing history of positive collaboration with the CoLab, and prior experience of administering a WordPress website. New admins are selected when necessary by current admins, or when a direct request is made with consent from the Digital Circle. 2 factor authentication is required for all site admins for extra security. What personal data we collect and why we collect it Comments When&hellip;<\/p>\n","category_list_v2":"","author_info_v2":{"name":"aimee","url":"https:\/\/perma.earth\/de\/author\/aimee\/"},"comments_num_v2":"0 comments","_links":{"self":[{"href":"https:\/\/perma.earth\/de\/wp-json\/wp\/v2\/pages\/3","targetHints":{"allow":["GET"]}}],"collection":[{"href":"https:\/\/perma.earth\/de\/wp-json\/wp\/v2\/pages"}],"about":[{"href":"https:\/\/perma.earth\/de\/wp-json\/wp\/v2\/types\/page"}],"author":[{"embeddable":true,"href":"https:\/\/perma.earth\/de\/wp-json\/wp\/v2\/users\/33"}],"replies":[{"embeddable":true,"href":"https:\/\/perma.earth\/de\/wp-json\/wp\/v2\/comments?post=3"}],"version-history":[{"count":24,"href":"https:\/\/perma.earth\/de\/wp-json\/wp\/v2\/pages\/3\/revisions"}],"predecessor-version":[{"id":8359,"href":"https:\/\/perma.earth\/de\/wp-json\/wp\/v2\/pages\/3\/revisions\/8359"}],"wp:featuredmedia":[{"embeddable":true,"href":"https:\/\/perma.earth\/de\/wp-json\/wp\/v2\/media\/745"}],"wp:attachment":[{"href":"https:\/\/perma.earth\/de\/wp-json\/wp\/v2\/media?parent=3"}],"curies":[{"name":"wp","href":"https:\/\/api.w.org\/{rel}","templated":true}]}}