{"id":3702,"date":"2021-11-02T13:31:08","date_gmt":"2021-11-02T13:31:08","guid":{"rendered":"https:\/\/perma.earth\/?page_id=3702"},"modified":"2023-11-03T12:46:16","modified_gmt":"2023-11-03T12:46:16","slug":"history-2","status":"publish","type":"page","link":"https:\/\/perma.earth\/de\/history-2\/","title":{"rendered":"Geschichte"},"content":{"rendered":"<p><\/p>\n\n\n\n<figure class=\"wp-block-image size-large\"><img loading=\"lazy\" decoding=\"async\" width=\"1024\" height=\"819\" src=\"https:\/\/perma.earth\/wp-content\/uploads\/2023\/03\/1-3-1024x819.png\" alt=\"\" class=\"wp-image-4624\" srcset=\"https:\/\/perma.earth\/wp-content\/uploads\/2023\/03\/1-3-980x784.png 980w, https:\/\/perma.earth\/wp-content\/uploads\/2023\/03\/1-3-480x384.png 480w\" sizes=\"(min-width: 0px) and (max-width: 480px) 480px, (min-width: 481px) and (max-width: 980px) 980px, (min-width: 981px) 1024px, 100vw\" \/><\/figure>\n\n\n\n<p><\/p>\n\n\n\n<p>In den vergangenen 12 Jahren wurde CoLab in mehreren Phasen entwickelt. Es begann auf der IPC 2011 in Jordanien mit Diskussionen mit Scott Pittman und anderen \u00fcber die Frage, ob wir uns als globale Bewegung organisieren sollten. Auf der IPC 2013 in Kuba wurde diskutiert, dass wir anfangen sollten, uns zu organisieren. Es bildete sich ein kleines Team, das sich mit der Frage besch\u00e4ftigte, wie man die Organisation angehen k\u00f6nnte, und es gab eine breite Zustimmung f\u00fcr eine Gruppe, die wegging und bei der n\u00e4chsten Konvergenz mit einigen Pl\u00e4nen zur\u00fcckkam.<\/p>\n\n\n\n<p>Dies markierte den Beginn der n\u00e4chsten Phase, die den Namen The Next Big Step (f\u00fcr Permakultur) tr\u00e4gt. Sie erstellten eine mehrsprachige Umfrage und erhielten \u00fcber 200 Antworten von Organisationen und viele hundert von Einzelpersonen. Die Initiative wurde durch einen Fonds von 47 000 GBP unterst\u00fctzt. Es gab Online-Diskussionen, in denen Muster und Rahmenbedingungen ermittelt wurden, die f\u00fcr eine globale Organisation n\u00fctzlich w\u00e4ren, und die dann von einem Moderationsteam in Workshops zusammengef\u00fchrt wurden. Auf der IPCUK, die 2015 in London stattfand, wurden die Ergebnisse der Umfrage, des Online-Workshops und der vorangegangenen Treffen in Workshops vorgestellt. Im Jahr 2016 wurde auf der Grundlage von Informationen aus der IPCUK und Umfragen die n\u00e4chste Finanzierung gesichert: 60 000 GBP f\u00fcr den Start des CoLab, das dann Ende 2016 ins Leben gerufen wurde.<\/p>\n\n\n\n<p>IPC13 in Indien im Jahr 2017 gab es mehr Workshops. Es wurden Stewards eingesetzt, und das CoLab wurde als Online-Raum f\u00fcr die Arbeit zwischen den Konferenzen eingerichtet, um gemeinsam lokale bis globale Netzwerke (online) zu verbessern und bei Konferenzen und regionalen Veranstaltungen Bericht zu erstatten. 2018 wurde die Finanzierung verl\u00e4ngert, und es wurde ein Aktionsprogramm f\u00fcr die n\u00e4chsten drei Jahre aufgestellt. Dadurch wurden zus\u00e4tzliche 150.000 GBP an Finanzierung gesichert.<\/p>\n\n\n\n<p>Von 2020 bis Ende 2022 nutzt das CoLab diese Mittel, um das&nbsp;<a href=\"https:\/\/perma.earth\/de\/capacityplus\/\">Kapazit\u00e4tPlus<\/a>&nbsp;Projekt. Dazu geh\u00f6rten die Einrichtung von Arbeitskreisen und Initiativen, die Unterst\u00fctzung von eLearning und Schulungen, die Entwicklung einer Reihe von ethischen Instrumenten und die Durchf\u00fchrung von Veranstaltungen, die die Erf\u00fcllung der VMAs von CoLab unterst\u00fctzten.<\/p>\n\n\n\n<p><strong>Next Steps Projekt - <\/strong>Im Jahr 2023 startete das CoLab das&nbsp;<a href=\"https:\/\/opencollective.com\/next-steps\">N\u00e4chste Schritte<\/a>&nbsp;Projekt. F\u00fcr dieses Projekt wurde eine Finanzierung von insgesamt 360.000 \u00a3 f\u00fcr die n\u00e4chsten drei Jahre gesichert. Das Next Steps-Projekt unterst\u00fctzt weitreichende und vielf\u00e4ltige Ziele. Dazu geh\u00f6ren die Erforschung und Entwicklung praktischer L\u00f6sungen f\u00fcr gro\u00dfe Umweltherausforderungen, eine globale Permakultur-Bewegungskarte, Kommunikations- und Engagementaktivit\u00e4ten, Governance-Forschung und vieles mehr. Im Jahr 2023 wird es verschiedene Veranstaltungen geben, darunter das Emergent Festival, monatliche Onboarding Calls, halbj\u00e4hrliche kollektorweite Veranstaltungen zur Vernetzung und viertelj\u00e4hrliche Next Steps Projektforen.<\/p>\n\n\n\n<p><\/p>\n\n\n<style>.wp-block-kadence-advancedbtn.kb-btns3702_ff2eb6-37{gap:var(--global-kb-gap-xs, 0.5rem );justify-content:center;align-items:center;}.kt-btns3702_ff2eb6-37 .kt-button{font-weight:normal;font-style:normal;}.kt-btns3702_ff2eb6-37 .kt-btn-wrap-0{margin-right:5px;}.wp-block-kadence-advancedbtn.kt-btns3702_ff2eb6-37 .kt-btn-wrap-0 .kt-button{color:#555555;border-color:#555555;}.wp-block-kadence-advancedbtn.kt-btns3702_ff2eb6-37 .kt-btn-wrap-0 .kt-button:hover, .wp-block-kadence-advancedbtn.kt-btns3702_ff2eb6-37 .kt-btn-wrap-0 .kt-button:focus{color:#ffffff;border-color:#444444;}.wp-block-kadence-advancedbtn.kt-btns3702_ff2eb6-37 .kt-btn-wrap-0 .kt-button::before{display:none;}.wp-block-kadence-advancedbtn.kt-btns3702_ff2eb6-37 .kt-btn-wrap-0 .kt-button:hover, .wp-block-kadence-advancedbtn.kt-btns3702_ff2eb6-37 .kt-btn-wrap-0 .kt-button:focus{background:#444444;}<\/style>\n<div class=\"wp-block-kadence-advancedbtn kb-buttons-wrap kb-btns3702_ff2eb6-37\"><style>ul.menu .wp-block-kadence-advancedbtn .kb-btn3702_d8f05c-74.kb-button{width:initial;}<\/style><a class=\"kb-button kt-button button kb-btn3702_d8f05c-74 kt-btn-size-standard kt-btn-width-type-auto kb-btn-global-fill  kt-btn-has-text-true kt-btn-has-svg-false  wp-block-kadence-singlebtn\" href=\"https:\/\/perma.earth\/de\/\"><span class=\"kt-btn-inner-text\">Hier erfahren Sie mehr \u00fcber das CoLab<\/span><\/a><\/div>\n\n\n\n<p><\/p>\n\n\n\n<p><\/p>\n\n\n\n<figure class=\"wp-block-image size-large\"><img loading=\"lazy\" decoding=\"async\" width=\"1024\" height=\"819\" src=\"https:\/\/perma.earth\/wp-content\/uploads\/2023\/05\/Colab-graphics-1024x819.png\" alt=\"\" class=\"wp-image-4663\" srcset=\"https:\/\/perma.earth\/wp-content\/uploads\/2023\/05\/Colab-graphics-980x784.png 980w, https:\/\/perma.earth\/wp-content\/uploads\/2023\/05\/Colab-graphics-480x384.png 480w\" sizes=\"(min-width: 0px) and (max-width: 480px) 480px, (min-width: 481px) and (max-width: 980px) 980px, (min-width: 981px) 1024px, 100vw\" \/><\/figure>","protected":false},"excerpt":{"rendered":"<p>Over the past 12 years, CoLab was developed in several phases. It started at the IPC 2011 in Jordan with discussions with Scott Pittman and others, as to whether we needed to organize as a global movement. At IPC 2013 in Cuba, there was a discussion that we should start to organize. A small team [&hellip;]<\/p>\n","protected":false},"author":33,"featured_media":0,"parent":0,"menu_order":0,"comment_status":"closed","ping_status":"closed","template":"","meta":{"_acf_changed":false,"_et_pb_use_builder":"off","_et_pb_old_content":"<!-- wp:paragraph -->\n<p><\/p>\n<!-- \/wp:paragraph -->\n\n<!-- wp:image {\"id\":4624,\"sizeSlug\":\"large\",\"linkDestination\":\"none\"} -->\n<figure class=\"wp-block-image size-large\"><img src=\"https:\/\/perma.earth\/wp-content\/uploads\/2023\/03\/1-3-1024x819.png\" alt=\"\" class=\"wp-image-4624\"\/><\/figure>\n<!-- \/wp:image -->\n\n<!-- wp:paragraph -->\n<p><\/p>\n<!-- \/wp:paragraph -->\n\n<!-- wp:paragraph -->\n<p>Over the past 12 years, CoLab was developed in several phases. It started at the IPC 2011 in Jordan with discussions with Scott Pittman and others, as to whether we needed to organize as a global movement. At IPC 2013 in Cuba, there was a discussion that we should start to organize. A small team formed, looking at pattern-level design on how to go about organizing, and they received wider consent for a group to go away and come back at the next convergence with some plans.<\/p>\n<!-- \/wp:paragraph -->\n\n<!-- wp:paragraph -->\n<p>That marked the beginning of the next phase, called The Next Big Step (for permaculture). They created a multi-lingual survey, and had over 200 responses from organizations, and many hundreds from individuals. The initiative was supported by a fund of 47,000 GBP. There were online discussions, identifying patterns and frameworks that would be useful as a way to organize globally, which were then brought together by a facilitation team and workshops. At IPCUK held in London in 2015, there were workshops which presented the findings of the survey and online workshop and previous meetings. In 2016, using info from the IPCUK and surveys, the next funding was secured; 60,000 GBP to start the CoLab, which was subsequently initiated in late 2016.<\/p>\n<!-- \/wp:paragraph -->\n\n<!-- wp:paragraph -->\n<p>IPC13 in India in 2017, there were more workshops. Stewards were brought into place, and the CoLab formed as an online space to work in between convergences, working together to enhance local to global networks (online) and report back at convergences and regional events. In 2018 funding was extended, and a program of action was put together for the next 3 years. An additional 150,000 GBP of funding was secured from that.<\/p>\n<!-- \/wp:paragraph -->\n\n<!-- wp:paragraph -->\n<p>From 2020 until the end of 2022 the CoLab used this funding to initiate the&nbsp;<a href=\"https:\/\/perma.earth\/capacityplus\/\">CapacityPlus<\/a>&nbsp;project. This involved the incubation of working Circles and initatives, supporting eLearning and training, developing an ethical suite of tools, and holding events that supported the fulfilment of the VMAs of CoLab.<\/p>\n<!-- \/wp:paragraph -->\n\n<!-- wp:paragraph -->\n<p><strong>Next Steps Project - <\/strong>In 2023 the CoLab launched the\u00a0<a href=\"https:\/\/opencollective.com\/next-steps\">Next Steps<\/a>\u00a0project. Funding of a grand total of \u00a3360,000 was secured for this project over the next 3 years.\u00a0The Next Steps project is supporting wide and diverse aims. This includes research and development into practical solutions for major environmental challenges, a global permaculture movement map, communications and engagement activities, governance research, and more. In 2023 there will be various events including the emergent festival, monthly onboarding calls, biannual colab-wide events for networking, and quarterly Next Steps project forums.<\/p>\n<!-- \/wp:paragraph -->\n\n<!-- wp:paragraph -->\n<p><\/p>\n<!-- \/wp:paragraph -->\n\n<!-- wp:paragraph -->\n<p><\/p>\n<!-- \/wp:paragraph -->\n\n<!-- wp:image {\"id\":4663,\"sizeSlug\":\"large\",\"linkDestination\":\"none\"} -->\n<figure class=\"wp-block-image size-large\"><img src=\"https:\/\/perma.earth\/wp-content\/uploads\/2023\/05\/Colab-graphics-1024x819.png\" alt=\"\" class=\"wp-image-4663\"\/><\/figure>\n<!-- \/wp:image -->","_et_gb_content_width":"","footnotes":""},"class_list":["post-3702","page","type-page","status-publish","hentry"],"acf":[],"featured_image_urls":{"full":"","thumbnail":"","medium":"","medium_large":"","large":"","1536x1536":"","2048x2048":"","trp-custom-language-flag":"","et-pb-post-main-image":"","et-pb-post-main-image-fullwidth":"","et-pb-portfolio-image":"","et-pb-portfolio-module-image":"","et-pb-portfolio-image-single":"","et-pb-gallery-module-image-portrait":"","et-pb-post-main-image-fullwidth-large":"","et-pb-image--responsive--desktop":"","et-pb-image--responsive--tablet":"","et-pb-image--responsive--phone":"","mailpoet_newsletter_max":"","woocommerce_thumbnail":"","woocommerce_single":"","woocommerce_gallery_thumbnail":""},"post_excerpt_stackable":"<p>Over the past 12 years, CoLab was developed in several phases. It started at the IPC 2011 in Jordan with discussions with Scott Pittman and others, as to whether we needed to organize as a global movement. At IPC 2013 in Cuba, there was a discussion that we should start to organize. A small team formed, looking at pattern-level design on how to go about organizing, and they received wider consent for a group to go away and come back at the next convergence with some plans. That marked the beginning of the next phase, called The Next Big Step&hellip;<\/p>\n","category_list":"","author_info":{"name":"aimee","url":"https:\/\/perma.earth\/de\/author\/aimee\/"},"comments_num":"0 comments","featured_image_urls_v2":{"full":"","thumbnail":"","medium":"","medium_large":"","large":"","1536x1536":"","2048x2048":"","trp-custom-language-flag":"","et-pb-post-main-image":"","et-pb-post-main-image-fullwidth":"","et-pb-portfolio-image":"","et-pb-portfolio-module-image":"","et-pb-portfolio-image-single":"","et-pb-gallery-module-image-portrait":"","et-pb-post-main-image-fullwidth-large":"","et-pb-image--responsive--desktop":"","et-pb-image--responsive--tablet":"","et-pb-image--responsive--phone":"","mailpoet_newsletter_max":"","woocommerce_thumbnail":"","woocommerce_single":"","woocommerce_gallery_thumbnail":""},"post_excerpt_stackable_v2":"<p>Over the past 12 years, CoLab was developed in several phases. It started at the IPC 2011 in Jordan with discussions with Scott Pittman and others, as to whether we needed to organize as a global movement. At IPC 2013 in Cuba, there was a discussion that we should start to organize. A small team formed, looking at pattern-level design on how to go about organizing, and they received wider consent for a group to go away and come back at the next convergence with some plans. That marked the beginning of the next phase, called The Next Big Step&hellip;<\/p>\n","category_list_v2":"","author_info_v2":{"name":"aimee","url":"https:\/\/perma.earth\/de\/author\/aimee\/"},"comments_num_v2":"0 comments","_links":{"self":[{"href":"https:\/\/perma.earth\/de\/wp-json\/wp\/v2\/pages\/3702","targetHints":{"allow":["GET"]}}],"collection":[{"href":"https:\/\/perma.earth\/de\/wp-json\/wp\/v2\/pages"}],"about":[{"href":"https:\/\/perma.earth\/de\/wp-json\/wp\/v2\/types\/page"}],"author":[{"embeddable":true,"href":"https:\/\/perma.earth\/de\/wp-json\/wp\/v2\/users\/33"}],"replies":[{"embeddable":true,"href":"https:\/\/perma.earth\/de\/wp-json\/wp\/v2\/comments?post=3702"}],"version-history":[{"count":20,"href":"https:\/\/perma.earth\/de\/wp-json\/wp\/v2\/pages\/3702\/revisions"}],"predecessor-version":[{"id":5589,"href":"https:\/\/perma.earth\/de\/wp-json\/wp\/v2\/pages\/3702\/revisions\/5589"}],"wp:attachment":[{"href":"https:\/\/perma.earth\/de\/wp-json\/wp\/v2\/media?parent=3702"}],"curies":[{"name":"wp","href":"https:\/\/api.w.org\/{rel}","templated":true}]}}