{"id":3744,"date":"2021-11-02T14:55:40","date_gmt":"2021-11-02T14:55:40","guid":{"rendered":"https:\/\/perma.earth\/?page_id=3744"},"modified":"2021-11-02T15:01:47","modified_gmt":"2021-11-02T15:01:47","slug":"archived-meeting-notes","status":"publish","type":"page","link":"https:\/\/perma.earth\/de\/archived-meeting-notes\/","title":{"rendered":"Funding Circle Inkubation Archivierte Besprechungsnotizen"},"content":{"rendered":"<div class=\"wp-block-buttons is-content-justification-center is-layout-flex wp-block-buttons-is-layout-flex\">\n<div class=\"wp-block-button has-custom-width wp-block-button__width-50 is-style-outline is-style-outline--1\"><a class=\"wp-block-button__link\" href=\"https:\/\/perma.earth\/de\/funding-circle\/\">Funding Circle<\/a><\/div>\n\n\n\n<div class=\"wp-block-button has-custom-width wp-block-button__width-50 is-style-outline is-style-outline--2\"><a class=\"wp-block-button__link\" href=\"https:\/\/perma.earth\/de\/funding-opportunities\/\">F\u00f6rderm\u00f6glichkeiten<\/a><\/div>\n<\/div>\n\n\n\n<p><em>Die<\/em> <strong><a rel=\"noreferrer noopener\" href=\"https:\/\/cloud.perma.earth\/apps\/onlyoffice\/256394?filePath=%2FFunding%20Circle%2FFunding%20Circle%20Log%20Book.docx\" target=\"_blank\">Funding Circle Logbuch<\/a><\/strong> <em>befindet sich im \u201cNextCloud\u201d-Konto des Permaculture CoLab. Das Logbuch ist der Ort, an dem wir unsere Notizen f\u00fcr die Kreisbesprechungen festhalten. NextCloud ist eine ethische Alternative zu Google Drive, die f\u00fcr den Betrieb der Server weitaus weniger Energie verbraucht und es uns erm\u00f6glicht, unsere eigenen Daten zu besitzen. Sie k\u00f6nnen auf den obigen Link klicken, um das Logbuch einzusehen, aber wir haben hier unten einige Highlights aus dem letzten Meeting eingef\u00fcgt.<\/em><\/p>\n\n\n\n<h4 class=\"wp-block-heading\">Bitte beachten Sie, dass wir das Logbuch nicht mehr verwenden \u2013 Notizen ab dem dritten Treffen finden Sie im <a rel=\"noreferrer noopener\" href=\"https:\/\/miro.com\/app\/board\/o9J_lMubGIc=\/?invite_link_id=57659353436\" target=\"_blank\">Miro Board<\/a>.<\/h4>\n\n\n<style>.wp-block-kadence-spacer.kt-block-spacer-_725672-07 .kt-block-spacer{height:60px;}.wp-block-kadence-spacer.kt-block-spacer-_725672-07 .kt-divider{border-top-width:1px;height:1px;border-top-color:#eee;width:80%;border-top-style:solid;}<\/style>\n<div class=\"wp-block-kadence-spacer aligncenter kt-block-spacer-_725672-07\"><div class=\"kt-block-spacer kt-block-spacer-halign-center\" style=\"height:60px\"><hr class=\"kt-divider\" style=\"border-top-color:#eee;border-top-width:1px;width:80%;border-top-style:solid\"\/><\/div><\/div>\n\n\n\n<h3 class=\"wp-block-heading\" id=\"1st-Meeting-2021-01-25\">Erstes Treffen: 25.01.2021<\/h3>\n\n\n\n<p>Teilnehmer und ihre \u201cErfahrung\u201d und \u201cInteressen\u201d:<\/p>\n\n\n\n<ul class=\"wp-block-list\"><li class=\"\"><strong>Andy Goldring, Permakulturverband von Gro\u00dfbritannien (UK)<\/strong><br>Erfahrung: Organisatorische Mittelbeschaffung. Interesse: Als Fiskalsponsor Finanzmittel beschaffen, Antr\u00e4ge pr\u00fcfen und der Gruppe helfen, voranzukommen, m\u00f6chte helfen, Wege zu kl\u00e4ren, wie sich Menschen mit diesem Kreis verbinden k\u00f6nnen, m\u00f6chte helfen, Rollen in der Gruppe herauszuarbeiten<\/li><li class=\"\"><strong>Padma Koppula, Aranya Agricultural Alternatives (Indien)<\/strong><br>Erfahrung: Kapital f\u00fcr IPC und NRO beschafft. Interesse: Erfahrungen lernen und teilen<\/li><li class=\"\"><strong>Margrethe Holzer, International Permaculture Convergence Council (IPCC) (\u00d6sterreich)<\/strong><br>Erfahrung: verteilte Stipendienmittel f\u00fcr internationale Permakultur-Konvergenzen (IPCs).<\/li><li class=\"\"><strong>John Nzira, Ukuvuna, ReScope und International Permaculture Convergence Council (IPCC) (S\u00fcdafrika)<\/strong><br>Erfahrung: Mittelbeschaffung f\u00fcr IPC und NRO, Arbeit mit Permafund, Monitoring und Evaluierung sowie Wirkungsmessung.<\/li><li class=\"\"><strong>Bermericke Bisimwa Dusabe, RURAL Foundation LDT (Uganda)<\/strong><br>Erfahrung: auf dem Boden Hub-Inkubator in Ostafrika.<\/li><li class=\"\"><strong>Hans Ryding (Schweden)<\/strong><br>Erfahrung: 15 Jahre Erfahrung in der Basis-Fundraising und der Anbindung an EU-F\u00f6rdermittel. Interesse: strategische Seite der Finanzierung, Zusammenarbeit bei zuk\u00fcnftigen Antr\u00e4gen, kann sich derzeit nicht festlegen, kann aber helfen, sobald mehr Details vorliegen (in die er sich einbringen kann).<\/li><li class=\"\"><strong>Hannah Apricot Eckberg, Abundant Earth Foundation (USA)<\/strong><br>Erfahrung: \u00fcber 300.000 $ durch gemeinn\u00fctzige Organisationen gesammelt. Interesse: Erfahrungen und Erkenntnisse teilen, Investoren f\u00fcr Projekte gewinnen helfen, US-Projekte unterst\u00fctzen (kann keine Verpflichtung f\u00fcr die Hauptgruppe eingehen).<\/li><li class=\"\"><strong>Jillian Hovey, The Permaculture CoLab und The Sustainable Living Network (Kanada)<\/strong><br>Erfahrung: Gelder f\u00fcr gemeinn\u00fctzige Organisationen gesammelt und andere Projekte unterst\u00fctzt. Interesse: Hilfe beim Start von Projekten, Hilfe bei der Verfeinerung von Zielen, Schaffung eines robusten Permakultur CoLab-Finanzierungssystems zur Unterst\u00fctzung der globalen Permakultur-Gemeinschaft.<\/li><li class=\"\"><strong>Lauren Minis, Permaculture CoLab und Regeneration Pollination (USA)<\/strong><br>Erfahrung: Verfassen einiger Zuschussantr\u00e4ge. Interesse: Mithilfe beim Einrichten eines Funding Circles, Beobachtung, wie sie die B\u00fcndelung von Mitteln f\u00fcr globale Projekte und Lebensgrundlagen unterst\u00fctzen kann.<\/li><li class=\"\"><strong>Aimee Fenech, The Permaculture CoLab und EcoHacker Farm (Deutschland)<\/strong><br>Erfahrung: EU-F\u00f6rderung und lokale Initiativen, Verfassen von Antr\u00e4gen in CoLab. Interesse: Aufbau eines F\u00f6rderkreises und Sicherstellung seiner Nachhaltigkeit.<\/li><\/ul>\n\n\n\n<hr class=\"wp-block-separator\"\/>\n\n\n\n<h3 class=\"wp-block-heading\" id=\"Second-Full-Funding-Circle-Meeting\"><a href=\"https:\/\/fundingcircle.perma.earth\/#Second-Full-Funding-Circle-Meeting\"><\/a>Zweites vollst\u00e4ndiges Treffen zur Projektfinanzierung<\/h3>\n\n\n\n<h3 class=\"wp-block-heading\" id=\"Agenda-for-meeting-2021-04-19\"><a href=\"https:\/\/fundingcircle.perma.earth\/#Agenda-for-meeting-2021-04-19\"><\/a>Tagesordnung f\u00fcr Besprechung 2021-04-19<\/h3>\n\n\n\n<ul class=\"wp-block-list\"><li class=\"\">14:00 \u2013 14:10\u00a0 \u00a0Begr\u00fc\u00dfung &amp; \u00dcberblick \u00fcber die Tagesordnung<\/li><li class=\"\">14:10 \u2013 14:40\u00a0 Vorstellung: Woher Sie anrufen, warum Sie daran interessiert sind, die Entwicklung von Funding Circle zu unterst\u00fctzen<\/li><li class=\"\">14:40 \u2013 14:50 Geschichte des Permakultur CoLab &amp; Fragen<\/li><li class=\"\">14:50 \u2013 15:00 Soziokratie &amp; Funding Circle<\/li><li class=\"\"><em>Kurze Bio-Pause<\/em><\/li><li class=\"\">15:00 \u2013 15:35 Mission &amp; Ziele \u2013 Break Out Rooms<\/li><li class=\"\">15:35 \u2013 15:50 Ernte &amp; Diskussion<\/li><li class=\"\">15:50 \u2013 16:00 N\u00e4chste Schritte Auschecken<\/li><\/ul>\n\n\n\n<h3 class=\"wp-block-heading\" id=\"Participants\"><a href=\"https:\/\/fundingcircle.perma.earth\/#Participants\"><\/a><strong>Teilnehmer<\/strong><\/h3>\n\n\n\n<p><em>mit einem kurzen Abriss ihrer Hintergr\u00fcnde und ihrer Verf\u00fcgbarkeit f\u00fcr die Beteiligung am Funding Circle, unter Angabe der Zeitzonen, in \u201csonnenweiser\u201d Reihenfolge um die Welt ...<\/em><\/p>\n\n\n\n<ul class=\"wp-block-list\"><li class=\"\"><strong>Christina Sayson, Permakultur CoLab <em>Die Philippinen, UTC+8<\/em><\/strong><br>Mitbegr\u00fcndung des Global South Permaculture Network, eines Ortes, an dem Menschen erm\u00e4chtigt werden, Ressourcen auszutauschen und miteinander zu sprechen. Wir beobachten und freuen uns, uns \u00fcber Mikrofinanzen auszutauschen (kennt die Fallstricke).<\/li><li class=\"\"><strong>Narsanna Koppula, Aranya Agricultural Alternatives <em>(Indien, UTC+5.5)<\/em><\/strong><br>L\u00e4dt Menschen ein, Permakultur-Designer und -Lehrer zu werden und ein Netzwerk im Land aufzubauen. Sucht Unterst\u00fctzung auf internationaler Ebene und f\u00f6rdert die Kapazit\u00e4ten lokaler Gemeinschaften. Kann derzeit nicht viel teilnehmen.<\/li><li class=\"\"><strong>Padma Koppula, Aranya Agricultural Alternatives <em>(Indien, UTC+5.5)<\/em><\/strong><br>Hilft Gemeinschaften, Bauernh\u00f6fe zu entwickeln, hilft Kindern, Permakultur zu lernen, entwickelt Schulgel\u00e4nde mit Permakulturans\u00e4tzen, arbeitet mit indigenen Gemeinschaften in Stammesgebieten, entwickelt Strategien f\u00fcr Landwirte in D\u00fcrregebieten, Permakultur-Bildungskurse, unterst\u00fctzt Sensibilisierungsprogramme f\u00fcr Landwirte, entwickelt 100 Landwirte mit Tierintegration zur Regeneration. M\u00f6chte CoLab unterst\u00fctzen und Unterst\u00fctzung von internationalen Experten suchen. Wird nach Bedarf Unterst\u00fctzung suchen.<\/li><li class=\"\"><strong>Sneha Koppula, Aranya Agricultural Alternatives <em>(Indien, UTC+5.5)<\/em><\/strong><br>Sie hat gerade ihren Master in den USA abgeschlossen. Sie hilft bei der Entwicklung von Lehrpl\u00e4nen. Sie konzentriert sich darauf, Permakultur in Schulen f\u00fcr Kinder zu integrieren. Sie dokumentiert indigenes Wissen in lokalen Gemeinschaften. Sie leitet Praktikanten auf dem Hof. Sie m\u00f6chte gerne mehr von den Permakulturisten der ersten Generation kennenlernen. Sie beobachtet und ist gl\u00fccklich, eine Br\u00fccke f\u00fcr ihre Eltern zu sein.<\/li><li class=\"\"><strong>Bermericke Bisimwa Dusabe, RURAL Foundation LDT <em>Uganda, UTC+3<\/em><\/strong><br>Permakulturlehrer und Permayouth-Mentor, besch\u00e4ftigt sich mit Fl\u00fcchtlingen in einer Siedlung (und arbeitet mit Fl\u00fcchtlingen in Kenia, Uganda, Burundi), macht Urban-Permakultur-Design mit Fl\u00fcchtlingen.<\/li><li class=\"\"><strong>John Nzira, Ukuvuna, ReScope und International Permaculture Convergence Council (IPCC) <em>(S\u00fcdafrika, UTC+2)<\/em><\/strong><br>Entwickelt urbane Zentren f\u00fcr nachhaltige Entwicklung in S\u00fcdafrika, Simbabwe, Malawi und anderen s\u00fcdlichen L\u00e4ndern \u2013 damit urbane R\u00e4ume die ben\u00f6tigten Lebensmittel produzieren k\u00f6nnen. Projekt in Rimpopo \u2013 ein Zentrum, das eine Schule ist und von einer Permakultur-Gemeinschaft betrieben wird. Ein Zentrum in Simbabwe ist ein Bauernhof, der die vollst\u00e4ndige Lebensmittelproduktion entwickelt. Zusammenarbeit mit Universit\u00e4ten, lokalen \u00d6kosystemen, Stadtr\u00e4ten, politischen F\u00fchrern und Abteilungen, die mit ihrer Arbeit verbunden sind, wie z. B. dem Umwelt- und Forstsektor. Arbeit an einem Projekt in Simbabwe zur Pflanzung von \u00fcber 12.000 B\u00e4umen (essbar wie Macadamia, Pekannuss, Avocado und Zitrusfr\u00fcchte), ein Werkzeug zur Sanierung degradierter Fl\u00e4chen. Arbeitet auch mit Margreth beim IPCC zusammen bei der Verteilung von Mitteln. Es besteht Bedarf an Forschung, \u00dcberwachung und Bewertung sowie an der Bewertung der Qualit\u00e4t von Permakulturprogrammen in Gemeinden.<\/li><li class=\"\"><strong>Margrethe Holzer, Internationaler Permakultur-Konvergenzrat (IPCC) <em>(\u00d6sterreich, UTC+2)<\/em><\/strong><br>International Permaculture Convergence Council (IPCC), unterst\u00fctzt die Permakultur-Akademie in alpinen Regionen, die sich um den Bedarf an Online-Kursen k\u00fcmmert, arbeitet in Gemeinschaftsg\u00e4rten, arbeitet im lokalen Garten, arbeitet mit Julius Piti in Foret in Simbabwe. Hat geholfen, Gelder f\u00fcr internationale Treffen an diejenigen zu verteilen, die in Regionen sind, die es sich nicht leisten k\u00f6nnen. Hauptinteresse ist die Verbindung mit dem IPCC und Treffen, die Entwicklung in Afrika zu sehen.<\/li><li class=\"\"><strong>Aimee Fenech, das Permakultur-CoLab und die EcoHacker Farm <em>(Deutschland, UTC+2)<\/em><\/strong><br>Mitglied des Permakultur CoLab, Teil der EcoHacker Farm.<\/li><li class=\"\"><strong>Andy Goldring, Permakultur-Verband Gro\u00dfbritanniens <em>(UK, UTC+1)<\/em><\/strong><br>Gesch\u00e4ftsf\u00fchrer der Permakultur-Vereinigung Gro\u00dfbritanniens, Permakulturlehrer in Leeds, engagiert in Our Future Leeds \u2013 ein stadtweites Projekt zur Entwicklung eines klimaneutralen, naturnahen und sozial gerechten Leeds bis 2030. Hat nicht viel Zeit, aber viel Erfahrung in der Mittelbeschaffung.<\/li><li class=\"\"><strong>Jillian Hovey, The Permaculture CoLab und The Sustainable Living Network <em>(Kanada, UTC-4)<\/em><\/strong><br>Mitglied des Permakultur-CoLab, gr\u00fcndete das Sustainable Living Network.<\/li><li class=\"\"><strong>Jane Hayes, The Permaculture Institute of North America (PINA), <em>(Toronto, Kanada, UTC-4)<\/em><\/strong><br>F\u00f6rdert die Gemeindeentwicklung, ist im Vorstand von PINA. Wird die Muster hier beobachten und sehen, wie sie verst\u00e4rkt\/widerhallt werden k\u00f6nnen, m\u00f6chte sehen, wie mehr Geld lokal eingesetzt und global vernetzt werden kann.<\/li><\/ul>\n\n\n\n<ul class=\"wp-block-list\"><li class=\"\"><strong>Lauren Minis, Permaculture CoLab und Regeneration Pollination <em>(USA, UTC-6)<\/em><\/strong><br>Mitglied des Permakultur-CoLab und Organisator f\u00fcr Regeneration Pollination.<\/li><li class=\"\"><strong>Chad Thiessen, Futures Forward <em>(British Columbia, Kanada, UTC-7)<\/em><\/strong><br>Unterst\u00fctzung bei der Schaffung regenerativer Volkswirtschaften in Kenia, regeneratives Venture-Funding-\u00d6kosystem. M\u00f6chte Dinge erledigen, nicht \u00fcber Details reden, m\u00f6chte die Schw\u00e4nze unterst\u00fctzen, damit sie tief mit der Mitte verbunden sind.<\/li><\/ul>\n\n\n<style>.wp-block-kadence-spacer.kt-block-spacer-_54983a-e5 .kt-block-spacer{height:60px;}.wp-block-kadence-spacer.kt-block-spacer-_54983a-e5 .kt-divider{border-top-width:1px;height:1px;border-top-color:#eee;width:80%;border-top-style:solid;}<\/style>\n<div class=\"wp-block-kadence-spacer aligncenter kt-block-spacer-_54983a-e5\"><div class=\"kt-block-spacer kt-block-spacer-halign-center\" style=\"height:60px\"><hr class=\"kt-divider\" style=\"border-top-color:#eee;border-top-width:1px;width:80%;border-top-style:solid\"\/><\/div><\/div>\n\n\n\n<h3 class=\"wp-block-heading\">Notizen ab dem dritten Treffen finden Sie in den <a href=\"https:\/\/miro.com\/app\/board\/o9J_lMubGIc=\/?invite_link_id=57659353436\" target=\"_blank\" rel=\"noreferrer noopener\">Miro Board<\/a>.<\/h3>\n\n\n\n<p><\/p>","protected":false},"excerpt":{"rendered":"<p>The Funding Circle Logbook is in the Permaculture CoLab\u2019s \u201cNextCloud\u201d account. The LogBook is the location where we take our notes for Circle meetings. NextCloud is an ethical alternative to Google Drive, which uses far less energy for the servers to run, and it allows us to own our own data. You can click on [&hellip;]<\/p>\n","protected":false},"author":33,"featured_media":0,"parent":0,"menu_order":0,"comment_status":"closed","ping_status":"closed","template":"","meta":{"_acf_changed":false,"_et_pb_use_builder":"","_et_pb_old_content":"","_et_gb_content_width":"","footnotes":""},"class_list":["post-3744","page","type-page","status-publish","hentry"],"acf":[],"featured_image_urls":{"full":"","thumbnail":"","medium":"","medium_large":"","large":"","1536x1536":"","2048x2048":"","trp-custom-language-flag":"","et-pb-post-main-image":"","et-pb-post-main-image-fullwidth":"","et-pb-portfolio-image":"","et-pb-portfolio-module-image":"","et-pb-portfolio-image-single":"","et-pb-gallery-module-image-portrait":"","et-pb-post-main-image-fullwidth-large":"","et-pb-image--responsive--desktop":"","et-pb-image--responsive--tablet":"","et-pb-image--responsive--phone":"","mailpoet_newsletter_max":"","woocommerce_thumbnail":"","woocommerce_single":"","woocommerce_gallery_thumbnail":""},"post_excerpt_stackable":"<p>Funding Circle Funding Opportunities The Funding Circle Logbook is in the Permaculture CoLab\u2019s \u201cNextCloud\u201d account. The LogBook is the location where we take our notes for Circle meetings. NextCloud is an ethical alternative to Google Drive, which uses far less energy for the servers to run, and it allows us to own our own data. You can click on the link above to see the Logbook, but we pasted some highlights from the last meeting here below. Please note we are no longer using the Log Book &#8211; Notes from the third meeting onwards can be found in the miro&hellip;<\/p>\n","category_list":"","author_info":{"name":"aimee","url":"https:\/\/perma.earth\/de\/author\/aimee\/"},"comments_num":"0 comments","featured_image_urls_v2":{"full":"","thumbnail":"","medium":"","medium_large":"","large":"","1536x1536":"","2048x2048":"","trp-custom-language-flag":"","et-pb-post-main-image":"","et-pb-post-main-image-fullwidth":"","et-pb-portfolio-image":"","et-pb-portfolio-module-image":"","et-pb-portfolio-image-single":"","et-pb-gallery-module-image-portrait":"","et-pb-post-main-image-fullwidth-large":"","et-pb-image--responsive--desktop":"","et-pb-image--responsive--tablet":"","et-pb-image--responsive--phone":"","mailpoet_newsletter_max":"","woocommerce_thumbnail":"","woocommerce_single":"","woocommerce_gallery_thumbnail":""},"post_excerpt_stackable_v2":"<p>Funding Circle Funding Opportunities The Funding Circle Logbook is in the Permaculture CoLab\u2019s \u201cNextCloud\u201d account. The LogBook is the location where we take our notes for Circle meetings. NextCloud is an ethical alternative to Google Drive, which uses far less energy for the servers to run, and it allows us to own our own data. You can click on the link above to see the Logbook, but we pasted some highlights from the last meeting here below. Please note we are no longer using the Log Book &#8211; Notes from the third meeting onwards can be found in the miro&hellip;<\/p>\n","category_list_v2":"","author_info_v2":{"name":"aimee","url":"https:\/\/perma.earth\/de\/author\/aimee\/"},"comments_num_v2":"0 comments","_links":{"self":[{"href":"https:\/\/perma.earth\/de\/wp-json\/wp\/v2\/pages\/3744","targetHints":{"allow":["GET"]}}],"collection":[{"href":"https:\/\/perma.earth\/de\/wp-json\/wp\/v2\/pages"}],"about":[{"href":"https:\/\/perma.earth\/de\/wp-json\/wp\/v2\/types\/page"}],"author":[{"embeddable":true,"href":"https:\/\/perma.earth\/de\/wp-json\/wp\/v2\/users\/33"}],"replies":[{"embeddable":true,"href":"https:\/\/perma.earth\/de\/wp-json\/wp\/v2\/comments?post=3744"}],"version-history":[{"count":5,"href":"https:\/\/perma.earth\/de\/wp-json\/wp\/v2\/pages\/3744\/revisions"}],"predecessor-version":[{"id":3752,"href":"https:\/\/perma.earth\/de\/wp-json\/wp\/v2\/pages\/3744\/revisions\/3752"}],"wp:attachment":[{"href":"https:\/\/perma.earth\/de\/wp-json\/wp\/v2\/media?parent=3744"}],"curies":[{"name":"wp","href":"https:\/\/api.w.org\/{rel}","templated":true}]}}