{"id":4634,"date":"2023-04-05T20:33:53","date_gmt":"2023-04-05T20:33:53","guid":{"rendered":"https:\/\/perma.earth\/?page_id=4634"},"modified":"2025-11-05T10:27:55","modified_gmt":"2025-11-05T10:27:55","slug":"vision","status":"publish","type":"page","link":"https:\/\/perma.earth\/de\/vision\/","title":{"rendered":"Internationales Permakultur CoLab"},"content":{"rendered":"<h2 class=\"wp-block-heading\">Vision, Mission, Ziele<\/h2>\n\n\n\n<p>Die Vision, Mission und Ziele (VMA) geben die Richtung f\u00fcr alle Aktivit\u00e4ten, Gruppen und Projekte innerhalb des CoLab vor. Alle Arbeitsgruppen und Projekte arbeiten darauf hin, einen oder mehrere Aspekte der VMA zu erreichen.<\/p>\n\n\n\n<p><strong>Vision: <\/strong>Eine gesunde, friedliche und sozial gerechte Welt, in der wir im Einklang mit der Natur f\u00fcr die Erde, f\u00fcr einander und f\u00fcr k\u00fcnftige Generationen sorgen.<\/p>\n\n\n\n<p><strong>Auftrag<\/strong> Zusammenarbeit, um die Koh\u00e4renz und Wirksamkeit lokaler bis globaler formeller und informeller Permakultur-Netzwerke zu verbessern.<\/p>\n\n\n\n<p><strong>Ziele:<\/strong><\/p>\n\n\n\n<ul class=\"wp-block-list\">\n<li>Einen freundlichen Online-Arbeitsbereich bereitstellen<\/li>\n\n\n\n<li>Lernen Sie die Denkweise und Praxis der Permakultur kennen<\/li>\n\n\n\n<li>Unterst\u00fctzung neuer und bestehender Permakultur- und angepasster Projekte<\/li>\n\n\n\n<li>Identifizieren Sie andere Gruppen, mit denen Sie zusammenarbeiten k\u00f6nnen<\/li>\n\n\n\n<li>Organisieren Sie sich auf eine Art und Weise, die integrativ und vielf\u00e4ltig ist<\/li>\n\n\n\n<li>Werbung f\u00fcr das CoLab und seine Arbeit<\/li>\n\n\n\n<li>Den Prozess dokumentieren und dabei lernen<\/li>\n\n\n\n<li>Der Prozess soll Spa\u00df machen und sich lohnen<\/li>\n<\/ul>\n\n\n\n<p>Vereinbart: 20. September 2023, 2. Oktober 2024.<\/p>\n\n\n\n<p>Datum der \u00dcberpr\u00fcfung: 1. Dezember 2025 durch den Allgemeinen Kreis<\/p>","protected":false},"excerpt":{"rendered":"<p>Vision, Mission, Aims The Vision, Mission and Aims (VMA) give direction to all the activities, groups and projects within the CoLab. All working groups and projects are working towards achieving one or more aspects of the VMA. Vision: A healthy, peaceful and socially just world in which we care for the earth, each other and [&hellip;]<\/p>\n","protected":false},"author":33,"featured_media":0,"parent":0,"menu_order":0,"comment_status":"closed","ping_status":"closed","template":"","meta":{"_acf_changed":false,"_et_pb_use_builder":"off","_et_pb_old_content":"<!-- wp:heading -->\n<h2 class=\"wp-block-heading\">Vision, Mission, Aims<\/h2>\n<!-- \/wp:heading -->\n\n<!-- wp:paragraph -->\n<p>The Vision, Mission and Aims (VMA) give direction to all the activities, groups and projects within the CoLab. All working groups and projects are working towards achieving one or more aspects of the VMA.<\/p>\n<!-- \/wp:paragraph -->\n\n<!-- wp:paragraph -->\n<p><strong>Vision: <\/strong>A healthy, peaceful and socially just world in which we care for the earth, each other and future generations, in harmony with nature.<\/p>\n<!-- \/wp:paragraph -->\n\n<!-- wp:paragraph -->\n<p><strong>Mission:<\/strong> To work together to enhance the coherence and effectiveness of local to global permaculture networks both formal and informal.<\/p>\n<!-- \/wp:paragraph -->\n\n<!-- wp:paragraph -->\n<p><strong>Aims:<\/strong><\/p>\n<!-- \/wp:paragraph -->\n\n<!-- wp:list -->\n<ul><!-- wp:list-item -->\n<li>To provide a collaborative and convivial online space in which to work towards the Co-Lab\u2019s vision and mission;<\/li>\n<!-- \/wp:list-item -->\n\n<!-- wp:list-item -->\n<li>To identify opportunities to enhance the coherence and effectiveness of local, regional, national, continental and global permaculture networks;<\/li>\n<!-- \/wp:list-item -->\n\n<!-- wp:list-item -->\n<li>To research, assess and provide information about the current state and extent of permaculture thinking and practice and its strategic context to enable effective planning, project design and network development;<\/li>\n<!-- \/wp:list-item -->\n\n<!-- wp:list-item -->\n<li>To identify and mobilise resources that support participants to nurture existing initiatives and develop new eco-social enterprises, projects and initiatives that address identified challenges, or add additional value to permaculture networks;<\/li>\n<!-- \/wp:list-item -->\n\n<!-- wp:list-item -->\n<li>To communicate with permaculture networks and allies to ensure wide understanding of the CoLab and active participation from around the world;<\/li>\n<!-- \/wp:list-item -->\n\n<!-- wp:list-item -->\n<li>To make effective links between permaculture and allied networks that enhance our collective work towards our shared visions;<\/li>\n<!-- \/wp:list-item -->\n\n<!-- wp:list-item -->\n<li>To work towards a multi-lingual platform that enables wide participation from across the worldwide permaculture community;<\/li>\n<!-- \/wp:list-item -->\n\n<!-- wp:list-item -->\n<li>To work towards eliminating racism, patriarchy, the class system and any other manifestations of the oppressive society (aka the Patrix) that present major blocks to healthy and diverse participation in both the Colab and the wider permaculture network.<\/li>\n<!-- \/wp:list-item -->\n\n<!-- wp:list-item -->\n<li>To provide and document existing training and learning resources to enable people to participate and work effectively together;<\/li>\n<!-- \/wp:list-item -->\n\n<!-- wp:list-item -->\n<li>To use and document the process of CoLab development to actively learn and unlearn organisational development processes suited to complex multi-layered networks.<\/li>\n<!-- \/wp:list-item --><\/ul>\n<!-- \/wp:list -->\n\n<!-- wp:paragraph -->\n<p><\/p>\n<!-- \/wp:paragraph -->\n\n<!-- wp:paragraph -->\n<p>Agreed 16th September 2017.<\/p>\n<!-- \/wp:paragraph -->\n\n<!-- wp:paragraph -->\n<p>Review date: Three months after the first meeting of the Permaculture CoLab Stewardship Council.<\/p>\n<!-- \/wp:paragraph -->","_et_gb_content_width":"","footnotes":""},"class_list":["post-4634","page","type-page","status-publish","hentry"],"acf":[],"featured_image_urls":{"full":"","thumbnail":"","medium":"","medium_large":"","large":"","1536x1536":"","2048x2048":"","trp-custom-language-flag":"","et-pb-post-main-image":"","et-pb-post-main-image-fullwidth":"","et-pb-portfolio-image":"","et-pb-portfolio-module-image":"","et-pb-portfolio-image-single":"","et-pb-gallery-module-image-portrait":"","et-pb-post-main-image-fullwidth-large":"","et-pb-image--responsive--desktop":"","et-pb-image--responsive--tablet":"","et-pb-image--responsive--phone":"","mailpoet_newsletter_max":"","woocommerce_thumbnail":"","woocommerce_single":"","woocommerce_gallery_thumbnail":""},"post_excerpt_stackable":"<p>Vision, Mission, Aims The Vision, Mission and Aims (VMA) give direction to all the activities, groups and projects within the CoLab. All working groups and projects are working towards achieving one or more aspects of the VMA. Vision: A healthy, peaceful and socially just world in which we care for the earth, each other and future generations, in harmony with nature. Mission: To work together to enhance the coherence and effectiveness of local to global permaculture networks both formal and informal. Aims: Provide a friendly online workspace Learn about permaculture thinking and practice Support new and existing permaculture and aligned&hellip;<\/p>\n","category_list":"","author_info":{"name":"aimee","url":"https:\/\/perma.earth\/de\/author\/aimee\/"},"comments_num":"0 comments","featured_image_urls_v2":{"full":"","thumbnail":"","medium":"","medium_large":"","large":"","1536x1536":"","2048x2048":"","trp-custom-language-flag":"","et-pb-post-main-image":"","et-pb-post-main-image-fullwidth":"","et-pb-portfolio-image":"","et-pb-portfolio-module-image":"","et-pb-portfolio-image-single":"","et-pb-gallery-module-image-portrait":"","et-pb-post-main-image-fullwidth-large":"","et-pb-image--responsive--desktop":"","et-pb-image--responsive--tablet":"","et-pb-image--responsive--phone":"","mailpoet_newsletter_max":"","woocommerce_thumbnail":"","woocommerce_single":"","woocommerce_gallery_thumbnail":""},"post_excerpt_stackable_v2":"<p>Vision, Mission, Aims The Vision, Mission and Aims (VMA) give direction to all the activities, groups and projects within the CoLab. All working groups and projects are working towards achieving one or more aspects of the VMA. Vision: A healthy, peaceful and socially just world in which we care for the earth, each other and future generations, in harmony with nature. Mission: To work together to enhance the coherence and effectiveness of local to global permaculture networks both formal and informal. Aims: Provide a friendly online workspace Learn about permaculture thinking and practice Support new and existing permaculture and aligned&hellip;<\/p>\n","category_list_v2":"","author_info_v2":{"name":"aimee","url":"https:\/\/perma.earth\/de\/author\/aimee\/"},"comments_num_v2":"0 comments","_links":{"self":[{"href":"https:\/\/perma.earth\/de\/wp-json\/wp\/v2\/pages\/4634","targetHints":{"allow":["GET"]}}],"collection":[{"href":"https:\/\/perma.earth\/de\/wp-json\/wp\/v2\/pages"}],"about":[{"href":"https:\/\/perma.earth\/de\/wp-json\/wp\/v2\/types\/page"}],"author":[{"embeddable":true,"href":"https:\/\/perma.earth\/de\/wp-json\/wp\/v2\/users\/33"}],"replies":[{"embeddable":true,"href":"https:\/\/perma.earth\/de\/wp-json\/wp\/v2\/comments?post=4634"}],"version-history":[{"count":4,"href":"https:\/\/perma.earth\/de\/wp-json\/wp\/v2\/pages\/4634\/revisions"}],"predecessor-version":[{"id":8556,"href":"https:\/\/perma.earth\/de\/wp-json\/wp\/v2\/pages\/4634\/revisions\/8556"}],"wp:attachment":[{"href":"https:\/\/perma.earth\/de\/wp-json\/wp\/v2\/media?parent=4634"}],"curies":[{"name":"wp","href":"https:\/\/api.w.org\/{rel}","templated":true}]}}