{"id":809,"date":"2020-07-29T06:33:51","date_gmt":"2020-07-29T06:33:51","guid":{"rendered":"https:\/\/perma.earth\/?page_id=809"},"modified":"2025-10-21T12:53:51","modified_gmt":"2025-10-21T12:53:51","slug":"maintaining-a-vibrant-and-active-space","status":"publish","type":"page","link":"https:\/\/perma.earth\/de\/maintaining-a-vibrant-and-active-space\/","title":{"rendered":"Einen lebendigen und aktiven Raum erhalten"},"content":{"rendered":"<p>Das International Permaculture CoLab unterh\u00e4lt eine aktive Raum-Politik, um das Engagement hoch zu halten und die Grenzen unseres Organismus deutlicher zu machen.<\/p>\n\n\n\n<p>Die Richtlinie<strong> <\/strong>dass Mitglieder, die <strong>Nehmen Sie 6 Monate lang nicht am CoLab Community Space teil<\/strong> werden ihre Konten haben <a href=\"https:\/\/slack.com\/intl\/en-hr\/help\/articles\/203953146-Deactivate-your-Slack-account\"><u>deaktiviert<\/u><\/a>. Du kannst jederzeit wieder beitreten \u2013 ganz einfach.<\/p>\n\n\n\n<p><strong>F\u00fcr weitere Informationen lesen Sie bitte die unten stehende FAQ \ud83d\ude42<\/strong><\/p>\n\n\n\n<p>Mit freundlichen Gr\u00fc\u00dfen,<\/p>\n\n\n\n<p><strong><a href=\"https:\/\/perma.earth\/de\/welcome-gardening-circle\/\" data-type=\"page\" data-id=\"890\">Willkommen Kreis<\/a><\/strong><br>&nbsp;Aimee Fenech, Jyo Maan<\/p>\n\n\n\n<h2 class=\"wp-block-heading\">FAQ<\/h2>\n\n\n\n<p>Moment, was?<\/p>\n\n\n\n<p>Das CoLab hat eine ehrgeizige Mission; es soll <strong>Die lokale Koh\u00e4renz und Effektivit\u00e4t von Permakultur global verbessern<\/strong>. Dies ist keine Petition, die man einmal unterschreibt, oder eine Facebook-Gruppe, der man aus beil\u00e4ufigem Interesse beitritt \u2013 wir sind eine Gemeinschaft von Menschen auf der ganzen Welt, die mit Leidenschaft der Permakultur-Bewegung dienen und darauf abzielen, aktiv und nachhaltig dazu beizutragen.<\/p>\n\n\n\n<p>Wenn Sie noch daran interessiert sind, teilzunehmen, haben wir einen Einarbeitungsprozess, der Sie dabei unterst\u00fctzen kann, Ihre Nische in diesem Organismus zu finden. Wenn Sie eher an gelegentlichen Updates interessiert sind, k\u00f6nnen Sie <a href=\"https:\/\/perma.earth\/de\/connect\/\"><u>Melden Sie sich f\u00fcr unseren Newsletter an<\/u>.<\/a><\/p>\n\n\n\n<p>Wir freuen uns auch auf eine regelm\u00e4\u00dfige Zusammenarbeit mit anderen Permakultur-Organisationen und pflegen einen Veranstaltungskalender, der zur Pflege unserer Beziehungen \u00fcber (so wie auch innerhalb) der Grenzen des CoLab-Sozial\u00f6kosystems beitr\u00e4gt \ud83d\ude42<\/p>\n\n\n\n<h3 class=\"wp-block-heading\">In einem Kreis aktiv, der nicht im Community Space ist?<\/h3>\n\n\n\n<p>Wir vertrauen darauf, dass dies CoLab-Mitglieder und -Zirkel, die \u00fcber andere Kan\u00e4le kommunizieren, nicht negativ beeinflusst, auch wenn die Zirkelleiter m\u00f6glicherweise... <strong>Ihre eigene Liste aktiver Mitglieder<\/strong>, damit du <strong>habe immer noch Zugang zu Threads<\/strong> das damit zusammenh\u00e4ngen k\u00f6nnte.<\/p>\n\n\n\n<h3 class=\"wp-block-heading\">Kann ich sp\u00e4ter Mitglied werden?<\/h3>\n\n\n\n<p>Ja, absolut! Wir ermutigen Sie, wieder beizutreten, sobald es besser in Ihr Leben passt.<\/p>\n\n\n\n<p>Sie m\u00fcssen sich nur anmelden <a href=\"https:\/\/perma.earth\/de\/connect\/\"><u>hier<\/u>.<\/a> Sie erhalten ein neues Onboarding (gestrafft, wenn Ihr letzter Login weniger als 12 Monate her ist), das die Unterst\u00fctzung bei der Navigation in unserem Arbeitsbereich beinhaltet.<\/p>\n\n\n\n<p>Wir arbeiten auch an einer einfacheren M\u00f6glichkeit, anzuzeigen <strong>Welche Kreise und Arbeitsgruppen<\/strong> funktionieren im CoLab sowie<strong> <\/strong><a href=\"https:\/\/perma.earth\/de\/openings\/\" data-type=\"page\" data-id=\"832\"><strong>Er\u00f6ffnungen<\/strong><\/a><a href=\"https:\/\/perma.earth\/de\/openings\/\" data-type=\"page\" data-id=\"832\"> <\/a>und Informationen \u00fcber <strong>Stipendien oder L\u00f6hne<\/strong> f\u00fcr diese. Wenn Sie Ihre \u2018Berufung\u2019 noch nicht gefunden haben, k\u00f6nnen Sie Ihr Leben entr\u00fcmpeln, indem Sie das CoLab jetzt verlassen und unsere Newsletter-Updates verfolgen, um zu sehen, was sich auf Ihrem Weg ergibt; die <strong><a href=\"https:\/\/perma.earth\/de\/events\/\" data-type=\"URL\" data-id=\"https:\/\/perma.earth\/events\/\">Online-Veranstaltungen<\/a><\/strong> Es gibt vielleicht einen besseren Weg, eine Verbindung herzustellen.<\/p>\n\n\n\n<p>Auf diese Weise wird es einfacher sein, im Voraus festzustellen, wie Sie in die soziale Landschaft passen; sei es durch das Verfassen eines Vorschlags zur Schlie\u00dfung einer L\u00fccke, die Inkubation eines neuen Kreises, die lockere Teilnahme an einem Kreise oder die Verkn\u00fcpfung Ihrer Arbeit mit unserem Knoten. Dieses \u00d6kosystem reift noch... ohne zentrale Kontrolle!<\/p>","protected":false},"excerpt":{"rendered":"<p>The International Permaculture CoLab maintains an active space policy to keep engagement high and make the boundaries of our organism more explicit. The policy is that members who do not participate in the CoLab Community Space for 6 months will have their accounts deactivated. You can ask to rejoin anytime &#8211; easypeasy. For more information [&hellip;]<\/p>\n","protected":false},"author":33,"featured_media":0,"parent":0,"menu_order":0,"comment_status":"closed","ping_status":"closed","template":"","meta":{"_acf_changed":false,"_et_pb_use_builder":"off","_et_pb_old_content":"<!-- wp:paragraph -->\n<p>The International Permaculture CoLab maintains an active space policy to keep engagement high and make the boundaries of our organism more explicit.<\/p>\n<!-- \/wp:paragraph -->\n\n<!-- wp:paragraph -->\n<p>The policy<strong> <\/strong>is that members who <strong>do not participate in the slack for 6 months<\/strong> will have their accounts <a href=\"https:\/\/slack.com\/intl\/en-hr\/help\/articles\/203953146-Deactivate-your-Slack-account\"><u>deactivated<\/u><\/a>. You ask to rejoin anytime - easypeasy.<\/p>\n<!-- \/wp:paragraph -->\n\n<!-- wp:paragraph -->\n<p><strong>For more information please read the FAQ below :)<\/strong><\/p>\n<!-- \/wp:paragraph -->\n\n<!-- wp:paragraph -->\n<p>Sincerely,<\/p>\n<!-- \/wp:paragraph -->\n\n<!-- wp:paragraph -->\n<p><strong><a href=\"https:\/\/perma.earth\/welcome-gardening-circle\/\" data-type=\"page\" data-id=\"890\">Welcome Gardening Circle<\/a><\/strong><br>&nbsp;Aimee Fenech, Jyo Maan, Charles Blass<\/p>\n<!-- \/wp:paragraph -->\n\n<!-- wp:heading -->\n<h2 class=\"wp-block-heading\">FAQ<\/h2>\n<!-- \/wp:heading -->\n\n<!-- wp:paragraph -->\n<p>Wait, what?<\/p>\n<!-- \/wp:paragraph -->\n\n<!-- wp:paragraph -->\n<p>The CoLab has an ambitious mission; to <strong>enhance the local to global coherence and effectiveness of permaculture<\/strong>. It\u2019s not a petition that you sign once, or a Facebook group that you join out of casual interest - we are a community of people around the world who are passionate about serving the permaculture movement and are aiming to contribute actively and sustainably to make this happen.<\/p>\n<!-- \/wp:paragraph -->\n\n<!-- wp:paragraph -->\n<p>If you are still interested in participating, we have in place an onboarding process that can support you to find your niche in this organism. If you\u2019re more interested in receiving infrequent updates, you can <a href=\"https:\/\/perma.earth\/\"><u>sign up for our newsletter<\/u><\/a>.<\/p>\n<!-- \/wp:paragraph -->\n\n<!-- wp:paragraph -->\n<p>We also welcome regular collaboration with other permaculture organizations and maintain a calendar fof events that contributes towards maintaining our relationships across (as well as within) the boundaries of the CoLab social ecosystem :)<\/p>\n<!-- \/wp:paragraph -->\n\n<!-- wp:heading {\"level\":3} -->\n<h3 class=\"wp-block-heading\">Active in a Circle that\u2019s not on Slack?<\/h3>\n<!-- \/wp:heading -->\n\n<!-- wp:paragraph -->\n<p>We trust that this will not negatively affect CoLab members and circles who may be communicating through other channels, though Circle Leads might like to maintain <strong>your own record of active members<\/strong>, so you can <strong>still have access to threads<\/strong> that may be linked to.<\/p>\n<!-- \/wp:paragraph -->\n\n<!-- wp:heading {\"level\":3} -->\n<h3 class=\"wp-block-heading\">Can I become a member later?<\/h3>\n<!-- \/wp:heading -->\n\n<!-- wp:paragraph -->\n<p>Yes absolutely! We encourage you to re-join once it fits your life better.<\/p>\n<!-- \/wp:paragraph -->\n\n<!-- wp:paragraph -->\n<p>All you have to do is sign up <a href=\"https:\/\/perma.earth\/contribute\/\"><u>here<\/u><\/a>. You\u2019ll get a new on-boarding (streamlined if it\u2019s been less than 12 months since your last login), which involves support navigating our workspace.<\/p>\n<!-- \/wp:paragraph -->\n\n<!-- wp:paragraph -->\n<p>We are also working on an easier way to view <strong>what circles and working groups<\/strong> are functioning in the CoLab as well as<strong> <\/strong><a href=\"https:\/\/perma.earth\/openings\/\" data-type=\"page\" data-id=\"832\"><strong>openings<\/strong><\/a><a href=\"https:\/\/perma.earth\/openings\/\" data-type=\"page\" data-id=\"832\"> <\/a>and information on <strong>stipends or wages<\/strong> for these. If you haven\u2019t found your \u2018calling\u2019 yet, you can de-clutter your life by leaving the CoLab now and following our newsletter updates to see what comes along that fits your journey; the <strong><a href=\"https:\/\/perma.earth\/events\/\" data-type=\"URL\" data-id=\"https:\/\/perma.earth\/events\/\">online events<\/a><\/strong> might be a better way to connect.<\/p>\n<!-- \/wp:paragraph -->\n\n<!-- wp:paragraph -->\n<p>This way it will be easier to figure out ahead of time how you might fit in to the social landscape; whether writing a proposal to fill a gap, incubating a new circle, participating casually in a circle, or linking your work with our node. This ecosystem is still maturing... without centralized control!<\/p>\n<!-- \/wp:paragraph -->","_et_gb_content_width":"","footnotes":""},"class_list":["post-809","page","type-page","status-publish","hentry"],"acf":[],"featured_image_urls":{"full":"","thumbnail":"","medium":"","medium_large":"","large":"","1536x1536":"","2048x2048":"","trp-custom-language-flag":"","et-pb-post-main-image":"","et-pb-post-main-image-fullwidth":"","et-pb-portfolio-image":"","et-pb-portfolio-module-image":"","et-pb-portfolio-image-single":"","et-pb-gallery-module-image-portrait":"","et-pb-post-main-image-fullwidth-large":"","et-pb-image--responsive--desktop":"","et-pb-image--responsive--tablet":"","et-pb-image--responsive--phone":"","mailpoet_newsletter_max":"","woocommerce_thumbnail":"","woocommerce_single":"","woocommerce_gallery_thumbnail":""},"post_excerpt_stackable":"<p>The International Permaculture CoLab maintains an active space policy to keep engagement high and make the boundaries of our organism more explicit. The policy is that members who do not participate in the CoLab Community Space for 6 months will have their accounts deactivated. You can ask to rejoin anytime &#8211; easypeasy. For more information please read the FAQ below \ud83d\ude42 Sincerely, Welcome Circle&nbsp;Aimee Fenech, Jyo Maan FAQ Wait, what? The CoLab has an ambitious mission; to enhance the local to global coherence and effectiveness of permaculture. It\u2019s not a petition that you sign once, or a Facebook group that&hellip;<\/p>\n","category_list":"","author_info":{"name":"aimee","url":"https:\/\/perma.earth\/de\/author\/aimee\/"},"comments_num":"0 comments","featured_image_urls_v2":{"full":"","thumbnail":"","medium":"","medium_large":"","large":"","1536x1536":"","2048x2048":"","trp-custom-language-flag":"","et-pb-post-main-image":"","et-pb-post-main-image-fullwidth":"","et-pb-portfolio-image":"","et-pb-portfolio-module-image":"","et-pb-portfolio-image-single":"","et-pb-gallery-module-image-portrait":"","et-pb-post-main-image-fullwidth-large":"","et-pb-image--responsive--desktop":"","et-pb-image--responsive--tablet":"","et-pb-image--responsive--phone":"","mailpoet_newsletter_max":"","woocommerce_thumbnail":"","woocommerce_single":"","woocommerce_gallery_thumbnail":""},"post_excerpt_stackable_v2":"<p>The International Permaculture CoLab maintains an active space policy to keep engagement high and make the boundaries of our organism more explicit. The policy is that members who do not participate in the CoLab Community Space for 6 months will have their accounts deactivated. You can ask to rejoin anytime &#8211; easypeasy. For more information please read the FAQ below \ud83d\ude42 Sincerely, Welcome Circle&nbsp;Aimee Fenech, Jyo Maan FAQ Wait, what? The CoLab has an ambitious mission; to enhance the local to global coherence and effectiveness of permaculture. It\u2019s not a petition that you sign once, or a Facebook group that&hellip;<\/p>\n","category_list_v2":"","author_info_v2":{"name":"aimee","url":"https:\/\/perma.earth\/de\/author\/aimee\/"},"comments_num_v2":"0 comments","_links":{"self":[{"href":"https:\/\/perma.earth\/de\/wp-json\/wp\/v2\/pages\/809","targetHints":{"allow":["GET"]}}],"collection":[{"href":"https:\/\/perma.earth\/de\/wp-json\/wp\/v2\/pages"}],"about":[{"href":"https:\/\/perma.earth\/de\/wp-json\/wp\/v2\/types\/page"}],"author":[{"embeddable":true,"href":"https:\/\/perma.earth\/de\/wp-json\/wp\/v2\/users\/33"}],"replies":[{"embeddable":true,"href":"https:\/\/perma.earth\/de\/wp-json\/wp\/v2\/comments?post=809"}],"version-history":[{"count":16,"href":"https:\/\/perma.earth\/de\/wp-json\/wp\/v2\/pages\/809\/revisions"}],"predecessor-version":[{"id":8407,"href":"https:\/\/perma.earth\/de\/wp-json\/wp\/v2\/pages\/809\/revisions\/8407"}],"wp:attachment":[{"href":"https:\/\/perma.earth\/de\/wp-json\/wp\/v2\/media?parent=809"}],"curies":[{"name":"wp","href":"https:\/\/api.w.org\/{rel}","templated":true}]}}