{"id":6396,"date":"2024-01-18T13:27:12","date_gmt":"2024-01-18T13:27:12","guid":{"rendered":"https:\/\/perma.earth\/?post_type=product&#038;p=6396"},"modified":"2026-04-17T09:11:54","modified_gmt":"2026-04-17T09:11:54","slug":"mva-ethically-conscious-business-practices-using-permaculture-principles-artefact","status":"publish","type":"product","link":"https:\/\/perma.earth\/de\/product\/mva-ethically-conscious-business-practices-using-permaculture-principles-artefact\/","title":{"rendered":"MVA \u2013 Ethisch bewusste Gesch\u00e4ftspraktiken nach Prinzipien der Permakultur"},"content":{"rendered":"<p>In diesem Workshop wurden die Prinzipien der Permakultur und ihre praktische Anwendung in der Gesch\u00e4ftswelt untersucht. Das Artefakt enth\u00e4lt die Grunds\u00e4tze, \u00dcbungen und Ressourcen, die w\u00e4hrend des Workshops verwendet wurden. Es enth\u00e4lt auch Links zum Sitzungsdesign und zu einer Aufzeichnung der lehrreichen Teile und Mitschnitte des Workshops.<\/p>\n<p>Dieses Dokument wurde erstellt von der <a href=\"https:\/\/learn.perma.earth\/minimum-viable-academy\/\">Minimum Viable Academy.<\/a> Diese Arbeit wurde finanziert von der <a href=\"https:\/\/perma.earth\/de\/project\/next-steps-project\/\">N\u00e4chste Schritte Projekt<\/a> als Teil der <a href=\"https:\/\/perma.earth\/de\/\">Internationales Permakultur CoLab.<\/a><\/p>\n<p>&nbsp;<\/p>\n<div id=\"meta-origin\" data-coolorigin=\"https%3A%2F%2Fcollabora.collective.tools%2Fcool%2Fclipboard%3FWOPISrc%3Dhttps%253A%252F%252Fcloud.perma.earth%252Findex.php%252Fapps%252Frichdocuments%252Fwopi%252Ffiles%252F1090528_ocrwh2195e7x%26ServerId%3D74d25f04%26ViewId%3D5%26Tag%3D503084b285855262\">\n<p>Wir haben eine kurze Umfrage f\u00fcr Personen erstellt, die unsere Ressourcen herunterladen. Wenn Sie ein paar Minuten Zeit haben, w\u00fcrden wir uns sehr \u00fcber Ihre Mithilfe beim Ausf\u00fcllen freuen. Dies wird uns helfen, die Qualit\u00e4t unserer Ressourcen zu verbessern und besser zu verstehen, wie sie genutzt werden.<\/p>\n<p><a href=\"https:\/\/cloud.perma.earth\/index.php\/apps\/forms\/s\/46if5A4NkE8nPHNDk4ZGarNL\">F\u00fcllen Sie die Umfrage hier aus. <\/a><\/p>\n<\/div>","protected":false},"excerpt":{"rendered":"<p>This workshop explored permaculture principles and how to apply them in practice in the business world. The artefact contains the principles, exercises and resources that were used during the workshop. It also contains links to the session design and to a recording of the instructional parts and takeaways of the workshop. This document was produced [&hellip;]<\/p>\n","protected":false},"featured_media":8984,"comment_status":"open","ping_status":"closed","template":"","meta":{"_acf_changed":false,"_et_pb_use_builder":"","_et_pb_old_content":"","_et_gb_content_width":""},"product_brand":[],"product_cat":[193,195],"product_tag":[],"class_list":{"0":"post-6396","1":"product","2":"type-product","3":"status-publish","4":"has-post-thumbnail","6":"product_cat-next-steps-project","7":"product_cat-training-and-workshop-designs","9":"first","10":"instock","11":"downloadable","12":"virtual","13":"purchasable","14":"product-type-simple"},"acf":[],"featured_image_urls":{"full":["https:\/\/perma.earth\/wp-content\/uploads\/2026\/03\/Copy-of-wordpress-plus3.jpg",800,800,false],"thumbnail":["https:\/\/perma.earth\/wp-content\/uploads\/2026\/03\/Copy-of-wordpress-plus3-150x150.jpg",150,150,true],"medium":["https:\/\/perma.earth\/wp-content\/uploads\/2026\/03\/Copy-of-wordpress-plus3-300x300.jpg",300,300,true],"medium_large":["https:\/\/perma.earth\/wp-content\/uploads\/2026\/03\/Copy-of-wordpress-plus3-768x768.jpg",768,768,true],"large":["https:\/\/perma.earth\/wp-content\/uploads\/2026\/03\/Copy-of-wordpress-plus3.jpg",800,800,false],"1536x1536":["https:\/\/perma.earth\/wp-content\/uploads\/2026\/03\/Copy-of-wordpress-plus3.jpg",800,800,false],"2048x2048":["https:\/\/perma.earth\/wp-content\/uploads\/2026\/03\/Copy-of-wordpress-plus3.jpg",800,800,false],"trp-custom-language-flag":["https:\/\/perma.earth\/wp-content\/uploads\/2026\/03\/Copy-of-wordpress-plus3-12x12.jpg",12,12,true],"et-pb-post-main-image":["https:\/\/perma.earth\/wp-content\/uploads\/2026\/03\/Copy-of-wordpress-plus3-400x250.jpg",400,250,true],"et-pb-post-main-image-fullwidth":["https:\/\/perma.earth\/wp-content\/uploads\/2026\/03\/Copy-of-wordpress-plus3-800x675.jpg",800,675,true],"et-pb-portfolio-image":["https:\/\/perma.earth\/wp-content\/uploads\/2026\/03\/Copy-of-wordpress-plus3-400x284.jpg",400,284,true],"et-pb-portfolio-module-image":["https:\/\/perma.earth\/wp-content\/uploads\/2026\/03\/Copy-of-wordpress-plus3-510x382.jpg",510,382,true],"et-pb-portfolio-image-single":["https:\/\/perma.earth\/wp-content\/uploads\/2026\/03\/Copy-of-wordpress-plus3.jpg",800,800,false],"et-pb-gallery-module-image-portrait":["https:\/\/perma.earth\/wp-content\/uploads\/2026\/03\/Copy-of-wordpress-plus3-400x516.jpg",400,516,true],"et-pb-post-main-image-fullwidth-large":["https:\/\/perma.earth\/wp-content\/uploads\/2026\/03\/Copy-of-wordpress-plus3.jpg",800,800,false],"et-pb-image--responsive--desktop":["https:\/\/perma.earth\/wp-content\/uploads\/2026\/03\/Copy-of-wordpress-plus3.jpg",720,720,false],"et-pb-image--responsive--tablet":["https:\/\/perma.earth\/wp-content\/uploads\/2026\/03\/Copy-of-wordpress-plus3.jpg",551,551,false],"et-pb-image--responsive--phone":["https:\/\/perma.earth\/wp-content\/uploads\/2026\/03\/Copy-of-wordpress-plus3-480x480.jpg",270,270,true],"mailpoet_newsletter_max":["https:\/\/perma.earth\/wp-content\/uploads\/2026\/03\/Copy-of-wordpress-plus3.jpg",800,800,false],"woocommerce_thumbnail":["https:\/\/perma.earth\/wp-content\/uploads\/2026\/03\/Copy-of-wordpress-plus3-300x300.jpg",300,300,true],"woocommerce_single":["https:\/\/perma.earth\/wp-content\/uploads\/2026\/03\/Copy-of-wordpress-plus3-600x600.jpg",600,600,true],"woocommerce_gallery_thumbnail":["https:\/\/perma.earth\/wp-content\/uploads\/2026\/03\/Copy-of-wordpress-plus3-100x100.jpg",100,100,true]},"post_excerpt_stackable":"<p>This workshop explored permaculture principles and how to apply them in practice in the business world. The artefact contains the principles, exercises and resources that were used during the workshop. It also contains links to the session design and to a recording of the instructional parts and takeaways of the workshop. This document was produced by the Minimum Viable Academy. This work was funded by the Next Steps Project as part of the International Permaculture CoLab. &nbsp; We have a created a short survey for people who are downloading our resources. If you have a couple of minutes we would&hellip;<\/p>\n","category_list":"","author_info":{"name":"","url":""},"comments_num":"0 comments","featured_image_urls_v2":{"full":["https:\/\/perma.earth\/wp-content\/uploads\/2026\/03\/Copy-of-wordpress-plus3.jpg",800,800,false],"thumbnail":["https:\/\/perma.earth\/wp-content\/uploads\/2026\/03\/Copy-of-wordpress-plus3-150x150.jpg",150,150,true],"medium":["https:\/\/perma.earth\/wp-content\/uploads\/2026\/03\/Copy-of-wordpress-plus3-300x300.jpg",300,300,true],"medium_large":["https:\/\/perma.earth\/wp-content\/uploads\/2026\/03\/Copy-of-wordpress-plus3-768x768.jpg",768,768,true],"large":["https:\/\/perma.earth\/wp-content\/uploads\/2026\/03\/Copy-of-wordpress-plus3.jpg",800,800,false],"1536x1536":["https:\/\/perma.earth\/wp-content\/uploads\/2026\/03\/Copy-of-wordpress-plus3.jpg",800,800,false],"2048x2048":["https:\/\/perma.earth\/wp-content\/uploads\/2026\/03\/Copy-of-wordpress-plus3.jpg",800,800,false],"trp-custom-language-flag":["https:\/\/perma.earth\/wp-content\/uploads\/2026\/03\/Copy-of-wordpress-plus3-12x12.jpg",12,12,true],"et-pb-post-main-image":["https:\/\/perma.earth\/wp-content\/uploads\/2026\/03\/Copy-of-wordpress-plus3-400x250.jpg",400,250,true],"et-pb-post-main-image-fullwidth":["https:\/\/perma.earth\/wp-content\/uploads\/2026\/03\/Copy-of-wordpress-plus3-800x675.jpg",800,675,true],"et-pb-portfolio-image":["https:\/\/perma.earth\/wp-content\/uploads\/2026\/03\/Copy-of-wordpress-plus3-400x284.jpg",400,284,true],"et-pb-portfolio-module-image":["https:\/\/perma.earth\/wp-content\/uploads\/2026\/03\/Copy-of-wordpress-plus3-510x382.jpg",510,382,true],"et-pb-portfolio-image-single":["https:\/\/perma.earth\/wp-content\/uploads\/2026\/03\/Copy-of-wordpress-plus3.jpg",800,800,false],"et-pb-gallery-module-image-portrait":["https:\/\/perma.earth\/wp-content\/uploads\/2026\/03\/Copy-of-wordpress-plus3-400x516.jpg",400,516,true],"et-pb-post-main-image-fullwidth-large":["https:\/\/perma.earth\/wp-content\/uploads\/2026\/03\/Copy-of-wordpress-plus3.jpg",800,800,false],"et-pb-image--responsive--desktop":["https:\/\/perma.earth\/wp-content\/uploads\/2026\/03\/Copy-of-wordpress-plus3.jpg",720,720,false],"et-pb-image--responsive--tablet":["https:\/\/perma.earth\/wp-content\/uploads\/2026\/03\/Copy-of-wordpress-plus3.jpg",551,551,false],"et-pb-image--responsive--phone":["https:\/\/perma.earth\/wp-content\/uploads\/2026\/03\/Copy-of-wordpress-plus3-480x480.jpg",270,270,true],"mailpoet_newsletter_max":["https:\/\/perma.earth\/wp-content\/uploads\/2026\/03\/Copy-of-wordpress-plus3.jpg",800,800,false],"woocommerce_thumbnail":["https:\/\/perma.earth\/wp-content\/uploads\/2026\/03\/Copy-of-wordpress-plus3-300x300.jpg",300,300,true],"woocommerce_single":["https:\/\/perma.earth\/wp-content\/uploads\/2026\/03\/Copy-of-wordpress-plus3-600x600.jpg",600,600,true],"woocommerce_gallery_thumbnail":["https:\/\/perma.earth\/wp-content\/uploads\/2026\/03\/Copy-of-wordpress-plus3-100x100.jpg",100,100,true]},"post_excerpt_stackable_v2":"<p>This workshop explored permaculture principles and how to apply them in practice in the business world. The artefact contains the principles, exercises and resources that were used during the workshop. It also contains links to the session design and to a recording of the instructional parts and takeaways of the workshop. This document was produced by the Minimum Viable Academy. This work was funded by the Next Steps Project as part of the International Permaculture CoLab. &nbsp; We have a created a short survey for people who are downloading our resources. If you have a couple of minutes we would&hellip;<\/p>\n","category_list_v2":"","author_info_v2":{"name":"","url":""},"comments_num_v2":"0 comments","_links":{"self":[{"href":"https:\/\/perma.earth\/de\/wp-json\/wp\/v2\/product\/6396","targetHints":{"allow":["GET"]}}],"collection":[{"href":"https:\/\/perma.earth\/de\/wp-json\/wp\/v2\/product"}],"about":[{"href":"https:\/\/perma.earth\/de\/wp-json\/wp\/v2\/types\/product"}],"replies":[{"embeddable":true,"href":"https:\/\/perma.earth\/de\/wp-json\/wp\/v2\/comments?post=6396"}],"wp:featuredmedia":[{"embeddable":true,"href":"https:\/\/perma.earth\/de\/wp-json\/wp\/v2\/media\/8984"}],"wp:attachment":[{"href":"https:\/\/perma.earth\/de\/wp-json\/wp\/v2\/media?parent=6396"}],"wp:term":[{"taxonomy":"product_brand","embeddable":true,"href":"https:\/\/perma.earth\/de\/wp-json\/wp\/v2\/product_brand?post=6396"},{"taxonomy":"product_cat","embeddable":true,"href":"https:\/\/perma.earth\/de\/wp-json\/wp\/v2\/product_cat?post=6396"},{"taxonomy":"product_tag","embeddable":true,"href":"https:\/\/perma.earth\/de\/wp-json\/wp\/v2\/product_tag?post=6396"}],"curies":[{"name":"wp","href":"https:\/\/api.w.org\/{rel}","templated":true}]}}