{"id":7449,"date":"2024-10-28T14:59:30","date_gmt":"2024-10-28T14:59:30","guid":{"rendered":"https:\/\/perma.earth\/?post_type=product&#038;p=7449"},"modified":"2026-03-23T21:53:59","modified_gmt":"2026-03-23T21:53:59","slug":"ecosocial-design-ebook","status":"publish","type":"product","link":"https:\/\/perma.earth\/de\/product\/ecosocial-design-ebook\/","title":{"rendered":"EcoSocial Design eBook - F\u00fchrung und Unternehmertum im Dienste eines regenerativen Lebens"},"content":{"rendered":"<p>\u00d6kosoziales Design:<br \/>\nF\u00fchrung und Unternehmertum im Dienste eines regenerativen Lebens<br \/>\nvon CoLab-Mitglied Andrew Langford<\/p>\n<p>\u00d6kosoziales Design ist ein Aufruf, unser Handeln f\u00fcr die Menschen, den Planeten und alle Lebensformen zu verbessern. Es erweitert die wesentlichen erdverbundenen Konzepte der Permakultur auf den kulturellen Bereich. Die Pr\u00e4sentation stellt auch Sie als einen wichtigen Akteur in dieser kritischen Arbeit vor und bietet einige M\u00f6glichkeiten, wie Sie Unterst\u00fctzung erhalten k\u00f6nnen.<\/p>\n<p>Pr\u00e4sentiert von <a href=\"https:\/\/gaiauniversity.org\/\">Gaia-Universit\u00e4t<\/a>, Details aus diesem Buch sind Teil des Lehrplans f\u00fcr das Gaia U-Zertifikat f\u00fcr \u00f6kosoziales Design.<\/p>\n<p>\u201cEs handelt sich um ein breit gef\u00e4chertes Curriculum, das gewisserma\u00dfen als Voraussetzung ein praktisches Wissen \u00fcber Permakultur-Design voraussetzt. Die Praxis der Permakultur ist unsere bevorzugte Methode, um uns wieder mit der Natur zu verbinden, vor allem, weil sie sich an die so genannte tiefgreifende gr\u00fcne Ethik h\u00e4lt - Sorge f\u00fcr die Erde, Sorge f\u00fcr die Menschen und Grenzen des Verbrauchs und der Bev\u00f6lkerungszahl. Diese grundlegende Ethik geht \u00fcber eine anthropozentrische Sichtweise hinaus zugunsten einer Lebensnetz-Perspektive: Der Mensch ist Teil dieses Lebensnetzes, nicht davon getrennt, und wenn unmittelbare menschliche Interessen mit den Interessen des \u00d6kosystems kollidieren, bem\u00fchen wir uns, letzteren Vorrang zu geben. *Wenn Sie kein fundiertes Wissen \u00fcber Permakultur-Design haben, suchen Sie sich einen Permakultur-Design-Kurs und fangen Sie sofort an, es zu praktizieren.\u201d<\/p>","protected":false},"excerpt":{"rendered":"<p>EcoSocial Design: Using Leadership and Enterprise in Service to Regenerative Living by CoLab member Andrew Langford Ecosocial Design is a call to upgrade our actions for people, planet and all life forms. It extends the substantial earth-care notions of permaculture into the cultural realm. The presentation also imagines you as a significant actor in this [&hellip;]<\/p>\n","protected":false},"featured_media":8974,"comment_status":"open","ping_status":"closed","template":"","meta":{"_acf_changed":false,"_et_pb_use_builder":"","_et_pb_old_content":"","_et_gb_content_width":""},"product_brand":[],"product_cat":[265],"product_tag":[],"class_list":{"0":"post-7449","1":"product","2":"type-product","3":"status-publish","4":"has-post-thumbnail","6":"product_cat-book","8":"first","9":"instock","10":"downloadable","11":"shipping-taxable","12":"purchasable","13":"product-type-simple"},"acf":[],"featured_image_urls":{"full":["https:\/\/perma.earth\/wp-content\/uploads\/2026\/03\/Copy-of-wordpress-plus.jpg",800,800,false],"thumbnail":["https:\/\/perma.earth\/wp-content\/uploads\/2026\/03\/Copy-of-wordpress-plus-150x150.jpg",150,150,true],"medium":["https:\/\/perma.earth\/wp-content\/uploads\/2026\/03\/Copy-of-wordpress-plus-300x300.jpg",300,300,true],"medium_large":["https:\/\/perma.earth\/wp-content\/uploads\/2026\/03\/Copy-of-wordpress-plus-768x768.jpg",768,768,true],"large":["https:\/\/perma.earth\/wp-content\/uploads\/2026\/03\/Copy-of-wordpress-plus.jpg",800,800,false],"1536x1536":["https:\/\/perma.earth\/wp-content\/uploads\/2026\/03\/Copy-of-wordpress-plus.jpg",800,800,false],"2048x2048":["https:\/\/perma.earth\/wp-content\/uploads\/2026\/03\/Copy-of-wordpress-plus.jpg",800,800,false],"trp-custom-language-flag":["https:\/\/perma.earth\/wp-content\/uploads\/2026\/03\/Copy-of-wordpress-plus-12x12.jpg",12,12,true],"et-pb-post-main-image":["https:\/\/perma.earth\/wp-content\/uploads\/2026\/03\/Copy-of-wordpress-plus-400x250.jpg",400,250,true],"et-pb-post-main-image-fullwidth":["https:\/\/perma.earth\/wp-content\/uploads\/2026\/03\/Copy-of-wordpress-plus-800x675.jpg",800,675,true],"et-pb-portfolio-image":["https:\/\/perma.earth\/wp-content\/uploads\/2026\/03\/Copy-of-wordpress-plus-400x284.jpg",400,284,true],"et-pb-portfolio-module-image":["https:\/\/perma.earth\/wp-content\/uploads\/2026\/03\/Copy-of-wordpress-plus-510x382.jpg",510,382,true],"et-pb-portfolio-image-single":["https:\/\/perma.earth\/wp-content\/uploads\/2026\/03\/Copy-of-wordpress-plus.jpg",800,800,false],"et-pb-gallery-module-image-portrait":["https:\/\/perma.earth\/wp-content\/uploads\/2026\/03\/Copy-of-wordpress-plus-400x516.jpg",400,516,true],"et-pb-post-main-image-fullwidth-large":["https:\/\/perma.earth\/wp-content\/uploads\/2026\/03\/Copy-of-wordpress-plus.jpg",800,800,false],"et-pb-image--responsive--desktop":["https:\/\/perma.earth\/wp-content\/uploads\/2026\/03\/Copy-of-wordpress-plus.jpg",720,720,false],"et-pb-image--responsive--tablet":["https:\/\/perma.earth\/wp-content\/uploads\/2026\/03\/Copy-of-wordpress-plus.jpg",551,551,false],"et-pb-image--responsive--phone":["https:\/\/perma.earth\/wp-content\/uploads\/2026\/03\/Copy-of-wordpress-plus-480x480.jpg",270,270,true],"mailpoet_newsletter_max":["https:\/\/perma.earth\/wp-content\/uploads\/2026\/03\/Copy-of-wordpress-plus.jpg",800,800,false],"woocommerce_thumbnail":["https:\/\/perma.earth\/wp-content\/uploads\/2026\/03\/Copy-of-wordpress-plus-300x300.jpg",300,300,true],"woocommerce_single":["https:\/\/perma.earth\/wp-content\/uploads\/2026\/03\/Copy-of-wordpress-plus-600x600.jpg",600,600,true],"woocommerce_gallery_thumbnail":["https:\/\/perma.earth\/wp-content\/uploads\/2026\/03\/Copy-of-wordpress-plus-100x100.jpg",100,100,true]},"post_excerpt_stackable":"<p>EcoSocial Design: Using Leadership and Enterprise in Service to Regenerative Living by CoLab member Andrew Langford Ecosocial Design is a call to upgrade our actions for people, planet and all life forms. It extends the substantial earth-care notions of permaculture into the cultural realm. The presentation also imagines you as a significant actor in this critical work and provides some means whereby you might access support. Presented by Gaia University, details from this full-length book are a part of their curriculum for their Gaia U Certificate in Ecosocial Design. \u201cIt is a wide ranging curriculum that assumes, as a kind&hellip;<\/p>\n","category_list":"","author_info":{"name":"","url":""},"comments_num":"0 comments","featured_image_urls_v2":{"full":["https:\/\/perma.earth\/wp-content\/uploads\/2026\/03\/Copy-of-wordpress-plus.jpg",800,800,false],"thumbnail":["https:\/\/perma.earth\/wp-content\/uploads\/2026\/03\/Copy-of-wordpress-plus-150x150.jpg",150,150,true],"medium":["https:\/\/perma.earth\/wp-content\/uploads\/2026\/03\/Copy-of-wordpress-plus-300x300.jpg",300,300,true],"medium_large":["https:\/\/perma.earth\/wp-content\/uploads\/2026\/03\/Copy-of-wordpress-plus-768x768.jpg",768,768,true],"large":["https:\/\/perma.earth\/wp-content\/uploads\/2026\/03\/Copy-of-wordpress-plus.jpg",800,800,false],"1536x1536":["https:\/\/perma.earth\/wp-content\/uploads\/2026\/03\/Copy-of-wordpress-plus.jpg",800,800,false],"2048x2048":["https:\/\/perma.earth\/wp-content\/uploads\/2026\/03\/Copy-of-wordpress-plus.jpg",800,800,false],"trp-custom-language-flag":["https:\/\/perma.earth\/wp-content\/uploads\/2026\/03\/Copy-of-wordpress-plus-12x12.jpg",12,12,true],"et-pb-post-main-image":["https:\/\/perma.earth\/wp-content\/uploads\/2026\/03\/Copy-of-wordpress-plus-400x250.jpg",400,250,true],"et-pb-post-main-image-fullwidth":["https:\/\/perma.earth\/wp-content\/uploads\/2026\/03\/Copy-of-wordpress-plus-800x675.jpg",800,675,true],"et-pb-portfolio-image":["https:\/\/perma.earth\/wp-content\/uploads\/2026\/03\/Copy-of-wordpress-plus-400x284.jpg",400,284,true],"et-pb-portfolio-module-image":["https:\/\/perma.earth\/wp-content\/uploads\/2026\/03\/Copy-of-wordpress-plus-510x382.jpg",510,382,true],"et-pb-portfolio-image-single":["https:\/\/perma.earth\/wp-content\/uploads\/2026\/03\/Copy-of-wordpress-plus.jpg",800,800,false],"et-pb-gallery-module-image-portrait":["https:\/\/perma.earth\/wp-content\/uploads\/2026\/03\/Copy-of-wordpress-plus-400x516.jpg",400,516,true],"et-pb-post-main-image-fullwidth-large":["https:\/\/perma.earth\/wp-content\/uploads\/2026\/03\/Copy-of-wordpress-plus.jpg",800,800,false],"et-pb-image--responsive--desktop":["https:\/\/perma.earth\/wp-content\/uploads\/2026\/03\/Copy-of-wordpress-plus.jpg",720,720,false],"et-pb-image--responsive--tablet":["https:\/\/perma.earth\/wp-content\/uploads\/2026\/03\/Copy-of-wordpress-plus.jpg",551,551,false],"et-pb-image--responsive--phone":["https:\/\/perma.earth\/wp-content\/uploads\/2026\/03\/Copy-of-wordpress-plus-480x480.jpg",270,270,true],"mailpoet_newsletter_max":["https:\/\/perma.earth\/wp-content\/uploads\/2026\/03\/Copy-of-wordpress-plus.jpg",800,800,false],"woocommerce_thumbnail":["https:\/\/perma.earth\/wp-content\/uploads\/2026\/03\/Copy-of-wordpress-plus-300x300.jpg",300,300,true],"woocommerce_single":["https:\/\/perma.earth\/wp-content\/uploads\/2026\/03\/Copy-of-wordpress-plus-600x600.jpg",600,600,true],"woocommerce_gallery_thumbnail":["https:\/\/perma.earth\/wp-content\/uploads\/2026\/03\/Copy-of-wordpress-plus-100x100.jpg",100,100,true]},"post_excerpt_stackable_v2":"<p>EcoSocial Design: Using Leadership and Enterprise in Service to Regenerative Living by CoLab member Andrew Langford Ecosocial Design is a call to upgrade our actions for people, planet and all life forms. It extends the substantial earth-care notions of permaculture into the cultural realm. The presentation also imagines you as a significant actor in this critical work and provides some means whereby you might access support. Presented by Gaia University, details from this full-length book are a part of their curriculum for their Gaia U Certificate in Ecosocial Design. \u201cIt is a wide ranging curriculum that assumes, as a kind&hellip;<\/p>\n","category_list_v2":"","author_info_v2":{"name":"","url":""},"comments_num_v2":"0 comments","_links":{"self":[{"href":"https:\/\/perma.earth\/de\/wp-json\/wp\/v2\/product\/7449","targetHints":{"allow":["GET"]}}],"collection":[{"href":"https:\/\/perma.earth\/de\/wp-json\/wp\/v2\/product"}],"about":[{"href":"https:\/\/perma.earth\/de\/wp-json\/wp\/v2\/types\/product"}],"replies":[{"embeddable":true,"href":"https:\/\/perma.earth\/de\/wp-json\/wp\/v2\/comments?post=7449"}],"wp:featuredmedia":[{"embeddable":true,"href":"https:\/\/perma.earth\/de\/wp-json\/wp\/v2\/media\/8974"}],"wp:attachment":[{"href":"https:\/\/perma.earth\/de\/wp-json\/wp\/v2\/media?parent=7449"}],"wp:term":[{"taxonomy":"product_brand","embeddable":true,"href":"https:\/\/perma.earth\/de\/wp-json\/wp\/v2\/product_brand?post=7449"},{"taxonomy":"product_cat","embeddable":true,"href":"https:\/\/perma.earth\/de\/wp-json\/wp\/v2\/product_cat?post=7449"},{"taxonomy":"product_tag","embeddable":true,"href":"https:\/\/perma.earth\/de\/wp-json\/wp\/v2\/product_tag?post=7449"}],"curies":[{"name":"wp","href":"https:\/\/api.w.org\/{rel}","templated":true}]}}