{"id":7866,"date":"2025-04-25T15:12:58","date_gmt":"2025-04-25T15:12:58","guid":{"rendered":"https:\/\/perma.earth\/?post_type=product&#038;p=7866"},"modified":"2026-04-20T14:21:54","modified_gmt":"2026-04-20T14:21:54","slug":"research-paper-introduction-to-icaafs-empowering-decentralised-accreditation-for-regenerative-practices-including-supplementary-materials","status":"publish","type":"product","link":"https:\/\/perma.earth\/de\/product\/research-paper-introduction-to-icaafs-empowering-decentralised-accreditation-for-regenerative-practices-including-supplementary-materials\/","title":{"rendered":"Einf\u00fchrung in iCAAFS \u2013 Erm\u00e4chtigung dezentraler Akkreditierung f\u00fcr regenerative Praktiken \u2013 Inklusive erg\u00e4nzender Materialien"},"content":{"rendered":"<p>Die Internationale Kooperation f\u00fcr die Akkreditierung von alten und zuk\u00fcnftigen Kompetenzen (iCAAFS) strebt danach, ein netzwerkbasiertes Kollektiv zu werden, das Basis-Permakultur- und regenerative Organisationen bef\u00e4higt, Akkreditierung und Zertifizierung neu zu definieren.<\/p>\n<p>Diese ZIP-Datei enth\u00e4lt eine umfassende schriftliche Einf\u00fchrung in iCAAFS, eine einfachere PowerPoint-Einf\u00fchrung, eine Toolbox-Infografik, eine Zeitstrahl-Infografik, eine Abzeichenvorlage, eine Infografik m\u00f6glicher Abzeichenpfade, eine Infografik zu Monitoring und Evaluierung, eine Infografik zur Anatomie eines Abzeichens, eine Infografik zur Gr\u00fcnen Seidenstra\u00dfe und eine Nutzungsvereinbarung f\u00fcr den subventionierten Zugang zur iCAAFS-Plattform.<\/p>\n<p>iCAAFS wurde inkubiert von <a href=\"https:\/\/gaiauniversity.org\/\">Gaia U<\/a> und Finanzierung erhielten von <a href=\"https:\/\/perma.earth\/de\/project\/next-steps-project\/\">N\u00e4chste Schritte<\/a> durch die <a href=\"https:\/\/perma.earth\/de\/\">Internationales Permakultur CoLab<\/a>.<\/p>\n<p>&nbsp;<\/p>\n<div id=\"meta-origin\" data-coolorigin=\"https%3A%2F%2Fcollabora.collective.tools%2Fcool%2Fclipboard%3FWOPISrc%3Dhttps%253A%252F%252Fcloud.perma.earth%252Findex.php%252Fapps%252Frichdocuments%252Fwopi%252Ffiles%252F1090528_ocrwh2195e7x%26ServerId%3D74d25f04%26ViewId%3D5%26Tag%3D18b12fe5a25916cc\">\n<p>Wir haben eine kurze Umfrage f\u00fcr Personen erstellt, die unsere Ressourcen herunterladen. Wenn Sie ein paar Minuten Zeit haben, w\u00fcrden wir uns sehr \u00fcber Ihre Mithilfe beim Ausf\u00fcllen freuen. Dies wird uns helfen, die Qualit\u00e4t unserer Ressourcen zu verbessern und besser zu verstehen, wie sie genutzt werden.<\/p>\n<p><a href=\"https:\/\/cloud.perma.earth\/index.php\/apps\/forms\/s\/46if5A4NkE8nPHNDk4ZGarNL\">F\u00fcllen Sie die Umfrage hier aus. <\/a><\/p>\n<\/div>","protected":false},"excerpt":{"rendered":"<p>The International Collaboration for the Accreditation of Ancient and Future Skills (iCAAFS) seeks to become a network-based collective that empowers grassroots permaculture and regenerative organisations to redefine accreditation and certification. Included in this download is a comprehensive written introduction to iCAAFS, a simpler PowerPoint introduction, a toolbox infographic, a timeline infographic, a badge template, an [&hellip;]<\/p>\n","protected":false},"featured_media":8973,"comment_status":"closed","ping_status":"closed","template":"","meta":{"_acf_changed":false,"_et_pb_use_builder":"","_et_pb_old_content":"","_et_gb_content_width":""},"product_brand":[],"product_cat":[193,271,288],"product_tag":[],"class_list":{"0":"post-7866","1":"product","2":"type-product","3":"status-publish","4":"has-post-thumbnail","6":"product_cat-next-steps-project","7":"product_cat-research-case-study","8":"product_cat-research-education-training-circle","10":"first","11":"instock","12":"downloadable","13":"shipping-taxable","14":"purchasable","15":"product-type-simple"},"acf":[],"featured_image_urls":{"full":["https:\/\/perma.earth\/wp-content\/uploads\/2026\/03\/Copy-of-wordpress-plus1.jpg",800,800,false],"thumbnail":["https:\/\/perma.earth\/wp-content\/uploads\/2026\/03\/Copy-of-wordpress-plus1-150x150.jpg",150,150,true],"medium":["https:\/\/perma.earth\/wp-content\/uploads\/2026\/03\/Copy-of-wordpress-plus1-300x300.jpg",300,300,true],"medium_large":["https:\/\/perma.earth\/wp-content\/uploads\/2026\/03\/Copy-of-wordpress-plus1-768x768.jpg",768,768,true],"large":["https:\/\/perma.earth\/wp-content\/uploads\/2026\/03\/Copy-of-wordpress-plus1.jpg",800,800,false],"1536x1536":["https:\/\/perma.earth\/wp-content\/uploads\/2026\/03\/Copy-of-wordpress-plus1.jpg",800,800,false],"2048x2048":["https:\/\/perma.earth\/wp-content\/uploads\/2026\/03\/Copy-of-wordpress-plus1.jpg",800,800,false],"trp-custom-language-flag":["https:\/\/perma.earth\/wp-content\/uploads\/2026\/03\/Copy-of-wordpress-plus1-12x12.jpg",12,12,true],"et-pb-post-main-image":["https:\/\/perma.earth\/wp-content\/uploads\/2026\/03\/Copy-of-wordpress-plus1-400x250.jpg",400,250,true],"et-pb-post-main-image-fullwidth":["https:\/\/perma.earth\/wp-content\/uploads\/2026\/03\/Copy-of-wordpress-plus1-800x675.jpg",800,675,true],"et-pb-portfolio-image":["https:\/\/perma.earth\/wp-content\/uploads\/2026\/03\/Copy-of-wordpress-plus1-400x284.jpg",400,284,true],"et-pb-portfolio-module-image":["https:\/\/perma.earth\/wp-content\/uploads\/2026\/03\/Copy-of-wordpress-plus1-510x382.jpg",510,382,true],"et-pb-portfolio-image-single":["https:\/\/perma.earth\/wp-content\/uploads\/2026\/03\/Copy-of-wordpress-plus1.jpg",800,800,false],"et-pb-gallery-module-image-portrait":["https:\/\/perma.earth\/wp-content\/uploads\/2026\/03\/Copy-of-wordpress-plus1-400x516.jpg",400,516,true],"et-pb-post-main-image-fullwidth-large":["https:\/\/perma.earth\/wp-content\/uploads\/2026\/03\/Copy-of-wordpress-plus1.jpg",800,800,false],"et-pb-image--responsive--desktop":["https:\/\/perma.earth\/wp-content\/uploads\/2026\/03\/Copy-of-wordpress-plus1.jpg",720,720,false],"et-pb-image--responsive--tablet":["https:\/\/perma.earth\/wp-content\/uploads\/2026\/03\/Copy-of-wordpress-plus1.jpg",551,551,false],"et-pb-image--responsive--phone":["https:\/\/perma.earth\/wp-content\/uploads\/2026\/03\/Copy-of-wordpress-plus1-480x480.jpg",270,270,true],"mailpoet_newsletter_max":["https:\/\/perma.earth\/wp-content\/uploads\/2026\/03\/Copy-of-wordpress-plus1.jpg",800,800,false],"woocommerce_thumbnail":["https:\/\/perma.earth\/wp-content\/uploads\/2026\/03\/Copy-of-wordpress-plus1-300x300.jpg",300,300,true],"woocommerce_single":["https:\/\/perma.earth\/wp-content\/uploads\/2026\/03\/Copy-of-wordpress-plus1-600x600.jpg",600,600,true],"woocommerce_gallery_thumbnail":["https:\/\/perma.earth\/wp-content\/uploads\/2026\/03\/Copy-of-wordpress-plus1-100x100.jpg",100,100,true]},"post_excerpt_stackable":"<p>The International Collaboration for the Accreditation of Ancient and Future Skills (iCAAFS) seeks to become a network-based collective that empowers grassroots permaculture and regenerative organisations to redefine accreditation and certification. Included in this download is a comprehensive written introduction to iCAAFS, a simpler PowerPoint introduction, a toolbox infographic, a timeline infographic, a badge template, an infographic of possible badge pathways, a monitoring and evaluation infographic, an anatomy of a badge infographic, a green silk road infographic, and a usage contract for subsidized access to the iCAAFS platform. iCAAFS has been incubated by Gaia U and received funding from Next Steps&hellip;<\/p>\n","category_list":"","author_info":{"name":"","url":""},"comments_num":"0 comments","featured_image_urls_v2":{"full":["https:\/\/perma.earth\/wp-content\/uploads\/2026\/03\/Copy-of-wordpress-plus1.jpg",800,800,false],"thumbnail":["https:\/\/perma.earth\/wp-content\/uploads\/2026\/03\/Copy-of-wordpress-plus1-150x150.jpg",150,150,true],"medium":["https:\/\/perma.earth\/wp-content\/uploads\/2026\/03\/Copy-of-wordpress-plus1-300x300.jpg",300,300,true],"medium_large":["https:\/\/perma.earth\/wp-content\/uploads\/2026\/03\/Copy-of-wordpress-plus1-768x768.jpg",768,768,true],"large":["https:\/\/perma.earth\/wp-content\/uploads\/2026\/03\/Copy-of-wordpress-plus1.jpg",800,800,false],"1536x1536":["https:\/\/perma.earth\/wp-content\/uploads\/2026\/03\/Copy-of-wordpress-plus1.jpg",800,800,false],"2048x2048":["https:\/\/perma.earth\/wp-content\/uploads\/2026\/03\/Copy-of-wordpress-plus1.jpg",800,800,false],"trp-custom-language-flag":["https:\/\/perma.earth\/wp-content\/uploads\/2026\/03\/Copy-of-wordpress-plus1-12x12.jpg",12,12,true],"et-pb-post-main-image":["https:\/\/perma.earth\/wp-content\/uploads\/2026\/03\/Copy-of-wordpress-plus1-400x250.jpg",400,250,true],"et-pb-post-main-image-fullwidth":["https:\/\/perma.earth\/wp-content\/uploads\/2026\/03\/Copy-of-wordpress-plus1-800x675.jpg",800,675,true],"et-pb-portfolio-image":["https:\/\/perma.earth\/wp-content\/uploads\/2026\/03\/Copy-of-wordpress-plus1-400x284.jpg",400,284,true],"et-pb-portfolio-module-image":["https:\/\/perma.earth\/wp-content\/uploads\/2026\/03\/Copy-of-wordpress-plus1-510x382.jpg",510,382,true],"et-pb-portfolio-image-single":["https:\/\/perma.earth\/wp-content\/uploads\/2026\/03\/Copy-of-wordpress-plus1.jpg",800,800,false],"et-pb-gallery-module-image-portrait":["https:\/\/perma.earth\/wp-content\/uploads\/2026\/03\/Copy-of-wordpress-plus1-400x516.jpg",400,516,true],"et-pb-post-main-image-fullwidth-large":["https:\/\/perma.earth\/wp-content\/uploads\/2026\/03\/Copy-of-wordpress-plus1.jpg",800,800,false],"et-pb-image--responsive--desktop":["https:\/\/perma.earth\/wp-content\/uploads\/2026\/03\/Copy-of-wordpress-plus1.jpg",720,720,false],"et-pb-image--responsive--tablet":["https:\/\/perma.earth\/wp-content\/uploads\/2026\/03\/Copy-of-wordpress-plus1.jpg",551,551,false],"et-pb-image--responsive--phone":["https:\/\/perma.earth\/wp-content\/uploads\/2026\/03\/Copy-of-wordpress-plus1-480x480.jpg",270,270,true],"mailpoet_newsletter_max":["https:\/\/perma.earth\/wp-content\/uploads\/2026\/03\/Copy-of-wordpress-plus1.jpg",800,800,false],"woocommerce_thumbnail":["https:\/\/perma.earth\/wp-content\/uploads\/2026\/03\/Copy-of-wordpress-plus1-300x300.jpg",300,300,true],"woocommerce_single":["https:\/\/perma.earth\/wp-content\/uploads\/2026\/03\/Copy-of-wordpress-plus1-600x600.jpg",600,600,true],"woocommerce_gallery_thumbnail":["https:\/\/perma.earth\/wp-content\/uploads\/2026\/03\/Copy-of-wordpress-plus1-100x100.jpg",100,100,true]},"post_excerpt_stackable_v2":"<p>The International Collaboration for the Accreditation of Ancient and Future Skills (iCAAFS) seeks to become a network-based collective that empowers grassroots permaculture and regenerative organisations to redefine accreditation and certification. Included in this download is a comprehensive written introduction to iCAAFS, a simpler PowerPoint introduction, a toolbox infographic, a timeline infographic, a badge template, an infographic of possible badge pathways, a monitoring and evaluation infographic, an anatomy of a badge infographic, a green silk road infographic, and a usage contract for subsidized access to the iCAAFS platform. iCAAFS has been incubated by Gaia U and received funding from Next Steps&hellip;<\/p>\n","category_list_v2":"","author_info_v2":{"name":"","url":""},"comments_num_v2":"0 comments","_links":{"self":[{"href":"https:\/\/perma.earth\/de\/wp-json\/wp\/v2\/product\/7866","targetHints":{"allow":["GET"]}}],"collection":[{"href":"https:\/\/perma.earth\/de\/wp-json\/wp\/v2\/product"}],"about":[{"href":"https:\/\/perma.earth\/de\/wp-json\/wp\/v2\/types\/product"}],"replies":[{"embeddable":true,"href":"https:\/\/perma.earth\/de\/wp-json\/wp\/v2\/comments?post=7866"}],"wp:featuredmedia":[{"embeddable":true,"href":"https:\/\/perma.earth\/de\/wp-json\/wp\/v2\/media\/8973"}],"wp:attachment":[{"href":"https:\/\/perma.earth\/de\/wp-json\/wp\/v2\/media?parent=7866"}],"wp:term":[{"taxonomy":"product_brand","embeddable":true,"href":"https:\/\/perma.earth\/de\/wp-json\/wp\/v2\/product_brand?post=7866"},{"taxonomy":"product_cat","embeddable":true,"href":"https:\/\/perma.earth\/de\/wp-json\/wp\/v2\/product_cat?post=7866"},{"taxonomy":"product_tag","embeddable":true,"href":"https:\/\/perma.earth\/de\/wp-json\/wp\/v2\/product_tag?post=7866"}],"curies":[{"name":"wp","href":"https:\/\/api.w.org\/{rel}","templated":true}]}}