{"id":8475,"date":"2025-10-24T13:52:05","date_gmt":"2025-10-24T13:52:05","guid":{"rendered":"https:\/\/perma.earth\/?post_type=product&#038;p=8475"},"modified":"2026-03-23T20:53:44","modified_gmt":"2026-03-23T20:53:44","slug":"digital-tools-decision-making-matrix","status":"publish","type":"product","link":"https:\/\/perma.earth\/de\/product\/digital-tools-decision-making-matrix\/","title":{"rendered":"Digitale Werkzeuge Entscheidungsfindungsmatrix"},"content":{"rendered":"<p>Diese Matrix soll Einzelpersonen, Gemeinschaften und Kollektive dabei unterst\u00fctzen, bei der Auswahl digitaler Werkzeuge eine wertebasierte Entscheidung zu treffen. Es handelt sich um ein PDF-Dokument mit einer Vorlage und 2 Anwendungsbeispielen aus der Praxis.<\/p>\n<p>Sie basiert auf den Bed\u00fcrfnissen und Praktiken selbstorganisierter, ethisch orientierter Gruppen, wie sie in den Fallstudien zur angewandten Permakultur in der Gemeinschaft und in den Forschungsarbeiten f\u00fcr das CoLab zur Ersetzung des gemeinschaftsinternen Kommunikationstools beschrieben werden. Verwenden Sie diese Matrix, um \u00fcber Ihren spezifischen Kontext, die verf\u00fcgbaren Kapazit\u00e4ten und die kollektiven Priorit\u00e4ten nachzudenken.<\/p>\n<p>Dieses Dokument wurde erstellt von der <a href=\"https:\/\/perma.earth\/de\/project\/digital-products-research-and-development\/\">Forschungs- und Entwicklungsteam f\u00fcr digitale Produkte<\/a>. Diese Arbeit wurde finanziert von der <a href=\"https:\/\/perma.earth\/de\/project\/next-steps-project\/\">N\u00e4chste Schritte Projekt<\/a> als Teil der <a href=\"https:\/\/perma.earth\/de\/\">Internationales Permakultur CoLab.<\/a><\/p>","protected":false},"excerpt":{"rendered":"<p>This matrix is designed to support individuals, communities and collectives in making values-based choices when selecting digital tools. It is a pdf document with a template and 2 real life applied examples. It is informed by the needs and practices observed in self-organised, ethically driven groups such as those featured in the Applied Permaculture in [&hellip;]<\/p>\n","protected":false},"featured_media":8972,"comment_status":"closed","ping_status":"closed","template":"","meta":{"_acf_changed":false,"_et_pb_use_builder":"","_et_pb_old_content":"","_et_gb_content_width":""},"product_brand":[],"product_cat":[192,193],"product_tag":[],"class_list":{"0":"post-8475","1":"product","2":"type-product","3":"status-publish","4":"has-post-thumbnail","6":"product_cat-community-organisation-templates","7":"product_cat-next-steps-project","9":"first","10":"instock","11":"downloadable","12":"shipping-taxable","13":"purchasable","14":"product-type-simple"},"acf":[],"featured_image_urls":{"full":["https:\/\/perma.earth\/wp-content\/uploads\/2026\/03\/Copy-of-wordpress-plus2.jpg",800,800,false],"thumbnail":["https:\/\/perma.earth\/wp-content\/uploads\/2026\/03\/Copy-of-wordpress-plus2-150x150.jpg",150,150,true],"medium":["https:\/\/perma.earth\/wp-content\/uploads\/2026\/03\/Copy-of-wordpress-plus2-300x300.jpg",300,300,true],"medium_large":["https:\/\/perma.earth\/wp-content\/uploads\/2026\/03\/Copy-of-wordpress-plus2-768x768.jpg",768,768,true],"large":["https:\/\/perma.earth\/wp-content\/uploads\/2026\/03\/Copy-of-wordpress-plus2.jpg",800,800,false],"1536x1536":["https:\/\/perma.earth\/wp-content\/uploads\/2026\/03\/Copy-of-wordpress-plus2.jpg",800,800,false],"2048x2048":["https:\/\/perma.earth\/wp-content\/uploads\/2026\/03\/Copy-of-wordpress-plus2.jpg",800,800,false],"trp-custom-language-flag":["https:\/\/perma.earth\/wp-content\/uploads\/2026\/03\/Copy-of-wordpress-plus2-12x12.jpg",12,12,true],"et-pb-post-main-image":["https:\/\/perma.earth\/wp-content\/uploads\/2026\/03\/Copy-of-wordpress-plus2-400x250.jpg",400,250,true],"et-pb-post-main-image-fullwidth":["https:\/\/perma.earth\/wp-content\/uploads\/2026\/03\/Copy-of-wordpress-plus2-800x675.jpg",800,675,true],"et-pb-portfolio-image":["https:\/\/perma.earth\/wp-content\/uploads\/2026\/03\/Copy-of-wordpress-plus2-400x284.jpg",400,284,true],"et-pb-portfolio-module-image":["https:\/\/perma.earth\/wp-content\/uploads\/2026\/03\/Copy-of-wordpress-plus2-510x382.jpg",510,382,true],"et-pb-portfolio-image-single":["https:\/\/perma.earth\/wp-content\/uploads\/2026\/03\/Copy-of-wordpress-plus2.jpg",800,800,false],"et-pb-gallery-module-image-portrait":["https:\/\/perma.earth\/wp-content\/uploads\/2026\/03\/Copy-of-wordpress-plus2-400x516.jpg",400,516,true],"et-pb-post-main-image-fullwidth-large":["https:\/\/perma.earth\/wp-content\/uploads\/2026\/03\/Copy-of-wordpress-plus2.jpg",800,800,false],"et-pb-image--responsive--desktop":["https:\/\/perma.earth\/wp-content\/uploads\/2026\/03\/Copy-of-wordpress-plus2.jpg",720,720,false],"et-pb-image--responsive--tablet":["https:\/\/perma.earth\/wp-content\/uploads\/2026\/03\/Copy-of-wordpress-plus2.jpg",551,551,false],"et-pb-image--responsive--phone":["https:\/\/perma.earth\/wp-content\/uploads\/2026\/03\/Copy-of-wordpress-plus2-480x480.jpg",270,270,true],"mailpoet_newsletter_max":["https:\/\/perma.earth\/wp-content\/uploads\/2026\/03\/Copy-of-wordpress-plus2.jpg",800,800,false],"woocommerce_thumbnail":["https:\/\/perma.earth\/wp-content\/uploads\/2026\/03\/Copy-of-wordpress-plus2-300x300.jpg",300,300,true],"woocommerce_single":["https:\/\/perma.earth\/wp-content\/uploads\/2026\/03\/Copy-of-wordpress-plus2-600x600.jpg",600,600,true],"woocommerce_gallery_thumbnail":["https:\/\/perma.earth\/wp-content\/uploads\/2026\/03\/Copy-of-wordpress-plus2-100x100.jpg",100,100,true]},"post_excerpt_stackable":"<p>This matrix is designed to support individuals, communities and collectives in making values-based choices when selecting digital tools. It is a pdf document with a template and 2 real life applied examples. It is informed by the needs and practices observed in self-organised, ethically driven groups such as those featured in the Applied Permaculture in Community case studies and the research done for the CoLab to replace the community internal communications tool. Use this matrix to reflect on your specific context, available capacity, and collective priorities. This document was produced by the Digital Products Research and Development Team. This work&hellip;<\/p>\n","category_list":"","author_info":{"name":"","url":""},"comments_num":"0 comments","featured_image_urls_v2":{"full":["https:\/\/perma.earth\/wp-content\/uploads\/2026\/03\/Copy-of-wordpress-plus2.jpg",800,800,false],"thumbnail":["https:\/\/perma.earth\/wp-content\/uploads\/2026\/03\/Copy-of-wordpress-plus2-150x150.jpg",150,150,true],"medium":["https:\/\/perma.earth\/wp-content\/uploads\/2026\/03\/Copy-of-wordpress-plus2-300x300.jpg",300,300,true],"medium_large":["https:\/\/perma.earth\/wp-content\/uploads\/2026\/03\/Copy-of-wordpress-plus2-768x768.jpg",768,768,true],"large":["https:\/\/perma.earth\/wp-content\/uploads\/2026\/03\/Copy-of-wordpress-plus2.jpg",800,800,false],"1536x1536":["https:\/\/perma.earth\/wp-content\/uploads\/2026\/03\/Copy-of-wordpress-plus2.jpg",800,800,false],"2048x2048":["https:\/\/perma.earth\/wp-content\/uploads\/2026\/03\/Copy-of-wordpress-plus2.jpg",800,800,false],"trp-custom-language-flag":["https:\/\/perma.earth\/wp-content\/uploads\/2026\/03\/Copy-of-wordpress-plus2-12x12.jpg",12,12,true],"et-pb-post-main-image":["https:\/\/perma.earth\/wp-content\/uploads\/2026\/03\/Copy-of-wordpress-plus2-400x250.jpg",400,250,true],"et-pb-post-main-image-fullwidth":["https:\/\/perma.earth\/wp-content\/uploads\/2026\/03\/Copy-of-wordpress-plus2-800x675.jpg",800,675,true],"et-pb-portfolio-image":["https:\/\/perma.earth\/wp-content\/uploads\/2026\/03\/Copy-of-wordpress-plus2-400x284.jpg",400,284,true],"et-pb-portfolio-module-image":["https:\/\/perma.earth\/wp-content\/uploads\/2026\/03\/Copy-of-wordpress-plus2-510x382.jpg",510,382,true],"et-pb-portfolio-image-single":["https:\/\/perma.earth\/wp-content\/uploads\/2026\/03\/Copy-of-wordpress-plus2.jpg",800,800,false],"et-pb-gallery-module-image-portrait":["https:\/\/perma.earth\/wp-content\/uploads\/2026\/03\/Copy-of-wordpress-plus2-400x516.jpg",400,516,true],"et-pb-post-main-image-fullwidth-large":["https:\/\/perma.earth\/wp-content\/uploads\/2026\/03\/Copy-of-wordpress-plus2.jpg",800,800,false],"et-pb-image--responsive--desktop":["https:\/\/perma.earth\/wp-content\/uploads\/2026\/03\/Copy-of-wordpress-plus2.jpg",720,720,false],"et-pb-image--responsive--tablet":["https:\/\/perma.earth\/wp-content\/uploads\/2026\/03\/Copy-of-wordpress-plus2.jpg",551,551,false],"et-pb-image--responsive--phone":["https:\/\/perma.earth\/wp-content\/uploads\/2026\/03\/Copy-of-wordpress-plus2-480x480.jpg",270,270,true],"mailpoet_newsletter_max":["https:\/\/perma.earth\/wp-content\/uploads\/2026\/03\/Copy-of-wordpress-plus2.jpg",800,800,false],"woocommerce_thumbnail":["https:\/\/perma.earth\/wp-content\/uploads\/2026\/03\/Copy-of-wordpress-plus2-300x300.jpg",300,300,true],"woocommerce_single":["https:\/\/perma.earth\/wp-content\/uploads\/2026\/03\/Copy-of-wordpress-plus2-600x600.jpg",600,600,true],"woocommerce_gallery_thumbnail":["https:\/\/perma.earth\/wp-content\/uploads\/2026\/03\/Copy-of-wordpress-plus2-100x100.jpg",100,100,true]},"post_excerpt_stackable_v2":"<p>This matrix is designed to support individuals, communities and collectives in making values-based choices when selecting digital tools. It is a pdf document with a template and 2 real life applied examples. It is informed by the needs and practices observed in self-organised, ethically driven groups such as those featured in the Applied Permaculture in Community case studies and the research done for the CoLab to replace the community internal communications tool. Use this matrix to reflect on your specific context, available capacity, and collective priorities. This document was produced by the Digital Products Research and Development Team. This work&hellip;<\/p>\n","category_list_v2":"","author_info_v2":{"name":"","url":""},"comments_num_v2":"0 comments","_links":{"self":[{"href":"https:\/\/perma.earth\/de\/wp-json\/wp\/v2\/product\/8475","targetHints":{"allow":["GET"]}}],"collection":[{"href":"https:\/\/perma.earth\/de\/wp-json\/wp\/v2\/product"}],"about":[{"href":"https:\/\/perma.earth\/de\/wp-json\/wp\/v2\/types\/product"}],"replies":[{"embeddable":true,"href":"https:\/\/perma.earth\/de\/wp-json\/wp\/v2\/comments?post=8475"}],"wp:featuredmedia":[{"embeddable":true,"href":"https:\/\/perma.earth\/de\/wp-json\/wp\/v2\/media\/8972"}],"wp:attachment":[{"href":"https:\/\/perma.earth\/de\/wp-json\/wp\/v2\/media?parent=8475"}],"wp:term":[{"taxonomy":"product_brand","embeddable":true,"href":"https:\/\/perma.earth\/de\/wp-json\/wp\/v2\/product_brand?post=8475"},{"taxonomy":"product_cat","embeddable":true,"href":"https:\/\/perma.earth\/de\/wp-json\/wp\/v2\/product_cat?post=8475"},{"taxonomy":"product_tag","embeddable":true,"href":"https:\/\/perma.earth\/de\/wp-json\/wp\/v2\/product_tag?post=8475"}],"curies":[{"name":"wp","href":"https:\/\/api.w.org\/{rel}","templated":true}]}}