{"id":8778,"date":"2026-01-28T12:45:46","date_gmt":"2026-01-28T12:45:46","guid":{"rendered":"https:\/\/perma.earth\/?post_type=product&#038;p=8778"},"modified":"2026-03-23T20:49:42","modified_gmt":"2026-03-23T20:49:42","slug":"opensource-slack-alternative","status":"publish","type":"product","link":"https:\/\/perma.earth\/de\/product\/opensource-slack-alternative\/","title":{"rendered":"Forschung und Entwicklung von digitalen Werkzeugen: Open Source Slack Alternative Forschung"},"content":{"rendered":"<p>Eine Reihe von Empfehlungen, die den oder die geeignetsten Kandidaten zusammenfassen, die anstelle von Slack verwendet werden k\u00f6nnen. Der Empfehlungssatz enth\u00e4lt einen Vergleich der Funktionen, die ethischen Auswirkungen der Umstellung auf die jeweilige L\u00f6sung und die Einfachheit der Migration.<\/p>\n<p>Die Unterst\u00fctzung von Multimilliarden-Dollar-Konzernen ist mit den Idealen der Permakultur (PC) unvereinbar. Am Beispiel von Slack, das zu Salesforce geh\u00f6rt, betrug der Jahresumsatz 2024 $ 34,86 Milliarden - das Einkommen $ 4,136 Milliarden. Auf der einen Seite haben wir Unternehmen, die nicht auf die Nutzer h\u00f6ren und nur vom Profit getrieben sind. Auf der anderen Seite haben wir 1-Personen-Hobby-Projekte, die nicht in der Lage sind, Funktionen zu liefern, die die Menschen brauchen. Dazwischen gibt es eine Schicht von Gruppen, die Software entwickeln, die Funktionen bietet, ohne auf Profit ausgerichtet zu sein, um herauszufinden, wie gut oder wie nahe wir einem Ideal kommen k\u00f6nnen, das mit dem PC \u00fcbereinstimmt und dennoch die meisten Funktionen bietet, die die Menschen gewohnt sind und f\u00fcr notwendig halten. Gruppen, die Software entwickeln, haben auch nicht-monet\u00e4re Werte, die sich von Projekt zu Projekt unterscheiden. Es w\u00e4re von Vorteil zu untersuchen, wie gut sie mit den Werten der PC \u00fcbereinstimmen.<\/p>\n<p>Wenn Sie m\u00f6chten, dass Ihre Gemeinschaft, Ihr Verband oder Ihr Netzwerk zu ethischeren Instrumenten wechselt, k\u00f6nnen Sie dem Forschungsteam eine E-Mail schicken an <a href=\"mailto:contact@thedigitalcircle.org\">contact@thedigitalcircle.org<\/a><\/p>","protected":false},"excerpt":{"rendered":"<p>A set of recommendations that summarises the most suitable candidate(s) that can be used instead of Slack. The set of recommendations will include the comparison of the features, the ethical impact of transitioning to each, and the ease of migration. Supporting multi-billion dollar corporations is incompatible with the ideals of Permaculture (PC). In the example [&hellip;]<\/p>\n","protected":false},"featured_media":8973,"comment_status":"closed","ping_status":"closed","template":"","meta":{"_acf_changed":false,"_et_pb_use_builder":"","_et_pb_old_content":"","_et_gb_content_width":""},"product_brand":[],"product_cat":[193,271],"product_tag":[],"class_list":{"0":"post-8778","1":"product","2":"type-product","3":"status-publish","4":"has-post-thumbnail","6":"product_cat-next-steps-project","7":"product_cat-research-case-study","9":"first","10":"instock","11":"downloadable","12":"virtual","13":"purchasable","14":"product-type-simple"},"acf":[],"featured_image_urls":{"full":["https:\/\/perma.earth\/wp-content\/uploads\/2026\/03\/Copy-of-wordpress-plus1.jpg",800,800,false],"thumbnail":["https:\/\/perma.earth\/wp-content\/uploads\/2026\/03\/Copy-of-wordpress-plus1-150x150.jpg",150,150,true],"medium":["https:\/\/perma.earth\/wp-content\/uploads\/2026\/03\/Copy-of-wordpress-plus1-300x300.jpg",300,300,true],"medium_large":["https:\/\/perma.earth\/wp-content\/uploads\/2026\/03\/Copy-of-wordpress-plus1-768x768.jpg",768,768,true],"large":["https:\/\/perma.earth\/wp-content\/uploads\/2026\/03\/Copy-of-wordpress-plus1.jpg",800,800,false],"1536x1536":["https:\/\/perma.earth\/wp-content\/uploads\/2026\/03\/Copy-of-wordpress-plus1.jpg",800,800,false],"2048x2048":["https:\/\/perma.earth\/wp-content\/uploads\/2026\/03\/Copy-of-wordpress-plus1.jpg",800,800,false],"trp-custom-language-flag":["https:\/\/perma.earth\/wp-content\/uploads\/2026\/03\/Copy-of-wordpress-plus1-12x12.jpg",12,12,true],"et-pb-post-main-image":["https:\/\/perma.earth\/wp-content\/uploads\/2026\/03\/Copy-of-wordpress-plus1-400x250.jpg",400,250,true],"et-pb-post-main-image-fullwidth":["https:\/\/perma.earth\/wp-content\/uploads\/2026\/03\/Copy-of-wordpress-plus1-800x675.jpg",800,675,true],"et-pb-portfolio-image":["https:\/\/perma.earth\/wp-content\/uploads\/2026\/03\/Copy-of-wordpress-plus1-400x284.jpg",400,284,true],"et-pb-portfolio-module-image":["https:\/\/perma.earth\/wp-content\/uploads\/2026\/03\/Copy-of-wordpress-plus1-510x382.jpg",510,382,true],"et-pb-portfolio-image-single":["https:\/\/perma.earth\/wp-content\/uploads\/2026\/03\/Copy-of-wordpress-plus1.jpg",800,800,false],"et-pb-gallery-module-image-portrait":["https:\/\/perma.earth\/wp-content\/uploads\/2026\/03\/Copy-of-wordpress-plus1-400x516.jpg",400,516,true],"et-pb-post-main-image-fullwidth-large":["https:\/\/perma.earth\/wp-content\/uploads\/2026\/03\/Copy-of-wordpress-plus1.jpg",800,800,false],"et-pb-image--responsive--desktop":["https:\/\/perma.earth\/wp-content\/uploads\/2026\/03\/Copy-of-wordpress-plus1.jpg",720,720,false],"et-pb-image--responsive--tablet":["https:\/\/perma.earth\/wp-content\/uploads\/2026\/03\/Copy-of-wordpress-plus1.jpg",551,551,false],"et-pb-image--responsive--phone":["https:\/\/perma.earth\/wp-content\/uploads\/2026\/03\/Copy-of-wordpress-plus1-480x480.jpg",270,270,true],"mailpoet_newsletter_max":["https:\/\/perma.earth\/wp-content\/uploads\/2026\/03\/Copy-of-wordpress-plus1.jpg",800,800,false],"woocommerce_thumbnail":["https:\/\/perma.earth\/wp-content\/uploads\/2026\/03\/Copy-of-wordpress-plus1-300x300.jpg",300,300,true],"woocommerce_single":["https:\/\/perma.earth\/wp-content\/uploads\/2026\/03\/Copy-of-wordpress-plus1-600x600.jpg",600,600,true],"woocommerce_gallery_thumbnail":["https:\/\/perma.earth\/wp-content\/uploads\/2026\/03\/Copy-of-wordpress-plus1-100x100.jpg",100,100,true]},"post_excerpt_stackable":"<p>A set of recommendations that summarises the most suitable candidate(s) that can be used instead of Slack. The set of recommendations will include the comparison of the features, the ethical impact of transitioning to each, and the ease of migration. Supporting multi-billion dollar corporations is incompatible with the ideals of Permaculture (PC). In the example of Slack, which is owned by Salesforce, their yearly revenue in 2024 was $ 34.86 billion \u2013 income $ 4.136 billion. On one hand we have corporations that do not listen to users and are purely driven by profit. On the other hand we have&hellip;<\/p>\n","category_list":"","author_info":{"name":"","url":""},"comments_num":"0 comments","featured_image_urls_v2":{"full":["https:\/\/perma.earth\/wp-content\/uploads\/2026\/03\/Copy-of-wordpress-plus1.jpg",800,800,false],"thumbnail":["https:\/\/perma.earth\/wp-content\/uploads\/2026\/03\/Copy-of-wordpress-plus1-150x150.jpg",150,150,true],"medium":["https:\/\/perma.earth\/wp-content\/uploads\/2026\/03\/Copy-of-wordpress-plus1-300x300.jpg",300,300,true],"medium_large":["https:\/\/perma.earth\/wp-content\/uploads\/2026\/03\/Copy-of-wordpress-plus1-768x768.jpg",768,768,true],"large":["https:\/\/perma.earth\/wp-content\/uploads\/2026\/03\/Copy-of-wordpress-plus1.jpg",800,800,false],"1536x1536":["https:\/\/perma.earth\/wp-content\/uploads\/2026\/03\/Copy-of-wordpress-plus1.jpg",800,800,false],"2048x2048":["https:\/\/perma.earth\/wp-content\/uploads\/2026\/03\/Copy-of-wordpress-plus1.jpg",800,800,false],"trp-custom-language-flag":["https:\/\/perma.earth\/wp-content\/uploads\/2026\/03\/Copy-of-wordpress-plus1-12x12.jpg",12,12,true],"et-pb-post-main-image":["https:\/\/perma.earth\/wp-content\/uploads\/2026\/03\/Copy-of-wordpress-plus1-400x250.jpg",400,250,true],"et-pb-post-main-image-fullwidth":["https:\/\/perma.earth\/wp-content\/uploads\/2026\/03\/Copy-of-wordpress-plus1-800x675.jpg",800,675,true],"et-pb-portfolio-image":["https:\/\/perma.earth\/wp-content\/uploads\/2026\/03\/Copy-of-wordpress-plus1-400x284.jpg",400,284,true],"et-pb-portfolio-module-image":["https:\/\/perma.earth\/wp-content\/uploads\/2026\/03\/Copy-of-wordpress-plus1-510x382.jpg",510,382,true],"et-pb-portfolio-image-single":["https:\/\/perma.earth\/wp-content\/uploads\/2026\/03\/Copy-of-wordpress-plus1.jpg",800,800,false],"et-pb-gallery-module-image-portrait":["https:\/\/perma.earth\/wp-content\/uploads\/2026\/03\/Copy-of-wordpress-plus1-400x516.jpg",400,516,true],"et-pb-post-main-image-fullwidth-large":["https:\/\/perma.earth\/wp-content\/uploads\/2026\/03\/Copy-of-wordpress-plus1.jpg",800,800,false],"et-pb-image--responsive--desktop":["https:\/\/perma.earth\/wp-content\/uploads\/2026\/03\/Copy-of-wordpress-plus1.jpg",720,720,false],"et-pb-image--responsive--tablet":["https:\/\/perma.earth\/wp-content\/uploads\/2026\/03\/Copy-of-wordpress-plus1.jpg",551,551,false],"et-pb-image--responsive--phone":["https:\/\/perma.earth\/wp-content\/uploads\/2026\/03\/Copy-of-wordpress-plus1-480x480.jpg",270,270,true],"mailpoet_newsletter_max":["https:\/\/perma.earth\/wp-content\/uploads\/2026\/03\/Copy-of-wordpress-plus1.jpg",800,800,false],"woocommerce_thumbnail":["https:\/\/perma.earth\/wp-content\/uploads\/2026\/03\/Copy-of-wordpress-plus1-300x300.jpg",300,300,true],"woocommerce_single":["https:\/\/perma.earth\/wp-content\/uploads\/2026\/03\/Copy-of-wordpress-plus1-600x600.jpg",600,600,true],"woocommerce_gallery_thumbnail":["https:\/\/perma.earth\/wp-content\/uploads\/2026\/03\/Copy-of-wordpress-plus1-100x100.jpg",100,100,true]},"post_excerpt_stackable_v2":"<p>A set of recommendations that summarises the most suitable candidate(s) that can be used instead of Slack. The set of recommendations will include the comparison of the features, the ethical impact of transitioning to each, and the ease of migration. Supporting multi-billion dollar corporations is incompatible with the ideals of Permaculture (PC). In the example of Slack, which is owned by Salesforce, their yearly revenue in 2024 was $ 34.86 billion \u2013 income $ 4.136 billion. On one hand we have corporations that do not listen to users and are purely driven by profit. On the other hand we have&hellip;<\/p>\n","category_list_v2":"","author_info_v2":{"name":"","url":""},"comments_num_v2":"0 comments","_links":{"self":[{"href":"https:\/\/perma.earth\/de\/wp-json\/wp\/v2\/product\/8778","targetHints":{"allow":["GET"]}}],"collection":[{"href":"https:\/\/perma.earth\/de\/wp-json\/wp\/v2\/product"}],"about":[{"href":"https:\/\/perma.earth\/de\/wp-json\/wp\/v2\/types\/product"}],"replies":[{"embeddable":true,"href":"https:\/\/perma.earth\/de\/wp-json\/wp\/v2\/comments?post=8778"}],"wp:featuredmedia":[{"embeddable":true,"href":"https:\/\/perma.earth\/de\/wp-json\/wp\/v2\/media\/8973"}],"wp:attachment":[{"href":"https:\/\/perma.earth\/de\/wp-json\/wp\/v2\/media?parent=8778"}],"wp:term":[{"taxonomy":"product_brand","embeddable":true,"href":"https:\/\/perma.earth\/de\/wp-json\/wp\/v2\/product_brand?post=8778"},{"taxonomy":"product_cat","embeddable":true,"href":"https:\/\/perma.earth\/de\/wp-json\/wp\/v2\/product_cat?post=8778"},{"taxonomy":"product_tag","embeddable":true,"href":"https:\/\/perma.earth\/de\/wp-json\/wp\/v2\/product_tag?post=8778"}],"curies":[{"name":"wp","href":"https:\/\/api.w.org\/{rel}","templated":true}]}}