{"id":9465,"date":"2026-05-04T12:46:46","date_gmt":"2026-05-04T12:46:46","guid":{"rendered":"https:\/\/perma.earth\/?post_type=product&#038;p=9465"},"modified":"2026-05-04T12:46:47","modified_gmt":"2026-05-04T12:46:47","slug":"mapping-permaculture-business-models-pack","status":"publish","type":"product","link":"https:\/\/perma.earth\/de\/product\/mapping-permaculture-business-models-pack\/","title":{"rendered":"Permakultur-Gesch\u00e4ftsmodelle-Paket"},"content":{"rendered":"<div id=\"meta-origin\" data-coolorigin=\"https%3A%2F%2Fcollabora.collective.tools%2Fcool%2Fclipboard%3FWOPISrc%3Dhttps%253A%252F%252Fcloud.perma.earth%252Findex.php%252Fapps%252Frichdocuments%252Fwopi%252Ffiles%252F1084665_ocrwh2195e7x%26ServerId%3D74d25f04%26ViewId%3D4%26Tag%3D71abee8877497d92\">\n<p><strong>Vollst\u00e4ndiger Bericht \u00fcber Permakultur-Gesch\u00e4ftsmodelle mit Fallstudien<\/strong> \u2013 Dieses Dokument ist das vollst\u00e4ndige schriftliche Ergebnis des Forschungsprojekts \"Mapping Permaculture Business Models\". Es fasst alle Interviews, Analysen, Reflexionen und im Laufe des Prozesses entwickelten Rahmenwerke zusammen. Der Bericht erl\u00e4utert die Methodik, teilt die Erkenntnisse aus verschiedenen Praktikern mit und pr\u00e4sentiert die verschiedenen Werkzeuge, die erstellt wurden, um zu verstehen, wie regenerative Organisationen funktionieren. Es ist als langes, mehrseitiges PDF formatiert, das digital gelesen oder als vollst\u00e4ndiger Bericht ausgedruckt werden kann.<\/p>\n<\/div>\n<p>&nbsp;<\/p>\n<div id=\"meta-origin\" data-coolorigin=\"https%3A%2F%2Fcollabora.collective.tools%2Fcool%2Fclipboard%3FWOPISrc%3Dhttps%253A%252F%252Fcloud.perma.earth%252Findex.php%252Fapps%252Frichdocuments%252Fwopi%252Ffiles%252F1084665_ocrwh2195e7x%26ServerId%3D74d25f04%26ViewId%3D4%26Tag%3D6185d666ad215983\">\n<p><strong>Leitfaden zur Recherche von Permakultur-Gesch\u00e4ftsmodellen<\/strong> \u2013 Der Forschungsleitfaden ist der Rahmen und der Designprozess, den wir f\u00fcr die Entwicklung des Projekts verwendet haben. Er ist im mehrseitigen PDF-Format verf\u00fcgbar.<\/p>\n<\/div>\n<p>&nbsp;<\/p>\n<div id=\"meta-origin\" data-coolorigin=\"https%3A%2F%2Fcollabora.collective.tools%2Fcool%2Fclipboard%3FWOPISrc%3Dhttps%253A%252F%252Fcloud.perma.earth%252Findex.php%252Fapps%252Frichdocuments%252Fwopi%252Ffiles%252F1084665_ocrwh2195e7x%26ServerId%3D74d25f04%26ViewId%3D4%26Tag%3D6185d666ad215983\">\n<p><strong>Permakultur-Gesch\u00e4ftsmodelle Archetypen Poster<\/strong> \u2013 Dieses Produkt ist ein visuell gestaltetes Poster, das verschiedene Arten von Permakultur-inspirierten Gesch\u00e4ftsmodellen abbildet. Es ist als Infografik gestaltet und zeigt Schl\u00fcssel-Archetypen sowie deren Beziehungen zueinander in einem klaren, grafischen Layout. Die Datei ist eine PDF-Datei, die aus drei Seiten besteht und wie ein Poster formatiert ist, um das Betrachten, Drucken oder Teilen zu erleichtern.<\/p>\n<\/div>\n<p>&nbsp;<\/p>\n<div id=\"meta-origin\" data-coolorigin=\"https%3A%2F%2Fcollabora.collective.tools%2Fcool%2Fclipboard%3FWOPISrc%3Dhttps%253A%252F%252Fcloud.perma.earth%252Findex.php%252Fapps%252Frichdocuments%252Fwopi%252Ffiles%252F1084665_ocrwh2195e7x%26ServerId%3D74d25f04%26ViewId%3D4%26Tag%3D6185d666ad215983\">\n<p><strong>Permakultur-Gesch\u00e4ftsmodelle mit Permakulturzonen<\/strong> \u2013 Dieses Dokument wendet die klassischen Permakultur-Zonen auf die Struktur eines Unternehmens an. Es unterteilt die Organisation in drei Hauptbereiche: die Quelle (innerer Zweck und Menschen), die Organisation selbst (Kernaktivit\u00e4ten und Betrieb) und das erweiterte \u00d6kosystem (Gemeinschaft, Kultur, Partner und Bioregion). Die Grafik verwendet eine semipermeable Grenze, um zu zeigen, wie die Organisation mit ihrer Umwelt interagiert. Sie ist \u00fcbersichtlich und visuell aufbereitet und als einseitiges PDF f\u00fcr die digitale Nutzung oder zum Ausdrucken erh\u00e4ltlich.<\/p>\n<\/div>\n<p>&nbsp;<\/p>\n<div id=\"meta-origin\" data-coolorigin=\"https%3A%2F%2Fcollabora.collective.tools%2Fcool%2Fclipboard%3FWOPISrc%3Dhttps%253A%252F%252Fcloud.perma.earth%252Findex.php%252Fapps%252Frichdocuments%252Fwopi%252Ffiles%252F1084665_ocrwh2195e7x%26ServerId%3D74d25f04%26ViewId%3D4%26Tag%3D6185d666ad215983\">\n<p><strong>Permakultur-Gesch\u00e4ftsmodelle mit Wertfl\u00fcssen<\/strong> \u2013 Dieses Dokument visualisiert ein von Permakultur inspiriertes Gesch\u00e4ftsmodell als lebendiges System. Es zeigt die verschiedenen Teile einer Organisation, die Arten von Kapital, mit denen sie arbeitet, und wie sich Wert zwischen Teams, Partnern, \u00d6kosystemen und Gemeinschaften bewegt. Die Grafik verwendet eine semipermeable Membran, um hervorzuheben, dass Organisationen st\u00e4ndig mit ihrer Umwelt interagieren. Die Datei ist eine einseitige PDF, die wie ein Erkl\u00e4rungsboard aufgebaut ist und digital angesehen oder f\u00fcr Workshops ausgedruckt werden kann.<\/p>\n<\/div>\n<p>&nbsp;<\/p>\n<p>&nbsp;<\/p>\n<div id=\"meta-origin\" data-coolorigin=\"https%3A%2F%2Fcollabora.collective.tools%2Fcool%2Fclipboard%3FWOPISrc%3Dhttps%253A%252F%252Fcloud.perma.earth%252Findex.php%252Fapps%252Frichdocuments%252Fwopi%252Ffiles%252F1090528_ocrwh2195e7x%26ServerId%3D74d25f04%26ViewId%3D4%26Tag%3Db4868d816b73a95c\">\n<p>Diese Arbeit wurde finanziert von der\u00a0<a href=\"https:\/\/perma.earth\/de\/project\/next-steps-project\/\">N\u00e4chste Schritte Projekt<\/a>\u00a0als Teil der\u00a0<a href=\"https:\/\/perma.earth\/de\/\">Internationales Permakultur CoLab.<\/a><\/p>\n<p>Wir haben eine kurze Umfrage f\u00fcr Personen erstellt, die unsere Ressourcen herunterladen. Wenn Sie ein paar Minuten Zeit haben, w\u00fcrden wir uns sehr \u00fcber Ihre Mithilfe beim Ausf\u00fcllen freuen. Dies wird uns helfen, die Qualit\u00e4t unserer Ressourcen zu verbessern und besser zu verstehen, wie sie genutzt werden.<\/p>\n<p><a href=\"https:\/\/cloud.perma.earth\/index.php\/apps\/forms\/s\/46if5A4NkE8nPHNDk4ZGarNL\">F\u00fcllen Sie die Umfrage hier aus. <\/a><\/p>\n<\/div>","protected":false},"excerpt":{"rendered":"<p>Diese Packung enth\u00e4lt alle Ressourcen, die vom Projekt \u201eMapping Permaculture Business Models\u201c produziert wurden. Dazu geh\u00f6ren ein vollst\u00e4ndiger Bericht mit Fallstudien, ein Forschungsleitfaden, ein Poster mit Archetypen, ein Dokument zur Anwendung von Permakulturzonen auf ein Permakulturunternehmen und ein Dokument zur Visualisierung eines von Permakultur inspirierten Gesch\u00e4ftsmodells als lebendes System.<\/p>","protected":false},"featured_media":8973,"comment_status":"closed","ping_status":"closed","template":"","meta":{"_acf_changed":false,"_et_pb_use_builder":"","_et_pb_old_content":"","_et_gb_content_width":""},"product_brand":[],"product_cat":[294,193,271,288],"product_tag":[],"class_list":{"0":"post-9465","1":"product","2":"type-product","3":"status-publish","4":"has-post-thumbnail","6":"product_cat-all-resources","7":"product_cat-next-steps-project","8":"product_cat-research-case-study","9":"product_cat-research-education-training-circle","11":"first","12":"instock","13":"downloadable","14":"shipping-taxable","15":"purchasable","16":"product-type-simple"},"acf":[],"featured_image_urls":{"full":["https:\/\/perma.earth\/wp-content\/uploads\/2026\/03\/Copy-of-wordpress-plus1.jpg",800,800,false],"thumbnail":["https:\/\/perma.earth\/wp-content\/uploads\/2026\/03\/Copy-of-wordpress-plus1-150x150.jpg",150,150,true],"medium":["https:\/\/perma.earth\/wp-content\/uploads\/2026\/03\/Copy-of-wordpress-plus1-300x300.jpg",300,300,true],"medium_large":["https:\/\/perma.earth\/wp-content\/uploads\/2026\/03\/Copy-of-wordpress-plus1-768x768.jpg",768,768,true],"large":["https:\/\/perma.earth\/wp-content\/uploads\/2026\/03\/Copy-of-wordpress-plus1.jpg",800,800,false],"1536x1536":["https:\/\/perma.earth\/wp-content\/uploads\/2026\/03\/Copy-of-wordpress-plus1.jpg",800,800,false],"2048x2048":["https:\/\/perma.earth\/wp-content\/uploads\/2026\/03\/Copy-of-wordpress-plus1.jpg",800,800,false],"trp-custom-language-flag":["https:\/\/perma.earth\/wp-content\/uploads\/2026\/03\/Copy-of-wordpress-plus1-12x12.jpg",12,12,true],"et-pb-post-main-image":["https:\/\/perma.earth\/wp-content\/uploads\/2026\/03\/Copy-of-wordpress-plus1-400x250.jpg",400,250,true],"et-pb-post-main-image-fullwidth":["https:\/\/perma.earth\/wp-content\/uploads\/2026\/03\/Copy-of-wordpress-plus1-800x675.jpg",800,675,true],"et-pb-portfolio-image":["https:\/\/perma.earth\/wp-content\/uploads\/2026\/03\/Copy-of-wordpress-plus1-400x284.jpg",400,284,true],"et-pb-portfolio-module-image":["https:\/\/perma.earth\/wp-content\/uploads\/2026\/03\/Copy-of-wordpress-plus1-510x382.jpg",510,382,true],"et-pb-portfolio-image-single":["https:\/\/perma.earth\/wp-content\/uploads\/2026\/03\/Copy-of-wordpress-plus1.jpg",800,800,false],"et-pb-gallery-module-image-portrait":["https:\/\/perma.earth\/wp-content\/uploads\/2026\/03\/Copy-of-wordpress-plus1-400x516.jpg",400,516,true],"et-pb-post-main-image-fullwidth-large":["https:\/\/perma.earth\/wp-content\/uploads\/2026\/03\/Copy-of-wordpress-plus1.jpg",800,800,false],"et-pb-image--responsive--desktop":["https:\/\/perma.earth\/wp-content\/uploads\/2026\/03\/Copy-of-wordpress-plus1.jpg",720,720,false],"et-pb-image--responsive--tablet":["https:\/\/perma.earth\/wp-content\/uploads\/2026\/03\/Copy-of-wordpress-plus1.jpg",551,551,false],"et-pb-image--responsive--phone":["https:\/\/perma.earth\/wp-content\/uploads\/2026\/03\/Copy-of-wordpress-plus1-480x480.jpg",270,270,true],"mailpoet_newsletter_max":["https:\/\/perma.earth\/wp-content\/uploads\/2026\/03\/Copy-of-wordpress-plus1.jpg",800,800,false],"woocommerce_thumbnail":["https:\/\/perma.earth\/wp-content\/uploads\/2026\/03\/Copy-of-wordpress-plus1-300x300.jpg",300,300,true],"woocommerce_single":["https:\/\/perma.earth\/wp-content\/uploads\/2026\/03\/Copy-of-wordpress-plus1-600x600.jpg",600,600,true],"woocommerce_gallery_thumbnail":["https:\/\/perma.earth\/wp-content\/uploads\/2026\/03\/Copy-of-wordpress-plus1-100x100.jpg",100,100,true]},"post_excerpt_stackable":"<p>This pack contains all the resources produced by the Mapping Permaculture Business Models project. This includes a full report with case studies, a research guide, an archetypes poster, a document applying permaculture zones to a permaculture business, and a document visualising a permaculture inspired business model as a living system.<\/p>\n","category_list":"","author_info":{"name":"","url":""},"comments_num":"0 comments","featured_image_urls_v2":{"full":["https:\/\/perma.earth\/wp-content\/uploads\/2026\/03\/Copy-of-wordpress-plus1.jpg",800,800,false],"thumbnail":["https:\/\/perma.earth\/wp-content\/uploads\/2026\/03\/Copy-of-wordpress-plus1-150x150.jpg",150,150,true],"medium":["https:\/\/perma.earth\/wp-content\/uploads\/2026\/03\/Copy-of-wordpress-plus1-300x300.jpg",300,300,true],"medium_large":["https:\/\/perma.earth\/wp-content\/uploads\/2026\/03\/Copy-of-wordpress-plus1-768x768.jpg",768,768,true],"large":["https:\/\/perma.earth\/wp-content\/uploads\/2026\/03\/Copy-of-wordpress-plus1.jpg",800,800,false],"1536x1536":["https:\/\/perma.earth\/wp-content\/uploads\/2026\/03\/Copy-of-wordpress-plus1.jpg",800,800,false],"2048x2048":["https:\/\/perma.earth\/wp-content\/uploads\/2026\/03\/Copy-of-wordpress-plus1.jpg",800,800,false],"trp-custom-language-flag":["https:\/\/perma.earth\/wp-content\/uploads\/2026\/03\/Copy-of-wordpress-plus1-12x12.jpg",12,12,true],"et-pb-post-main-image":["https:\/\/perma.earth\/wp-content\/uploads\/2026\/03\/Copy-of-wordpress-plus1-400x250.jpg",400,250,true],"et-pb-post-main-image-fullwidth":["https:\/\/perma.earth\/wp-content\/uploads\/2026\/03\/Copy-of-wordpress-plus1-800x675.jpg",800,675,true],"et-pb-portfolio-image":["https:\/\/perma.earth\/wp-content\/uploads\/2026\/03\/Copy-of-wordpress-plus1-400x284.jpg",400,284,true],"et-pb-portfolio-module-image":["https:\/\/perma.earth\/wp-content\/uploads\/2026\/03\/Copy-of-wordpress-plus1-510x382.jpg",510,382,true],"et-pb-portfolio-image-single":["https:\/\/perma.earth\/wp-content\/uploads\/2026\/03\/Copy-of-wordpress-plus1.jpg",800,800,false],"et-pb-gallery-module-image-portrait":["https:\/\/perma.earth\/wp-content\/uploads\/2026\/03\/Copy-of-wordpress-plus1-400x516.jpg",400,516,true],"et-pb-post-main-image-fullwidth-large":["https:\/\/perma.earth\/wp-content\/uploads\/2026\/03\/Copy-of-wordpress-plus1.jpg",800,800,false],"et-pb-image--responsive--desktop":["https:\/\/perma.earth\/wp-content\/uploads\/2026\/03\/Copy-of-wordpress-plus1.jpg",720,720,false],"et-pb-image--responsive--tablet":["https:\/\/perma.earth\/wp-content\/uploads\/2026\/03\/Copy-of-wordpress-plus1.jpg",551,551,false],"et-pb-image--responsive--phone":["https:\/\/perma.earth\/wp-content\/uploads\/2026\/03\/Copy-of-wordpress-plus1-480x480.jpg",270,270,true],"mailpoet_newsletter_max":["https:\/\/perma.earth\/wp-content\/uploads\/2026\/03\/Copy-of-wordpress-plus1.jpg",800,800,false],"woocommerce_thumbnail":["https:\/\/perma.earth\/wp-content\/uploads\/2026\/03\/Copy-of-wordpress-plus1-300x300.jpg",300,300,true],"woocommerce_single":["https:\/\/perma.earth\/wp-content\/uploads\/2026\/03\/Copy-of-wordpress-plus1-600x600.jpg",600,600,true],"woocommerce_gallery_thumbnail":["https:\/\/perma.earth\/wp-content\/uploads\/2026\/03\/Copy-of-wordpress-plus1-100x100.jpg",100,100,true]},"post_excerpt_stackable_v2":"<p>This pack contains all the resources produced by the Mapping Permaculture Business Models project. This includes a full report with case studies, a research guide, an archetypes poster, a document applying permaculture zones to a permaculture business, and a document visualising a permaculture inspired business model as a living system.<\/p>\n","category_list_v2":"","author_info_v2":{"name":"","url":""},"comments_num_v2":"0 comments","_links":{"self":[{"href":"https:\/\/perma.earth\/de\/wp-json\/wp\/v2\/product\/9465","targetHints":{"allow":["GET"]}}],"collection":[{"href":"https:\/\/perma.earth\/de\/wp-json\/wp\/v2\/product"}],"about":[{"href":"https:\/\/perma.earth\/de\/wp-json\/wp\/v2\/types\/product"}],"replies":[{"embeddable":true,"href":"https:\/\/perma.earth\/de\/wp-json\/wp\/v2\/comments?post=9465"}],"wp:featuredmedia":[{"embeddable":true,"href":"https:\/\/perma.earth\/de\/wp-json\/wp\/v2\/media\/8973"}],"wp:attachment":[{"href":"https:\/\/perma.earth\/de\/wp-json\/wp\/v2\/media?parent=9465"}],"wp:term":[{"taxonomy":"product_brand","embeddable":true,"href":"https:\/\/perma.earth\/de\/wp-json\/wp\/v2\/product_brand?post=9465"},{"taxonomy":"product_cat","embeddable":true,"href":"https:\/\/perma.earth\/de\/wp-json\/wp\/v2\/product_cat?post=9465"},{"taxonomy":"product_tag","embeddable":true,"href":"https:\/\/perma.earth\/de\/wp-json\/wp\/v2\/product_tag?post=9465"}],"curies":[{"name":"wp","href":"https:\/\/api.w.org\/{rel}","templated":true}]}}