{"id":3713,"date":"2021-11-02T13:43:01","date_gmt":"2021-11-02T13:43:01","guid":{"rendered":"https:\/\/perma.earth\/?page_id=3713"},"modified":"2021-11-02T15:27:09","modified_gmt":"2021-11-02T15:27:09","slug":"permaculture-design-for-the-funding-circle-at-incubation-stage","status":"publish","type":"page","link":"https:\/\/perma.earth\/es\/permaculture-design-for-the-funding-circle-at-incubation-stage\/","title":{"rendered":"Dise\u00f1o de Permacultura para el C\u00edrculo de Financiamiento \u2013 en etapa de incubaci\u00f3n"},"content":{"rendered":"<div class=\"wp-block-buttons is-content-justification-center is-layout-flex wp-block-buttons-is-layout-flex\">\n<div class=\"wp-block-button has-custom-width wp-block-button__width-50 is-style-outline is-style-outline--1\"><a class=\"wp-block-button__link\" href=\"https:\/\/perma.earth\/es\/funding-circle\/\">Funding Circle<\/a><\/div>\n\n\n\n<div class=\"wp-block-button has-custom-width wp-block-button__width-50 is-style-outline is-style-outline--2\"><a class=\"wp-block-button__link\" href=\"https:\/\/perma.earth\/es\/funding-opportunities\/\">Oportunidades de financiaci\u00f3n<\/a><\/div>\n<\/div>\n\n\n<style>.wp-block-kadence-spacer.kt-block-spacer-_1d4590-e2 .kt-block-spacer{height:60px;}.wp-block-kadence-spacer.kt-block-spacer-_1d4590-e2 .kt-divider{border-top-width:1px;height:1px;border-top-color:#eee;width:80%;border-top-style:solid;}<\/style>\n<div class=\"wp-block-kadence-spacer aligncenter kt-block-spacer-_1d4590-e2\"><div class=\"kt-block-spacer kt-block-spacer-halign-center\" style=\"height:60px\"><hr class=\"kt-divider\" style=\"border-top-color:#eee;border-top-width:1px;width:80%;border-top-style:solid\"\/><\/div><\/div>\n\n\n\n<p>Hemos iniciado un proceso de Dise\u00f1o de Permacultura para el Permaculture CoLab. Estamos aplicando metodolog\u00edas y herramientas de dise\u00f1o de permacultura al ecosistema del CoLab. A medida que se forma este C\u00edrculo de Financiaci\u00f3n, es una oportunidad maravillosa para desarrollar un \u201cDise\u00f1o de Permacultura\u201d para el C\u00edrculo de Financiaci\u00f3n. En nuestra segunda reuni\u00f3n, comenzamos a explorar este territorio de la \u201cpermacultura social\u201d observando las \u201czonas\u201d de involucramiento de las personas en el C\u00edrculo de Financiaci\u00f3n. Fue una forma divertida para nosotros de ver nuestra entrada al C\u00edrculo de Financiaci\u00f3n y nuestro posicionamiento potencial en su desarrollo.<\/p>\n\n\n\n<figure class=\"wp-block-image size-large\"><img loading=\"lazy\" decoding=\"async\" width=\"1024\" height=\"846\" src=\"https:\/\/perma.earth\/wp-content\/uploads\/2021\/11\/pdfunding-1024x846.png\" alt=\"\" class=\"wp-image-3714\" srcset=\"https:\/\/perma.earth\/wp-content\/uploads\/2021\/11\/pdfunding-1024x846.png 1024w, https:\/\/perma.earth\/wp-content\/uploads\/2021\/11\/pdfunding-600x496.png 600w, https:\/\/perma.earth\/wp-content\/uploads\/2021\/11\/pdfunding-300x248.png 300w, https:\/\/perma.earth\/wp-content\/uploads\/2021\/11\/pdfunding-768x635.png 768w, https:\/\/perma.earth\/wp-content\/uploads\/2021\/11\/pdfunding.png 1140w\" sizes=\"(max-width: 1024px) 100vw, 1024px\" \/><\/figure>\n\n\n\n<p>Zona 0, actualmente: Jillian, Aimee, Lauren anclando, comenzando el C\u00edrculo<br>Zona 1: Andy est\u00e1 anclado con el financiador y est\u00e1 con el patrocinador fiscal de CoLab<\/p>\n\n\n\n<p>Hay una oportunidad para mover a las personas interesadas a las diferentes Zonas para este C\u00edrculo.<\/p>\n\n\n\n<p>Continuaremos con este proceso, que incluir\u00e1:<\/p>\n\n\n\n<ul class=\"wp-block-list\"><li class=\"\">Continuando el desarrollo de la \u201c<strong>Zonas<\/strong>\u201dde la Participaci\u00f3n Popular<\/li><li class=\"\">En <strong>diferentes tipos de personas, proyectos y organizaciones<\/strong> \u00bfQui\u00e9n participar\u00e1 en las actividades de Funding Circle?<\/li><li class=\"\">La \u201c<strong>Necesidades y Rendimientos<\/strong>\u201d o \u201c<strong>Entradas y Salidas<\/strong>\u201dde Funding Circle<br><img decoding=\"async\" src=\"https:\/\/fundingcircle.perma.earth\/uploads\/upload_cb34745dd10a3afdaf451e4d13142e15.png\" alt=\"\" class=\"\"><\/li><li class=\"\">Usando una metodolog\u00eda de Dise\u00f1o Permacultural, como SADI, SADIMET, GOBRADIME, etc.<\/li><\/ul>\n\n\n\n<p>Tenemos la intenci\u00f3n de que el Proceso de Dise\u00f1o de Permacultura para el Permaculture CoLab sea creativo y emergente. Organizaremos varias sesiones de Dise\u00f1o de Permacultura en los pr\u00f3ximos meses, incluyendo una para el C\u00edrculo de Financiamiento. \u00a1Esperamos contar con su participaci\u00f3n en este experimento de \u201cPermacultura Social\u201d! Por favor, h\u00e1ganos saber si tiene alguna idea al respecto, nos encantar\u00eda recibir sus aportaciones. \ud83d\ude42<\/p>\n\n\n\n<hr class=\"wp-block-separator\"\/>\n\n\n\n<h1 class=\"wp-block-heading\" id=\"Orientation-to-CoLab-and-slack\"><\/h1>","protected":false},"excerpt":{"rendered":"<p>We have started a Permaculture Design process for the Permaculture CoLab. We are applying permaculture design methodologies &amp; tools to the CoLab ecosystem. As this Funding Circle is forming, it is a wonderful opportunity to develop a \u201cPermaculture Design\u201d for the Funding Circle. In our 2nd meeting, we started into this \u201csocial permaculture\u201d territory by [&hellip;]<\/p>\n","protected":false},"author":33,"featured_media":0,"parent":0,"menu_order":0,"comment_status":"closed","ping_status":"closed","template":"","meta":{"_acf_changed":false,"_et_pb_use_builder":"","_et_pb_old_content":"","_et_gb_content_width":"","footnotes":""},"class_list":["post-3713","page","type-page","status-publish","hentry"],"acf":[],"featured_image_urls":{"full":"","thumbnail":"","medium":"","medium_large":"","large":"","1536x1536":"","2048x2048":"","trp-custom-language-flag":"","et-pb-post-main-image":"","et-pb-post-main-image-fullwidth":"","et-pb-portfolio-image":"","et-pb-portfolio-module-image":"","et-pb-portfolio-image-single":"","et-pb-gallery-module-image-portrait":"","et-pb-post-main-image-fullwidth-large":"","et-pb-image--responsive--desktop":"","et-pb-image--responsive--tablet":"","et-pb-image--responsive--phone":"","mailpoet_newsletter_max":"","woocommerce_thumbnail":"","woocommerce_single":"","woocommerce_gallery_thumbnail":""},"post_excerpt_stackable":"<p>Funding Circle Funding Opportunities We have started a Permaculture Design process for the Permaculture CoLab. We are applying permaculture design methodologies &amp; tools to the CoLab ecosystem. As this Funding Circle is forming, it is a wonderful opportunity to develop a \u201cPermaculture Design\u201d for the Funding Circle. In our 2nd meeting, we started into this \u201csocial permaculture\u201d territory by looking at \u201czones\u201d of people\u2019s involvement in the Funding Circle. It was a fun way for us to see our entry into the Funding Circle, and our potential positioning in its development. Zone 0 currently: Jillian, Aimee, Lauren anchoring starting the&hellip;<\/p>\n","category_list":"","author_info":{"name":"aimee","url":"https:\/\/perma.earth\/es\/author\/aimee\/"},"comments_num":"0 comentarios","featured_image_urls_v2":{"full":"","thumbnail":"","medium":"","medium_large":"","large":"","1536x1536":"","2048x2048":"","trp-custom-language-flag":"","et-pb-post-main-image":"","et-pb-post-main-image-fullwidth":"","et-pb-portfolio-image":"","et-pb-portfolio-module-image":"","et-pb-portfolio-image-single":"","et-pb-gallery-module-image-portrait":"","et-pb-post-main-image-fullwidth-large":"","et-pb-image--responsive--desktop":"","et-pb-image--responsive--tablet":"","et-pb-image--responsive--phone":"","mailpoet_newsletter_max":"","woocommerce_thumbnail":"","woocommerce_single":"","woocommerce_gallery_thumbnail":""},"post_excerpt_stackable_v2":"<p>Funding Circle Funding Opportunities We have started a Permaculture Design process for the Permaculture CoLab. We are applying permaculture design methodologies &amp; tools to the CoLab ecosystem. As this Funding Circle is forming, it is a wonderful opportunity to develop a \u201cPermaculture Design\u201d for the Funding Circle. In our 2nd meeting, we started into this \u201csocial permaculture\u201d territory by looking at \u201czones\u201d of people\u2019s involvement in the Funding Circle. It was a fun way for us to see our entry into the Funding Circle, and our potential positioning in its development. Zone 0 currently: Jillian, Aimee, Lauren anchoring starting the&hellip;<\/p>\n","category_list_v2":"","author_info_v2":{"name":"aimee","url":"https:\/\/perma.earth\/es\/author\/aimee\/"},"comments_num_v2":"0 comentarios","_links":{"self":[{"href":"https:\/\/perma.earth\/es\/wp-json\/wp\/v2\/pages\/3713","targetHints":{"allow":["GET"]}}],"collection":[{"href":"https:\/\/perma.earth\/es\/wp-json\/wp\/v2\/pages"}],"about":[{"href":"https:\/\/perma.earth\/es\/wp-json\/wp\/v2\/types\/page"}],"author":[{"embeddable":true,"href":"https:\/\/perma.earth\/es\/wp-json\/wp\/v2\/users\/33"}],"replies":[{"embeddable":true,"href":"https:\/\/perma.earth\/es\/wp-json\/wp\/v2\/comments?post=3713"}],"version-history":[{"count":2,"href":"https:\/\/perma.earth\/es\/wp-json\/wp\/v2\/pages\/3713\/revisions"}],"predecessor-version":[{"id":3757,"href":"https:\/\/perma.earth\/es\/wp-json\/wp\/v2\/pages\/3713\/revisions\/3757"}],"wp:attachment":[{"href":"https:\/\/perma.earth\/es\/wp-json\/wp\/v2\/media?parent=3713"}],"curies":[{"name":"wp","href":"https:\/\/api.w.org\/{rel}","templated":true}]}}