{"id":3744,"date":"2021-11-02T14:55:40","date_gmt":"2021-11-02T14:55:40","guid":{"rendered":"https:\/\/perma.earth\/?page_id=3744"},"modified":"2021-11-02T15:01:47","modified_gmt":"2021-11-02T15:01:47","slug":"archived-meeting-notes","status":"publish","type":"page","link":"https:\/\/perma.earth\/es\/archived-meeting-notes\/","title":{"rendered":"Funding Circle Incubation Notas archivadas de la reuni\u00f3n"},"content":{"rendered":"<div class=\"wp-block-buttons is-content-justification-center is-layout-flex wp-block-buttons-is-layout-flex\">\n<div class=\"wp-block-button has-custom-width wp-block-button__width-50 is-style-outline is-style-outline--1\"><a class=\"wp-block-button__link\" href=\"https:\/\/perma.earth\/es\/funding-circle\/\">Funding Circle<\/a><\/div>\n\n\n\n<div class=\"wp-block-button has-custom-width wp-block-button__width-50 is-style-outline is-style-outline--2\"><a class=\"wp-block-button__link\" href=\"https:\/\/perma.earth\/es\/funding-opportunities\/\">Oportunidades de financiaci\u00f3n<\/a><\/div>\n<\/div>\n\n\n\n<p><em>En<\/em> <strong><a rel=\"noreferrer noopener\" href=\"https:\/\/cloud.perma.earth\/apps\/onlyoffice\/256394?filePath=%2FFunding%20Circle%2FFunding%20Circle%20Log%20Book.docx\" target=\"_blank\">Cuaderno de bit\u00e1cora de Funding Circle<\/a><\/strong> <em>est\u00e1 en la cuenta \u201cNextCloud\u201d del Permaculture CoLab. El Cuaderno de Bit\u00e1cora es el lugar donde tomamos nuestras notas para las reuniones del C\u00edrculo. NextCloud es una alternativa \u00e9tica a Google Drive, que utiliza mucha menos energ\u00eda para el funcionamiento de los servidores, y nos permite ser due\u00f1os de nuestros propios datos. Puedes hacer clic en el enlace anterior para ver el Cuaderno de Bit\u00e1cora, pero aqu\u00ed abajo hemos pegado algunos de los puntos m\u00e1s destacados de la \u00faltima reuni\u00f3n.<\/em><\/p>\n\n\n\n<h4 class=\"wp-block-heading\">Tenga en cuenta que ya no utilizamos el Cuaderno de Bit\u00e1cora - Las notas a partir de la tercera reuni\u00f3n se pueden encontrar en el <a rel=\"noreferrer noopener\" href=\"https:\/\/miro.com\/app\/board\/o9J_lMubGIc=\/?invite_link_id=57659353436\" target=\"_blank\">tablero miro<\/a>.<\/h4>\n\n\n<style>.wp-block-kadence-spacer.kt-block-spacer-_725672-07 .kt-block-spacer{height:60px;}.wp-block-kadence-spacer.kt-block-spacer-_725672-07 .kt-divider{border-top-width:1px;height:1px;border-top-color:#eee;width:80%;border-top-style:solid;}<\/style>\n<div class=\"wp-block-kadence-spacer aligncenter kt-block-spacer-_725672-07\"><div class=\"kt-block-spacer kt-block-spacer-halign-center\" style=\"height:60px\"><hr class=\"kt-divider\" style=\"border-top-color:#eee;border-top-width:1px;width:80%;border-top-style:solid\"\/><\/div><\/div>\n\n\n\n<h3 class=\"wp-block-heading\" id=\"1st-Meeting-2021-01-25\">Primera reuni\u00f3n: 2021-01-25<\/h3>\n\n\n\n<p>Los participantes y su \u201cexperiencia\u201d e \u201cintereses\u201d:<\/p>\n\n\n\n<ul class=\"wp-block-list\"><li class=\"\"><strong>Andy Goldring, Asociaci\u00f3n de Permacultura de Gran Breta\u00f1a (Reino Unido)<\/strong><br>Experiencia: Recaudaci\u00f3n de fondos para organizaciones. Inter\u00e9s: Como patrocinador fiscal, recaudar los fondos, revisar las solicitudes y ayudar al grupo a seguir adelante, quiere ayudar a aclarar las formas en que las personas pueden conectarse a este c\u00edrculo, quiere ayudar a desentra\u00f1ar las funciones en el grupo.<\/li><li class=\"\"><strong>Padma Koppula, Aranya Agricultural Alternatives (India)<\/strong><br>Experiencia: recaudaci\u00f3n de fondos para CIP y ONG. Inter\u00e9s: aprender y compartir experiencias.<\/li><li class=\"\"><strong>Margrethe Holzer, Consejo Internacional de Convergencia de la Permacultura (IPCC) (Austria)<\/strong><br>Experiencia: distribuci\u00f3n de fondos de becas para las Convergencias Internacionales de Permacultura (CIP).<\/li><li class=\"\"><strong>John Nzira, Ukuvuna, ReScope y Consejo Internacional de Convergencia de la Permacultura (IPCC) (Sud\u00e1frica)<\/strong><br>Experiencia: recaudaci\u00f3n de fondos para CIF y ONG, trabajo con Permafund, seguimiento y evaluaci\u00f3n y medici\u00f3n del impacto.<\/li><li class=\"\"><strong>Bermericke Bisimwa Dusabe, Fundaci\u00f3n RURAL LDT (Uganda)<\/strong><br>Experiencia: incubadora de centros sobre el terreno en \u00c1frica Oriental.<\/li><li class=\"\"><strong>Hans Ryding (Suecia)<\/strong><br>Experiencia: 15 a\u00f1os de experiencia en recaudaci\u00f3n de fondos de base, conexi\u00f3n con fondos de la UE. Inter\u00e9s: aspecto estrat\u00e9gico de la financiaci\u00f3n, colaborar en futuras solicitudes, no puede comprometerse ahora pero puede ayudar cuando se establezcan m\u00e1s detalles (a los que puede conectarse).<\/li><li class=\"\"><strong>Hannah Apricot Eckberg, Fundaci\u00f3n Tierra Abundante (EE.UU.)<\/strong><br>Experiencia: recaudado m\u00e1s de 300K a trav\u00e9s de sin fines de lucro. Inter\u00e9s: compartir experiencia y aprendizaje, ayudar a atraer inversores a los proyectos, apoyar proyectos estadounidenses (no puedo comprometerme con el grupo principal).<\/li><li class=\"\"><strong>Jillian Hovey, The Permaculture CoLab y The Sustainable Living Network (Canad\u00e1)<\/strong><br>Experiencia: recaudaci\u00f3n de fondos para organizaciones sin \u00e1nimo de lucro y apoyo a otros proyectos. Inter\u00e9s: ayudar a poner las cosas en marcha, ayudar a refinar los objetivos, crear un robusto Ecosistema de Financiaci\u00f3n de Permaculture CoLab para apoyar a la comunidad global de permacultura.<\/li><li class=\"\"><strong>Lauren Minis, Permaculture CoLab y Regeneration Pollination (EE.UU.)<\/strong><br>Experiencia: redacci\u00f3n de un par de subvenciones. Inter\u00e9s: ayudar a crear un c\u00edrculo de financiaci\u00f3n, ver c\u00f3mo puede apoyar la puesta en com\u00fan de fondos para proyectos globales y medios de subsistencia.<\/li><li class=\"\"><strong>Aimee Fenech, The Permaculture CoLab, y EcoHacker Farm (Alemania)<\/strong><br>Experiencia: Financiaci\u00f3n de la UE e iniciativas locales, redacci\u00f3n de propuestas en CoLab. Inter\u00e9s: iniciar el c\u00edrculo de financiaci\u00f3n y asegurarse de que sea autosuficiente.<\/li><\/ul>\n\n\n\n<hr class=\"wp-block-separator\"\/>\n\n\n\n<h3 class=\"wp-block-heading\" id=\"Second-Full-Funding-Circle-Meeting\"><a href=\"https:\/\/fundingcircle.perma.earth\/#Second-Full-Funding-Circle-Meeting\"><\/a>Segunda reuni\u00f3n del C\u00edrculo de Financiaci\u00f3n<\/h3>\n\n\n\n<h3 class=\"wp-block-heading\" id=\"Agenda-for-meeting-2021-04-19\"><a href=\"https:\/\/fundingcircle.perma.earth\/#Agenda-for-meeting-2021-04-19\"><\/a>Orden del d\u00eda de la reuni\u00f3n 2021-04-19<\/h3>\n\n\n\n<ul class=\"wp-block-list\"><li class=\"\">14:00 - 14:10 Bienvenida y presentaci\u00f3n del orden del d\u00eda<\/li><li class=\"\">14:10 - 14:40 Presentaciones: Desde d\u00f3nde llama, Por qu\u00e9 est\u00e1 interesado en apoyar el desarrollo del C\u00edrculo de Financiaci\u00f3n<\/li><li class=\"\">14:40 - 14:50 Historia del CoLab de permacultura y preguntas<\/li><li class=\"\">14:50 - 15:00 Sociocracia y c\u00edrculo de financiaci\u00f3n<\/li><li class=\"\"><em>Breve pausa biogr\u00e1fica<\/em><\/li><li class=\"\">15:00 - 15:35 Misi\u00f3n y objetivos - Salas de debate<\/li><li class=\"\">15:35 - 15:50 Cosecha y debate<\/li><li class=\"\">15:50 - 16:00 Pasos siguientes Salida<\/li><\/ul>\n\n\n\n<h3 class=\"wp-block-heading\" id=\"Participants\"><a href=\"https:\/\/fundingcircle.perma.earth\/#Participants\"><\/a><strong>Participantes:<\/strong><\/h3>\n\n\n\n<p><em>con un poco sobre sus antecedentes, y su disponibilidad para participar en el C\u00edrculo de Financiaci\u00f3n, Con las zonas horarias, en orden \u201csol-sabio\u201d en todo el mundo ...<\/em><\/p>\n\n\n\n<ul class=\"wp-block-list\"><li class=\"\"><strong>Christina Sayson, Permaculture CoLab <em>(Filipinas, UTC+8)<\/em><\/strong><br>Dirigiendo la creaci\u00f3n de la Red de Permacultura del Sur Global, un lugar para que la gente pueda intercambiar recursos y hablar entre s\u00ed. Observando y feliz de conectar sobre microfinanzas (conoce las trampas).<\/li><li class=\"\"><strong>Narsanna Koppula, Alternativas Agr\u00edcolas Aranya <em>(India, UTC+5.5)<\/em><\/strong><br>Invita a las personas a convertirse en dise\u00f1adores y profesores de permacultura, creando una red en el pa\u00eds. Busca apoyo a nivel internacional y apoya la capacidad de las comunidades locales. No puede participar mucho en estos momentos.<\/li><li class=\"\"><strong>Padma Koppula, Alternativas Agr\u00edcolas Aranya <em>(India, UTC+5.5)<\/em><\/strong><br>Ayuda a las comunidades a desarrollar granjas, ayuda a los ni\u00f1os a aprender permacultura, desarrolla campus escolares con enfoques de permacultura, trabaja con comunidades ind\u00edgenas en zonas tribales, desarrolla estrategias para agricultores en zonas de sequ\u00eda, cursos de educaci\u00f3n en permacultura, apoya programas de concienciaci\u00f3n para agricultores, desarrolla 100 agricultores con integraci\u00f3n animal para regenerar. Quiere apoyar a CoLab y buscar el apoyo de expertos internacionales. Buscar\u00e1 apoyo donde sea necesario.<\/li><li class=\"\"><strong>Sneha Koppula, Alternativas Agr\u00edcolas Aranya <em>(India, UTC+5.5)<\/em><\/strong><br>Acaba de terminar un m\u00e1ster en Estados Unidos. Ayuda a desarrollar planes de estudios. Se centra en que los ni\u00f1os lleven la permacultura a las escuelas. Documenta los conocimientos ind\u00edgenas de las comunidades locales. Gestiona las pr\u00e1cticas en la granja. Quiere conocer a m\u00e1s permacultores de primera generaci\u00f3n. Observa y se alegra de ser un puente para sus padres.<\/li><li class=\"\"><strong>Bermericke Bisimwa Dusabe, Fundaci\u00f3n RURAL LDT <em>(Uganda, UTC+3)<\/em><\/strong><br>Profesor de permacultura y mentor de Permayouth, trata con refugiados en un asentamiento (y trabaja con refugiados en Kenia, Uganda, Burundi), est\u00e1 haciendo dise\u00f1o de permacultura urbana con refugiados.<\/li><li class=\"\"><strong>John Nzira, Ukuvuna, ReScope y Consejo Internacional de Convergencia de la Permacultura (IPCC) <em>(Sud\u00e1frica, UTC+2)<\/em><\/strong><br>Desarrolla centros urbanos para el desarrollo sostenible en Sud\u00e1frica, Zimbabue, Malawi y otros pa\u00edses del Sur, con el fin de que los espacios urbanos puedan producir los alimentos necesarios. Proyecto en Rimpopo: un centro que es una escuela, impulsado por la comunidad de permacultura. Un centro en Zimbabue que es una granja para desarrollar alimentos. V\u00ednculos con universidades, ecologistas locales, ayuntamientos, l\u00edderes pol\u00edticos, departamentos relacionados con el trabajo que realizan, como los sectores medioambiental y forestal. Trabaja en un proyecto en Zimbabue para plantar m\u00e1s de 12.000 \u00e1rboles (comestibles como macadamias, pacanas, aguacates y c\u00edtricos), una herramienta para rehabilitar tierras degradadas. Tambi\u00e9n trabaja con Margreth en el IPCC distribuyendo fondos. Hay necesidad de investigaci\u00f3n, monitoreo y evaluaci\u00f3n, evaluaci\u00f3n de la calidad de los programas de permacultura en las comunidades.<\/li><li class=\"\"><strong>Margrethe Holzer, Consejo Internacional de Convergencia de la Permacultura (IPCC) <em>(Austria, UTC+2)<\/em><\/strong><br>Consejo Internacional de Convergencia de Permacultura (IPCC), apoya la Academia de Permacultura en las regiones alpinas organizando en torno a la necesidad de cursos en l\u00ednea, trabaja en jardines comunitarios, trabaja en el jard\u00edn local, trabaja con Julius Piti en Foret en Zimbabwe. Ha ayudado a distribuir fondos para reuniones internacionales a aquellos que est\u00e1n en regiones que no pueden permit\u00edrselo. Su principal inter\u00e9s es ver la conexi\u00f3n con el IPCC y las reuniones, ver el desarrollo en \u00c1frica.<\/li><li class=\"\"><strong>Aimee Fenech, The Permaculture CoLab y EcoHacker Farm <em>(Alemania, UTC+2)<\/em><\/strong><br>Miembro del Permaculture CoLab, que forma parte de EcoHacker Farm.<\/li><li class=\"\"><strong>Andy Goldring, Asociaci\u00f3n de Permacultura de Gran Breta\u00f1a <em>(REINO UNIDO, UTC+1)<\/em><\/strong><br>Directora ejecutiva de la Asociaci\u00f3n de Permacultura de Gran Breta\u00f1a, profesora de permacultura en Leeds, participa en Our Future Leeds, un proyecto urbano para desarrollar un Leeds socialmente justo y respetuoso con el medio ambiente en la d\u00e9cada de 2030. No dispone de mucho tiempo, pero tiene mucha experiencia en la obtenci\u00f3n de fondos.<\/li><li class=\"\"><strong>Jillian Hovey, Laboratorio de Permacultura y Red de Vida Sostenible <em>(Canad\u00e1, UTC-4)<\/em><\/strong><br>Miembro del CoLab de Permacultura, fund\u00f3 la Red de Vida Sostenible.<\/li><li class=\"\"><strong>Jane Hayes, Instituto de Permacultura de Norteam\u00e9rica (PINA), <em>(Toronto, Canad\u00e1, UTC-4)<\/em><\/strong><br>Trabaja en el desarrollo comunitario y forma parte de la junta de PINA. Observar\u00e1 los patrones aqu\u00ed y ver\u00e1 c\u00f3mo se puede amplificar\/hacer eco, quiere ver c\u00f3mo traer m\u00e1s dinero para trabajar localmente y conectarse globalmente.<\/li><\/ul>\n\n\n\n<ul class=\"wp-block-list\"><li class=\"\"><strong>Lauren Minis, Permaculture CoLab y Regeneration Pollination <em>(EE.UU., UTC-6)<\/em><\/strong><br>Miembro de Permaculture CoLab y organizador de Regeneration Pollination.<\/li><li class=\"\"><strong>Chad Thiessen, Futuros Delanteros <em>(Columbia Brit\u00e1nica, Canad\u00e1, UTC-7)<\/em><\/strong><br>Apoyo a la creaci\u00f3n de econom\u00edas regenerativas en Kenia, ecosistema de financiaci\u00f3n de riesgo regenerativo. Le gusta hacer las cosas, no hablar de detalles, quiere apoyar a las colas para que puedan estar profundamente conectadas con el centro.<\/li><\/ul>\n\n\n<style>.wp-block-kadence-spacer.kt-block-spacer-_54983a-e5 .kt-block-spacer{height:60px;}.wp-block-kadence-spacer.kt-block-spacer-_54983a-e5 .kt-divider{border-top-width:1px;height:1px;border-top-color:#eee;width:80%;border-top-style:solid;}<\/style>\n<div class=\"wp-block-kadence-spacer aligncenter kt-block-spacer-_54983a-e5\"><div class=\"kt-block-spacer kt-block-spacer-halign-center\" style=\"height:60px\"><hr class=\"kt-divider\" style=\"border-top-color:#eee;border-top-width:1px;width:80%;border-top-style:solid\"\/><\/div><\/div>\n\n\n\n<h3 class=\"wp-block-heading\">Las notas de la tercera reuni\u00f3n en adelante pueden consultarse en el <a href=\"https:\/\/miro.com\/app\/board\/o9J_lMubGIc=\/?invite_link_id=57659353436\" target=\"_blank\" rel=\"noreferrer noopener\">tablero miro<\/a>.<\/h3>\n\n\n\n<p><\/p>","protected":false},"excerpt":{"rendered":"<p>The Funding Circle Logbook is in the Permaculture CoLab\u2019s \u201cNextCloud\u201d account. The LogBook is the location where we take our notes for Circle meetings. NextCloud is an ethical alternative to Google Drive, which uses far less energy for the servers to run, and it allows us to own our own data. You can click on [&hellip;]<\/p>\n","protected":false},"author":33,"featured_media":0,"parent":0,"menu_order":0,"comment_status":"closed","ping_status":"closed","template":"","meta":{"_acf_changed":false,"_et_pb_use_builder":"","_et_pb_old_content":"","_et_gb_content_width":"","footnotes":""},"class_list":["post-3744","page","type-page","status-publish","hentry"],"acf":[],"featured_image_urls":{"full":"","thumbnail":"","medium":"","medium_large":"","large":"","1536x1536":"","2048x2048":"","trp-custom-language-flag":"","et-pb-post-main-image":"","et-pb-post-main-image-fullwidth":"","et-pb-portfolio-image":"","et-pb-portfolio-module-image":"","et-pb-portfolio-image-single":"","et-pb-gallery-module-image-portrait":"","et-pb-post-main-image-fullwidth-large":"","et-pb-image--responsive--desktop":"","et-pb-image--responsive--tablet":"","et-pb-image--responsive--phone":"","mailpoet_newsletter_max":"","woocommerce_thumbnail":"","woocommerce_single":"","woocommerce_gallery_thumbnail":""},"post_excerpt_stackable":"<p>Funding Circle Funding Opportunities The Funding Circle Logbook is in the Permaculture CoLab\u2019s \u201cNextCloud\u201d account. The LogBook is the location where we take our notes for Circle meetings. NextCloud is an ethical alternative to Google Drive, which uses far less energy for the servers to run, and it allows us to own our own data. You can click on the link above to see the Logbook, but we pasted some highlights from the last meeting here below. Please note we are no longer using the Log Book &#8211; Notes from the third meeting onwards can be found in the miro&hellip;<\/p>\n","category_list":"","author_info":{"name":"aimee","url":"https:\/\/perma.earth\/es\/author\/aimee\/"},"comments_num":"0 comentarios","featured_image_urls_v2":{"full":"","thumbnail":"","medium":"","medium_large":"","large":"","1536x1536":"","2048x2048":"","trp-custom-language-flag":"","et-pb-post-main-image":"","et-pb-post-main-image-fullwidth":"","et-pb-portfolio-image":"","et-pb-portfolio-module-image":"","et-pb-portfolio-image-single":"","et-pb-gallery-module-image-portrait":"","et-pb-post-main-image-fullwidth-large":"","et-pb-image--responsive--desktop":"","et-pb-image--responsive--tablet":"","et-pb-image--responsive--phone":"","mailpoet_newsletter_max":"","woocommerce_thumbnail":"","woocommerce_single":"","woocommerce_gallery_thumbnail":""},"post_excerpt_stackable_v2":"<p>Funding Circle Funding Opportunities The Funding Circle Logbook is in the Permaculture CoLab\u2019s \u201cNextCloud\u201d account. The LogBook is the location where we take our notes for Circle meetings. NextCloud is an ethical alternative to Google Drive, which uses far less energy for the servers to run, and it allows us to own our own data. You can click on the link above to see the Logbook, but we pasted some highlights from the last meeting here below. Please note we are no longer using the Log Book &#8211; Notes from the third meeting onwards can be found in the miro&hellip;<\/p>\n","category_list_v2":"","author_info_v2":{"name":"aimee","url":"https:\/\/perma.earth\/es\/author\/aimee\/"},"comments_num_v2":"0 comentarios","_links":{"self":[{"href":"https:\/\/perma.earth\/es\/wp-json\/wp\/v2\/pages\/3744","targetHints":{"allow":["GET"]}}],"collection":[{"href":"https:\/\/perma.earth\/es\/wp-json\/wp\/v2\/pages"}],"about":[{"href":"https:\/\/perma.earth\/es\/wp-json\/wp\/v2\/types\/page"}],"author":[{"embeddable":true,"href":"https:\/\/perma.earth\/es\/wp-json\/wp\/v2\/users\/33"}],"replies":[{"embeddable":true,"href":"https:\/\/perma.earth\/es\/wp-json\/wp\/v2\/comments?post=3744"}],"version-history":[{"count":5,"href":"https:\/\/perma.earth\/es\/wp-json\/wp\/v2\/pages\/3744\/revisions"}],"predecessor-version":[{"id":3752,"href":"https:\/\/perma.earth\/es\/wp-json\/wp\/v2\/pages\/3744\/revisions\/3752"}],"wp:attachment":[{"href":"https:\/\/perma.earth\/es\/wp-json\/wp\/v2\/media?parent=3744"}],"curies":[{"name":"wp","href":"https:\/\/api.w.org\/{rel}","templated":true}]}}