{"id":4634,"date":"2023-04-05T20:33:53","date_gmt":"2023-04-05T20:33:53","guid":{"rendered":"https:\/\/perma.earth\/?page_id=4634"},"modified":"2025-11-05T10:27:55","modified_gmt":"2025-11-05T10:27:55","slug":"vision","status":"publish","type":"page","link":"https:\/\/perma.earth\/es\/vision\/","title":{"rendered":"Laboratorio Internacional de Permacultura"},"content":{"rendered":"<h2 class=\"wp-block-heading\">Visi\u00f3n, Misi\u00f3n, Objetivos<\/h2>\n\n\n\n<p>La Visi\u00f3n, Misi\u00f3n y Objetivos (VMA) orientan todas las actividades, grupos y proyectos del CoLab. Todos los grupos de trabajo y proyectos trabajan para alcanzar uno o varios aspectos de la VMA.<\/p>\n\n\n\n<p><strong>Visi\u00f3n: <\/strong>Un mundo sano, pac\u00edfico y socialmente justo en el que cuidemos de la Tierra, de los dem\u00e1s y de las generaciones futuras, en armon\u00eda con la naturaleza.<\/p>\n\n\n\n<p><strong>Misi\u00f3n:<\/strong> Colaborar para mejorar la coherencia y eficacia de las redes de permacultura locales y mundiales, tanto formales como informales.<\/p>\n\n\n\n<p><strong>Objetivos:<\/strong><\/p>\n\n\n\n<ul class=\"wp-block-list\">\n<li>Proporcionar un espacio de trabajo en l\u00ednea agradable<\/li>\n\n\n\n<li>Aprender sobre el pensamiento y la pr\u00e1ctica de la permacultura<\/li>\n\n\n\n<li>Apoyar proyectos nuevos y existentes de permacultura y proyectos afines<\/li>\n\n\n\n<li>Identificar otros grupos con los que trabajar<\/li>\n\n\n\n<li>Organizarse de forma inclusiva y diversa<\/li>\n\n\n\n<li>Promover el CoLab y su trabajo<\/li>\n\n\n\n<li>Documentar el proceso y aprender sobre la marcha<\/li>\n\n\n\n<li>Haz que el proceso sea agradable y gratificante<\/li>\n<\/ul>\n\n\n\n<p>Acordado: 20 de septiembre de 2023, 2 de octubre de 2024.<\/p>\n\n\n\n<p>Fecha de revisi\u00f3n: 1 de diciembre de 2025 por el C\u00edrculo General<\/p>","protected":false},"excerpt":{"rendered":"<p>Vision, Mission, Aims The Vision, Mission and Aims (VMA) give direction to all the activities, groups and projects within the CoLab. All working groups and projects are working towards achieving one or more aspects of the VMA. Vision: A healthy, peaceful and socially just world in which we care for the earth, each other and [&hellip;]<\/p>\n","protected":false},"author":33,"featured_media":0,"parent":0,"menu_order":0,"comment_status":"closed","ping_status":"closed","template":"","meta":{"_acf_changed":false,"_et_pb_use_builder":"off","_et_pb_old_content":"<!-- wp:heading -->\n<h2 class=\"wp-block-heading\">Vision, Mission, Aims<\/h2>\n<!-- \/wp:heading -->\n\n<!-- wp:paragraph -->\n<p>The Vision, Mission and Aims (VMA) give direction to all the activities, groups and projects within the CoLab. All working groups and projects are working towards achieving one or more aspects of the VMA.<\/p>\n<!-- \/wp:paragraph -->\n\n<!-- wp:paragraph -->\n<p><strong>Vision: <\/strong>A healthy, peaceful and socially just world in which we care for the earth, each other and future generations, in harmony with nature.<\/p>\n<!-- \/wp:paragraph -->\n\n<!-- wp:paragraph -->\n<p><strong>Mission:<\/strong> To work together to enhance the coherence and effectiveness of local to global permaculture networks both formal and informal.<\/p>\n<!-- \/wp:paragraph -->\n\n<!-- wp:paragraph -->\n<p><strong>Aims:<\/strong><\/p>\n<!-- \/wp:paragraph -->\n\n<!-- wp:list -->\n<ul><!-- wp:list-item -->\n<li>To provide a collaborative and convivial online space in which to work towards the Co-Lab\u2019s vision and mission;<\/li>\n<!-- \/wp:list-item -->\n\n<!-- wp:list-item -->\n<li>To identify opportunities to enhance the coherence and effectiveness of local, regional, national, continental and global permaculture networks;<\/li>\n<!-- \/wp:list-item -->\n\n<!-- wp:list-item -->\n<li>To research, assess and provide information about the current state and extent of permaculture thinking and practice and its strategic context to enable effective planning, project design and network development;<\/li>\n<!-- \/wp:list-item -->\n\n<!-- wp:list-item -->\n<li>To identify and mobilise resources that support participants to nurture existing initiatives and develop new eco-social enterprises, projects and initiatives that address identified challenges, or add additional value to permaculture networks;<\/li>\n<!-- \/wp:list-item -->\n\n<!-- wp:list-item -->\n<li>To communicate with permaculture networks and allies to ensure wide understanding of the CoLab and active participation from around the world;<\/li>\n<!-- \/wp:list-item -->\n\n<!-- wp:list-item -->\n<li>To make effective links between permaculture and allied networks that enhance our collective work towards our shared visions;<\/li>\n<!-- \/wp:list-item -->\n\n<!-- wp:list-item -->\n<li>To work towards a multi-lingual platform that enables wide participation from across the worldwide permaculture community;<\/li>\n<!-- \/wp:list-item -->\n\n<!-- wp:list-item -->\n<li>To work towards eliminating racism, patriarchy, the class system and any other manifestations of the oppressive society (aka the Patrix) that present major blocks to healthy and diverse participation in both the Colab and the wider permaculture network.<\/li>\n<!-- \/wp:list-item -->\n\n<!-- wp:list-item -->\n<li>To provide and document existing training and learning resources to enable people to participate and work effectively together;<\/li>\n<!-- \/wp:list-item -->\n\n<!-- wp:list-item -->\n<li>To use and document the process of CoLab development to actively learn and unlearn organisational development processes suited to complex multi-layered networks.<\/li>\n<!-- \/wp:list-item --><\/ul>\n<!-- \/wp:list -->\n\n<!-- wp:paragraph -->\n<p><\/p>\n<!-- \/wp:paragraph -->\n\n<!-- wp:paragraph -->\n<p>Agreed 16th September 2017.<\/p>\n<!-- \/wp:paragraph -->\n\n<!-- wp:paragraph -->\n<p>Review date: Three months after the first meeting of the Permaculture CoLab Stewardship Council.<\/p>\n<!-- \/wp:paragraph -->","_et_gb_content_width":"","footnotes":""},"class_list":["post-4634","page","type-page","status-publish","hentry"],"acf":[],"featured_image_urls":{"full":"","thumbnail":"","medium":"","medium_large":"","large":"","1536x1536":"","2048x2048":"","trp-custom-language-flag":"","et-pb-post-main-image":"","et-pb-post-main-image-fullwidth":"","et-pb-portfolio-image":"","et-pb-portfolio-module-image":"","et-pb-portfolio-image-single":"","et-pb-gallery-module-image-portrait":"","et-pb-post-main-image-fullwidth-large":"","et-pb-image--responsive--desktop":"","et-pb-image--responsive--tablet":"","et-pb-image--responsive--phone":"","mailpoet_newsletter_max":"","woocommerce_thumbnail":"","woocommerce_single":"","woocommerce_gallery_thumbnail":""},"post_excerpt_stackable":"<p>Vision, Mission, Aims The Vision, Mission and Aims (VMA) give direction to all the activities, groups and projects within the CoLab. All working groups and projects are working towards achieving one or more aspects of the VMA. Vision: A healthy, peaceful and socially just world in which we care for the earth, each other and future generations, in harmony with nature. Mission: To work together to enhance the coherence and effectiveness of local to global permaculture networks both formal and informal. Aims: Provide a friendly online workspace Learn about permaculture thinking and practice Support new and existing permaculture and aligned&hellip;<\/p>\n","category_list":"","author_info":{"name":"aimee","url":"https:\/\/perma.earth\/es\/author\/aimee\/"},"comments_num":"0 comentarios","featured_image_urls_v2":{"full":"","thumbnail":"","medium":"","medium_large":"","large":"","1536x1536":"","2048x2048":"","trp-custom-language-flag":"","et-pb-post-main-image":"","et-pb-post-main-image-fullwidth":"","et-pb-portfolio-image":"","et-pb-portfolio-module-image":"","et-pb-portfolio-image-single":"","et-pb-gallery-module-image-portrait":"","et-pb-post-main-image-fullwidth-large":"","et-pb-image--responsive--desktop":"","et-pb-image--responsive--tablet":"","et-pb-image--responsive--phone":"","mailpoet_newsletter_max":"","woocommerce_thumbnail":"","woocommerce_single":"","woocommerce_gallery_thumbnail":""},"post_excerpt_stackable_v2":"<p>Vision, Mission, Aims The Vision, Mission and Aims (VMA) give direction to all the activities, groups and projects within the CoLab. All working groups and projects are working towards achieving one or more aspects of the VMA. Vision: A healthy, peaceful and socially just world in which we care for the earth, each other and future generations, in harmony with nature. Mission: To work together to enhance the coherence and effectiveness of local to global permaculture networks both formal and informal. Aims: Provide a friendly online workspace Learn about permaculture thinking and practice Support new and existing permaculture and aligned&hellip;<\/p>\n","category_list_v2":"","author_info_v2":{"name":"aimee","url":"https:\/\/perma.earth\/es\/author\/aimee\/"},"comments_num_v2":"0 comentarios","_links":{"self":[{"href":"https:\/\/perma.earth\/es\/wp-json\/wp\/v2\/pages\/4634","targetHints":{"allow":["GET"]}}],"collection":[{"href":"https:\/\/perma.earth\/es\/wp-json\/wp\/v2\/pages"}],"about":[{"href":"https:\/\/perma.earth\/es\/wp-json\/wp\/v2\/types\/page"}],"author":[{"embeddable":true,"href":"https:\/\/perma.earth\/es\/wp-json\/wp\/v2\/users\/33"}],"replies":[{"embeddable":true,"href":"https:\/\/perma.earth\/es\/wp-json\/wp\/v2\/comments?post=4634"}],"version-history":[{"count":4,"href":"https:\/\/perma.earth\/es\/wp-json\/wp\/v2\/pages\/4634\/revisions"}],"predecessor-version":[{"id":8556,"href":"https:\/\/perma.earth\/es\/wp-json\/wp\/v2\/pages\/4634\/revisions\/8556"}],"wp:attachment":[{"href":"https:\/\/perma.earth\/es\/wp-json\/wp\/v2\/media?parent=4634"}],"curies":[{"name":"wp","href":"https:\/\/api.w.org\/{rel}","templated":true}]}}