{"id":809,"date":"2020-07-29T06:33:51","date_gmt":"2020-07-29T06:33:51","guid":{"rendered":"https:\/\/perma.earth\/?page_id=809"},"modified":"2025-10-21T12:53:51","modified_gmt":"2025-10-21T12:53:51","slug":"maintaining-a-vibrant-and-active-space","status":"publish","type":"page","link":"https:\/\/perma.earth\/es\/maintaining-a-vibrant-and-active-space\/","title":{"rendered":"Mantener un espacio vivo y activo"},"content":{"rendered":"<p>El CoLab Internacional de Permacultura mantiene una pol\u00edtica espacial activa para mantener un alto nivel de compromiso y hacer m\u00e1s expl\u00edcitos los l\u00edmites de nuestro organismo.<\/p>\n\n\n\n<p>La pol\u00edtica<strong> <\/strong>es que los miembros que <strong>no participar en el espacio comunitario CoLab durante 6 meses<\/strong> tendr\u00e1n sus cuentas <a href=\"https:\/\/slack.com\/intl\/en-hr\/help\/articles\/203953146-Deactivate-your-Slack-account\"><u>desactivado<\/u><\/a>. Puedes solicitar el reingreso en cualquier momento - easypeasy.<\/p>\n\n\n\n<p><strong>Para m\u00e1s informaci\u00f3n, lee las preguntas m\u00e1s frecuentes \ud83d\ude42 .<\/strong><\/p>\n\n\n\n<p>Atentamente,<\/p>\n\n\n\n<p><strong><a href=\"https:\/\/perma.earth\/es\/welcome-gardening-circle\/\" data-type=\"page\" data-id=\"890\">Bienvenido C\u00edrculo<\/a><\/strong><br>&nbsp;Aimee Fenech, Jyo Maan<\/p>\n\n\n\n<h2 class=\"wp-block-heading\">PREGUNTAS FRECUENTES<\/h2>\n\n\n\n<p>Espera, \u00bfqu\u00e9?<\/p>\n\n\n\n<p>El CoLab tiene la ambiciosa misi\u00f3n de <strong>mejorar la coherencia y la eficacia de la permacultura de lo local a lo global<\/strong>. No se trata de una petici\u00f3n que se firma una vez, ni de un grupo de Facebook al que uno se une por inter\u00e9s casual: somos una comunidad de personas de todo el mundo a las que les apasiona servir al movimiento de la permacultura y que pretenden contribuir de forma activa y sostenible a que esto ocurra.<\/p>\n\n\n\n<p>Si sigue interesado en participar, contamos con un proceso de incorporaci\u00f3n que puede ayudarle a encontrar su nicho en este organismo. Si est\u00e1 m\u00e1s interesado en recibir actualizaciones poco frecuentes, puede <a href=\"https:\/\/perma.earth\/es\/connect\/\"><u>suscr\u00edbete a nuestro bolet\u00edn<\/u>.<\/a><\/p>\n\n\n\n<p>Tambi\u00e9n acogemos con agrado la colaboraci\u00f3n regular con otras organizaciones de permacultura y mantenemos un calendario de eventos que contribuye a mantener nuestras relaciones a trav\u00e9s (y tambi\u00e9n dentro) de los l\u00edmites del ecosistema social del CoLab \ud83d\ude42.<\/p>\n\n\n\n<h3 class=\"wp-block-heading\">\u00bfActivo en un C\u00edrculo que no est\u00e1 en el Espacio comunitario?<\/h3>\n\n\n\n<p>Confiamos en que esto no afecte negativamente a los miembros del CoLab y a los c\u00edrculos que puedan estar comunic\u00e1ndose a trav\u00e9s de otros canales, aunque es posible que los responsables de los c\u00edrculos deseen mantener <strong>su propio registro de miembros activos<\/strong>, para que puedas <strong>seguir teniendo acceso a los hilos<\/strong> que pueden estar vinculados.<\/p>\n\n\n\n<h3 class=\"wp-block-heading\">\u00bfPuedo afiliarme m\u00e1s tarde?<\/h3>\n\n\n\n<p>Por supuesto. Te animamos a reincorporarte una vez que se adapte mejor a tu vida.<\/p>\n\n\n\n<p>S\u00f3lo tienes que inscribirte <a href=\"https:\/\/perma.earth\/es\/connect\/\"><u>aqu\u00ed<\/u>.<\/a> Recibir\u00e1s una nueva incorporaci\u00f3n (simplificada si han pasado menos de 12 meses desde tu \u00faltimo inicio de sesi\u00f3n), que implica ayuda para navegar por nuestro espacio de trabajo.<\/p>\n\n\n\n<p>Tambi\u00e9n estamos trabajando en una forma m\u00e1s f\u00e1cil de ver <strong>qu\u00e9 c\u00edrculos y grupos de trabajo<\/strong> funcionan en el CoLab, as\u00ed como<strong> <\/strong><a href=\"https:\/\/perma.earth\/es\/openings\/\" data-type=\"page\" data-id=\"832\"><strong>aperturas<\/strong><\/a><a href=\"https:\/\/perma.earth\/es\/openings\/\" data-type=\"page\" data-id=\"832\"> <\/a>e informaci\u00f3n sobre <strong>estipendios o salarios<\/strong> para ellos. Si a\u00fan no has encontrado tu \u2018vocaci\u00f3n\u2019, puedes despejar tu vida abandonando el CoLab ahora y siguiendo las actualizaciones de nuestro bolet\u00edn para ver qu\u00e9 aparece que se ajuste a tu viaje; el <strong><a href=\"https:\/\/perma.earth\/es\/events\/\" data-type=\"URL\" data-id=\"https:\/\/perma.earth\/events\/\">eventos en l\u00ednea<\/a><\/strong> podr\u00eda ser una mejor manera de conectarse.<\/p>\n\n\n\n<p>De este modo, ser\u00e1 m\u00e1s f\u00e1cil saber de antemano c\u00f3mo encajar en el paisaje social, ya sea escribiendo una propuesta para llenar un vac\u00edo, incubando un nuevo c\u00edrculo, participando casualmente en un c\u00edrculo o vinculando tu trabajo con nuestro nodo. Este ecosistema a\u00fan est\u00e1 madurando... \u00a1sin control centralizado!<\/p>","protected":false},"excerpt":{"rendered":"<p>The International Permaculture CoLab maintains an active space policy to keep engagement high and make the boundaries of our organism more explicit. The policy is that members who do not participate in the CoLab Community Space for 6 months will have their accounts deactivated. You can ask to rejoin anytime &#8211; easypeasy. For more information [&hellip;]<\/p>\n","protected":false},"author":33,"featured_media":0,"parent":0,"menu_order":0,"comment_status":"closed","ping_status":"closed","template":"","meta":{"_acf_changed":false,"_et_pb_use_builder":"off","_et_pb_old_content":"<!-- wp:paragraph -->\n<p>The International Permaculture CoLab maintains an active space policy to keep engagement high and make the boundaries of our organism more explicit.<\/p>\n<!-- \/wp:paragraph -->\n\n<!-- wp:paragraph -->\n<p>The policy<strong> <\/strong>is that members who <strong>do not participate in the slack for 6 months<\/strong> will have their accounts <a href=\"https:\/\/slack.com\/intl\/en-hr\/help\/articles\/203953146-Deactivate-your-Slack-account\"><u>deactivated<\/u><\/a>. You ask to rejoin anytime - easypeasy.<\/p>\n<!-- \/wp:paragraph -->\n\n<!-- wp:paragraph -->\n<p><strong>For more information please read the FAQ below :)<\/strong><\/p>\n<!-- \/wp:paragraph -->\n\n<!-- wp:paragraph -->\n<p>Sincerely,<\/p>\n<!-- \/wp:paragraph -->\n\n<!-- wp:paragraph -->\n<p><strong><a href=\"https:\/\/perma.earth\/welcome-gardening-circle\/\" data-type=\"page\" data-id=\"890\">Welcome Gardening Circle<\/a><\/strong><br>&nbsp;Aimee Fenech, Jyo Maan, Charles Blass<\/p>\n<!-- \/wp:paragraph -->\n\n<!-- wp:heading -->\n<h2 class=\"wp-block-heading\">FAQ<\/h2>\n<!-- \/wp:heading -->\n\n<!-- wp:paragraph -->\n<p>Wait, what?<\/p>\n<!-- \/wp:paragraph -->\n\n<!-- wp:paragraph -->\n<p>The CoLab has an ambitious mission; to <strong>enhance the local to global coherence and effectiveness of permaculture<\/strong>. It\u2019s not a petition that you sign once, or a Facebook group that you join out of casual interest - we are a community of people around the world who are passionate about serving the permaculture movement and are aiming to contribute actively and sustainably to make this happen.<\/p>\n<!-- \/wp:paragraph -->\n\n<!-- wp:paragraph -->\n<p>If you are still interested in participating, we have in place an onboarding process that can support you to find your niche in this organism. If you\u2019re more interested in receiving infrequent updates, you can <a href=\"https:\/\/perma.earth\/\"><u>sign up for our newsletter<\/u><\/a>.<\/p>\n<!-- \/wp:paragraph -->\n\n<!-- wp:paragraph -->\n<p>We also welcome regular collaboration with other permaculture organizations and maintain a calendar fof events that contributes towards maintaining our relationships across (as well as within) the boundaries of the CoLab social ecosystem :)<\/p>\n<!-- \/wp:paragraph -->\n\n<!-- wp:heading {\"level\":3} -->\n<h3 class=\"wp-block-heading\">Active in a Circle that\u2019s not on Slack?<\/h3>\n<!-- \/wp:heading -->\n\n<!-- wp:paragraph -->\n<p>We trust that this will not negatively affect CoLab members and circles who may be communicating through other channels, though Circle Leads might like to maintain <strong>your own record of active members<\/strong>, so you can <strong>still have access to threads<\/strong> that may be linked to.<\/p>\n<!-- \/wp:paragraph -->\n\n<!-- wp:heading {\"level\":3} -->\n<h3 class=\"wp-block-heading\">Can I become a member later?<\/h3>\n<!-- \/wp:heading -->\n\n<!-- wp:paragraph -->\n<p>Yes absolutely! We encourage you to re-join once it fits your life better.<\/p>\n<!-- \/wp:paragraph -->\n\n<!-- wp:paragraph -->\n<p>All you have to do is sign up <a href=\"https:\/\/perma.earth\/contribute\/\"><u>here<\/u><\/a>. You\u2019ll get a new on-boarding (streamlined if it\u2019s been less than 12 months since your last login), which involves support navigating our workspace.<\/p>\n<!-- \/wp:paragraph -->\n\n<!-- wp:paragraph -->\n<p>We are also working on an easier way to view <strong>what circles and working groups<\/strong> are functioning in the CoLab as well as<strong> <\/strong><a href=\"https:\/\/perma.earth\/openings\/\" data-type=\"page\" data-id=\"832\"><strong>openings<\/strong><\/a><a href=\"https:\/\/perma.earth\/openings\/\" data-type=\"page\" data-id=\"832\"> <\/a>and information on <strong>stipends or wages<\/strong> for these. If you haven\u2019t found your \u2018calling\u2019 yet, you can de-clutter your life by leaving the CoLab now and following our newsletter updates to see what comes along that fits your journey; the <strong><a href=\"https:\/\/perma.earth\/events\/\" data-type=\"URL\" data-id=\"https:\/\/perma.earth\/events\/\">online events<\/a><\/strong> might be a better way to connect.<\/p>\n<!-- \/wp:paragraph -->\n\n<!-- wp:paragraph -->\n<p>This way it will be easier to figure out ahead of time how you might fit in to the social landscape; whether writing a proposal to fill a gap, incubating a new circle, participating casually in a circle, or linking your work with our node. This ecosystem is still maturing... without centralized control!<\/p>\n<!-- \/wp:paragraph -->","_et_gb_content_width":"","footnotes":""},"class_list":["post-809","page","type-page","status-publish","hentry"],"acf":[],"featured_image_urls":{"full":"","thumbnail":"","medium":"","medium_large":"","large":"","1536x1536":"","2048x2048":"","trp-custom-language-flag":"","et-pb-post-main-image":"","et-pb-post-main-image-fullwidth":"","et-pb-portfolio-image":"","et-pb-portfolio-module-image":"","et-pb-portfolio-image-single":"","et-pb-gallery-module-image-portrait":"","et-pb-post-main-image-fullwidth-large":"","et-pb-image--responsive--desktop":"","et-pb-image--responsive--tablet":"","et-pb-image--responsive--phone":"","mailpoet_newsletter_max":"","woocommerce_thumbnail":"","woocommerce_single":"","woocommerce_gallery_thumbnail":""},"post_excerpt_stackable":"<p>The International Permaculture CoLab maintains an active space policy to keep engagement high and make the boundaries of our organism more explicit. The policy is that members who do not participate in the CoLab Community Space for 6 months will have their accounts deactivated. You can ask to rejoin anytime &#8211; easypeasy. For more information please read the FAQ below \ud83d\ude42 Sincerely, Welcome Circle&nbsp;Aimee Fenech, Jyo Maan FAQ Wait, what? The CoLab has an ambitious mission; to enhance the local to global coherence and effectiveness of permaculture. It\u2019s not a petition that you sign once, or a Facebook group that&hellip;<\/p>\n","category_list":"","author_info":{"name":"aimee","url":"https:\/\/perma.earth\/es\/author\/aimee\/"},"comments_num":"0 comentarios","featured_image_urls_v2":{"full":"","thumbnail":"","medium":"","medium_large":"","large":"","1536x1536":"","2048x2048":"","trp-custom-language-flag":"","et-pb-post-main-image":"","et-pb-post-main-image-fullwidth":"","et-pb-portfolio-image":"","et-pb-portfolio-module-image":"","et-pb-portfolio-image-single":"","et-pb-gallery-module-image-portrait":"","et-pb-post-main-image-fullwidth-large":"","et-pb-image--responsive--desktop":"","et-pb-image--responsive--tablet":"","et-pb-image--responsive--phone":"","mailpoet_newsletter_max":"","woocommerce_thumbnail":"","woocommerce_single":"","woocommerce_gallery_thumbnail":""},"post_excerpt_stackable_v2":"<p>The International Permaculture CoLab maintains an active space policy to keep engagement high and make the boundaries of our organism more explicit. The policy is that members who do not participate in the CoLab Community Space for 6 months will have their accounts deactivated. You can ask to rejoin anytime &#8211; easypeasy. For more information please read the FAQ below \ud83d\ude42 Sincerely, Welcome Circle&nbsp;Aimee Fenech, Jyo Maan FAQ Wait, what? The CoLab has an ambitious mission; to enhance the local to global coherence and effectiveness of permaculture. It\u2019s not a petition that you sign once, or a Facebook group that&hellip;<\/p>\n","category_list_v2":"","author_info_v2":{"name":"aimee","url":"https:\/\/perma.earth\/es\/author\/aimee\/"},"comments_num_v2":"0 comentarios","_links":{"self":[{"href":"https:\/\/perma.earth\/es\/wp-json\/wp\/v2\/pages\/809","targetHints":{"allow":["GET"]}}],"collection":[{"href":"https:\/\/perma.earth\/es\/wp-json\/wp\/v2\/pages"}],"about":[{"href":"https:\/\/perma.earth\/es\/wp-json\/wp\/v2\/types\/page"}],"author":[{"embeddable":true,"href":"https:\/\/perma.earth\/es\/wp-json\/wp\/v2\/users\/33"}],"replies":[{"embeddable":true,"href":"https:\/\/perma.earth\/es\/wp-json\/wp\/v2\/comments?post=809"}],"version-history":[{"count":16,"href":"https:\/\/perma.earth\/es\/wp-json\/wp\/v2\/pages\/809\/revisions"}],"predecessor-version":[{"id":8407,"href":"https:\/\/perma.earth\/es\/wp-json\/wp\/v2\/pages\/809\/revisions\/8407"}],"wp:attachment":[{"href":"https:\/\/perma.earth\/es\/wp-json\/wp\/v2\/media?parent=809"}],"curies":[{"name":"wp","href":"https:\/\/api.w.org\/{rel}","templated":true}]}}