{"id":6394,"date":"2024-01-18T13:22:33","date_gmt":"2024-01-18T13:22:33","guid":{"rendered":"https:\/\/perma.earth\/?post_type=product&#038;p=6394"},"modified":"2026-04-17T09:07:30","modified_gmt":"2026-04-17T09:07:30","slug":"mva-conflict-transformation-workshop-artefact","status":"publish","type":"product","link":"https:\/\/perma.earth\/es\/product\/mva-conflict-transformation-workshop-artefact\/","title":{"rendered":"MVA \u2013 Transformaci\u00f3n de Conflictos Taller de 90 min"},"content":{"rendered":"<p>Este taller explor\u00f3 c\u00f3mo transformar con \u00e9xito los conflictos en equipos autoorganizados. El artefacto incluye ejercicios, recursos, un enlace al dise\u00f1o de la sesi\u00f3n y un enlace a una grabaci\u00f3n de las partes instructivas y las conclusiones.<\/p>\n<p>Este documento ha sido elaborado por el <a href=\"https:\/\/learn.perma.earth\/minimum-viable-academy\/\">Academia M\u00ednima Viable. <\/a> Este trabajo fue financiado por la <a href=\"https:\/\/perma.earth\/es\/project\/next-steps-project\/\">Pr\u00f3ximos Pasos del Proyecto<\/a> como parte del <a href=\"https:\/\/perma.earth\/es\/\">Laboratorio Internacional de Permacultura.<\/a><\/p>\n<p>&nbsp;<\/p>\n<div id=\"meta-origin\" data-coolorigin=\"https%3A%2F%2Fcollabora.collective.tools%2Fcool%2Fclipboard%3FWOPISrc%3Dhttps%253A%252F%252Fcloud.perma.earth%252Findex.php%252Fapps%252Frichdocuments%252Fwopi%252Ffiles%252F1090528_ocrwh2195e7x%26ServerId%3D74d25f04%26ViewId%3D5%26Tag%3D0699b954bf81b267\">\n<p>Hemos creado una breve encuesta para las personas que descargan nuestros recursos. Si tiene un par de minutos, agradecer\u00edamos enormemente su ayuda para completarla. Esto ayudar\u00e1 a mejorar la calidad de nuestros recursos y a comprender mejor c\u00f3mo se est\u00e1n utilizando.<\/p>\n<p><a href=\"https:\/\/cloud.perma.earth\/index.php\/apps\/forms\/s\/46if5A4NkE8nPHNDk4ZGarNL\">Complete la encuesta aqu\u00ed. <\/a><\/p>\n<\/div>","protected":false},"excerpt":{"rendered":"<p>This workshop explored how to successfully transform conflict for self-organised teams. The artefact includes exercises, resources, a link to the session design, and a link to a recording of the instructional parts and takeaways. This document was produced by the Minimum Viable Academy. This work was funded by the Next Steps Project as part of [&hellip;]<\/p>\n","protected":false},"featured_media":8984,"comment_status":"open","ping_status":"closed","template":"","meta":{"_acf_changed":false,"_et_pb_use_builder":"off","_et_pb_old_content":"","_et_gb_content_width":""},"product_brand":[],"product_cat":[193,195],"product_tag":[],"class_list":{"0":"post-6394","1":"product","2":"type-product","3":"status-publish","4":"has-post-thumbnail","6":"product_cat-next-steps-project","7":"product_cat-training-and-workshop-designs","9":"first","10":"instock","11":"downloadable","12":"virtual","13":"purchasable","14":"product-type-simple"},"acf":[],"featured_image_urls":{"full":["https:\/\/perma.earth\/wp-content\/uploads\/2026\/03\/Copy-of-wordpress-plus3.jpg",800,800,false],"thumbnail":["https:\/\/perma.earth\/wp-content\/uploads\/2026\/03\/Copy-of-wordpress-plus3-150x150.jpg",150,150,true],"medium":["https:\/\/perma.earth\/wp-content\/uploads\/2026\/03\/Copy-of-wordpress-plus3-300x300.jpg",300,300,true],"medium_large":["https:\/\/perma.earth\/wp-content\/uploads\/2026\/03\/Copy-of-wordpress-plus3-768x768.jpg",768,768,true],"large":["https:\/\/perma.earth\/wp-content\/uploads\/2026\/03\/Copy-of-wordpress-plus3.jpg",800,800,false],"1536x1536":["https:\/\/perma.earth\/wp-content\/uploads\/2026\/03\/Copy-of-wordpress-plus3.jpg",800,800,false],"2048x2048":["https:\/\/perma.earth\/wp-content\/uploads\/2026\/03\/Copy-of-wordpress-plus3.jpg",800,800,false],"trp-custom-language-flag":["https:\/\/perma.earth\/wp-content\/uploads\/2026\/03\/Copy-of-wordpress-plus3-12x12.jpg",12,12,true],"et-pb-post-main-image":["https:\/\/perma.earth\/wp-content\/uploads\/2026\/03\/Copy-of-wordpress-plus3-400x250.jpg",400,250,true],"et-pb-post-main-image-fullwidth":["https:\/\/perma.earth\/wp-content\/uploads\/2026\/03\/Copy-of-wordpress-plus3-800x675.jpg",800,675,true],"et-pb-portfolio-image":["https:\/\/perma.earth\/wp-content\/uploads\/2026\/03\/Copy-of-wordpress-plus3-400x284.jpg",400,284,true],"et-pb-portfolio-module-image":["https:\/\/perma.earth\/wp-content\/uploads\/2026\/03\/Copy-of-wordpress-plus3-510x382.jpg",510,382,true],"et-pb-portfolio-image-single":["https:\/\/perma.earth\/wp-content\/uploads\/2026\/03\/Copy-of-wordpress-plus3.jpg",800,800,false],"et-pb-gallery-module-image-portrait":["https:\/\/perma.earth\/wp-content\/uploads\/2026\/03\/Copy-of-wordpress-plus3-400x516.jpg",400,516,true],"et-pb-post-main-image-fullwidth-large":["https:\/\/perma.earth\/wp-content\/uploads\/2026\/03\/Copy-of-wordpress-plus3.jpg",800,800,false],"et-pb-image--responsive--desktop":["https:\/\/perma.earth\/wp-content\/uploads\/2026\/03\/Copy-of-wordpress-plus3.jpg",720,720,false],"et-pb-image--responsive--tablet":["https:\/\/perma.earth\/wp-content\/uploads\/2026\/03\/Copy-of-wordpress-plus3.jpg",551,551,false],"et-pb-image--responsive--phone":["https:\/\/perma.earth\/wp-content\/uploads\/2026\/03\/Copy-of-wordpress-plus3-480x480.jpg",270,270,true],"mailpoet_newsletter_max":["https:\/\/perma.earth\/wp-content\/uploads\/2026\/03\/Copy-of-wordpress-plus3.jpg",800,800,false],"woocommerce_thumbnail":["https:\/\/perma.earth\/wp-content\/uploads\/2026\/03\/Copy-of-wordpress-plus3-300x300.jpg",300,300,true],"woocommerce_single":["https:\/\/perma.earth\/wp-content\/uploads\/2026\/03\/Copy-of-wordpress-plus3-600x600.jpg",600,600,true],"woocommerce_gallery_thumbnail":["https:\/\/perma.earth\/wp-content\/uploads\/2026\/03\/Copy-of-wordpress-plus3-100x100.jpg",100,100,true]},"post_excerpt_stackable":"<p>This workshop explored how to successfully transform conflict for self-organised teams. The artefact includes exercises, resources, a link to the session design, and a link to a recording of the instructional parts and takeaways. This document was produced by the Minimum Viable Academy. This work was funded by the Next Steps Project as part of the International Permaculture CoLab. &nbsp; We have a created a short survey for people who are downloading our resources. If you have a couple of minutes we would greatly appreciate your help in filling it out. This will help to improve the quality of our&hellip;<\/p>\n","category_list":"","author_info":{"name":"","url":""},"comments_num":"0 comentarios","featured_image_urls_v2":{"full":["https:\/\/perma.earth\/wp-content\/uploads\/2026\/03\/Copy-of-wordpress-plus3.jpg",800,800,false],"thumbnail":["https:\/\/perma.earth\/wp-content\/uploads\/2026\/03\/Copy-of-wordpress-plus3-150x150.jpg",150,150,true],"medium":["https:\/\/perma.earth\/wp-content\/uploads\/2026\/03\/Copy-of-wordpress-plus3-300x300.jpg",300,300,true],"medium_large":["https:\/\/perma.earth\/wp-content\/uploads\/2026\/03\/Copy-of-wordpress-plus3-768x768.jpg",768,768,true],"large":["https:\/\/perma.earth\/wp-content\/uploads\/2026\/03\/Copy-of-wordpress-plus3.jpg",800,800,false],"1536x1536":["https:\/\/perma.earth\/wp-content\/uploads\/2026\/03\/Copy-of-wordpress-plus3.jpg",800,800,false],"2048x2048":["https:\/\/perma.earth\/wp-content\/uploads\/2026\/03\/Copy-of-wordpress-plus3.jpg",800,800,false],"trp-custom-language-flag":["https:\/\/perma.earth\/wp-content\/uploads\/2026\/03\/Copy-of-wordpress-plus3-12x12.jpg",12,12,true],"et-pb-post-main-image":["https:\/\/perma.earth\/wp-content\/uploads\/2026\/03\/Copy-of-wordpress-plus3-400x250.jpg",400,250,true],"et-pb-post-main-image-fullwidth":["https:\/\/perma.earth\/wp-content\/uploads\/2026\/03\/Copy-of-wordpress-plus3-800x675.jpg",800,675,true],"et-pb-portfolio-image":["https:\/\/perma.earth\/wp-content\/uploads\/2026\/03\/Copy-of-wordpress-plus3-400x284.jpg",400,284,true],"et-pb-portfolio-module-image":["https:\/\/perma.earth\/wp-content\/uploads\/2026\/03\/Copy-of-wordpress-plus3-510x382.jpg",510,382,true],"et-pb-portfolio-image-single":["https:\/\/perma.earth\/wp-content\/uploads\/2026\/03\/Copy-of-wordpress-plus3.jpg",800,800,false],"et-pb-gallery-module-image-portrait":["https:\/\/perma.earth\/wp-content\/uploads\/2026\/03\/Copy-of-wordpress-plus3-400x516.jpg",400,516,true],"et-pb-post-main-image-fullwidth-large":["https:\/\/perma.earth\/wp-content\/uploads\/2026\/03\/Copy-of-wordpress-plus3.jpg",800,800,false],"et-pb-image--responsive--desktop":["https:\/\/perma.earth\/wp-content\/uploads\/2026\/03\/Copy-of-wordpress-plus3.jpg",720,720,false],"et-pb-image--responsive--tablet":["https:\/\/perma.earth\/wp-content\/uploads\/2026\/03\/Copy-of-wordpress-plus3.jpg",551,551,false],"et-pb-image--responsive--phone":["https:\/\/perma.earth\/wp-content\/uploads\/2026\/03\/Copy-of-wordpress-plus3-480x480.jpg",270,270,true],"mailpoet_newsletter_max":["https:\/\/perma.earth\/wp-content\/uploads\/2026\/03\/Copy-of-wordpress-plus3.jpg",800,800,false],"woocommerce_thumbnail":["https:\/\/perma.earth\/wp-content\/uploads\/2026\/03\/Copy-of-wordpress-plus3-300x300.jpg",300,300,true],"woocommerce_single":["https:\/\/perma.earth\/wp-content\/uploads\/2026\/03\/Copy-of-wordpress-plus3-600x600.jpg",600,600,true],"woocommerce_gallery_thumbnail":["https:\/\/perma.earth\/wp-content\/uploads\/2026\/03\/Copy-of-wordpress-plus3-100x100.jpg",100,100,true]},"post_excerpt_stackable_v2":"<p>This workshop explored how to successfully transform conflict for self-organised teams. The artefact includes exercises, resources, a link to the session design, and a link to a recording of the instructional parts and takeaways. This document was produced by the Minimum Viable Academy. This work was funded by the Next Steps Project as part of the International Permaculture CoLab. &nbsp; We have a created a short survey for people who are downloading our resources. If you have a couple of minutes we would greatly appreciate your help in filling it out. This will help to improve the quality of our&hellip;<\/p>\n","category_list_v2":"","author_info_v2":{"name":"","url":""},"comments_num_v2":"0 comentarios","_links":{"self":[{"href":"https:\/\/perma.earth\/es\/wp-json\/wp\/v2\/product\/6394","targetHints":{"allow":["GET"]}}],"collection":[{"href":"https:\/\/perma.earth\/es\/wp-json\/wp\/v2\/product"}],"about":[{"href":"https:\/\/perma.earth\/es\/wp-json\/wp\/v2\/types\/product"}],"replies":[{"embeddable":true,"href":"https:\/\/perma.earth\/es\/wp-json\/wp\/v2\/comments?post=6394"}],"wp:featuredmedia":[{"embeddable":true,"href":"https:\/\/perma.earth\/es\/wp-json\/wp\/v2\/media\/8984"}],"wp:attachment":[{"href":"https:\/\/perma.earth\/es\/wp-json\/wp\/v2\/media?parent=6394"}],"wp:term":[{"taxonomy":"product_brand","embeddable":true,"href":"https:\/\/perma.earth\/es\/wp-json\/wp\/v2\/product_brand?post=6394"},{"taxonomy":"product_cat","embeddable":true,"href":"https:\/\/perma.earth\/es\/wp-json\/wp\/v2\/product_cat?post=6394"},{"taxonomy":"product_tag","embeddable":true,"href":"https:\/\/perma.earth\/es\/wp-json\/wp\/v2\/product_tag?post=6394"}],"curies":[{"name":"wp","href":"https:\/\/api.w.org\/{rel}","templated":true}]}}