{"id":7001,"date":"2024-06-06T16:28:23","date_gmt":"2024-06-06T16:28:23","guid":{"rendered":"https:\/\/perma.earth\/?post_type=product&#038;p=7001"},"modified":"2026-04-17T09:20:14","modified_gmt":"2026-04-17T09:20:14","slug":"permaculture-places-in-the-metaverse-full-meeting-notes-and-links","status":"publish","type":"product","link":"https:\/\/perma.earth\/es\/product\/permaculture-places-in-the-metaverse-full-meeting-notes-and-links\/","title":{"rendered":"Lugares de Permacultura en el Metaverso \u2013 Notas Completas de la Reuni\u00f3n y Enlaces"},"content":{"rendered":"<p>Investigaci\u00f3n y desarrollo de mundos virtuales en 3D con tem\u00e1tica de permacultura para la plataforma de c\u00f3digo abierto Mozilla Hubs. Este documento resume las notas de la reuni\u00f3n e incluye enlaces a la escena terminada de la sala de reuniones y a un recorrido en v\u00eddeo.<\/p>\n<p>Este documento ha sido elaborado por el<a href=\"https:\/\/perma.earth\/es\/project\/permaculture-places-in-the-metaverse\/\"> Lugares de Permacultura en el Metaverso<\/a> equipo. Este trabajo ha sido financiado por el <a href=\"https:\/\/perma.earth\/es\/project\/emergent-festival\/\">Festival Emergente<\/a> como parte del <a href=\"https:\/\/perma.earth\/es\/project\/next-steps-project\/\">Proyecto Pr\u00f3ximos Pasos.<\/a><\/p>\n<p>&nbsp;<\/p>\n<div id=\"meta-origin\" data-coolorigin=\"https%3A%2F%2Fcollabora.collective.tools%2Fcool%2Fclipboard%3FWOPISrc%3Dhttps%253A%252F%252Fcloud.perma.earth%252Findex.php%252Fapps%252Frichdocuments%252Fwopi%252Ffiles%252F1090528_ocrwh2195e7x%26ServerId%3D74d25f04%26ViewId%3D5%26Tag%3D8d1371c1973b9b47\">\n<p>Hemos creado una breve encuesta para las personas que descargan nuestros recursos. Si tiene un par de minutos, agradecer\u00edamos enormemente su ayuda para completarla. Esto ayudar\u00e1 a mejorar la calidad de nuestros recursos y a comprender mejor c\u00f3mo se est\u00e1n utilizando.<\/p>\n<p><a href=\"https:\/\/cloud.perma.earth\/index.php\/apps\/forms\/s\/46if5A4NkE8nPHNDk4ZGarNL\">Complete la encuesta aqu\u00ed. <\/a><\/p>\n<\/div>","protected":false},"excerpt":{"rendered":"<p>Research into and development of permaculture-themed virtual 3D worlds for the open-source Mozilla Hubs platform. This document outlines the meeting notes and includes links to the finished meeting room scene and to a video tour. This document was produced by the Permaculture Places in the Metaverse team. This work was funded by the Emergent Festival [&hellip;]<\/p>\n","protected":false},"featured_media":0,"comment_status":"open","ping_status":"closed","template":"","meta":{"_acf_changed":false,"_et_pb_use_builder":"","_et_pb_old_content":"","_et_gb_content_width":""},"product_brand":[],"product_cat":[193,271],"product_tag":[],"class_list":{"0":"post-7001","1":"product","2":"type-product","3":"status-publish","5":"product_cat-next-steps-project","6":"product_cat-research-case-study","8":"first","9":"instock","10":"downloadable","11":"shipping-taxable","12":"purchasable","13":"product-type-simple"},"acf":[],"featured_image_urls":{"full":"","thumbnail":"","medium":"","medium_large":"","large":"","1536x1536":"","2048x2048":"","trp-custom-language-flag":"","et-pb-post-main-image":"","et-pb-post-main-image-fullwidth":"","et-pb-portfolio-image":"","et-pb-portfolio-module-image":"","et-pb-portfolio-image-single":"","et-pb-gallery-module-image-portrait":"","et-pb-post-main-image-fullwidth-large":"","et-pb-image--responsive--desktop":"","et-pb-image--responsive--tablet":"","et-pb-image--responsive--phone":"","mailpoet_newsletter_max":"","woocommerce_thumbnail":"","woocommerce_single":"","woocommerce_gallery_thumbnail":""},"post_excerpt_stackable":"<p>Research into and development of permaculture-themed virtual 3D worlds for the open-source Mozilla Hubs platform. This document outlines the meeting notes and includes links to the finished meeting room scene and to a video tour. This document was produced by the Permaculture Places in the Metaverse team. This work was funded by the Emergent Festival as part of the Next Steps project. &nbsp; We have a created a short survey for people who are downloading our resources. If you have a couple of minutes we would greatly appreciate your help in filling it out. This will help to improve the&hellip;<\/p>\n","category_list":"","author_info":{"name":"","url":""},"comments_num":"0 comentarios","featured_image_urls_v2":{"full":"","thumbnail":"","medium":"","medium_large":"","large":"","1536x1536":"","2048x2048":"","trp-custom-language-flag":"","et-pb-post-main-image":"","et-pb-post-main-image-fullwidth":"","et-pb-portfolio-image":"","et-pb-portfolio-module-image":"","et-pb-portfolio-image-single":"","et-pb-gallery-module-image-portrait":"","et-pb-post-main-image-fullwidth-large":"","et-pb-image--responsive--desktop":"","et-pb-image--responsive--tablet":"","et-pb-image--responsive--phone":"","mailpoet_newsletter_max":"","woocommerce_thumbnail":"","woocommerce_single":"","woocommerce_gallery_thumbnail":""},"post_excerpt_stackable_v2":"<p>Research into and development of permaculture-themed virtual 3D worlds for the open-source Mozilla Hubs platform. This document outlines the meeting notes and includes links to the finished meeting room scene and to a video tour. This document was produced by the Permaculture Places in the Metaverse team. This work was funded by the Emergent Festival as part of the Next Steps project. &nbsp; We have a created a short survey for people who are downloading our resources. If you have a couple of minutes we would greatly appreciate your help in filling it out. This will help to improve the&hellip;<\/p>\n","category_list_v2":"","author_info_v2":{"name":"","url":""},"comments_num_v2":"0 comentarios","_links":{"self":[{"href":"https:\/\/perma.earth\/es\/wp-json\/wp\/v2\/product\/7001","targetHints":{"allow":["GET"]}}],"collection":[{"href":"https:\/\/perma.earth\/es\/wp-json\/wp\/v2\/product"}],"about":[{"href":"https:\/\/perma.earth\/es\/wp-json\/wp\/v2\/types\/product"}],"replies":[{"embeddable":true,"href":"https:\/\/perma.earth\/es\/wp-json\/wp\/v2\/comments?post=7001"}],"wp:attachment":[{"href":"https:\/\/perma.earth\/es\/wp-json\/wp\/v2\/media?parent=7001"}],"wp:term":[{"taxonomy":"product_brand","embeddable":true,"href":"https:\/\/perma.earth\/es\/wp-json\/wp\/v2\/product_brand?post=7001"},{"taxonomy":"product_cat","embeddable":true,"href":"https:\/\/perma.earth\/es\/wp-json\/wp\/v2\/product_cat?post=7001"},{"taxonomy":"product_tag","embeddable":true,"href":"https:\/\/perma.earth\/es\/wp-json\/wp\/v2\/product_tag?post=7001"}],"curies":[{"name":"wp","href":"https:\/\/api.w.org\/{rel}","templated":true}]}}