{"id":7576,"date":"2025-01-05T17:12:52","date_gmt":"2025-01-05T17:12:52","guid":{"rendered":"https:\/\/perma.earth\/?post_type=product&#038;p=7576"},"modified":"2026-03-23T21:32:14","modified_gmt":"2026-03-23T21:32:14","slug":"inclusive-writing-in-permaculture","status":"publish","type":"product","link":"https:\/\/perma.earth\/es\/product\/inclusive-writing-in-permaculture\/","title":{"rendered":"Escritura inclusiva en Permacultura"},"content":{"rendered":"<p data-start=\"145\" data-end=\"253\"><strong data-start=\"145\" data-end=\"253\">Escritura Inclusiva en Permacultura \u2013 Una Gu\u00eda Pr\u00e1ctica para la Comunicaci\u00f3n Clara, Respetuosa y Accesible<\/strong><\/p>\n<p data-start=\"255\" data-end=\"392\">\u00bfTe apasiona crear comunidades regenerativas pero no sabes c\u00f3mo comunicarte de maneras que realmente reflejen la \u00e9tica de la permacultura?<\/p>\n<p data-start=\"394\" data-end=\"603\">Este manual descargable es su recurso principal para <strong data-start=\"448\" data-end=\"493\">escritura sencilla, respetuosa e inclusiva<\/strong>\u2014dise\u00f1ado para practicantes, educadores de permacultura y cualquier persona que se esfuerce por construir conexi\u00f3n a trav\u00e9s del lenguaje.<\/p>\n<p data-start=\"605\" data-end=\"629\">En el interior, descubrir\u00e1s:<\/p>\n<ul data-start=\"630\" data-end=\"1152\">\n<li data-start=\"630\" data-end=\"769\">\n<p data-start=\"632\" data-end=\"769\"><strong data-start=\"632\" data-end=\"671\">Principios clave de la escritura inclusiva<\/strong>\u2014desde evitar la jerga y los estereotipos hasta usar t\u00e9rminos neutrales en cuanto al g\u00e9nero y estructuras de oraciones claras.<\/p>\n<\/li>\n<li data-start=\"770\" data-end=\"893\">\n<p data-start=\"772\" data-end=\"893\"><strong data-start=\"772\" data-end=\"829\">Consejos pr\u00e1cticos para hacer que tu contenido sea accesible para todos<\/strong>, incluyendo consideraciones multiling\u00fces y trucos de dise\u00f1o visual.<\/p>\n<\/li>\n<li data-start=\"894\" data-end=\"1042\">\n<p data-start=\"896\" data-end=\"1042\"><strong data-start=\"896\" data-end=\"952\">C\u00f3mo aplicar los principios de la permacultura a tu escritura<\/strong>, convirtiendo tu comunicaci\u00f3n en un reflejo de Cuidado de las Personas, Cuidado de la Tierra y Distribuci\u00f3n Justa.<\/p>\n<\/li>\n<li data-start=\"1043\" data-end=\"1152\">\n<p data-start=\"1045\" data-end=\"1152\">A <strong data-start=\"1047\" data-end=\"1087\">glosario de t\u00e9rminos de lenguaje inclusivo<\/strong> y una lista curada de recursos adicionales para profundizar tu pr\u00e1ctica.<\/p>\n<\/li>\n<\/ul>\n<p data-start=\"1154\" data-end=\"1364\">Ya sea que est\u00e9s escribiendo para un proyecto comunitario, creando materiales de aprendizaje o compartiendo tus ideas con una audiencia global, esta gu\u00eda te ayudar\u00e1 a fomentar la confianza, la colaboraci\u00f3n y el sentido de pertenencia a trav\u00e9s de tus palabras.<\/p>\n<p data-start=\"1366\" data-end=\"1434\"><strong data-start=\"1369\" data-end=\"1434\">Desc\u00e1rgalo ahora y empieza a construir puentes con tu escritura.<\/strong><\/p>","protected":false},"excerpt":{"rendered":"<p>Inclusive Writing in Permaculture \u2013 A Practical Guide to Clear, Respectful, and Accessible Communication Are you passionate about creating regenerative communities but unsure how to communicate in ways that truly reflect permaculture ethics? This downloadable handbook is your go-to resource for simple, respectful, and inclusive writing\u2014designed for permaculture practitioners, educators, and anyone striving to build [&hellip;]<\/p>\n","protected":false},"featured_media":8973,"comment_status":"closed","ping_status":"closed","template":"","meta":{"_acf_changed":false,"_et_pb_use_builder":"","_et_pb_old_content":"","_et_gb_content_width":""},"product_brand":[],"product_cat":[193,271],"product_tag":[],"class_list":{"0":"post-7576","1":"product","2":"type-product","3":"status-publish","4":"has-post-thumbnail","6":"product_cat-next-steps-project","7":"product_cat-research-case-study","9":"first","10":"instock","11":"downloadable","12":"shipping-taxable","13":"purchasable","14":"product-type-simple"},"acf":[],"featured_image_urls":{"full":["https:\/\/perma.earth\/wp-content\/uploads\/2026\/03\/Copy-of-wordpress-plus1.jpg",800,800,false],"thumbnail":["https:\/\/perma.earth\/wp-content\/uploads\/2026\/03\/Copy-of-wordpress-plus1-150x150.jpg",150,150,true],"medium":["https:\/\/perma.earth\/wp-content\/uploads\/2026\/03\/Copy-of-wordpress-plus1-300x300.jpg",300,300,true],"medium_large":["https:\/\/perma.earth\/wp-content\/uploads\/2026\/03\/Copy-of-wordpress-plus1-768x768.jpg",768,768,true],"large":["https:\/\/perma.earth\/wp-content\/uploads\/2026\/03\/Copy-of-wordpress-plus1.jpg",800,800,false],"1536x1536":["https:\/\/perma.earth\/wp-content\/uploads\/2026\/03\/Copy-of-wordpress-plus1.jpg",800,800,false],"2048x2048":["https:\/\/perma.earth\/wp-content\/uploads\/2026\/03\/Copy-of-wordpress-plus1.jpg",800,800,false],"trp-custom-language-flag":["https:\/\/perma.earth\/wp-content\/uploads\/2026\/03\/Copy-of-wordpress-plus1-12x12.jpg",12,12,true],"et-pb-post-main-image":["https:\/\/perma.earth\/wp-content\/uploads\/2026\/03\/Copy-of-wordpress-plus1-400x250.jpg",400,250,true],"et-pb-post-main-image-fullwidth":["https:\/\/perma.earth\/wp-content\/uploads\/2026\/03\/Copy-of-wordpress-plus1-800x675.jpg",800,675,true],"et-pb-portfolio-image":["https:\/\/perma.earth\/wp-content\/uploads\/2026\/03\/Copy-of-wordpress-plus1-400x284.jpg",400,284,true],"et-pb-portfolio-module-image":["https:\/\/perma.earth\/wp-content\/uploads\/2026\/03\/Copy-of-wordpress-plus1-510x382.jpg",510,382,true],"et-pb-portfolio-image-single":["https:\/\/perma.earth\/wp-content\/uploads\/2026\/03\/Copy-of-wordpress-plus1.jpg",800,800,false],"et-pb-gallery-module-image-portrait":["https:\/\/perma.earth\/wp-content\/uploads\/2026\/03\/Copy-of-wordpress-plus1-400x516.jpg",400,516,true],"et-pb-post-main-image-fullwidth-large":["https:\/\/perma.earth\/wp-content\/uploads\/2026\/03\/Copy-of-wordpress-plus1.jpg",800,800,false],"et-pb-image--responsive--desktop":["https:\/\/perma.earth\/wp-content\/uploads\/2026\/03\/Copy-of-wordpress-plus1.jpg",720,720,false],"et-pb-image--responsive--tablet":["https:\/\/perma.earth\/wp-content\/uploads\/2026\/03\/Copy-of-wordpress-plus1.jpg",551,551,false],"et-pb-image--responsive--phone":["https:\/\/perma.earth\/wp-content\/uploads\/2026\/03\/Copy-of-wordpress-plus1-480x480.jpg",270,270,true],"mailpoet_newsletter_max":["https:\/\/perma.earth\/wp-content\/uploads\/2026\/03\/Copy-of-wordpress-plus1.jpg",800,800,false],"woocommerce_thumbnail":["https:\/\/perma.earth\/wp-content\/uploads\/2026\/03\/Copy-of-wordpress-plus1-300x300.jpg",300,300,true],"woocommerce_single":["https:\/\/perma.earth\/wp-content\/uploads\/2026\/03\/Copy-of-wordpress-plus1-600x600.jpg",600,600,true],"woocommerce_gallery_thumbnail":["https:\/\/perma.earth\/wp-content\/uploads\/2026\/03\/Copy-of-wordpress-plus1-100x100.jpg",100,100,true]},"post_excerpt_stackable":"<p>Inclusive Writing in Permaculture \u2013 A Practical Guide to Clear, Respectful, and Accessible Communication Are you passionate about creating regenerative communities but unsure how to communicate in ways that truly reflect permaculture ethics? This downloadable handbook is your go-to resource for simple, respectful, and inclusive writing\u2014designed for permaculture practitioners, educators, and anyone striving to build connection through language. Inside, you&#8217;ll discover: Key principles of inclusive writing\u2014from avoiding jargon and stereotypes to using gender-neutral terms and clear sentence structures. Practical tips to make your content accessible to all, including multilingual considerations and visual design hacks. How to apply permaculture principles to&hellip;<\/p>\n","category_list":"","author_info":{"name":"","url":""},"comments_num":"0 comentarios","featured_image_urls_v2":{"full":["https:\/\/perma.earth\/wp-content\/uploads\/2026\/03\/Copy-of-wordpress-plus1.jpg",800,800,false],"thumbnail":["https:\/\/perma.earth\/wp-content\/uploads\/2026\/03\/Copy-of-wordpress-plus1-150x150.jpg",150,150,true],"medium":["https:\/\/perma.earth\/wp-content\/uploads\/2026\/03\/Copy-of-wordpress-plus1-300x300.jpg",300,300,true],"medium_large":["https:\/\/perma.earth\/wp-content\/uploads\/2026\/03\/Copy-of-wordpress-plus1-768x768.jpg",768,768,true],"large":["https:\/\/perma.earth\/wp-content\/uploads\/2026\/03\/Copy-of-wordpress-plus1.jpg",800,800,false],"1536x1536":["https:\/\/perma.earth\/wp-content\/uploads\/2026\/03\/Copy-of-wordpress-plus1.jpg",800,800,false],"2048x2048":["https:\/\/perma.earth\/wp-content\/uploads\/2026\/03\/Copy-of-wordpress-plus1.jpg",800,800,false],"trp-custom-language-flag":["https:\/\/perma.earth\/wp-content\/uploads\/2026\/03\/Copy-of-wordpress-plus1-12x12.jpg",12,12,true],"et-pb-post-main-image":["https:\/\/perma.earth\/wp-content\/uploads\/2026\/03\/Copy-of-wordpress-plus1-400x250.jpg",400,250,true],"et-pb-post-main-image-fullwidth":["https:\/\/perma.earth\/wp-content\/uploads\/2026\/03\/Copy-of-wordpress-plus1-800x675.jpg",800,675,true],"et-pb-portfolio-image":["https:\/\/perma.earth\/wp-content\/uploads\/2026\/03\/Copy-of-wordpress-plus1-400x284.jpg",400,284,true],"et-pb-portfolio-module-image":["https:\/\/perma.earth\/wp-content\/uploads\/2026\/03\/Copy-of-wordpress-plus1-510x382.jpg",510,382,true],"et-pb-portfolio-image-single":["https:\/\/perma.earth\/wp-content\/uploads\/2026\/03\/Copy-of-wordpress-plus1.jpg",800,800,false],"et-pb-gallery-module-image-portrait":["https:\/\/perma.earth\/wp-content\/uploads\/2026\/03\/Copy-of-wordpress-plus1-400x516.jpg",400,516,true],"et-pb-post-main-image-fullwidth-large":["https:\/\/perma.earth\/wp-content\/uploads\/2026\/03\/Copy-of-wordpress-plus1.jpg",800,800,false],"et-pb-image--responsive--desktop":["https:\/\/perma.earth\/wp-content\/uploads\/2026\/03\/Copy-of-wordpress-plus1.jpg",720,720,false],"et-pb-image--responsive--tablet":["https:\/\/perma.earth\/wp-content\/uploads\/2026\/03\/Copy-of-wordpress-plus1.jpg",551,551,false],"et-pb-image--responsive--phone":["https:\/\/perma.earth\/wp-content\/uploads\/2026\/03\/Copy-of-wordpress-plus1-480x480.jpg",270,270,true],"mailpoet_newsletter_max":["https:\/\/perma.earth\/wp-content\/uploads\/2026\/03\/Copy-of-wordpress-plus1.jpg",800,800,false],"woocommerce_thumbnail":["https:\/\/perma.earth\/wp-content\/uploads\/2026\/03\/Copy-of-wordpress-plus1-300x300.jpg",300,300,true],"woocommerce_single":["https:\/\/perma.earth\/wp-content\/uploads\/2026\/03\/Copy-of-wordpress-plus1-600x600.jpg",600,600,true],"woocommerce_gallery_thumbnail":["https:\/\/perma.earth\/wp-content\/uploads\/2026\/03\/Copy-of-wordpress-plus1-100x100.jpg",100,100,true]},"post_excerpt_stackable_v2":"<p>Inclusive Writing in Permaculture \u2013 A Practical Guide to Clear, Respectful, and Accessible Communication Are you passionate about creating regenerative communities but unsure how to communicate in ways that truly reflect permaculture ethics? This downloadable handbook is your go-to resource for simple, respectful, and inclusive writing\u2014designed for permaculture practitioners, educators, and anyone striving to build connection through language. Inside, you&#8217;ll discover: Key principles of inclusive writing\u2014from avoiding jargon and stereotypes to using gender-neutral terms and clear sentence structures. Practical tips to make your content accessible to all, including multilingual considerations and visual design hacks. How to apply permaculture principles to&hellip;<\/p>\n","category_list_v2":"","author_info_v2":{"name":"","url":""},"comments_num_v2":"0 comentarios","_links":{"self":[{"href":"https:\/\/perma.earth\/es\/wp-json\/wp\/v2\/product\/7576","targetHints":{"allow":["GET"]}}],"collection":[{"href":"https:\/\/perma.earth\/es\/wp-json\/wp\/v2\/product"}],"about":[{"href":"https:\/\/perma.earth\/es\/wp-json\/wp\/v2\/types\/product"}],"replies":[{"embeddable":true,"href":"https:\/\/perma.earth\/es\/wp-json\/wp\/v2\/comments?post=7576"}],"wp:featuredmedia":[{"embeddable":true,"href":"https:\/\/perma.earth\/es\/wp-json\/wp\/v2\/media\/8973"}],"wp:attachment":[{"href":"https:\/\/perma.earth\/es\/wp-json\/wp\/v2\/media?parent=7576"}],"wp:term":[{"taxonomy":"product_brand","embeddable":true,"href":"https:\/\/perma.earth\/es\/wp-json\/wp\/v2\/product_brand?post=7576"},{"taxonomy":"product_cat","embeddable":true,"href":"https:\/\/perma.earth\/es\/wp-json\/wp\/v2\/product_cat?post=7576"},{"taxonomy":"product_tag","embeddable":true,"href":"https:\/\/perma.earth\/es\/wp-json\/wp\/v2\/product_tag?post=7576"}],"curies":[{"name":"wp","href":"https:\/\/api.w.org\/{rel}","templated":true}]}}