{"id":7591,"date":"2025-01-06T15:23:48","date_gmt":"2025-01-06T15:23:48","guid":{"rendered":"https:\/\/perma.earth\/?post_type=product&#038;p=7591"},"modified":"2026-04-20T13:25:39","modified_gmt":"2026-04-20T13:25:39","slug":"videos-to-explain-the-use-of-inclusive-digital-organizational-tools","status":"publish","type":"product","link":"https:\/\/perma.earth\/es\/product\/videos-to-explain-the-use-of-inclusive-digital-organizational-tools\/","title":{"rendered":"Una serie de v\u00eddeos para explicar el uso de herramientas organizativas digitales inclusivas"},"content":{"rendered":"<p>\u00a1Una serie de demostraciones de herramientas de c\u00f3digo abierto como parte del proyecto IOT! Estas sesiones mostrar\u00e1n herramientas dise\u00f1adas para ayudar a los equipos autoorganizados y a los miembros del equipo a trabajar de manera m\u00e1s eficiente.<\/p>\n<p><a href=\"https:\/\/www.youtube.com\/watch?v=ksKNYIQy8WY&amp;t=14s&amp;ab_channel=InternationalPermacultureCoLab\">IOT \u2013 Episodio 1 \u2013 Cal.com Planificador de Citas de C\u00f3digo Abierto.<\/a><\/p>\n<p><a href=\"https:\/\/www.youtube.com\/watch?v=2Fq5_kYXTXE&amp;ab_channel=InternationalPermacultureCoLab\">IOT \u2013 Episodio 2 \u2013 Cryptpad, la Suite Colaborativa de C\u00f3digo Abierto<\/a><\/p>\n<p><a href=\"https:\/\/www.youtube.com\/watch?v=qFiYqIH_Wfk&amp;t=1s&amp;ab_channel=InternationalPermacultureCoLab\">IOT \u2013 Episodio 3 \u2013 Formularios de Nextcloud<\/a><\/p>\n<p><a href=\"https:\/\/www.youtube.com\/watch?v=FVLMu_eI9Hs&amp;ab_channel=InternationalPermacultureCoLab\">IOT \u2013 Episodio 4 \u2013 Nextcloud Deck y Tareas<\/a><\/p>\n<p><a href=\"https:\/\/www.youtube.com\/watch?v=2wTlWSxgNIs&amp;t=1s&amp;ab_channel=InternationalPermacultureCoLab\">IOT \u2013 Episodio 5 \u2013 Proton Mail y otras aplicaciones<\/a><\/p>\n<p><a href=\"https:\/\/www.youtube.com\/watch?v=XScCvWlX4sg&amp;t=11s&amp;ab_channel=InternationalPermacultureCoLab\">IOT \u2013 Episodio 6 \u2013 Mensajero cifrado de extremo a extremo de Signal<\/a><\/p>\n<p><a href=\"https:\/\/www.youtube.com\/watch?v=JQwsc8XMuZA&amp;ab_channel=InternationalPermacultureCoLab\">IOT \u2013 Episodio 7 \u2013 Plataforma de comunicaciones soberana y segura Element para comunidades<\/a><\/p>\n<p>Estos videos fueron producidos por <a href=\"https:\/\/perma.earth\/es\/project\/inclusive-organisational-technology-research\/\">Investigaci\u00f3n de Tecnolog\u00eda Organizacional Inclusiva<\/a> equipo. Este trabajo ha sido financiado por el <a href=\"https:\/\/perma.earth\/es\/project\/next-steps-project\/\">Pr\u00f3ximos Pasos del Proyecto<\/a> como parte del <a href=\"https:\/\/perma.earth\/es\/\">Laboratorio Internacional de Permacultura.<\/a><\/p>\n<p>&nbsp;<\/p>\n<div id=\"meta-origin\" data-coolorigin=\"https%3A%2F%2Fcollabora.collective.tools%2Fcool%2Fclipboard%3FWOPISrc%3Dhttps%253A%252F%252Fcloud.perma.earth%252Findex.php%252Fapps%252Frichdocuments%252Fwopi%252Ffiles%252F1090528_ocrwh2195e7x%26ServerId%3D74d25f04%26ViewId%3D5%26Tag%3Dcbb70bee875486a5\">\n<p>Hemos creado una breve encuesta para las personas que descargan nuestros recursos. Si tiene un par de minutos, agradecer\u00edamos enormemente su ayuda para completarla. Esto ayudar\u00e1 a mejorar la calidad de nuestros recursos y a comprender mejor c\u00f3mo se est\u00e1n utilizando.<\/p>\n<p><a href=\"https:\/\/cloud.perma.earth\/index.php\/apps\/forms\/s\/46if5A4NkE8nPHNDk4ZGarNL\">Complete la encuesta aqu\u00ed. <\/a><\/p>\n<\/div>","protected":false},"excerpt":{"rendered":"<p>A series of open source tool demonstrations as part of the IOT project! These sessions will showcase tools designed to help self-organizing teams and team members work more efficiently. IOT &#8211; Episode 1 &#8211; Cal.com Open Source Appointment Scheduler. IOT &#8211; Episode 2 &#8211; Cryptpad Open Source Collaborative Suite IOT &#8211; Episode 3 &#8211; Nextcloud [&hellip;]<\/p>\n","protected":false},"featured_media":8973,"comment_status":"closed","ping_status":"closed","template":"","meta":{"_acf_changed":false,"_et_pb_use_builder":"","_et_pb_old_content":"","_et_gb_content_width":""},"product_brand":[],"product_cat":[193,271],"product_tag":[],"class_list":{"0":"post-7591","1":"product","2":"type-product","3":"status-publish","4":"has-post-thumbnail","6":"product_cat-next-steps-project","7":"product_cat-research-case-study","9":"first","10":"instock","11":"shipping-taxable","12":"product-type-simple"},"acf":[],"featured_image_urls":{"full":["https:\/\/perma.earth\/wp-content\/uploads\/2026\/03\/Copy-of-wordpress-plus1.jpg",800,800,false],"thumbnail":["https:\/\/perma.earth\/wp-content\/uploads\/2026\/03\/Copy-of-wordpress-plus1-150x150.jpg",150,150,true],"medium":["https:\/\/perma.earth\/wp-content\/uploads\/2026\/03\/Copy-of-wordpress-plus1-300x300.jpg",300,300,true],"medium_large":["https:\/\/perma.earth\/wp-content\/uploads\/2026\/03\/Copy-of-wordpress-plus1-768x768.jpg",768,768,true],"large":["https:\/\/perma.earth\/wp-content\/uploads\/2026\/03\/Copy-of-wordpress-plus1.jpg",800,800,false],"1536x1536":["https:\/\/perma.earth\/wp-content\/uploads\/2026\/03\/Copy-of-wordpress-plus1.jpg",800,800,false],"2048x2048":["https:\/\/perma.earth\/wp-content\/uploads\/2026\/03\/Copy-of-wordpress-plus1.jpg",800,800,false],"trp-custom-language-flag":["https:\/\/perma.earth\/wp-content\/uploads\/2026\/03\/Copy-of-wordpress-plus1-12x12.jpg",12,12,true],"et-pb-post-main-image":["https:\/\/perma.earth\/wp-content\/uploads\/2026\/03\/Copy-of-wordpress-plus1-400x250.jpg",400,250,true],"et-pb-post-main-image-fullwidth":["https:\/\/perma.earth\/wp-content\/uploads\/2026\/03\/Copy-of-wordpress-plus1-800x675.jpg",800,675,true],"et-pb-portfolio-image":["https:\/\/perma.earth\/wp-content\/uploads\/2026\/03\/Copy-of-wordpress-plus1-400x284.jpg",400,284,true],"et-pb-portfolio-module-image":["https:\/\/perma.earth\/wp-content\/uploads\/2026\/03\/Copy-of-wordpress-plus1-510x382.jpg",510,382,true],"et-pb-portfolio-image-single":["https:\/\/perma.earth\/wp-content\/uploads\/2026\/03\/Copy-of-wordpress-plus1.jpg",800,800,false],"et-pb-gallery-module-image-portrait":["https:\/\/perma.earth\/wp-content\/uploads\/2026\/03\/Copy-of-wordpress-plus1-400x516.jpg",400,516,true],"et-pb-post-main-image-fullwidth-large":["https:\/\/perma.earth\/wp-content\/uploads\/2026\/03\/Copy-of-wordpress-plus1.jpg",800,800,false],"et-pb-image--responsive--desktop":["https:\/\/perma.earth\/wp-content\/uploads\/2026\/03\/Copy-of-wordpress-plus1.jpg",720,720,false],"et-pb-image--responsive--tablet":["https:\/\/perma.earth\/wp-content\/uploads\/2026\/03\/Copy-of-wordpress-plus1.jpg",551,551,false],"et-pb-image--responsive--phone":["https:\/\/perma.earth\/wp-content\/uploads\/2026\/03\/Copy-of-wordpress-plus1-480x480.jpg",270,270,true],"mailpoet_newsletter_max":["https:\/\/perma.earth\/wp-content\/uploads\/2026\/03\/Copy-of-wordpress-plus1.jpg",800,800,false],"woocommerce_thumbnail":["https:\/\/perma.earth\/wp-content\/uploads\/2026\/03\/Copy-of-wordpress-plus1-300x300.jpg",300,300,true],"woocommerce_single":["https:\/\/perma.earth\/wp-content\/uploads\/2026\/03\/Copy-of-wordpress-plus1-600x600.jpg",600,600,true],"woocommerce_gallery_thumbnail":["https:\/\/perma.earth\/wp-content\/uploads\/2026\/03\/Copy-of-wordpress-plus1-100x100.jpg",100,100,true]},"post_excerpt_stackable":"<p>A series of open source tool demonstrations as part of the IOT project! These sessions will showcase tools designed to help self-organizing teams and team members work more efficiently. IOT &#8211; Episode 1 &#8211; Cal.com Open Source Appointment Scheduler. IOT &#8211; Episode 2 &#8211; Cryptpad Open Source Collaborative Suite IOT &#8211; Episode 3 &#8211; Nextcloud Forms IOT &#8211; Episode 4 &#8211; Nextcloud Deck &amp; Tasks IOT &#8211; Episode 5 &#8211; Proton mail &amp; other apps IOT &#8211; Episode 6 &#8211; Signal end to end encrypted messenger IOT &#8211; Episode 7 &#8211; Element sovereign and secure communications platform for communities These&hellip;<\/p>\n","category_list":"","author_info":{"name":"","url":""},"comments_num":"0 comentarios","featured_image_urls_v2":{"full":["https:\/\/perma.earth\/wp-content\/uploads\/2026\/03\/Copy-of-wordpress-plus1.jpg",800,800,false],"thumbnail":["https:\/\/perma.earth\/wp-content\/uploads\/2026\/03\/Copy-of-wordpress-plus1-150x150.jpg",150,150,true],"medium":["https:\/\/perma.earth\/wp-content\/uploads\/2026\/03\/Copy-of-wordpress-plus1-300x300.jpg",300,300,true],"medium_large":["https:\/\/perma.earth\/wp-content\/uploads\/2026\/03\/Copy-of-wordpress-plus1-768x768.jpg",768,768,true],"large":["https:\/\/perma.earth\/wp-content\/uploads\/2026\/03\/Copy-of-wordpress-plus1.jpg",800,800,false],"1536x1536":["https:\/\/perma.earth\/wp-content\/uploads\/2026\/03\/Copy-of-wordpress-plus1.jpg",800,800,false],"2048x2048":["https:\/\/perma.earth\/wp-content\/uploads\/2026\/03\/Copy-of-wordpress-plus1.jpg",800,800,false],"trp-custom-language-flag":["https:\/\/perma.earth\/wp-content\/uploads\/2026\/03\/Copy-of-wordpress-plus1-12x12.jpg",12,12,true],"et-pb-post-main-image":["https:\/\/perma.earth\/wp-content\/uploads\/2026\/03\/Copy-of-wordpress-plus1-400x250.jpg",400,250,true],"et-pb-post-main-image-fullwidth":["https:\/\/perma.earth\/wp-content\/uploads\/2026\/03\/Copy-of-wordpress-plus1-800x675.jpg",800,675,true],"et-pb-portfolio-image":["https:\/\/perma.earth\/wp-content\/uploads\/2026\/03\/Copy-of-wordpress-plus1-400x284.jpg",400,284,true],"et-pb-portfolio-module-image":["https:\/\/perma.earth\/wp-content\/uploads\/2026\/03\/Copy-of-wordpress-plus1-510x382.jpg",510,382,true],"et-pb-portfolio-image-single":["https:\/\/perma.earth\/wp-content\/uploads\/2026\/03\/Copy-of-wordpress-plus1.jpg",800,800,false],"et-pb-gallery-module-image-portrait":["https:\/\/perma.earth\/wp-content\/uploads\/2026\/03\/Copy-of-wordpress-plus1-400x516.jpg",400,516,true],"et-pb-post-main-image-fullwidth-large":["https:\/\/perma.earth\/wp-content\/uploads\/2026\/03\/Copy-of-wordpress-plus1.jpg",800,800,false],"et-pb-image--responsive--desktop":["https:\/\/perma.earth\/wp-content\/uploads\/2026\/03\/Copy-of-wordpress-plus1.jpg",720,720,false],"et-pb-image--responsive--tablet":["https:\/\/perma.earth\/wp-content\/uploads\/2026\/03\/Copy-of-wordpress-plus1.jpg",551,551,false],"et-pb-image--responsive--phone":["https:\/\/perma.earth\/wp-content\/uploads\/2026\/03\/Copy-of-wordpress-plus1-480x480.jpg",270,270,true],"mailpoet_newsletter_max":["https:\/\/perma.earth\/wp-content\/uploads\/2026\/03\/Copy-of-wordpress-plus1.jpg",800,800,false],"woocommerce_thumbnail":["https:\/\/perma.earth\/wp-content\/uploads\/2026\/03\/Copy-of-wordpress-plus1-300x300.jpg",300,300,true],"woocommerce_single":["https:\/\/perma.earth\/wp-content\/uploads\/2026\/03\/Copy-of-wordpress-plus1-600x600.jpg",600,600,true],"woocommerce_gallery_thumbnail":["https:\/\/perma.earth\/wp-content\/uploads\/2026\/03\/Copy-of-wordpress-plus1-100x100.jpg",100,100,true]},"post_excerpt_stackable_v2":"<p>A series of open source tool demonstrations as part of the IOT project! These sessions will showcase tools designed to help self-organizing teams and team members work more efficiently. IOT &#8211; Episode 1 &#8211; Cal.com Open Source Appointment Scheduler. IOT &#8211; Episode 2 &#8211; Cryptpad Open Source Collaborative Suite IOT &#8211; Episode 3 &#8211; Nextcloud Forms IOT &#8211; Episode 4 &#8211; Nextcloud Deck &amp; Tasks IOT &#8211; Episode 5 &#8211; Proton mail &amp; other apps IOT &#8211; Episode 6 &#8211; Signal end to end encrypted messenger IOT &#8211; Episode 7 &#8211; Element sovereign and secure communications platform for communities These&hellip;<\/p>\n","category_list_v2":"","author_info_v2":{"name":"","url":""},"comments_num_v2":"0 comentarios","_links":{"self":[{"href":"https:\/\/perma.earth\/es\/wp-json\/wp\/v2\/product\/7591","targetHints":{"allow":["GET"]}}],"collection":[{"href":"https:\/\/perma.earth\/es\/wp-json\/wp\/v2\/product"}],"about":[{"href":"https:\/\/perma.earth\/es\/wp-json\/wp\/v2\/types\/product"}],"replies":[{"embeddable":true,"href":"https:\/\/perma.earth\/es\/wp-json\/wp\/v2\/comments?post=7591"}],"wp:featuredmedia":[{"embeddable":true,"href":"https:\/\/perma.earth\/es\/wp-json\/wp\/v2\/media\/8973"}],"wp:attachment":[{"href":"https:\/\/perma.earth\/es\/wp-json\/wp\/v2\/media?parent=7591"}],"wp:term":[{"taxonomy":"product_brand","embeddable":true,"href":"https:\/\/perma.earth\/es\/wp-json\/wp\/v2\/product_brand?post=7591"},{"taxonomy":"product_cat","embeddable":true,"href":"https:\/\/perma.earth\/es\/wp-json\/wp\/v2\/product_cat?post=7591"},{"taxonomy":"product_tag","embeddable":true,"href":"https:\/\/perma.earth\/es\/wp-json\/wp\/v2\/product_tag?post=7591"}],"curies":[{"name":"wp","href":"https:\/\/api.w.org\/{rel}","templated":true}]}}