{"id":7603,"date":"2025-01-07T12:42:54","date_gmt":"2025-01-07T12:42:54","guid":{"rendered":"https:\/\/perma.earth\/?post_type=product&#038;p=7603"},"modified":"2026-03-23T21:11:15","modified_gmt":"2026-03-23T21:11:15","slug":"wired-differently-neurodivergence-training-objective-report","status":"publish","type":"product","link":"https:\/\/perma.earth\/es\/product\/wired-differently-neurodivergence-training-objective-report\/","title":{"rendered":"Cableado diferente: Informe sobre el objetivo de formaci\u00f3n en neurodivergencia"},"content":{"rendered":"<p>Siobhan Vida Ashmole y Jyotsna Maan fueron financiadas a trav\u00e9s de canales separados para asistir a \u201cWired Differently: Creating a Team Culture Where All Minds Can Thrive\u201d. Este curso, impartido por Lana Jelenjev, se present\u00f3 como una forma de crear espacios m\u00e1s inclusivos para personas y equipos neurodiversos en el lugar de trabajo. Yo (Siobhan) qued\u00e9 tan impresionada por el webinar inicial de bienvenida de Lana, y hab\u00eda escrito un art\u00edculo para CoLab sobre lo que hab\u00eda aprendido, que luego fui invitada a asistir al curso completo con una beca. Esta gu\u00eda intenta capturar las herramientas, la teor\u00eda y las pr\u00e1cticas m\u00e1s esenciales ofrecidas a trav\u00e9s del curso, representando una secci\u00f3n transversal de las \u2018mejores pr\u00e1cticas\u2019 del campo de una variedad de acad\u00e9micos, organizaciones de base y profesionales de la psicolog\u00eda.<\/p>\n<p>Este no es mi pensamiento original, aunque ofrezco algo de contexto\/interpretaci\u00f3n para los espacios autoorganizados dentro de la lente de las \u00e9ticas de la permacultura. Encuentro esto importante especialmente ya que los problemas que se presentan ocurren dentro del contexto de los sistemas en los que vivimos.<\/p>\n<p>Lo ofrecemos aqu\u00ed con la esperanza de que le inspire a explorar y utilizar algunas de las t\u00e9cnicas descritas para aportar mayor inclusi\u00f3n a sus propios equipos, vida laboral y cultura organizacional.<\/p>\n<p>Este documento fue producido por Siobhan Vida Ashmole como parte del <a href=\"https:\/\/perma.earth\/es\/project\/inclusive-organisational-technology-research\/\">Equipo de IoT.<\/a> Este trabajo fue financiado por la <a href=\"https:\/\/perma.earth\/es\/project\/next-steps-project\/\">Pr\u00f3ximos Pasos del Proyecto<\/a> como parte del <a href=\"https:\/\/perma.earth\/es\/\">Laboratorio Internacional de Permacultura. <\/a><\/p>","protected":false},"excerpt":{"rendered":"<p>Siobhan Vida Ashmole, and Jyotsna Maan were funded through separate channels to attend \u201cWired Differently: Creating a Team Culture Where All Minds Can Thrive\u201d. This course, hosted by Lana Jelenjev, was pitched as a way to create more inclusive spaces for neurodiverse individuals and teams in the workplace. I (Siobhan) was so impressed by Lana\u2019s [&hellip;]<\/p>\n","protected":false},"featured_media":8973,"comment_status":"closed","ping_status":"closed","template":"","meta":{"_acf_changed":false,"_et_pb_use_builder":"","_et_pb_old_content":"","_et_gb_content_width":""},"product_brand":[],"product_cat":[193,271],"product_tag":[],"class_list":{"0":"post-7603","1":"product","2":"type-product","3":"status-publish","4":"has-post-thumbnail","6":"product_cat-next-steps-project","7":"product_cat-research-case-study","9":"first","10":"instock","11":"downloadable","12":"shipping-taxable","13":"purchasable","14":"product-type-simple"},"acf":[],"featured_image_urls":{"full":["https:\/\/perma.earth\/wp-content\/uploads\/2026\/03\/Copy-of-wordpress-plus1.jpg",800,800,false],"thumbnail":["https:\/\/perma.earth\/wp-content\/uploads\/2026\/03\/Copy-of-wordpress-plus1-150x150.jpg",150,150,true],"medium":["https:\/\/perma.earth\/wp-content\/uploads\/2026\/03\/Copy-of-wordpress-plus1-300x300.jpg",300,300,true],"medium_large":["https:\/\/perma.earth\/wp-content\/uploads\/2026\/03\/Copy-of-wordpress-plus1-768x768.jpg",768,768,true],"large":["https:\/\/perma.earth\/wp-content\/uploads\/2026\/03\/Copy-of-wordpress-plus1.jpg",800,800,false],"1536x1536":["https:\/\/perma.earth\/wp-content\/uploads\/2026\/03\/Copy-of-wordpress-plus1.jpg",800,800,false],"2048x2048":["https:\/\/perma.earth\/wp-content\/uploads\/2026\/03\/Copy-of-wordpress-plus1.jpg",800,800,false],"trp-custom-language-flag":["https:\/\/perma.earth\/wp-content\/uploads\/2026\/03\/Copy-of-wordpress-plus1-12x12.jpg",12,12,true],"et-pb-post-main-image":["https:\/\/perma.earth\/wp-content\/uploads\/2026\/03\/Copy-of-wordpress-plus1-400x250.jpg",400,250,true],"et-pb-post-main-image-fullwidth":["https:\/\/perma.earth\/wp-content\/uploads\/2026\/03\/Copy-of-wordpress-plus1-800x675.jpg",800,675,true],"et-pb-portfolio-image":["https:\/\/perma.earth\/wp-content\/uploads\/2026\/03\/Copy-of-wordpress-plus1-400x284.jpg",400,284,true],"et-pb-portfolio-module-image":["https:\/\/perma.earth\/wp-content\/uploads\/2026\/03\/Copy-of-wordpress-plus1-510x382.jpg",510,382,true],"et-pb-portfolio-image-single":["https:\/\/perma.earth\/wp-content\/uploads\/2026\/03\/Copy-of-wordpress-plus1.jpg",800,800,false],"et-pb-gallery-module-image-portrait":["https:\/\/perma.earth\/wp-content\/uploads\/2026\/03\/Copy-of-wordpress-plus1-400x516.jpg",400,516,true],"et-pb-post-main-image-fullwidth-large":["https:\/\/perma.earth\/wp-content\/uploads\/2026\/03\/Copy-of-wordpress-plus1.jpg",800,800,false],"et-pb-image--responsive--desktop":["https:\/\/perma.earth\/wp-content\/uploads\/2026\/03\/Copy-of-wordpress-plus1.jpg",720,720,false],"et-pb-image--responsive--tablet":["https:\/\/perma.earth\/wp-content\/uploads\/2026\/03\/Copy-of-wordpress-plus1.jpg",551,551,false],"et-pb-image--responsive--phone":["https:\/\/perma.earth\/wp-content\/uploads\/2026\/03\/Copy-of-wordpress-plus1-480x480.jpg",270,270,true],"mailpoet_newsletter_max":["https:\/\/perma.earth\/wp-content\/uploads\/2026\/03\/Copy-of-wordpress-plus1.jpg",800,800,false],"woocommerce_thumbnail":["https:\/\/perma.earth\/wp-content\/uploads\/2026\/03\/Copy-of-wordpress-plus1-300x300.jpg",300,300,true],"woocommerce_single":["https:\/\/perma.earth\/wp-content\/uploads\/2026\/03\/Copy-of-wordpress-plus1-600x600.jpg",600,600,true],"woocommerce_gallery_thumbnail":["https:\/\/perma.earth\/wp-content\/uploads\/2026\/03\/Copy-of-wordpress-plus1-100x100.jpg",100,100,true]},"post_excerpt_stackable":"<p>Siobhan Vida Ashmole, and Jyotsna Maan were funded through separate channels to attend \u201cWired Differently: Creating a Team Culture Where All Minds Can Thrive\u201d. This course, hosted by Lana Jelenjev, was pitched as a way to create more inclusive spaces for neurodiverse individuals and teams in the workplace. I (Siobhan) was so impressed by Lana\u2019s initial welcoming webinar, and had written an article for the CoLab on my learnings, and was then invited to attend the full course on a scholarship. This guide attempts to capture the most essential tools, theory and practices offered through the course, representing a cross&hellip;<\/p>\n","category_list":"","author_info":{"name":"","url":""},"comments_num":"0 comentarios","featured_image_urls_v2":{"full":["https:\/\/perma.earth\/wp-content\/uploads\/2026\/03\/Copy-of-wordpress-plus1.jpg",800,800,false],"thumbnail":["https:\/\/perma.earth\/wp-content\/uploads\/2026\/03\/Copy-of-wordpress-plus1-150x150.jpg",150,150,true],"medium":["https:\/\/perma.earth\/wp-content\/uploads\/2026\/03\/Copy-of-wordpress-plus1-300x300.jpg",300,300,true],"medium_large":["https:\/\/perma.earth\/wp-content\/uploads\/2026\/03\/Copy-of-wordpress-plus1-768x768.jpg",768,768,true],"large":["https:\/\/perma.earth\/wp-content\/uploads\/2026\/03\/Copy-of-wordpress-plus1.jpg",800,800,false],"1536x1536":["https:\/\/perma.earth\/wp-content\/uploads\/2026\/03\/Copy-of-wordpress-plus1.jpg",800,800,false],"2048x2048":["https:\/\/perma.earth\/wp-content\/uploads\/2026\/03\/Copy-of-wordpress-plus1.jpg",800,800,false],"trp-custom-language-flag":["https:\/\/perma.earth\/wp-content\/uploads\/2026\/03\/Copy-of-wordpress-plus1-12x12.jpg",12,12,true],"et-pb-post-main-image":["https:\/\/perma.earth\/wp-content\/uploads\/2026\/03\/Copy-of-wordpress-plus1-400x250.jpg",400,250,true],"et-pb-post-main-image-fullwidth":["https:\/\/perma.earth\/wp-content\/uploads\/2026\/03\/Copy-of-wordpress-plus1-800x675.jpg",800,675,true],"et-pb-portfolio-image":["https:\/\/perma.earth\/wp-content\/uploads\/2026\/03\/Copy-of-wordpress-plus1-400x284.jpg",400,284,true],"et-pb-portfolio-module-image":["https:\/\/perma.earth\/wp-content\/uploads\/2026\/03\/Copy-of-wordpress-plus1-510x382.jpg",510,382,true],"et-pb-portfolio-image-single":["https:\/\/perma.earth\/wp-content\/uploads\/2026\/03\/Copy-of-wordpress-plus1.jpg",800,800,false],"et-pb-gallery-module-image-portrait":["https:\/\/perma.earth\/wp-content\/uploads\/2026\/03\/Copy-of-wordpress-plus1-400x516.jpg",400,516,true],"et-pb-post-main-image-fullwidth-large":["https:\/\/perma.earth\/wp-content\/uploads\/2026\/03\/Copy-of-wordpress-plus1.jpg",800,800,false],"et-pb-image--responsive--desktop":["https:\/\/perma.earth\/wp-content\/uploads\/2026\/03\/Copy-of-wordpress-plus1.jpg",720,720,false],"et-pb-image--responsive--tablet":["https:\/\/perma.earth\/wp-content\/uploads\/2026\/03\/Copy-of-wordpress-plus1.jpg",551,551,false],"et-pb-image--responsive--phone":["https:\/\/perma.earth\/wp-content\/uploads\/2026\/03\/Copy-of-wordpress-plus1-480x480.jpg",270,270,true],"mailpoet_newsletter_max":["https:\/\/perma.earth\/wp-content\/uploads\/2026\/03\/Copy-of-wordpress-plus1.jpg",800,800,false],"woocommerce_thumbnail":["https:\/\/perma.earth\/wp-content\/uploads\/2026\/03\/Copy-of-wordpress-plus1-300x300.jpg",300,300,true],"woocommerce_single":["https:\/\/perma.earth\/wp-content\/uploads\/2026\/03\/Copy-of-wordpress-plus1-600x600.jpg",600,600,true],"woocommerce_gallery_thumbnail":["https:\/\/perma.earth\/wp-content\/uploads\/2026\/03\/Copy-of-wordpress-plus1-100x100.jpg",100,100,true]},"post_excerpt_stackable_v2":"<p>Siobhan Vida Ashmole, and Jyotsna Maan were funded through separate channels to attend \u201cWired Differently: Creating a Team Culture Where All Minds Can Thrive\u201d. This course, hosted by Lana Jelenjev, was pitched as a way to create more inclusive spaces for neurodiverse individuals and teams in the workplace. I (Siobhan) was so impressed by Lana\u2019s initial welcoming webinar, and had written an article for the CoLab on my learnings, and was then invited to attend the full course on a scholarship. This guide attempts to capture the most essential tools, theory and practices offered through the course, representing a cross&hellip;<\/p>\n","category_list_v2":"","author_info_v2":{"name":"","url":""},"comments_num_v2":"0 comentarios","_links":{"self":[{"href":"https:\/\/perma.earth\/es\/wp-json\/wp\/v2\/product\/7603","targetHints":{"allow":["GET"]}}],"collection":[{"href":"https:\/\/perma.earth\/es\/wp-json\/wp\/v2\/product"}],"about":[{"href":"https:\/\/perma.earth\/es\/wp-json\/wp\/v2\/types\/product"}],"replies":[{"embeddable":true,"href":"https:\/\/perma.earth\/es\/wp-json\/wp\/v2\/comments?post=7603"}],"wp:featuredmedia":[{"embeddable":true,"href":"https:\/\/perma.earth\/es\/wp-json\/wp\/v2\/media\/8973"}],"wp:attachment":[{"href":"https:\/\/perma.earth\/es\/wp-json\/wp\/v2\/media?parent=7603"}],"wp:term":[{"taxonomy":"product_brand","embeddable":true,"href":"https:\/\/perma.earth\/es\/wp-json\/wp\/v2\/product_brand?post=7603"},{"taxonomy":"product_cat","embeddable":true,"href":"https:\/\/perma.earth\/es\/wp-json\/wp\/v2\/product_cat?post=7603"},{"taxonomy":"product_tag","embeddable":true,"href":"https:\/\/perma.earth\/es\/wp-json\/wp\/v2\/product_tag?post=7603"}],"curies":[{"name":"wp","href":"https:\/\/api.w.org\/{rel}","templated":true}]}}