{"id":8462,"date":"2025-10-24T13:07:52","date_gmt":"2025-10-24T13:07:52","guid":{"rendered":"https:\/\/perma.earth\/?post_type=product&#038;p=8462"},"modified":"2026-04-20T14:32:15","modified_gmt":"2026-04-20T14:32:15","slug":"diversity-decolonization-community-pot-information-session-presentation","status":"publish","type":"product","link":"https:\/\/perma.earth\/es\/product\/diversity-decolonization-community-pot-information-session-presentation\/","title":{"rendered":"Olla comunitaria de diversidad y descolonizaci\u00f3n: presentaci\u00f3n de la sesi\u00f3n informativa"},"content":{"rendered":"<p>Una presentaci\u00f3n en PDF ilustrada de 7 p\u00e1ginas creada por Siobhan Vida Ashmole para el Equipo Comunitario de Diversidad y Descolonizaci\u00f3n. La presentaci\u00f3n explica el prop\u00f3sito, el alcance y el proceso de solicitud para el Fondo Comunitario de Diversidad y Descolonizaci\u00f3n, incluyendo los tipos de financiaci\u00f3n (subvenciones y estipendios), los criterios de elegibilidad y consejos para solicitudes s\u00f3lidas.<\/p>\n<p>Esta presentaci\u00f3n sirve como una gu\u00eda clara y accesible para los miembros de CoLab y la red de permacultura en general, para comprender y solicitar el Fondo Comunitario de Diversidad y Descolonizaci\u00f3n. El formato visual lo hace muy adecuado para talleres, sesiones informativas en l\u00ednea y para incorporar a nuevos miembros en las oportunidades de financiaci\u00f3n.<\/p>\n<p>Este documento ha sido elaborado por el <a href=\"https:\/\/perma.earth\/es\/project\/diversity-and-decolonization-community-pot\/\">Diversidad y descolonizaci\u00f3n<\/a> equipo. Este trabajo ha sido financiado por el <a href=\"https:\/\/perma.earth\/es\/project\/next-steps-project\/\">Pr\u00f3ximos Pasos del Proyecto<\/a> como parte del <a href=\"https:\/\/perma.earth\/es\/\">Laboratorio Internacional de Permacultura.<\/a><\/p>\n<p>&nbsp;<\/p>\n<div id=\"meta-origin\" data-coolorigin=\"https%3A%2F%2Fcollabora.collective.tools%2Fcool%2Fclipboard%3FWOPISrc%3Dhttps%253A%252F%252Fcloud.perma.earth%252Findex.php%252Fapps%252Frichdocuments%252Fwopi%252Ffiles%252F1090528_ocrwh2195e7x%26ServerId%3D74d25f04%26ViewId%3D5%26Tag%3D9e0d9029c8d23a32\">\n<p>Hemos creado una breve encuesta para las personas que descargan nuestros recursos. Si tiene un par de minutos, agradecer\u00edamos enormemente su ayuda para completarla. Esto ayudar\u00e1 a mejorar la calidad de nuestros recursos y a comprender mejor c\u00f3mo se est\u00e1n utilizando.<\/p>\n<p><a href=\"https:\/\/cloud.perma.earth\/index.php\/apps\/forms\/s\/46if5A4NkE8nPHNDk4ZGarNL\">Complete la encuesta aqu\u00ed. <\/a><\/p>\n<\/div>","protected":false},"excerpt":{"rendered":"<p>A 7-page illustrated PDF presentation created by Siobhan Vida Ashmole for the Diversity &amp; Decolonization Community Team. The presentation explains the purpose, scope, and application process for the Diversity &amp; Decolonization Community Pot, including funding types (grants and stipends), eligibility criteria, and tips for strong applications. This presentation serves as a clear, accessible guide for [&hellip;]<\/p>\n","protected":false},"featured_media":8972,"comment_status":"closed","ping_status":"closed","template":"","meta":{"_acf_changed":false,"_et_pb_use_builder":"off","_et_pb_old_content":"A 7-page illustrated PDF presentation created by Siobhan Vida Ashmole for the Diversity & Decolonization Community Team. The presentation explains the purpose, scope, and application process for the Diversity & Decolonization Community Pot, including funding types (grants and stipends), eligibility criteria, and tips for strong applications.\r\n\r\nThis presentation serves as a clear, accessible guide for CoLab members and the wider permaculture network to understand and apply for Diversity & Decolonization Community Pot. The visual format makes it well-suited for workshops, online info sessions, and onboarding new members to funding opportunities. ","_et_gb_content_width":""},"product_brand":[],"product_cat":[192,193],"product_tag":[],"class_list":{"0":"post-8462","1":"product","2":"type-product","3":"status-publish","4":"has-post-thumbnail","6":"product_cat-community-organisation-templates","7":"product_cat-next-steps-project","9":"first","10":"instock","11":"downloadable","12":"shipping-taxable","13":"purchasable","14":"product-type-simple"},"acf":[],"featured_image_urls":{"full":["https:\/\/perma.earth\/wp-content\/uploads\/2026\/03\/Copy-of-wordpress-plus2.jpg",800,800,false],"thumbnail":["https:\/\/perma.earth\/wp-content\/uploads\/2026\/03\/Copy-of-wordpress-plus2-150x150.jpg",150,150,true],"medium":["https:\/\/perma.earth\/wp-content\/uploads\/2026\/03\/Copy-of-wordpress-plus2-300x300.jpg",300,300,true],"medium_large":["https:\/\/perma.earth\/wp-content\/uploads\/2026\/03\/Copy-of-wordpress-plus2-768x768.jpg",768,768,true],"large":["https:\/\/perma.earth\/wp-content\/uploads\/2026\/03\/Copy-of-wordpress-plus2.jpg",800,800,false],"1536x1536":["https:\/\/perma.earth\/wp-content\/uploads\/2026\/03\/Copy-of-wordpress-plus2.jpg",800,800,false],"2048x2048":["https:\/\/perma.earth\/wp-content\/uploads\/2026\/03\/Copy-of-wordpress-plus2.jpg",800,800,false],"trp-custom-language-flag":["https:\/\/perma.earth\/wp-content\/uploads\/2026\/03\/Copy-of-wordpress-plus2-12x12.jpg",12,12,true],"et-pb-post-main-image":["https:\/\/perma.earth\/wp-content\/uploads\/2026\/03\/Copy-of-wordpress-plus2-400x250.jpg",400,250,true],"et-pb-post-main-image-fullwidth":["https:\/\/perma.earth\/wp-content\/uploads\/2026\/03\/Copy-of-wordpress-plus2-800x675.jpg",800,675,true],"et-pb-portfolio-image":["https:\/\/perma.earth\/wp-content\/uploads\/2026\/03\/Copy-of-wordpress-plus2-400x284.jpg",400,284,true],"et-pb-portfolio-module-image":["https:\/\/perma.earth\/wp-content\/uploads\/2026\/03\/Copy-of-wordpress-plus2-510x382.jpg",510,382,true],"et-pb-portfolio-image-single":["https:\/\/perma.earth\/wp-content\/uploads\/2026\/03\/Copy-of-wordpress-plus2.jpg",800,800,false],"et-pb-gallery-module-image-portrait":["https:\/\/perma.earth\/wp-content\/uploads\/2026\/03\/Copy-of-wordpress-plus2-400x516.jpg",400,516,true],"et-pb-post-main-image-fullwidth-large":["https:\/\/perma.earth\/wp-content\/uploads\/2026\/03\/Copy-of-wordpress-plus2.jpg",800,800,false],"et-pb-image--responsive--desktop":["https:\/\/perma.earth\/wp-content\/uploads\/2026\/03\/Copy-of-wordpress-plus2.jpg",720,720,false],"et-pb-image--responsive--tablet":["https:\/\/perma.earth\/wp-content\/uploads\/2026\/03\/Copy-of-wordpress-plus2.jpg",551,551,false],"et-pb-image--responsive--phone":["https:\/\/perma.earth\/wp-content\/uploads\/2026\/03\/Copy-of-wordpress-plus2-480x480.jpg",270,270,true],"mailpoet_newsletter_max":["https:\/\/perma.earth\/wp-content\/uploads\/2026\/03\/Copy-of-wordpress-plus2.jpg",800,800,false],"woocommerce_thumbnail":["https:\/\/perma.earth\/wp-content\/uploads\/2026\/03\/Copy-of-wordpress-plus2-300x300.jpg",300,300,true],"woocommerce_single":["https:\/\/perma.earth\/wp-content\/uploads\/2026\/03\/Copy-of-wordpress-plus2-600x600.jpg",600,600,true],"woocommerce_gallery_thumbnail":["https:\/\/perma.earth\/wp-content\/uploads\/2026\/03\/Copy-of-wordpress-plus2-100x100.jpg",100,100,true]},"post_excerpt_stackable":"<p>A 7-page illustrated PDF presentation created by Siobhan Vida Ashmole for the Diversity &amp; Decolonization Community Team. The presentation explains the purpose, scope, and application process for the Diversity &amp; Decolonization Community Pot, including funding types (grants and stipends), eligibility criteria, and tips for strong applications. This presentation serves as a clear, accessible guide for CoLab members and the wider permaculture network to understand and apply for Diversity &amp; Decolonization Community Pot. The visual format makes it well-suited for workshops, online info sessions, and onboarding new members to funding opportunities. This document was produced by the Diversity and Decolonisation Community&hellip;<\/p>\n","category_list":"","author_info":{"name":"","url":""},"comments_num":"0 comentarios","featured_image_urls_v2":{"full":["https:\/\/perma.earth\/wp-content\/uploads\/2026\/03\/Copy-of-wordpress-plus2.jpg",800,800,false],"thumbnail":["https:\/\/perma.earth\/wp-content\/uploads\/2026\/03\/Copy-of-wordpress-plus2-150x150.jpg",150,150,true],"medium":["https:\/\/perma.earth\/wp-content\/uploads\/2026\/03\/Copy-of-wordpress-plus2-300x300.jpg",300,300,true],"medium_large":["https:\/\/perma.earth\/wp-content\/uploads\/2026\/03\/Copy-of-wordpress-plus2-768x768.jpg",768,768,true],"large":["https:\/\/perma.earth\/wp-content\/uploads\/2026\/03\/Copy-of-wordpress-plus2.jpg",800,800,false],"1536x1536":["https:\/\/perma.earth\/wp-content\/uploads\/2026\/03\/Copy-of-wordpress-plus2.jpg",800,800,false],"2048x2048":["https:\/\/perma.earth\/wp-content\/uploads\/2026\/03\/Copy-of-wordpress-plus2.jpg",800,800,false],"trp-custom-language-flag":["https:\/\/perma.earth\/wp-content\/uploads\/2026\/03\/Copy-of-wordpress-plus2-12x12.jpg",12,12,true],"et-pb-post-main-image":["https:\/\/perma.earth\/wp-content\/uploads\/2026\/03\/Copy-of-wordpress-plus2-400x250.jpg",400,250,true],"et-pb-post-main-image-fullwidth":["https:\/\/perma.earth\/wp-content\/uploads\/2026\/03\/Copy-of-wordpress-plus2-800x675.jpg",800,675,true],"et-pb-portfolio-image":["https:\/\/perma.earth\/wp-content\/uploads\/2026\/03\/Copy-of-wordpress-plus2-400x284.jpg",400,284,true],"et-pb-portfolio-module-image":["https:\/\/perma.earth\/wp-content\/uploads\/2026\/03\/Copy-of-wordpress-plus2-510x382.jpg",510,382,true],"et-pb-portfolio-image-single":["https:\/\/perma.earth\/wp-content\/uploads\/2026\/03\/Copy-of-wordpress-plus2.jpg",800,800,false],"et-pb-gallery-module-image-portrait":["https:\/\/perma.earth\/wp-content\/uploads\/2026\/03\/Copy-of-wordpress-plus2-400x516.jpg",400,516,true],"et-pb-post-main-image-fullwidth-large":["https:\/\/perma.earth\/wp-content\/uploads\/2026\/03\/Copy-of-wordpress-plus2.jpg",800,800,false],"et-pb-image--responsive--desktop":["https:\/\/perma.earth\/wp-content\/uploads\/2026\/03\/Copy-of-wordpress-plus2.jpg",720,720,false],"et-pb-image--responsive--tablet":["https:\/\/perma.earth\/wp-content\/uploads\/2026\/03\/Copy-of-wordpress-plus2.jpg",551,551,false],"et-pb-image--responsive--phone":["https:\/\/perma.earth\/wp-content\/uploads\/2026\/03\/Copy-of-wordpress-plus2-480x480.jpg",270,270,true],"mailpoet_newsletter_max":["https:\/\/perma.earth\/wp-content\/uploads\/2026\/03\/Copy-of-wordpress-plus2.jpg",800,800,false],"woocommerce_thumbnail":["https:\/\/perma.earth\/wp-content\/uploads\/2026\/03\/Copy-of-wordpress-plus2-300x300.jpg",300,300,true],"woocommerce_single":["https:\/\/perma.earth\/wp-content\/uploads\/2026\/03\/Copy-of-wordpress-plus2-600x600.jpg",600,600,true],"woocommerce_gallery_thumbnail":["https:\/\/perma.earth\/wp-content\/uploads\/2026\/03\/Copy-of-wordpress-plus2-100x100.jpg",100,100,true]},"post_excerpt_stackable_v2":"<p>A 7-page illustrated PDF presentation created by Siobhan Vida Ashmole for the Diversity &amp; Decolonization Community Team. The presentation explains the purpose, scope, and application process for the Diversity &amp; Decolonization Community Pot, including funding types (grants and stipends), eligibility criteria, and tips for strong applications. This presentation serves as a clear, accessible guide for CoLab members and the wider permaculture network to understand and apply for Diversity &amp; Decolonization Community Pot. The visual format makes it well-suited for workshops, online info sessions, and onboarding new members to funding opportunities. This document was produced by the Diversity and Decolonisation Community&hellip;<\/p>\n","category_list_v2":"","author_info_v2":{"name":"","url":""},"comments_num_v2":"0 comentarios","_links":{"self":[{"href":"https:\/\/perma.earth\/es\/wp-json\/wp\/v2\/product\/8462","targetHints":{"allow":["GET"]}}],"collection":[{"href":"https:\/\/perma.earth\/es\/wp-json\/wp\/v2\/product"}],"about":[{"href":"https:\/\/perma.earth\/es\/wp-json\/wp\/v2\/types\/product"}],"replies":[{"embeddable":true,"href":"https:\/\/perma.earth\/es\/wp-json\/wp\/v2\/comments?post=8462"}],"wp:featuredmedia":[{"embeddable":true,"href":"https:\/\/perma.earth\/es\/wp-json\/wp\/v2\/media\/8972"}],"wp:attachment":[{"href":"https:\/\/perma.earth\/es\/wp-json\/wp\/v2\/media?parent=8462"}],"wp:term":[{"taxonomy":"product_brand","embeddable":true,"href":"https:\/\/perma.earth\/es\/wp-json\/wp\/v2\/product_brand?post=8462"},{"taxonomy":"product_cat","embeddable":true,"href":"https:\/\/perma.earth\/es\/wp-json\/wp\/v2\/product_cat?post=8462"},{"taxonomy":"product_tag","embeddable":true,"href":"https:\/\/perma.earth\/es\/wp-json\/wp\/v2\/product_tag?post=8462"}],"curies":[{"name":"wp","href":"https:\/\/api.w.org\/{rel}","templated":true}]}}