{"id":8846,"date":"2026-03-06T12:52:05","date_gmt":"2026-03-06T12:52:05","guid":{"rendered":"https:\/\/perma.earth\/?post_type=product&#038;p=8846"},"modified":"2026-03-23T20:49:19","modified_gmt":"2026-03-23T20:49:19","slug":"community-owned-start-up-incubator-evaluation-form","status":"publish","type":"product","link":"https:\/\/perma.earth\/es\/product\/community-owned-start-up-incubator-evaluation-form\/","title":{"rendered":"Incubadora de empresas de propiedad comunitaria - Formulario de evaluaci\u00f3n"},"content":{"rendered":"<p>Esta es una hoja de trabajo para que las startups \u00e9ticas emergentes eval\u00faen su progreso en su viaje de desarrollo empresarial.<\/p>\n<p>El objetivo de esta hoja de trabajo es ayudar a las microempresas a identificar brechas y oportunidades para trasladar sus actividades hacia la sostenibilidad financiera.<\/p>\n<p>Cada secci\u00f3n incluye declaraciones que las microempresas discuten para establecer el nivel de verdad para el equipo. Esto.<\/p>\n<p><span style=\"font-size: small;\">Este trabajo fue posible gracias a la financiaci\u00f3n recibida del International Permaculture CoLab como parte del proyecto GROW. Formulario de Evaluaci\u00f3n COSI \u00a9 2026 por Aimee Fenech con licencia CC BY-SA 4.0. Para ver una copia de esta licencia, visite <a href=\"https:\/\/creativecommons.org\/licenses\/by-sa\/4.0\/\">https:\/\/creativecommons.org\/licenses\/by-sa\/4.0\/<\/a> <\/span><\/p>","protected":false},"excerpt":{"rendered":"<p>Esta es una hoja de trabajo para que las startups \u00e9ticas emergentes eval\u00faen su progreso en su viaje de desarrollo empresarial.<\/p>","protected":false},"featured_media":8983,"comment_status":"closed","ping_status":"closed","template":"","meta":{"_acf_changed":false,"_et_pb_use_builder":"","_et_pb_old_content":"","_et_gb_content_width":""},"product_brand":[],"product_cat":[281,280],"product_tag":[],"class_list":{"0":"post-8846","1":"product","2":"type-product","3":"status-publish","4":"has-post-thumbnail","6":"product_cat-grow-project","7":"product_cat-permaculture-enterprise","9":"first","10":"instock","11":"downloadable","12":"shipping-taxable","13":"purchasable","14":"product-type-simple"},"acf":[],"featured_image_urls":{"full":["https:\/\/perma.earth\/wp-content\/uploads\/2026\/03\/Copy-of-wordpress-plus4.jpg",800,800,false],"thumbnail":["https:\/\/perma.earth\/wp-content\/uploads\/2026\/03\/Copy-of-wordpress-plus4-150x150.jpg",150,150,true],"medium":["https:\/\/perma.earth\/wp-content\/uploads\/2026\/03\/Copy-of-wordpress-plus4-300x300.jpg",300,300,true],"medium_large":["https:\/\/perma.earth\/wp-content\/uploads\/2026\/03\/Copy-of-wordpress-plus4-768x768.jpg",768,768,true],"large":["https:\/\/perma.earth\/wp-content\/uploads\/2026\/03\/Copy-of-wordpress-plus4.jpg",800,800,false],"1536x1536":["https:\/\/perma.earth\/wp-content\/uploads\/2026\/03\/Copy-of-wordpress-plus4.jpg",800,800,false],"2048x2048":["https:\/\/perma.earth\/wp-content\/uploads\/2026\/03\/Copy-of-wordpress-plus4.jpg",800,800,false],"trp-custom-language-flag":["https:\/\/perma.earth\/wp-content\/uploads\/2026\/03\/Copy-of-wordpress-plus4-12x12.jpg",12,12,true],"et-pb-post-main-image":["https:\/\/perma.earth\/wp-content\/uploads\/2026\/03\/Copy-of-wordpress-plus4-400x250.jpg",400,250,true],"et-pb-post-main-image-fullwidth":["https:\/\/perma.earth\/wp-content\/uploads\/2026\/03\/Copy-of-wordpress-plus4-800x675.jpg",800,675,true],"et-pb-portfolio-image":["https:\/\/perma.earth\/wp-content\/uploads\/2026\/03\/Copy-of-wordpress-plus4-400x284.jpg",400,284,true],"et-pb-portfolio-module-image":["https:\/\/perma.earth\/wp-content\/uploads\/2026\/03\/Copy-of-wordpress-plus4-510x382.jpg",510,382,true],"et-pb-portfolio-image-single":["https:\/\/perma.earth\/wp-content\/uploads\/2026\/03\/Copy-of-wordpress-plus4.jpg",800,800,false],"et-pb-gallery-module-image-portrait":["https:\/\/perma.earth\/wp-content\/uploads\/2026\/03\/Copy-of-wordpress-plus4-400x516.jpg",400,516,true],"et-pb-post-main-image-fullwidth-large":["https:\/\/perma.earth\/wp-content\/uploads\/2026\/03\/Copy-of-wordpress-plus4.jpg",800,800,false],"et-pb-image--responsive--desktop":["https:\/\/perma.earth\/wp-content\/uploads\/2026\/03\/Copy-of-wordpress-plus4.jpg",720,720,false],"et-pb-image--responsive--tablet":["https:\/\/perma.earth\/wp-content\/uploads\/2026\/03\/Copy-of-wordpress-plus4.jpg",551,551,false],"et-pb-image--responsive--phone":["https:\/\/perma.earth\/wp-content\/uploads\/2026\/03\/Copy-of-wordpress-plus4-480x480.jpg",270,270,true],"mailpoet_newsletter_max":["https:\/\/perma.earth\/wp-content\/uploads\/2026\/03\/Copy-of-wordpress-plus4.jpg",800,800,false],"woocommerce_thumbnail":["https:\/\/perma.earth\/wp-content\/uploads\/2026\/03\/Copy-of-wordpress-plus4-300x300.jpg",300,300,true],"woocommerce_single":["https:\/\/perma.earth\/wp-content\/uploads\/2026\/03\/Copy-of-wordpress-plus4-600x600.jpg",600,600,true],"woocommerce_gallery_thumbnail":["https:\/\/perma.earth\/wp-content\/uploads\/2026\/03\/Copy-of-wordpress-plus4-100x100.jpg",100,100,true]},"post_excerpt_stackable":"<p>This is a worksheet for emerging ethical startups to evaluate their progress in their business development journey.<\/p>\n","category_list":"","author_info":{"name":"","url":""},"comments_num":"0 comentarios","featured_image_urls_v2":{"full":["https:\/\/perma.earth\/wp-content\/uploads\/2026\/03\/Copy-of-wordpress-plus4.jpg",800,800,false],"thumbnail":["https:\/\/perma.earth\/wp-content\/uploads\/2026\/03\/Copy-of-wordpress-plus4-150x150.jpg",150,150,true],"medium":["https:\/\/perma.earth\/wp-content\/uploads\/2026\/03\/Copy-of-wordpress-plus4-300x300.jpg",300,300,true],"medium_large":["https:\/\/perma.earth\/wp-content\/uploads\/2026\/03\/Copy-of-wordpress-plus4-768x768.jpg",768,768,true],"large":["https:\/\/perma.earth\/wp-content\/uploads\/2026\/03\/Copy-of-wordpress-plus4.jpg",800,800,false],"1536x1536":["https:\/\/perma.earth\/wp-content\/uploads\/2026\/03\/Copy-of-wordpress-plus4.jpg",800,800,false],"2048x2048":["https:\/\/perma.earth\/wp-content\/uploads\/2026\/03\/Copy-of-wordpress-plus4.jpg",800,800,false],"trp-custom-language-flag":["https:\/\/perma.earth\/wp-content\/uploads\/2026\/03\/Copy-of-wordpress-plus4-12x12.jpg",12,12,true],"et-pb-post-main-image":["https:\/\/perma.earth\/wp-content\/uploads\/2026\/03\/Copy-of-wordpress-plus4-400x250.jpg",400,250,true],"et-pb-post-main-image-fullwidth":["https:\/\/perma.earth\/wp-content\/uploads\/2026\/03\/Copy-of-wordpress-plus4-800x675.jpg",800,675,true],"et-pb-portfolio-image":["https:\/\/perma.earth\/wp-content\/uploads\/2026\/03\/Copy-of-wordpress-plus4-400x284.jpg",400,284,true],"et-pb-portfolio-module-image":["https:\/\/perma.earth\/wp-content\/uploads\/2026\/03\/Copy-of-wordpress-plus4-510x382.jpg",510,382,true],"et-pb-portfolio-image-single":["https:\/\/perma.earth\/wp-content\/uploads\/2026\/03\/Copy-of-wordpress-plus4.jpg",800,800,false],"et-pb-gallery-module-image-portrait":["https:\/\/perma.earth\/wp-content\/uploads\/2026\/03\/Copy-of-wordpress-plus4-400x516.jpg",400,516,true],"et-pb-post-main-image-fullwidth-large":["https:\/\/perma.earth\/wp-content\/uploads\/2026\/03\/Copy-of-wordpress-plus4.jpg",800,800,false],"et-pb-image--responsive--desktop":["https:\/\/perma.earth\/wp-content\/uploads\/2026\/03\/Copy-of-wordpress-plus4.jpg",720,720,false],"et-pb-image--responsive--tablet":["https:\/\/perma.earth\/wp-content\/uploads\/2026\/03\/Copy-of-wordpress-plus4.jpg",551,551,false],"et-pb-image--responsive--phone":["https:\/\/perma.earth\/wp-content\/uploads\/2026\/03\/Copy-of-wordpress-plus4-480x480.jpg",270,270,true],"mailpoet_newsletter_max":["https:\/\/perma.earth\/wp-content\/uploads\/2026\/03\/Copy-of-wordpress-plus4.jpg",800,800,false],"woocommerce_thumbnail":["https:\/\/perma.earth\/wp-content\/uploads\/2026\/03\/Copy-of-wordpress-plus4-300x300.jpg",300,300,true],"woocommerce_single":["https:\/\/perma.earth\/wp-content\/uploads\/2026\/03\/Copy-of-wordpress-plus4-600x600.jpg",600,600,true],"woocommerce_gallery_thumbnail":["https:\/\/perma.earth\/wp-content\/uploads\/2026\/03\/Copy-of-wordpress-plus4-100x100.jpg",100,100,true]},"post_excerpt_stackable_v2":"<p>This is a worksheet for emerging ethical startups to evaluate their progress in their business development journey.<\/p>\n","category_list_v2":"","author_info_v2":{"name":"","url":""},"comments_num_v2":"0 comentarios","_links":{"self":[{"href":"https:\/\/perma.earth\/es\/wp-json\/wp\/v2\/product\/8846","targetHints":{"allow":["GET"]}}],"collection":[{"href":"https:\/\/perma.earth\/es\/wp-json\/wp\/v2\/product"}],"about":[{"href":"https:\/\/perma.earth\/es\/wp-json\/wp\/v2\/types\/product"}],"replies":[{"embeddable":true,"href":"https:\/\/perma.earth\/es\/wp-json\/wp\/v2\/comments?post=8846"}],"wp:featuredmedia":[{"embeddable":true,"href":"https:\/\/perma.earth\/es\/wp-json\/wp\/v2\/media\/8983"}],"wp:attachment":[{"href":"https:\/\/perma.earth\/es\/wp-json\/wp\/v2\/media?parent=8846"}],"wp:term":[{"taxonomy":"product_brand","embeddable":true,"href":"https:\/\/perma.earth\/es\/wp-json\/wp\/v2\/product_brand?post=8846"},{"taxonomy":"product_cat","embeddable":true,"href":"https:\/\/perma.earth\/es\/wp-json\/wp\/v2\/product_cat?post=8846"},{"taxonomy":"product_tag","embeddable":true,"href":"https:\/\/perma.earth\/es\/wp-json\/wp\/v2\/product_tag?post=8846"}],"curies":[{"name":"wp","href":"https:\/\/api.w.org\/{rel}","templated":true}]}}