{"id":3,"date":"2019-02-20T11:11:12","date_gmt":"2019-02-20T11:11:12","guid":{"rendered":"http:\/\/permaculture.webarch5.co.uk\/?page_id=3"},"modified":"2025-10-14T20:26:50","modified_gmt":"2025-10-14T20:26:50","slug":"la-politique-de-confidentialite","status":"publish","type":"page","link":"https:\/\/perma.earth\/fr\/privacy-policy\/","title":{"rendered":"Politique de confidentialit\u00e9"},"content":{"rendered":"<h2 class=\"wp-block-heading\">Qui sommes-nous ?<\/h2>\n\n\n\n<p>Nous sommes l'International Permaculture CoLab. L'adresse de notre site web est la suivante : <a href=\"https:\/\/perma.earth\/fr\/\">https:\/\/perma.earth<\/a>.<\/p>\n\n\n\n<h3 class=\"wp-block-heading\">Administrateurs<\/h3>\n\n\n\n<p>Les administrateurs de ce site web ont acc\u00e8s \u00e0 toutes les donn\u00e9es de la base de donn\u00e9es. Les droits d'administration leur sont attribu\u00e9s sur la base d'une collaboration positive de longue date avec le CoLab et d'une exp\u00e9rience pr\u00e9alable de l'administration d'un site web WordPress. De nouveaux administrateurs sont s\u00e9lectionn\u00e9s en cas de besoin par les administrateurs actuels, ou lorsqu'une demande directe est faite avec l'accord du Digital Circle. Une authentification \u00e0 2 facteurs est requise pour tous les administrateurs du site pour plus de s\u00e9curit\u00e9.<\/p>\n\n\n\n<h2 class=\"wp-block-heading\">Quelles sont les donn\u00e9es \u00e0 caract\u00e8re personnel que nous recueillons et pourquoi nous les recueillons ?<\/h2>\n\n\n\n<h3 class=\"wp-block-heading\">Commentaires<\/h3>\n\n\n\n<p>Lorsque les visiteurs laissent des commentaires sur le site, nous recueillons les donn\u00e9es figurant dans le formulaire de commentaires, ainsi que l'adresse IP du visiteur et la cha\u00eene de l'agent utilisateur du navigateur afin de faciliter la d\u00e9tection des spams.<\/p>\n\n\n\n<p>Une cha\u00eene anonyme cr\u00e9\u00e9e \u00e0 partir de votre adresse \u00e9lectronique (\u00e9galement appel\u00e9e \"hash\") peut \u00eatre fournie au service Gravatar pour v\u00e9rifier si vous l'utilisez. La politique de confidentialit\u00e9 du service Gravatar est disponible ici : https:\/\/automattic.com\/privacy\/. Apr\u00e8s approbation de votre commentaire, votre photo de profil est visible par le public dans le contexte de votre commentaire.<\/p>\n\n\n\n<h3 class=\"wp-block-heading\">Les m\u00e9dias<\/h3>\n\n\n\n<p>Si vous t\u00e9l\u00e9chargez des images sur le site web, vous devez \u00e9viter de t\u00e9l\u00e9charger des images contenant des donn\u00e9es de localisation int\u00e9gr\u00e9es (EXIF GPS). Les visiteurs du site web peuvent t\u00e9l\u00e9charger et extraire toutes les donn\u00e9es de localisation des images sur le site web.<\/p>\n\n\n\n<h3 class=\"wp-block-heading\">Formulaires de contact<\/h3>\n\n\n\n<p>Les donn\u00e9es de notre formulaire de contact sont stock\u00e9es dans notre base de donn\u00e9es WordPress et sont \u00e9galement transmises \u00e0 notre site web. <a rel=\"noreferrer noopener\" aria-label=\"Slack (s&#039;ouvre dans un nouvel onglet)\" href=\"https:\/\/slack.com\" target=\"_blank\">Slack<\/a> espace de travail. Une fois dans notre espace de travail Slack, tout le monde dans notre espace de travail Slack peut le voir, y compris l'\u00e9quipe principale de CoLab et les collaborateurs.<\/p>\n\n\n\n<h3 class=\"wp-block-heading\">Bulletin d'information<\/h3>\n\n\n\n<p>Nous collectons et stockons les donn\u00e9es relatives \u00e0 l'inscription \u00e0 la lettre d'information \u00e0 l'aide de la technologie <a href=\"https:\/\/www.mailpoet.com\/\" target=\"_blank\" rel=\"noreferrer noopener\">Service Mailpoet<\/a>. Les donn\u00e9es peuvent \u00eatre import\u00e9es et export\u00e9es dans le plugin par les administrateurs du site web afin de maintenir la liste \u00e0 jour. Vous pouvez vous d\u00e9sinscrire \u00e0 tout moment.<\/p>\n\n\n\n<h3 class=\"wp-block-heading\">Enregistrement des contributeurs<\/h3>\n\n\n\n<p>Lorsque vous vous inscrivez en tant que contributeur <a href=\"\/fr\/contribute\/\">ici<\/a> nous stockons les informations dans notre base de donn\u00e9es WordPress \u00e0 l'aide de l'option <a rel=\"noreferrer noopener\" aria-label=\"Plugin Base de donn\u00e9es des participants (s&#039;ouvre dans un nouvel onglet)\" href=\"https:\/\/wordpress.org\/plugins\/participants-database\/\" target=\"_blank\">Plugin pour la base de donn\u00e9es des participants<\/a>. Nous transmettons \u00e9galement les donn\u00e9es \u00e0 notre <a rel=\"noreferrer noopener\" aria-label=\"Slack (s&#039;ouvre dans un nouvel onglet)\" href=\"https:\/\/slack.com\" target=\"_blank\">Slack<\/a> afin que notre \u00e9quipe puisse \u00eatre notifi\u00e9e et avoir la possibilit\u00e9 de traiter manuellement les donn\u00e9es. Une fois dans notre espace de travail Slack, tout le monde dans notre espace de travail Slack peut le voir, y compris l'\u00e9quipe principale de CoLab et les collaborateurs.<\/p>\n\n\n\n<h3 class=\"wp-block-heading\">Cookies<\/h3>\n\n\n\n<p>Si vous laissez un commentaire sur notre site, vous pouvez accepter que votre nom, votre adresse \u00e9lectronique et votre site web soient enregistr\u00e9s dans des cookies. Ces cookies sont destin\u00e9s \u00e0 vous faciliter la t\u00e2che, de sorte que vous n'ayez pas \u00e0 fournir \u00e0 nouveau vos coordonn\u00e9es lorsque vous laissez un autre commentaire. Ces cookies ont une dur\u00e9e de vie d'un an.<\/p>\n\n\n\n<p>Si vous avez un compte et que vous vous connectez \u00e0 ce site, nous installerons un cookie temporaire pour d\u00e9terminer si votre navigateur accepte les cookies. Ce cookie ne contient aucune donn\u00e9e personnelle et est supprim\u00e9 lorsque vous fermez votre navigateur.<\/p>\n\n\n\n<p>Lorsque vous vous connectez, nous installons \u00e9galement plusieurs cookies pour enregistrer vos informations de connexion et vos choix d'affichage \u00e0 l'\u00e9cran. Les cookies de connexion ont une dur\u00e9e de vie de deux jours et les cookies d'options d'\u00e9cran ont une dur\u00e9e de vie d'un an. Si vous s\u00e9lectionnez l'option \"Se souvenir de moi\", votre connexion sera conserv\u00e9e pendant deux semaines. Si vous vous d\u00e9connectez de votre compte, les cookies de connexion seront supprim\u00e9s.<\/p>\n\n\n\n<p>Si vous modifiez ou publiez un article, un cookie suppl\u00e9mentaire sera enregistr\u00e9 dans votre navigateur. Ce cookie ne contient aucune donn\u00e9e personnelle et indique simplement l'identifiant de l'article que vous venez de modifier. Il expire apr\u00e8s 1 jour.<\/p>\n\n\n\n<h3 class=\"wp-block-heading\">Contenu int\u00e9gr\u00e9 d'autres sites web<\/h3>\n\n\n\n<p>Les articles de ce site peuvent contenir du contenu int\u00e9gr\u00e9 (par exemple des vid\u00e9os, des images, des articles, etc.). Le contenu int\u00e9gr\u00e9 provenant d'autres sites web se comporte exactement de la m\u00eame mani\u00e8re que si le visiteur avait visit\u00e9 l'autre site web.<\/p>\n\n\n\n<p>Ces sites web peuvent collecter des donn\u00e9es vous concernant, utiliser des cookies, int\u00e9grer un suivi suppl\u00e9mentaire par des tiers et surveiller votre interaction avec ce contenu int\u00e9gr\u00e9, y compris votre interaction avec le contenu int\u00e9gr\u00e9 si vous avez un compte et que vous \u00eates connect\u00e9 \u00e0 ce site web.<\/p>\n\n\n\n<h3 class=\"wp-block-heading\">Analyse<\/h3>\n\n\n\n<p>Nous utilisons Matomo (anciennement appel\u00e9 Piwik) pour suivre l'utilisation du site afin d'am\u00e9liorer l'exp\u00e9rience des utilisateurs. Notre serveur Matomo est h\u00e9berg\u00e9 par <a href=\"https:\/\/docs.webarch.net\/wiki\/Matamo\" target=\"_blank\" rel=\"noreferrer noopener\" aria-label=\"Webarch (s&#039;ouvre dans un nouvel onglet)\">Webarch<\/a>.<\/p>\n\n\n\n<h2 class=\"wp-block-heading\">Dur\u00e9e de conservation des donn\u00e9es<\/h2>\n\n\n\n<p>Si vous laissez un commentaire, celui-ci et ses m\u00e9tadonn\u00e9es sont conserv\u00e9s ind\u00e9finiment. Cela nous permet de reconna\u00eetre et d'approuver automatiquement les commentaires de suivi au lieu de les conserver dans une file d'attente de mod\u00e9ration.<\/p>\n\n\n\n<p>Pour les utilisateurs qui s'inscrivent sur notre site web (le cas \u00e9ch\u00e9ant), nous stockons \u00e9galement les informations personnelles qu'ils fournissent dans leur profil d'utilisateur. Tous les utilisateurs peuvent voir, modifier ou supprimer leurs informations personnelles \u00e0 tout moment (sauf qu'ils ne peuvent pas changer leur nom d'utilisateur). Les administrateurs du site web peuvent \u00e9galement consulter et modifier ces informations.<\/p>\n\n\n\n<h2 class=\"wp-block-heading\">Quels sont les droits dont vous disposez sur vos donn\u00e9es ?<\/h2>\n\n\n\n<p>Si vous avez un compte sur ce site, ou si vous avez laiss\u00e9 des commentaires, vous pouvez demander \u00e0 recevoir un fichier export\u00e9 des donn\u00e9es personnelles que nous d\u00e9tenons \u00e0 votre sujet, y compris toutes les donn\u00e9es que vous nous avez fournies. Vous pouvez \u00e9galement nous demander d'effacer toutes les donn\u00e9es personnelles que nous d\u00e9tenons \u00e0 votre sujet. Cela n'inclut pas les donn\u00e9es que nous sommes oblig\u00e9s de conserver \u00e0 des fins administratives, juridiques ou de s\u00e9curit\u00e9. Pour ce faire, vous devez <a href=\"\/fr\/relier\/\">nous contacter<\/a>.<\/p>\n\n\n\n<h2 class=\"wp-block-heading\">O\u00f9 nous envoyons vos donn\u00e9es<\/h2>\n\n\n\n<p>Les commentaires des visiteurs peuvent \u00eatre v\u00e9rifi\u00e9s par un service automatis\u00e9 de d\u00e9tection des spams.<\/p>\n\n\n\n<h2 class=\"wp-block-heading\">Informations compl\u00e9mentaires<\/h2>\n\n\n\n<h3 class=\"wp-block-heading\">Comment nous prot\u00e9geons vos donn\u00e9es<\/h3>\n\n\n\n<p>Les donn\u00e9es \u00e0 caract\u00e8re personnel font l'objet de garanties suppl\u00e9mentaires afin de s'assurer qu'elles sont trait\u00e9es en toute s\u00e9curit\u00e9. Par exemple, nous nous effor\u00e7ons de faire en sorte que les donn\u00e9es soient crypt\u00e9es lorsqu'elles sont en transit et stock\u00e9es, et l'acc\u00e8s \u00e0 ces donn\u00e9es sera strictement limit\u00e9 \u00e0 un nombre minimum de personnes et soumis \u00e0 des engagements de confidentialit\u00e9. <\/p>\n\n\n\n<p>Nous prendrons toutes les mesures raisonnablement n\u00e9cessaires pour garantir que vos donn\u00e9es\nsoient trait\u00e9es en toute s\u00e9curit\u00e9 et conform\u00e9ment \u00e0 la pr\u00e9sente politique. Malheureusement,\nla transmission d'informations via l'internet n'est pas totalement\ntotalement s\u00fbre. Bien que nous fassions de notre mieux pour prot\u00e9ger vos donn\u00e9es personnelles, nous\ndonn\u00e9es personnelles, nous ne pouvons pas garantir la s\u00e9curit\u00e9 de vos donn\u00e9es transmises \u00e0 l'un de nos sites web ; toute transmission se fait \u00e0 vos propres risques.\ntoute transmission se fait \u00e0 vos risques et p\u00e9rils. Une fois que nous avons re\u00e7u\nvos informations, nous utiliserons des proc\u00e9dures strictes et des dispositifs de s\u00e9curit\u00e9 pour tenter d'emp\u00eacher tout acc\u00e8s non autoris\u00e9.\n pour tenter d'emp\u00eacher tout acc\u00e8s non autoris\u00e9. Dans la mesure du possible, nous utilisons le cryptage,\n\u00e0 la fois en transit et en stockage. Les contr\u00f4les d'acc\u00e8s au sein de l'organisation\nlimitent les personnes autoris\u00e9es \u00e0 acc\u00e9der aux informations.<\/p>\n\n\n\n<h3 class=\"wp-block-heading\">Quels sont les processus d\u00e9cisionnels automatis\u00e9s et\/ou le profilage que nous effectuons avec les donn\u00e9es des utilisateurs ?<\/h3>\n\n\n\n<p>Nous recueillons vos pr\u00e9f\u00e9rences quant aux domaines dans lesquels vous souhaitez apporter votre contribution afin de pouvoir vous contacter \u00e0 l'avenir pour vous fournir des informations et des invitations \u00e0 collaborer.<\/p>","protected":false},"excerpt":{"rendered":"<p>Who we are We are The International Permaculture CoLab. Our website address is: https:\/\/perma.earth. Admins Admins for this website have access to all the date in the database. They are assigned admin rights based on having a long standing history of positive collaboration with the CoLab, and prior experience of administering a WordPress website. New [&hellip;]<\/p>\n","protected":false},"author":33,"featured_media":745,"parent":0,"menu_order":0,"comment_status":"closed","ping_status":"open","template":"","meta":{"_acf_changed":false,"_et_pb_use_builder":"","_et_pb_old_content":"","_et_gb_content_width":"","footnotes":""},"class_list":["post-3","page","type-page","status-publish","has-post-thumbnail","hentry"],"acf":[],"featured_image_urls":{"full":["https:\/\/perma.earth\/wp-content\/uploads\/2019\/07\/cropped-markus-spiske-8OyKWQgBsKQ-unsplash-e1562252408244-1.jpg",1335,751,false],"thumbnail":["https:\/\/perma.earth\/wp-content\/uploads\/2019\/07\/cropped-markus-spiske-8OyKWQgBsKQ-unsplash-e1562252408244-1-150x150.jpg",150,150,true],"medium":["https:\/\/perma.earth\/wp-content\/uploads\/2019\/07\/cropped-markus-spiske-8OyKWQgBsKQ-unsplash-e1562252408244-1-300x169.jpg",300,169,true],"medium_large":["https:\/\/perma.earth\/wp-content\/uploads\/2019\/07\/cropped-markus-spiske-8OyKWQgBsKQ-unsplash-e1562252408244-1-768x432.jpg",768,432,true],"large":["https:\/\/perma.earth\/wp-content\/uploads\/2019\/07\/cropped-markus-spiske-8OyKWQgBsKQ-unsplash-e1562252408244-1-1024x576.jpg",1024,576,true],"1536x1536":["https:\/\/perma.earth\/wp-content\/uploads\/2019\/07\/cropped-markus-spiske-8OyKWQgBsKQ-unsplash-e1562252408244-1.jpg",1335,751,false],"2048x2048":["https:\/\/perma.earth\/wp-content\/uploads\/2019\/07\/cropped-markus-spiske-8OyKWQgBsKQ-unsplash-e1562252408244-1.jpg",1335,751,false],"trp-custom-language-flag":["https:\/\/perma.earth\/wp-content\/uploads\/2019\/07\/cropped-markus-spiske-8OyKWQgBsKQ-unsplash-e1562252408244-1.jpg",18,10,false],"et-pb-post-main-image":["https:\/\/perma.earth\/wp-content\/uploads\/2019\/07\/cropped-markus-spiske-8OyKWQgBsKQ-unsplash-e1562252408244-1.jpg",400,225,false],"et-pb-post-main-image-fullwidth":["https:\/\/perma.earth\/wp-content\/uploads\/2019\/07\/cropped-markus-spiske-8OyKWQgBsKQ-unsplash-e1562252408244-1.jpg",1080,608,false],"et-pb-portfolio-image":["https:\/\/perma.earth\/wp-content\/uploads\/2019\/07\/cropped-markus-spiske-8OyKWQgBsKQ-unsplash-e1562252408244-1.jpg",400,225,false],"et-pb-portfolio-module-image":["https:\/\/perma.earth\/wp-content\/uploads\/2019\/07\/cropped-markus-spiske-8OyKWQgBsKQ-unsplash-e1562252408244-1.jpg",510,287,false],"et-pb-portfolio-image-single":["https:\/\/perma.earth\/wp-content\/uploads\/2019\/07\/cropped-markus-spiske-8OyKWQgBsKQ-unsplash-e1562252408244-1.jpg",1080,608,false],"et-pb-gallery-module-image-portrait":["https:\/\/perma.earth\/wp-content\/uploads\/2019\/07\/cropped-markus-spiske-8OyKWQgBsKQ-unsplash-e1562252408244-1.jpg",400,225,false],"et-pb-post-main-image-fullwidth-large":["https:\/\/perma.earth\/wp-content\/uploads\/2019\/07\/cropped-markus-spiske-8OyKWQgBsKQ-unsplash-e1562252408244-1.jpg",1335,751,false],"et-pb-image--responsive--desktop":["https:\/\/perma.earth\/wp-content\/uploads\/2019\/07\/cropped-markus-spiske-8OyKWQgBsKQ-unsplash-e1562252408244-1.jpg",1280,720,false],"et-pb-image--responsive--tablet":["https:\/\/perma.earth\/wp-content\/uploads\/2019\/07\/cropped-markus-spiske-8OyKWQgBsKQ-unsplash-e1562252408244-1.jpg",980,551,false],"et-pb-image--responsive--phone":["https:\/\/perma.earth\/wp-content\/uploads\/2019\/07\/cropped-markus-spiske-8OyKWQgBsKQ-unsplash-e1562252408244-1.jpg",480,270,false],"mailpoet_newsletter_max":["https:\/\/perma.earth\/wp-content\/uploads\/2019\/07\/cropped-markus-spiske-8OyKWQgBsKQ-unsplash-e1562252408244-1.jpg",1320,743,false],"woocommerce_thumbnail":["https:\/\/perma.earth\/wp-content\/uploads\/2019\/07\/cropped-markus-spiske-8OyKWQgBsKQ-unsplash-e1562252408244-1-300x300.jpg",300,300,true],"woocommerce_single":["https:\/\/perma.earth\/wp-content\/uploads\/2019\/07\/cropped-markus-spiske-8OyKWQgBsKQ-unsplash-e1562252408244-1-600x338.jpg",600,338,true],"woocommerce_gallery_thumbnail":["https:\/\/perma.earth\/wp-content\/uploads\/2019\/07\/cropped-markus-spiske-8OyKWQgBsKQ-unsplash-e1562252408244-1-100x100.jpg",100,100,true]},"post_excerpt_stackable":"<p>Who we are We are The International Permaculture CoLab. Our website address is: https:\/\/perma.earth. Admins Admins for this website have access to all the date in the database. They are assigned admin rights based on having a long standing history of positive collaboration with the CoLab, and prior experience of administering a WordPress website. New admins are selected when necessary by current admins, or when a direct request is made with consent from the Digital Circle. 2 factor authentication is required for all site admins for extra security. What personal data we collect and why we collect it Comments When\u2026<\/p>\n","category_list":"","author_info":{"name":"Aimee","url":"https:\/\/perma.earth\/fr\/author\/aimee\/"},"comments_num":"0 commentaire","featured_image_urls_v2":{"full":["https:\/\/perma.earth\/wp-content\/uploads\/2019\/07\/cropped-markus-spiske-8OyKWQgBsKQ-unsplash-e1562252408244-1.jpg",1335,751,false],"thumbnail":["https:\/\/perma.earth\/wp-content\/uploads\/2019\/07\/cropped-markus-spiske-8OyKWQgBsKQ-unsplash-e1562252408244-1-150x150.jpg",150,150,true],"medium":["https:\/\/perma.earth\/wp-content\/uploads\/2019\/07\/cropped-markus-spiske-8OyKWQgBsKQ-unsplash-e1562252408244-1-300x169.jpg",300,169,true],"medium_large":["https:\/\/perma.earth\/wp-content\/uploads\/2019\/07\/cropped-markus-spiske-8OyKWQgBsKQ-unsplash-e1562252408244-1-768x432.jpg",768,432,true],"large":["https:\/\/perma.earth\/wp-content\/uploads\/2019\/07\/cropped-markus-spiske-8OyKWQgBsKQ-unsplash-e1562252408244-1-1024x576.jpg",1024,576,true],"1536x1536":["https:\/\/perma.earth\/wp-content\/uploads\/2019\/07\/cropped-markus-spiske-8OyKWQgBsKQ-unsplash-e1562252408244-1.jpg",1335,751,false],"2048x2048":["https:\/\/perma.earth\/wp-content\/uploads\/2019\/07\/cropped-markus-spiske-8OyKWQgBsKQ-unsplash-e1562252408244-1.jpg",1335,751,false],"trp-custom-language-flag":["https:\/\/perma.earth\/wp-content\/uploads\/2019\/07\/cropped-markus-spiske-8OyKWQgBsKQ-unsplash-e1562252408244-1.jpg",18,10,false],"et-pb-post-main-image":["https:\/\/perma.earth\/wp-content\/uploads\/2019\/07\/cropped-markus-spiske-8OyKWQgBsKQ-unsplash-e1562252408244-1.jpg",400,225,false],"et-pb-post-main-image-fullwidth":["https:\/\/perma.earth\/wp-content\/uploads\/2019\/07\/cropped-markus-spiske-8OyKWQgBsKQ-unsplash-e1562252408244-1.jpg",1080,608,false],"et-pb-portfolio-image":["https:\/\/perma.earth\/wp-content\/uploads\/2019\/07\/cropped-markus-spiske-8OyKWQgBsKQ-unsplash-e1562252408244-1.jpg",400,225,false],"et-pb-portfolio-module-image":["https:\/\/perma.earth\/wp-content\/uploads\/2019\/07\/cropped-markus-spiske-8OyKWQgBsKQ-unsplash-e1562252408244-1.jpg",510,287,false],"et-pb-portfolio-image-single":["https:\/\/perma.earth\/wp-content\/uploads\/2019\/07\/cropped-markus-spiske-8OyKWQgBsKQ-unsplash-e1562252408244-1.jpg",1080,608,false],"et-pb-gallery-module-image-portrait":["https:\/\/perma.earth\/wp-content\/uploads\/2019\/07\/cropped-markus-spiske-8OyKWQgBsKQ-unsplash-e1562252408244-1.jpg",400,225,false],"et-pb-post-main-image-fullwidth-large":["https:\/\/perma.earth\/wp-content\/uploads\/2019\/07\/cropped-markus-spiske-8OyKWQgBsKQ-unsplash-e1562252408244-1.jpg",1335,751,false],"et-pb-image--responsive--desktop":["https:\/\/perma.earth\/wp-content\/uploads\/2019\/07\/cropped-markus-spiske-8OyKWQgBsKQ-unsplash-e1562252408244-1.jpg",1280,720,false],"et-pb-image--responsive--tablet":["https:\/\/perma.earth\/wp-content\/uploads\/2019\/07\/cropped-markus-spiske-8OyKWQgBsKQ-unsplash-e1562252408244-1.jpg",980,551,false],"et-pb-image--responsive--phone":["https:\/\/perma.earth\/wp-content\/uploads\/2019\/07\/cropped-markus-spiske-8OyKWQgBsKQ-unsplash-e1562252408244-1.jpg",480,270,false],"mailpoet_newsletter_max":["https:\/\/perma.earth\/wp-content\/uploads\/2019\/07\/cropped-markus-spiske-8OyKWQgBsKQ-unsplash-e1562252408244-1.jpg",1320,743,false],"woocommerce_thumbnail":["https:\/\/perma.earth\/wp-content\/uploads\/2019\/07\/cropped-markus-spiske-8OyKWQgBsKQ-unsplash-e1562252408244-1-300x300.jpg",300,300,true],"woocommerce_single":["https:\/\/perma.earth\/wp-content\/uploads\/2019\/07\/cropped-markus-spiske-8OyKWQgBsKQ-unsplash-e1562252408244-1-600x338.jpg",600,338,true],"woocommerce_gallery_thumbnail":["https:\/\/perma.earth\/wp-content\/uploads\/2019\/07\/cropped-markus-spiske-8OyKWQgBsKQ-unsplash-e1562252408244-1-100x100.jpg",100,100,true]},"post_excerpt_stackable_v2":"<p>Who we are We are The International Permaculture CoLab. Our website address is: https:\/\/perma.earth. Admins Admins for this website have access to all the date in the database. They are assigned admin rights based on having a long standing history of positive collaboration with the CoLab, and prior experience of administering a WordPress website. New admins are selected when necessary by current admins, or when a direct request is made with consent from the Digital Circle. 2 factor authentication is required for all site admins for extra security. What personal data we collect and why we collect it Comments When\u2026<\/p>\n","category_list_v2":"","author_info_v2":{"name":"Aimee","url":"https:\/\/perma.earth\/fr\/author\/aimee\/"},"comments_num_v2":"0 commentaire","_links":{"self":[{"href":"https:\/\/perma.earth\/fr\/wp-json\/wp\/v2\/pages\/3","targetHints":{"allow":["GET"]}}],"collection":[{"href":"https:\/\/perma.earth\/fr\/wp-json\/wp\/v2\/pages"}],"about":[{"href":"https:\/\/perma.earth\/fr\/wp-json\/wp\/v2\/types\/page"}],"author":[{"embeddable":true,"href":"https:\/\/perma.earth\/fr\/wp-json\/wp\/v2\/users\/33"}],"replies":[{"embeddable":true,"href":"https:\/\/perma.earth\/fr\/wp-json\/wp\/v2\/comments?post=3"}],"version-history":[{"count":24,"href":"https:\/\/perma.earth\/fr\/wp-json\/wp\/v2\/pages\/3\/revisions"}],"predecessor-version":[{"id":8359,"href":"https:\/\/perma.earth\/fr\/wp-json\/wp\/v2\/pages\/3\/revisions\/8359"}],"wp:featuredmedia":[{"embeddable":true,"href":"https:\/\/perma.earth\/fr\/wp-json\/wp\/v2\/media\/745"}],"wp:attachment":[{"href":"https:\/\/perma.earth\/fr\/wp-json\/wp\/v2\/media?parent=3"}],"curies":[{"name":"wp","href":"https:\/\/api.w.org\/{rel}","templated":true}]}}