{"id":3713,"date":"2021-11-02T13:43:01","date_gmt":"2021-11-02T13:43:01","guid":{"rendered":"https:\/\/perma.earth\/?page_id=3713"},"modified":"2021-11-02T15:27:09","modified_gmt":"2021-11-02T15:27:09","slug":"design-permaculturel-pour-le-cercle-de-financement-au-stade-de-lincubation","status":"publish","type":"page","link":"https:\/\/perma.earth\/fr\/permaculture-design-for-the-funding-circle-at-incubation-stage\/","title":{"rendered":"Design de permaculture pour le cercle de financement - au stade de l'incubation"},"content":{"rendered":"<div class=\"wp-block-buttons is-content-justification-center is-layout-flex wp-block-buttons-is-layout-flex\">\n<div class=\"wp-block-button has-custom-width wp-block-button__width-50 is-style-outline is-style-outline--1\"><a class=\"wp-block-button__link\" href=\"https:\/\/perma.earth\/fr\/cercle-de-financement\/\">Cercle de financement<\/a><\/div>\n\n\n\n<div class=\"wp-block-button has-custom-width wp-block-button__width-50 is-style-outline is-style-outline--2\"><a class=\"wp-block-button__link\" href=\"https:\/\/perma.earth\/fr\/possibilites-de-financement\/\">Possibilit\u00e9s de financement<\/a><\/div>\n<\/div>\n\n\n<style>.wp-block-kadence-spacer.kt-block-spacer-_1d4590-e2 .kt-block-spacer{height:60px;}.wp-block-kadence-spacer.kt-block-spacer-_1d4590-e2 .kt-divider{border-top-width:1px;height:1px;border-top-color:#eee;width:80%;border-top-style:solid;}<\/style>\n<div class=\"wp-block-kadence-spacer aligncenter kt-block-spacer-_1d4590-e2\"><div class=\"kt-block-spacer kt-block-spacer-halign-center\" style=\"height:60px\"><hr class=\"kt-divider\" style=\"border-top-color:#eee;border-top-width:1px;width:80%;border-top-style:solid\"\/><\/div><\/div>\n\n\n\n<p>Nous avons commenc\u00e9 un processus de design en permaculture pour le Permaculture CoLab. Nous appliquons les m\u00e9thodologies et les outils du design de permaculture \u00e0 l'\u00e9cosyst\u00e8me du CoLab. Comme ce Cercle de Financement est en train de se former, c'est une merveilleuse opportunit\u00e9 de d\u00e9velopper un \"Design de Permaculture\" pour le Cercle de Financement. Lors de notre deuxi\u00e8me r\u00e9union, nous avons commenc\u00e9 \u00e0 nous int\u00e9resser \u00e0 la \"permaculture sociale\" en examinant les \"zones\" d'implication des personnes dans le cercle de financement. C'\u00e9tait une fa\u00e7on amusante pour nous de voir notre entr\u00e9e dans le Cercle de Financement, et notre positionnement potentiel dans son d\u00e9veloppement.<\/p>\n\n\n\n<figure class=\"wp-block-image size-large\"><img loading=\"lazy\" decoding=\"async\" width=\"1024\" height=\"846\" src=\"https:\/\/perma.earth\/wp-content\/uploads\/2021\/11\/pdfunding-1024x846.png\" alt=\"\" class=\"wp-image-3714\" srcset=\"https:\/\/perma.earth\/wp-content\/uploads\/2021\/11\/pdfunding-1024x846.png 1024w, https:\/\/perma.earth\/wp-content\/uploads\/2021\/11\/pdfunding-600x496.png 600w, https:\/\/perma.earth\/wp-content\/uploads\/2021\/11\/pdfunding-300x248.png 300w, https:\/\/perma.earth\/wp-content\/uploads\/2021\/11\/pdfunding-768x635.png 768w, https:\/\/perma.earth\/wp-content\/uploads\/2021\/11\/pdfunding.png 1140w\" sizes=\"(max-width: 1024px) 100vw, 1024px\" \/><\/figure>\n\n\n\n<p>Zone 0 actuellement : Jillian, Aimee, Lauren ancrent en commen\u00e7ant le Cercle<br>Zone 1 : Andy est ancr\u00e9 avec le bailleur de fonds et se trouve avec le sponsor fiscal de CoLab.<\/p>\n\n\n\n<p>Il est possible de faire passer les personnes int\u00e9ress\u00e9es dans les diff\u00e9rentes zones de ce cercle.<\/p>\n\n\n\n<p>Nous poursuivrons ce processus, qui comprendra :<\/p>\n\n\n\n<ul class=\"wp-block-list\"><li class=\"\">Poursuivre le d\u00e9veloppement du programme \"<strong>Zones<\/strong>\"L'implication des citoyens<\/li><li class=\"\">Les <strong>diff\u00e9rents types de personnes, de projets et d'organisations<\/strong> les personnes qui participeront aux activit\u00e9s du cercle de financement<\/li><li class=\"\">Le \"<strong>Besoins et rendements<\/strong>\" ou \"<strong>Entr\u00e9es et sorties<\/strong>\"du cercle de financement<br><img decoding=\"async\" src=\"https:\/\/fundingcircle.perma.earth\/uploads\/upload_cb34745dd10a3afdaf451e4d13142e15.png\" alt=\"\" class=\"\"><\/li><li class=\"\">Utiliser une m\u00e9thodologie de conception permaculturelle, telle que SADI, SADIMET, GOBRADIME, etc.<\/li><\/ul>\n\n\n\n<p>Nous souhaitons que le processus de design de permaculture pour le CoLab de permaculture soit cr\u00e9atif et \u00e9mergent. Nous organiserons plusieurs sessions de design de permaculture au cours des prochains mois, y compris pour le cercle de financement. Nous attendons avec impatience votre participation \u00e0 cette exp\u00e9rience de \"Permaculture sociale\" ! N'h\u00e9sitez pas \u00e0 nous faire part de vos id\u00e9es - nous serions ravis de recevoir vos commentaires \ud83d\ude42 .<\/p>\n\n\n\n<hr class=\"wp-block-separator\"\/>\n\n\n\n<h1 class=\"wp-block-heading\" id=\"Orientation-to-CoLab-and-slack\"><\/h1>","protected":false},"excerpt":{"rendered":"<p>We have started a Permaculture Design process for the Permaculture CoLab. We are applying permaculture design methodologies &amp; tools to the CoLab ecosystem. As this Funding Circle is forming, it is a wonderful opportunity to develop a \u201cPermaculture Design\u201d for the Funding Circle. In our 2nd meeting, we started into this \u201csocial permaculture\u201d territory by [&hellip;]<\/p>\n","protected":false},"author":33,"featured_media":0,"parent":0,"menu_order":0,"comment_status":"closed","ping_status":"closed","template":"","meta":{"_acf_changed":false,"_et_pb_use_builder":"","_et_pb_old_content":"","_et_gb_content_width":"","footnotes":""},"class_list":["post-3713","page","type-page","status-publish","hentry"],"acf":[],"featured_image_urls":{"full":"","thumbnail":"","medium":"","medium_large":"","large":"","1536x1536":"","2048x2048":"","trp-custom-language-flag":"","et-pb-post-main-image":"","et-pb-post-main-image-fullwidth":"","et-pb-portfolio-image":"","et-pb-portfolio-module-image":"","et-pb-portfolio-image-single":"","et-pb-gallery-module-image-portrait":"","et-pb-post-main-image-fullwidth-large":"","et-pb-image--responsive--desktop":"","et-pb-image--responsive--tablet":"","et-pb-image--responsive--phone":"","mailpoet_newsletter_max":"","woocommerce_thumbnail":"","woocommerce_single":"","woocommerce_gallery_thumbnail":""},"post_excerpt_stackable":"<p>Funding Circle Funding Opportunities We have started a Permaculture Design process for the Permaculture CoLab. We are applying permaculture design methodologies &amp; tools to the CoLab ecosystem. As this Funding Circle is forming, it is a wonderful opportunity to develop a \u201cPermaculture Design\u201d for the Funding Circle. In our 2nd meeting, we started into this \u201csocial permaculture\u201d territory by looking at \u201czones\u201d of people\u2019s involvement in the Funding Circle. It was a fun way for us to see our entry into the Funding Circle, and our potential positioning in its development. Zone 0 currently: Jillian, Aimee, Lauren anchoring starting the\u2026<\/p>\n","category_list":"","author_info":{"name":"Aimee","url":"https:\/\/perma.earth\/fr\/author\/aimee\/"},"comments_num":"0 commentaire","featured_image_urls_v2":{"full":"","thumbnail":"","medium":"","medium_large":"","large":"","1536x1536":"","2048x2048":"","trp-custom-language-flag":"","et-pb-post-main-image":"","et-pb-post-main-image-fullwidth":"","et-pb-portfolio-image":"","et-pb-portfolio-module-image":"","et-pb-portfolio-image-single":"","et-pb-gallery-module-image-portrait":"","et-pb-post-main-image-fullwidth-large":"","et-pb-image--responsive--desktop":"","et-pb-image--responsive--tablet":"","et-pb-image--responsive--phone":"","mailpoet_newsletter_max":"","woocommerce_thumbnail":"","woocommerce_single":"","woocommerce_gallery_thumbnail":""},"post_excerpt_stackable_v2":"<p>Funding Circle Funding Opportunities We have started a Permaculture Design process for the Permaculture CoLab. We are applying permaculture design methodologies &amp; tools to the CoLab ecosystem. As this Funding Circle is forming, it is a wonderful opportunity to develop a \u201cPermaculture Design\u201d for the Funding Circle. In our 2nd meeting, we started into this \u201csocial permaculture\u201d territory by looking at \u201czones\u201d of people\u2019s involvement in the Funding Circle. It was a fun way for us to see our entry into the Funding Circle, and our potential positioning in its development. Zone 0 currently: Jillian, Aimee, Lauren anchoring starting the\u2026<\/p>\n","category_list_v2":"","author_info_v2":{"name":"Aimee","url":"https:\/\/perma.earth\/fr\/author\/aimee\/"},"comments_num_v2":"0 commentaire","_links":{"self":[{"href":"https:\/\/perma.earth\/fr\/wp-json\/wp\/v2\/pages\/3713","targetHints":{"allow":["GET"]}}],"collection":[{"href":"https:\/\/perma.earth\/fr\/wp-json\/wp\/v2\/pages"}],"about":[{"href":"https:\/\/perma.earth\/fr\/wp-json\/wp\/v2\/types\/page"}],"author":[{"embeddable":true,"href":"https:\/\/perma.earth\/fr\/wp-json\/wp\/v2\/users\/33"}],"replies":[{"embeddable":true,"href":"https:\/\/perma.earth\/fr\/wp-json\/wp\/v2\/comments?post=3713"}],"version-history":[{"count":2,"href":"https:\/\/perma.earth\/fr\/wp-json\/wp\/v2\/pages\/3713\/revisions"}],"predecessor-version":[{"id":3757,"href":"https:\/\/perma.earth\/fr\/wp-json\/wp\/v2\/pages\/3713\/revisions\/3757"}],"wp:attachment":[{"href":"https:\/\/perma.earth\/fr\/wp-json\/wp\/v2\/media?parent=3713"}],"curies":[{"name":"wp","href":"https:\/\/api.w.org\/{rel}","templated":true}]}}