{"id":3744,"date":"2021-11-02T14:55:40","date_gmt":"2021-11-02T14:55:40","guid":{"rendered":"https:\/\/perma.earth\/?page_id=3744"},"modified":"2021-11-02T15:01:47","modified_gmt":"2021-11-02T15:01:47","slug":"notes-de-reunion-archivees","status":"publish","type":"page","link":"https:\/\/perma.earth\/fr\/archived-meeting-notes\/","title":{"rendered":"Funding Circle Incubation Notes de r\u00e9union archiv\u00e9es"},"content":{"rendered":"<div class=\"wp-block-buttons is-content-justification-center is-layout-flex wp-block-buttons-is-layout-flex\">\n<div class=\"wp-block-button has-custom-width wp-block-button__width-50 is-style-outline is-style-outline--1\"><a class=\"wp-block-button__link\" href=\"https:\/\/perma.earth\/fr\/cercle-de-financement\/\">Cercle de financement<\/a><\/div>\n\n\n\n<div class=\"wp-block-button has-custom-width wp-block-button__width-50 is-style-outline is-style-outline--2\"><a class=\"wp-block-button__link\" href=\"https:\/\/perma.earth\/fr\/possibilites-de-financement\/\">Possibilit\u00e9s de financement<\/a><\/div>\n<\/div>\n\n\n\n<p><em>Les<\/em> <strong><a rel=\"noreferrer noopener\" href=\"https:\/\/cloud.perma.earth\/apps\/onlyoffice\/256394?filePath=%2FFunding%20Circle%2FFunding%20Circle%20Log%20Book.docx\" target=\"_blank\">Journal de bord du cercle de financement<\/a><\/strong> <em>se trouve dans le compte \"NextCloud\" du Permaculture CoLab. Le LogBook est l'endroit o\u00f9 nous prenons nos notes pour les r\u00e9unions du Cercle. NextCloud est une alternative \u00e9thique \u00e0 Google Drive, qui utilise beaucoup moins d'\u00e9nergie pour faire fonctionner les serveurs, et qui nous permet de poss\u00e9der nos propres donn\u00e9es. Vous pouvez cliquer sur le lien ci-dessus pour consulter le journal de bord, mais nous avons coll\u00e9 ci-dessous quelques extraits de la derni\u00e8re r\u00e9union.<\/em><\/p>\n\n\n\n<h4 class=\"wp-block-heading\">Veuillez noter que nous n'utilisons plus le journal de bord. Les notes \u00e0 partir de la troisi\u00e8me r\u00e9union peuvent \u00eatre consult\u00e9es dans la section \"Journal de bord\". <a rel=\"noreferrer noopener\" href=\"https:\/\/miro.com\/app\/board\/o9J_lMubGIc=\/?invite_link_id=57659353436\" target=\"_blank\">tableau miro<\/a>.<\/h4>\n\n\n<style>.wp-block-kadence-spacer.kt-block-spacer-_725672-07 .kt-block-spacer{height:60px;}.wp-block-kadence-spacer.kt-block-spacer-_725672-07 .kt-divider{border-top-width:1px;height:1px;border-top-color:#eee;width:80%;border-top-style:solid;}<\/style>\n<div class=\"wp-block-kadence-spacer aligncenter kt-block-spacer-_725672-07\"><div class=\"kt-block-spacer kt-block-spacer-halign-center\" style=\"height:60px\"><hr class=\"kt-divider\" style=\"border-top-color:#eee;border-top-width:1px;width:80%;border-top-style:solid\"\/><\/div><\/div>\n\n\n\n<h3 class=\"wp-block-heading\" id=\"1st-Meeting-2021-01-25\">Premi\u00e8re r\u00e9union : 2021-01-25<\/h3>\n\n\n\n<p>Les participants, leur \"exp\u00e9rience\" et leurs \"int\u00e9r\u00eats\" :<\/p>\n\n\n\n<ul class=\"wp-block-list\"><li class=\"\"><strong>Andy Goldring, Association britannique de permaculture (Royaume-Uni)<\/strong><br>Exp\u00e9rience : Collecte de fonds pour les organisations. Int\u00e9r\u00eat : En tant que sponsor fiscal, collecter les fonds, examiner les demandes et aider le groupe \u00e0 aller de l'avant, aider \u00e0 clarifier les fa\u00e7ons dont les gens peuvent se connecter \u00e0 ce cercle, aider \u00e0 d\u00e9finir les r\u00f4les au sein du groupe.<\/li><li class=\"\"><strong>Padma Koppula, Aranya Agricultural Alternatives (Inde)<\/strong><br>Exp\u00e9rience : collecte de fonds pour IPC et ONG. Int\u00e9r\u00eat : apprendre et partager son exp\u00e9rience<\/li><li class=\"\"><strong>Margrethe Holzer, Conseil international de convergence de la permaculture (IPCC) (Autriche)<\/strong><br>Exp\u00e9rience : distribution de bourses d'\u00e9tudes pour les Convergences internationales de permaculture (IPC).<\/li><li class=\"\"><strong>John Nzira, Ukuvuna, ReScope, et Conseil international de convergence de la permaculture (IPCC) (Afrique du Sud)<\/strong><br>Exp\u00e9rience : collecte de fonds pour les CIP et les ONG, travail avec Permafund, suivi et \u00e9valuation et mesure de l'impact.<\/li><li class=\"\"><strong>Bermericke Bisimwa Dusabe, Fondation RURAL LDT (Ouganda)<\/strong><br>Exp\u00e9rience : p\u00e9pini\u00e8re d'entreprises sur le terrain en Afrique de l'Est.<\/li><li class=\"\"><strong>Hans Ryding (Su\u00e8de)<\/strong><br>Exp\u00e9rience : 15 ans d'exp\u00e9rience dans la collecte de fonds au niveau local, en lien avec les fonds de l'UE. Int\u00e9r\u00eat : aspect strat\u00e9gique du financement, collaborer \u00e0 de futures demandes, ne peut pas s'engager maintenant mais peut aider quand plus de d\u00e9tails seront donn\u00e9s (qu'il peut brancher).<\/li><li class=\"\"><strong>Hannah Apricot Eckberg, Abundant Earth Foundation (\u00c9tats-Unis)<\/strong><br>Exp\u00e9rience : a lev\u00e9 plus de 300K par le biais d'une association \u00e0 but non lucratif. Int\u00e9r\u00eat : partager l'exp\u00e9rience et l'apprentissage, aider \u00e0 attirer les investisseurs vers les projets, soutenir les projets am\u00e9ricains (je ne peux pas m'engager dans le groupe principal).<\/li><li class=\"\"><strong>Jillian Hovey, The Permaculture CoLab, et The Sustainable Living Network (Canada)<\/strong><br>Exp\u00e9rience : collecte de fonds pour une association \u00e0 but non lucratif et soutien \u00e0 d'autres projets. Int\u00e9r\u00eat : aider \u00e0 d\u00e9marrer les choses, aider \u00e0 affiner les objectifs, cr\u00e9er un \u00e9cosyst\u00e8me de financement robuste pour le Permaculture CoLab afin de soutenir la communaut\u00e9 mondiale de la permaculture.<\/li><li class=\"\"><strong>Lauren Minis, Permaculture CoLab, et Regeneration Pollination (\u00c9tats-Unis)<\/strong><br>Exp\u00e9rience : r\u00e9daction de quelques demandes de subventions. Int\u00e9r\u00eat : aider \u00e0 mettre en place un cercle de financement, voir comment elle peut soutenir la mise en commun de fonds pour des projets mondiaux et des moyens de subsistance.<\/li><li class=\"\"><strong>Aimee Fenech, The Permaculture CoLab, et EcoHacker Farm (Allemagne)<\/strong><br>Exp\u00e9rience : Financement de l'UE et initiatives locales, r\u00e9daction de propositions dans le cadre de CoLab. Int\u00e9r\u00eat : d\u00e9marrer le cercle de financement et s'assurer qu'il devienne autonome.<\/li><\/ul>\n\n\n\n<hr class=\"wp-block-separator\"\/>\n\n\n\n<h3 class=\"wp-block-heading\" id=\"Second-Full-Funding-Circle-Meeting\"><a href=\"https:\/\/fundingcircle.perma.earth\/#Second-Full-Funding-Circle-Meeting\"><\/a>Deuxi\u00e8me r\u00e9union du cercle de financement complet<\/h3>\n\n\n\n<h3 class=\"wp-block-heading\" id=\"Agenda-for-meeting-2021-04-19\"><a href=\"https:\/\/fundingcircle.perma.earth\/#Agenda-for-meeting-2021-04-19\"><\/a>Ordre du jour de la r\u00e9union 2021-04-19<\/h3>\n\n\n\n<ul class=\"wp-block-list\"><li class=\"\">14:00 - 14:10 Accueil et pr\u00e9sentation de l'ordre du jour<\/li><li class=\"\">14:10 - 14:40 Introductions : D'o\u00f9 vous appelez, pourquoi vous \u00eates int\u00e9ress\u00e9 \u00e0 soutenir le d\u00e9veloppement du Cercle des financeurs.<\/li><li class=\"\">14:40 - 14:50 Histoire du Permaculture CoLab et questions<\/li><li class=\"\">14:50 - 15:00 Sociocratie et Cercle de financement<\/li><li class=\"\"><em>Pause bio courte<\/em><\/li><li class=\"\">15:00 - 15:35 Mission et objectifs - Salles de r\u00e9union<\/li><li class=\"\">15:35 - 15:50 R\u00e9colte et discussion<\/li><li class=\"\">15:50 - 16:00 Prochaines \u00e9tapes Check Out<\/li><\/ul>\n\n\n\n<h3 class=\"wp-block-heading\" id=\"Participants\"><a href=\"https:\/\/fundingcircle.perma.earth\/#Participants\"><\/a><strong>Les participants :<\/strong><\/h3>\n\n\n\n<p><em>avec quelques informations sur leur parcours et leur disponibilit\u00e9 pour participer au Cercle des financeurs, avec les fuseaux horaires, dans l'ordre du soleil dans le monde ...<\/em><\/p>\n\n\n\n<ul class=\"wp-block-list\"><li class=\"\"><strong>Christina Sayson, Permaculture CoLab <em>(Philippines, UTC+8)<\/em><\/strong><br>Responsable de la formation du Global South Permaculture Network, un lieu o\u00f9 les gens peuvent \u00e9changer des ressources et discuter entre eux. Observateur et heureux de se connecter au sujet de la micro-finance (il en conna\u00eet les pi\u00e8ges).<\/li><li class=\"\"><strong>Narsanna Koppula, Aranya Agricultural Alternatives <em>(Inde, UTC+5.5)<\/em><\/strong><br>Invite les gens \u00e0 devenir des concepteurs et des enseignants en permaculture, afin de cr\u00e9er un r\u00e9seau dans le pays. Recherche le soutien de la communaut\u00e9 internationale et soutient les capacit\u00e9s des communaut\u00e9s locales. Je ne peux pas beaucoup participer en ce moment.<\/li><li class=\"\"><strong>Padma Koppula, Aranya Agricultural Alternatives <em>(Inde, UTC+5.5)<\/em><\/strong><br>Aide les communaut\u00e9s \u00e0 d\u00e9velopper des fermes, aide les enfants \u00e0 apprendre la permaculture, d\u00e9veloppe des campus scolaires avec des approches de permaculture, travaille avec les communaut\u00e9s indig\u00e8nes dans les zones tribales, d\u00e9veloppe des strat\u00e9gies pour les agriculteurs dans les zones de s\u00e9cheresse, des cours d'\u00e9ducation \u00e0 la permaculture, soutient des programmes de sensibilisation pour les agriculteurs, d\u00e9veloppe 100 agriculteurs avec l'int\u00e9gration d'animaux pour r\u00e9g\u00e9n\u00e9rer. Souhaite soutenir le CoLab et rechercher le soutien d'experts internationaux. Il cherchera \u00e0 obtenir un soutien l\u00e0 o\u00f9 c'est n\u00e9cessaire.<\/li><li class=\"\"><strong>Sneha Koppula, Aranya Agricultural Alternatives <em>(Inde, UTC+5.5)<\/em><\/strong><br>Elle vient de terminer son master aux \u00c9tats-Unis. Aide \u00e0 l'\u00e9laboration d'un programme d'\u00e9tudes. Elle se concentre sur les enfants et introduit la permaculture dans les \u00e9coles. Documenter les connaissances indig\u00e8nes dans les communaut\u00e9s locales. G\u00e8re des stagiaires \u00e0 la ferme. Souhaite rencontrer davantage de permiens de la premi\u00e8re g\u00e9n\u00e9ration. Elle observe et est heureuse d'\u00eatre un pont pour ses parents.<\/li><li class=\"\"><strong>Bermericke Bisimwa Dusabe, Fondation RURAL LDT <em>(Ouganda, UTC+3)<\/em><\/strong><br>Enseignant en permaculture et mentor de Permayouth, s'occupe de r\u00e9fugi\u00e9s dans un camp (et travaille avec des r\u00e9fugi\u00e9s au Kenya, en Ouganda et au Burundi), fait de la conception de permaculture urbaine avec des r\u00e9fugi\u00e9s.<\/li><li class=\"\"><strong>John Nzira, Ukuvuna, ReScope et Conseil international de convergence de la permaculture (IPCC) <em>(Afrique du Sud, UTC+2)<\/em><\/strong><br>D\u00e9veloppe des centres urbains pour le d\u00e9veloppement durable en Afrique du Sud, au Zimbabwe, au Malawi et dans d'autres pays du Sud - pour que les espaces urbains puissent produire la nourriture n\u00e9cessaire. Projet \u00e0 Rimpopo - un centre qui est une \u00e9cole, dirig\u00e9 par une communaut\u00e9 de permaculture. Au Zimbabwe, le centre est une propri\u00e9t\u00e9 familiale qui permet de d\u00e9velopper pleinement l'alimentation. Liens avec les universit\u00e9s, les \u00e9cologies locales, le conseil, les dirigeants politiques, les d\u00e9partements li\u00e9s \u00e0 leur travail, comme les secteurs de l'environnement et de la sylviculture. Il travaille sur un projet au Zimbabwe visant \u00e0 planter plus de 12 000 arbres (comestibles comme les macadamias, les noix de p\u00e9can, les avocats et les agrumes), un outil pour r\u00e9habiliter les terres d\u00e9grad\u00e9es. Elle travaille \u00e9galement avec Margreth au sein du GIEC, o\u00f9 elle distribue des fonds. Il y a un besoin de recherche, de suivi et d'\u00e9valuation, d'\u00e9valuation de la qualit\u00e9 des programmes de permaculture dans les communaut\u00e9s.<\/li><li class=\"\"><strong>Margrethe Holzer, Conseil international de convergence de la permaculture (IPCC) <em>(Autriche, UTC+2)<\/em><\/strong><br>Conseil international de convergence de la permaculture (IPCC), soutient l'Acad\u00e9mie de permaculture dans les r\u00e9gions alpines en organisant des cours en ligne, travaille dans les jardins communautaires, travaille dans le jardin local, travaille avec Julius Piti \u00e0 Foret au Zimbabwe. A aid\u00e9 \u00e0 distribuer des fonds pour les r\u00e9unions internationales \u00e0 ceux qui sont dans des r\u00e9gions qui ne peuvent pas se le permettre. Son principal int\u00e9r\u00eat est d'\u00e9tablir un lien avec le GIEC et les r\u00e9unions, et de voir le d\u00e9veloppement en Afrique.<\/li><li class=\"\"><strong>Aimee Fenech, The Permaculture CoLab, et EcoHacker Farm <em>(Allemagne, UTC+2)<\/em><\/strong><br>Membre du Permaculture CoLab, qui fait partie de EcoHacker Farm.<\/li><li class=\"\"><strong>Andy Goldring, Association britannique de permaculture <em>(ROYAUME-UNI, UTC+1)<\/em><\/strong><br>PDG de la Permaculture Association of Britain, professeur de permaculture \u00e0 Leeds, impliqu\u00e9 dans Our Future Leeds - un projet \u00e0 l'\u00e9chelle de la ville visant \u00e0 d\u00e9velopper un Leeds respectueux de l'environnement et socialement juste d'ici les ann\u00e9es 2030. Il n'a pas beaucoup de temps mais a beaucoup d'exp\u00e9rience dans l'obtention de fonds.<\/li><li class=\"\"><strong>Jillian Hovey, The Permaculture CoLab, et The Sustainable Living Network (R\u00e9seau pour une vie durable) <em>(Canada, UTC-4)<\/em><\/strong><br>Membre du Permaculture CoLab, a fond\u00e9 le Sustainable Living Network.<\/li><li class=\"\"><strong>Jane Hayes, Institut de permaculture d'Am\u00e9rique du Nord (PINA), <em>(Toronto, Canada, UTC-4)<\/em><\/strong><br>Il travaille au d\u00e9veloppement des communaut\u00e9s et si\u00e8ge au conseil d'administration de PINA. Il observera les tendances ici et verra comment elles peuvent \u00eatre amplifi\u00e9es\/\u00e9cho\u00efs\u00e9es, il veut voir comment apporter plus d'argent pour travailler au niveau local et se connecter au niveau mondial.<\/li><\/ul>\n\n\n\n<ul class=\"wp-block-list\"><li class=\"\"><strong>Lauren Minis, Permaculture CoLab, et Regeneration Pollination <em>(USA, UTC-6)<\/em><\/strong><br>Membre du Permaculture CoLab, et organisateur de Regeneration Pollination.<\/li><li class=\"\"><strong>Chad Thiessen, Futures Forward <em>(Colombie-Britannique, Canada, UTC-7)<\/em><\/strong><br>Soutien \u00e0 la cr\u00e9ation d'\u00e9conomies r\u00e9g\u00e9n\u00e9ratives au Kenya, \u00e9cosyst\u00e8me de financement de projets r\u00e9g\u00e9n\u00e9ratifs. Aime faire avancer les choses, ne pas parler des d\u00e9tails, veut soutenir les queues pour qu'elles puissent \u00eatre profond\u00e9ment connect\u00e9es au centre.<\/li><\/ul>\n\n\n<style>.wp-block-kadence-spacer.kt-block-spacer-_54983a-e5 .kt-block-spacer{height:60px;}.wp-block-kadence-spacer.kt-block-spacer-_54983a-e5 .kt-divider{border-top-width:1px;height:1px;border-top-color:#eee;width:80%;border-top-style:solid;}<\/style>\n<div class=\"wp-block-kadence-spacer aligncenter kt-block-spacer-_54983a-e5\"><div class=\"kt-block-spacer kt-block-spacer-halign-center\" style=\"height:60px\"><hr class=\"kt-divider\" style=\"border-top-color:#eee;border-top-width:1px;width:80%;border-top-style:solid\"\/><\/div><\/div>\n\n\n\n<h3 class=\"wp-block-heading\">Les notes \u00e0 partir de la troisi\u00e8me r\u00e9union peuvent \u00eatre consult\u00e9es dans la rubrique <a href=\"https:\/\/miro.com\/app\/board\/o9J_lMubGIc=\/?invite_link_id=57659353436\" target=\"_blank\" rel=\"noreferrer noopener\">tableau miro<\/a>.<\/h3>\n\n\n\n<p><\/p>","protected":false},"excerpt":{"rendered":"<p>The Funding Circle Logbook is in the Permaculture CoLab\u2019s \u201cNextCloud\u201d account. The LogBook is the location where we take our notes for Circle meetings. NextCloud is an ethical alternative to Google Drive, which uses far less energy for the servers to run, and it allows us to own our own data. You can click on [&hellip;]<\/p>\n","protected":false},"author":33,"featured_media":0,"parent":0,"menu_order":0,"comment_status":"closed","ping_status":"closed","template":"","meta":{"_acf_changed":false,"_et_pb_use_builder":"","_et_pb_old_content":"","_et_gb_content_width":"","footnotes":""},"class_list":["post-3744","page","type-page","status-publish","hentry"],"acf":[],"featured_image_urls":{"full":"","thumbnail":"","medium":"","medium_large":"","large":"","1536x1536":"","2048x2048":"","trp-custom-language-flag":"","et-pb-post-main-image":"","et-pb-post-main-image-fullwidth":"","et-pb-portfolio-image":"","et-pb-portfolio-module-image":"","et-pb-portfolio-image-single":"","et-pb-gallery-module-image-portrait":"","et-pb-post-main-image-fullwidth-large":"","et-pb-image--responsive--desktop":"","et-pb-image--responsive--tablet":"","et-pb-image--responsive--phone":"","mailpoet_newsletter_max":"","woocommerce_thumbnail":"","woocommerce_single":"","woocommerce_gallery_thumbnail":""},"post_excerpt_stackable":"<p>Funding Circle Funding Opportunities The Funding Circle Logbook is in the Permaculture CoLab\u2019s \u201cNextCloud\u201d account. The LogBook is the location where we take our notes for Circle meetings. NextCloud is an ethical alternative to Google Drive, which uses far less energy for the servers to run, and it allows us to own our own data. You can click on the link above to see the Logbook, but we pasted some highlights from the last meeting here below. Please note we are no longer using the Log Book &#8211; Notes from the third meeting onwards can be found in the miro\u2026<\/p>\n","category_list":"","author_info":{"name":"Aimee","url":"https:\/\/perma.earth\/fr\/author\/aimee\/"},"comments_num":"0 commentaire","featured_image_urls_v2":{"full":"","thumbnail":"","medium":"","medium_large":"","large":"","1536x1536":"","2048x2048":"","trp-custom-language-flag":"","et-pb-post-main-image":"","et-pb-post-main-image-fullwidth":"","et-pb-portfolio-image":"","et-pb-portfolio-module-image":"","et-pb-portfolio-image-single":"","et-pb-gallery-module-image-portrait":"","et-pb-post-main-image-fullwidth-large":"","et-pb-image--responsive--desktop":"","et-pb-image--responsive--tablet":"","et-pb-image--responsive--phone":"","mailpoet_newsletter_max":"","woocommerce_thumbnail":"","woocommerce_single":"","woocommerce_gallery_thumbnail":""},"post_excerpt_stackable_v2":"<p>Funding Circle Funding Opportunities The Funding Circle Logbook is in the Permaculture CoLab\u2019s \u201cNextCloud\u201d account. The LogBook is the location where we take our notes for Circle meetings. NextCloud is an ethical alternative to Google Drive, which uses far less energy for the servers to run, and it allows us to own our own data. You can click on the link above to see the Logbook, but we pasted some highlights from the last meeting here below. Please note we are no longer using the Log Book &#8211; Notes from the third meeting onwards can be found in the miro\u2026<\/p>\n","category_list_v2":"","author_info_v2":{"name":"Aimee","url":"https:\/\/perma.earth\/fr\/author\/aimee\/"},"comments_num_v2":"0 commentaire","_links":{"self":[{"href":"https:\/\/perma.earth\/fr\/wp-json\/wp\/v2\/pages\/3744","targetHints":{"allow":["GET"]}}],"collection":[{"href":"https:\/\/perma.earth\/fr\/wp-json\/wp\/v2\/pages"}],"about":[{"href":"https:\/\/perma.earth\/fr\/wp-json\/wp\/v2\/types\/page"}],"author":[{"embeddable":true,"href":"https:\/\/perma.earth\/fr\/wp-json\/wp\/v2\/users\/33"}],"replies":[{"embeddable":true,"href":"https:\/\/perma.earth\/fr\/wp-json\/wp\/v2\/comments?post=3744"}],"version-history":[{"count":5,"href":"https:\/\/perma.earth\/fr\/wp-json\/wp\/v2\/pages\/3744\/revisions"}],"predecessor-version":[{"id":3752,"href":"https:\/\/perma.earth\/fr\/wp-json\/wp\/v2\/pages\/3744\/revisions\/3752"}],"wp:attachment":[{"href":"https:\/\/perma.earth\/fr\/wp-json\/wp\/v2\/media?parent=3744"}],"curies":[{"name":"wp","href":"https:\/\/api.w.org\/{rel}","templated":true}]}}