{"id":809,"date":"2020-07-29T06:33:51","date_gmt":"2020-07-29T06:33:51","guid":{"rendered":"https:\/\/perma.earth\/?page_id=809"},"modified":"2025-10-21T12:53:51","modified_gmt":"2025-10-21T12:53:51","slug":"maintenir-un-espace-vivant-et-actif","status":"publish","type":"page","link":"https:\/\/perma.earth\/fr\/maintaining-a-vibrant-and-active-space\/","title":{"rendered":"Maintenir un espace vivant et actif"},"content":{"rendered":"<p>L'International Permaculture CoLab maintient une politique active en mati\u00e8re d'espace afin de maintenir un niveau d'engagement \u00e9lev\u00e9 et de rendre les limites de notre organisme plus explicites.<\/p>\n\n\n\n<p>La politique<strong> <\/strong>est que les membres qui <strong>ne pas participer \u00e0 l'espace communautaire CoLab pendant 6 mois<\/strong> auront leurs comptes <a href=\"https:\/\/slack.com\/intl\/en-hr\/help\/articles\/203953146-Deactivate-your-Slack-account\"><u>d\u00e9sactiv\u00e9<\/u><\/a>. Vous pouvez demander \u00e0 rejoindre le groupe \u00e0 tout moment - c'est facile.<\/p>\n\n\n\n<p><strong>Pour plus d'informations, veuillez lire la FAQ ci-dessous \ud83d\ude42 .<\/strong><\/p>\n\n\n\n<p>Je vous prie d'agr\u00e9er, Monsieur le Pr\u00e9sident, l'expression de mes sentiments distingu\u00e9s,<\/p>\n\n\n\n<p><strong><a href=\"https:\/\/perma.earth\/fr\/welcome-gardening-circle\/\" data-type=\"page\" data-id=\"890\">Cercle de bienvenue<\/a><\/strong><br>&nbsp;Aimee Fenech, Jyo Maan<\/p>\n\n\n\n<h2 class=\"wp-block-heading\">FAQ<\/h2>\n\n\n\n<p>Attendez, quoi ?<\/p>\n\n\n\n<p>La mission du CoLab est ambitieuse : il s'agit de <strong>renforcer la coh\u00e9rence et l'efficacit\u00e9 de la permaculture du niveau local au niveau mondial<\/strong>. Il ne s'agit pas d'une p\u00e9tition que l'on signe une fois, ni d'un groupe Facebook que l'on rejoint par int\u00e9r\u00eat occasionnel - nous sommes une communaut\u00e9 de personnes \u00e0 travers le monde qui sont passionn\u00e9es par le service au mouvement de la permaculture et qui visent \u00e0 contribuer activement et durablement \u00e0 ce que cela se produise.<\/p>\n\n\n\n<p>Si vous souhaitez toujours participer, nous avons mis en place un processus d'int\u00e9gration qui peut vous aider \u00e0 trouver votre place dans cet organisme. Si vous pr\u00e9f\u00e9rez recevoir des mises \u00e0 jour peu fr\u00e9quentes, vous pouvez <a href=\"https:\/\/perma.earth\/fr\/relier\/\"><u>s'inscrire \u00e0 notre lettre d'information<\/u>.<\/a><\/p>\n\n\n\n<p>Nous appr\u00e9cions \u00e9galement la collaboration r\u00e9guli\u00e8re avec d'autres organisations de permaculture et maintenons un calendrier d'\u00e9v\u00e9nements qui contribue \u00e0 maintenir nos relations au-del\u00e0 (et \u00e0 l'int\u00e9rieur) des limites de l'\u00e9cosyst\u00e8me social du CoLab \ud83d\ude42 Nous sommes \u00e9galement heureux de pouvoir collaborer avec d'autres organisations de permaculture.<\/p>\n\n\n\n<h3 class=\"wp-block-heading\">Actif dans un cercle qui n'est pas dans l'Espace Communautaire ?<\/h3>\n\n\n\n<p>Nous esp\u00e9rons que cela n'affectera pas n\u00e9gativement les membres du CoLab et les cercles qui peuvent communiquer par d'autres canaux, bien que les responsables de cercles puissent souhaiter conserver leur statut de membre du CoLab. <strong>votre propre liste de membres actifs<\/strong>Vous pouvez ainsi <strong>ont toujours acc\u00e8s aux fils<\/strong> qui peuvent \u00eatre li\u00e9s.<\/p>\n\n\n\n<h3 class=\"wp-block-heading\">Puis-je devenir membre plus tard ?<\/h3>\n\n\n\n<p>Oui, absolument ! Nous vous encourageons \u00e0 vous r\u00e9inscrire une fois que cela correspondra mieux \u00e0 votre vie.<\/p>\n\n\n\n<p>Il suffit de s'inscrire <a href=\"https:\/\/perma.earth\/fr\/relier\/\"><u>ici<\/u>.<\/a> Vous b\u00e9n\u00e9ficierez d'un nouvel accueil (simplifi\u00e9 si votre derni\u00e8re connexion remonte \u00e0 moins de 12 mois), qui vous aidera \u00e0 naviguer dans notre espace de travail.<\/p>\n\n\n\n<p>Nous travaillons \u00e9galement \u00e0 la mise en place d'un moyen plus facile de visualiser les donn\u00e9es de la <strong>quels cercles et groupes de travail<\/strong> fonctionnent dans le CoLab ainsi que des<strong> <\/strong><a href=\"https:\/\/perma.earth\/fr\/ouvertures\/\" data-type=\"page\" data-id=\"832\"><strong>ouvertures<\/strong><\/a><a href=\"https:\/\/perma.earth\/fr\/ouvertures\/\" data-type=\"page\" data-id=\"832\"> <\/a>et des informations sur <strong>allocations ou salaires<\/strong> pour ceux-ci. Si vous n'avez pas encore trouv\u00e9 votre \"vocation\", vous pouvez d\u00e9sencombrer votre vie en quittant le CoLab maintenant et en suivant les mises \u00e0 jour de notre lettre d'information pour voir ce qui se pr\u00e9sente qui correspond \u00e0 votre parcours ; le <strong><a href=\"https:\/\/perma.earth\/fr\/evenements\/\" data-type=\"URL\" data-id=\"https:\/\/perma.earth\/events\/\">\u00e9v\u00e9nements en ligne<\/a><\/strong> pourrait \u00eatre un meilleur moyen de se connecter.<\/p>\n\n\n\n<p>Il sera ainsi plus facile de d\u00e9terminer \u00e0 l'avance comment vous pouvez vous int\u00e9grer dans le paysage social, que ce soit en r\u00e9digeant une proposition pour combler une lacune, en incubant un nouveau cercle, en participant de mani\u00e8re occasionnelle \u00e0 un cercle ou en reliant votre travail \u00e0 notre n\u0153ud. Cet \u00e9cosyst\u00e8me est encore en cours de maturation... sans contr\u00f4le centralis\u00e9 !<\/p>","protected":false},"excerpt":{"rendered":"<p>The International Permaculture CoLab maintains an active space policy to keep engagement high and make the boundaries of our organism more explicit. The policy is that members who do not participate in the CoLab Community Space for 6 months will have their accounts deactivated. You can ask to rejoin anytime &#8211; easypeasy. For more information [&hellip;]<\/p>\n","protected":false},"author":33,"featured_media":0,"parent":0,"menu_order":0,"comment_status":"closed","ping_status":"closed","template":"","meta":{"_acf_changed":false,"_et_pb_use_builder":"off","_et_pb_old_content":"<!-- wp:paragraph -->\n<p>The International Permaculture CoLab maintains an active space policy to keep engagement high and make the boundaries of our organism more explicit.<\/p>\n<!-- \/wp:paragraph -->\n\n<!-- wp:paragraph -->\n<p>The policy<strong> <\/strong>is that members who <strong>do not participate in the slack for 6 months<\/strong> will have their accounts <a href=\"https:\/\/slack.com\/intl\/en-hr\/help\/articles\/203953146-Deactivate-your-Slack-account\"><u>deactivated<\/u><\/a>. You ask to rejoin anytime - easypeasy.<\/p>\n<!-- \/wp:paragraph -->\n\n<!-- wp:paragraph -->\n<p><strong>For more information please read the FAQ below :)<\/strong><\/p>\n<!-- \/wp:paragraph -->\n\n<!-- wp:paragraph -->\n<p>Sincerely,<\/p>\n<!-- \/wp:paragraph -->\n\n<!-- wp:paragraph -->\n<p><strong><a href=\"https:\/\/perma.earth\/welcome-gardening-circle\/\" data-type=\"page\" data-id=\"890\">Welcome Gardening Circle<\/a><\/strong><br>&nbsp;Aimee Fenech, Jyo Maan, Charles Blass<\/p>\n<!-- \/wp:paragraph -->\n\n<!-- wp:heading -->\n<h2 class=\"wp-block-heading\">FAQ<\/h2>\n<!-- \/wp:heading -->\n\n<!-- wp:paragraph -->\n<p>Wait, what?<\/p>\n<!-- \/wp:paragraph -->\n\n<!-- wp:paragraph -->\n<p>The CoLab has an ambitious mission; to <strong>enhance the local to global coherence and effectiveness of permaculture<\/strong>. It\u2019s not a petition that you sign once, or a Facebook group that you join out of casual interest - we are a community of people around the world who are passionate about serving the permaculture movement and are aiming to contribute actively and sustainably to make this happen.<\/p>\n<!-- \/wp:paragraph -->\n\n<!-- wp:paragraph -->\n<p>If you are still interested in participating, we have in place an onboarding process that can support you to find your niche in this organism. If you\u2019re more interested in receiving infrequent updates, you can <a href=\"https:\/\/perma.earth\/\"><u>sign up for our newsletter<\/u><\/a>.<\/p>\n<!-- \/wp:paragraph -->\n\n<!-- wp:paragraph -->\n<p>We also welcome regular collaboration with other permaculture organizations and maintain a calendar fof events that contributes towards maintaining our relationships across (as well as within) the boundaries of the CoLab social ecosystem :)<\/p>\n<!-- \/wp:paragraph -->\n\n<!-- wp:heading {\"level\":3} -->\n<h3 class=\"wp-block-heading\">Active in a Circle that\u2019s not on Slack?<\/h3>\n<!-- \/wp:heading -->\n\n<!-- wp:paragraph -->\n<p>We trust that this will not negatively affect CoLab members and circles who may be communicating through other channels, though Circle Leads might like to maintain <strong>your own record of active members<\/strong>, so you can <strong>still have access to threads<\/strong> that may be linked to.<\/p>\n<!-- \/wp:paragraph -->\n\n<!-- wp:heading {\"level\":3} -->\n<h3 class=\"wp-block-heading\">Can I become a member later?<\/h3>\n<!-- \/wp:heading -->\n\n<!-- wp:paragraph -->\n<p>Yes absolutely! We encourage you to re-join once it fits your life better.<\/p>\n<!-- \/wp:paragraph -->\n\n<!-- wp:paragraph -->\n<p>All you have to do is sign up <a href=\"https:\/\/perma.earth\/contribute\/\"><u>here<\/u><\/a>. You\u2019ll get a new on-boarding (streamlined if it\u2019s been less than 12 months since your last login), which involves support navigating our workspace.<\/p>\n<!-- \/wp:paragraph -->\n\n<!-- wp:paragraph -->\n<p>We are also working on an easier way to view <strong>what circles and working groups<\/strong> are functioning in the CoLab as well as<strong> <\/strong><a href=\"https:\/\/perma.earth\/openings\/\" data-type=\"page\" data-id=\"832\"><strong>openings<\/strong><\/a><a href=\"https:\/\/perma.earth\/openings\/\" data-type=\"page\" data-id=\"832\"> <\/a>and information on <strong>stipends or wages<\/strong> for these. If you haven\u2019t found your \u2018calling\u2019 yet, you can de-clutter your life by leaving the CoLab now and following our newsletter updates to see what comes along that fits your journey; the <strong><a href=\"https:\/\/perma.earth\/events\/\" data-type=\"URL\" data-id=\"https:\/\/perma.earth\/events\/\">online events<\/a><\/strong> might be a better way to connect.<\/p>\n<!-- \/wp:paragraph -->\n\n<!-- wp:paragraph -->\n<p>This way it will be easier to figure out ahead of time how you might fit in to the social landscape; whether writing a proposal to fill a gap, incubating a new circle, participating casually in a circle, or linking your work with our node. This ecosystem is still maturing... without centralized control!<\/p>\n<!-- \/wp:paragraph -->","_et_gb_content_width":"","footnotes":""},"class_list":["post-809","page","type-page","status-publish","hentry"],"acf":[],"featured_image_urls":{"full":"","thumbnail":"","medium":"","medium_large":"","large":"","1536x1536":"","2048x2048":"","trp-custom-language-flag":"","et-pb-post-main-image":"","et-pb-post-main-image-fullwidth":"","et-pb-portfolio-image":"","et-pb-portfolio-module-image":"","et-pb-portfolio-image-single":"","et-pb-gallery-module-image-portrait":"","et-pb-post-main-image-fullwidth-large":"","et-pb-image--responsive--desktop":"","et-pb-image--responsive--tablet":"","et-pb-image--responsive--phone":"","mailpoet_newsletter_max":"","woocommerce_thumbnail":"","woocommerce_single":"","woocommerce_gallery_thumbnail":""},"post_excerpt_stackable":"<p>The International Permaculture CoLab maintains an active space policy to keep engagement high and make the boundaries of our organism more explicit. The policy is that members who do not participate in the CoLab Community Space for 6 months will have their accounts deactivated. You can ask to rejoin anytime &#8211; easypeasy. For more information please read the FAQ below \ud83d\ude42 Sincerely, Welcome Circle&nbsp;Aimee Fenech, Jyo Maan FAQ Wait, what? The CoLab has an ambitious mission; to enhance the local to global coherence and effectiveness of permaculture. It\u2019s not a petition that you sign once, or a Facebook group that\u2026<\/p>\n","category_list":"","author_info":{"name":"Aimee","url":"https:\/\/perma.earth\/fr\/author\/aimee\/"},"comments_num":"0 commentaire","featured_image_urls_v2":{"full":"","thumbnail":"","medium":"","medium_large":"","large":"","1536x1536":"","2048x2048":"","trp-custom-language-flag":"","et-pb-post-main-image":"","et-pb-post-main-image-fullwidth":"","et-pb-portfolio-image":"","et-pb-portfolio-module-image":"","et-pb-portfolio-image-single":"","et-pb-gallery-module-image-portrait":"","et-pb-post-main-image-fullwidth-large":"","et-pb-image--responsive--desktop":"","et-pb-image--responsive--tablet":"","et-pb-image--responsive--phone":"","mailpoet_newsletter_max":"","woocommerce_thumbnail":"","woocommerce_single":"","woocommerce_gallery_thumbnail":""},"post_excerpt_stackable_v2":"<p>The International Permaculture CoLab maintains an active space policy to keep engagement high and make the boundaries of our organism more explicit. The policy is that members who do not participate in the CoLab Community Space for 6 months will have their accounts deactivated. You can ask to rejoin anytime &#8211; easypeasy. For more information please read the FAQ below \ud83d\ude42 Sincerely, Welcome Circle&nbsp;Aimee Fenech, Jyo Maan FAQ Wait, what? The CoLab has an ambitious mission; to enhance the local to global coherence and effectiveness of permaculture. It\u2019s not a petition that you sign once, or a Facebook group that\u2026<\/p>\n","category_list_v2":"","author_info_v2":{"name":"Aimee","url":"https:\/\/perma.earth\/fr\/author\/aimee\/"},"comments_num_v2":"0 commentaire","_links":{"self":[{"href":"https:\/\/perma.earth\/fr\/wp-json\/wp\/v2\/pages\/809","targetHints":{"allow":["GET"]}}],"collection":[{"href":"https:\/\/perma.earth\/fr\/wp-json\/wp\/v2\/pages"}],"about":[{"href":"https:\/\/perma.earth\/fr\/wp-json\/wp\/v2\/types\/page"}],"author":[{"embeddable":true,"href":"https:\/\/perma.earth\/fr\/wp-json\/wp\/v2\/users\/33"}],"replies":[{"embeddable":true,"href":"https:\/\/perma.earth\/fr\/wp-json\/wp\/v2\/comments?post=809"}],"version-history":[{"count":16,"href":"https:\/\/perma.earth\/fr\/wp-json\/wp\/v2\/pages\/809\/revisions"}],"predecessor-version":[{"id":8407,"href":"https:\/\/perma.earth\/fr\/wp-json\/wp\/v2\/pages\/809\/revisions\/8407"}],"wp:attachment":[{"href":"https:\/\/perma.earth\/fr\/wp-json\/wp\/v2\/media?parent=809"}],"curies":[{"name":"wp","href":"https:\/\/api.w.org\/{rel}","templated":true}]}}