{"id":7001,"date":"2024-06-06T16:28:23","date_gmt":"2024-06-06T16:28:23","guid":{"rendered":"https:\/\/perma.earth\/?post_type=product&#038;p=7001"},"modified":"2026-04-17T09:20:14","modified_gmt":"2026-04-17T09:20:14","slug":"permaculture-places-in-the-metaverse-full-meeting-notes-and-links","status":"publish","type":"product","link":"https:\/\/perma.earth\/fr\/product\/permaculture-places-in-the-metaverse-full-meeting-notes-and-links\/","title":{"rendered":"Permaculture Places in the Metaverse - Notes compl\u00e8tes de la r\u00e9union et liens"},"content":{"rendered":"<p>Recherche et d\u00e9veloppement de mondes virtuels en 3D sur le th\u00e8me de la permaculture pour la plateforme open-source Mozilla Hubs. Ce document pr\u00e9sente les notes de la r\u00e9union et inclut des liens vers la sc\u00e8ne de la salle de r\u00e9union termin\u00e9e et vers une visite vid\u00e9o.<\/p>\n<p>Ce document a \u00e9t\u00e9 produit par le<a href=\"https:\/\/perma.earth\/fr\/projet\/lieux-de-permaculture-dans-le-metavers\/\"> Lieux de permaculture dans le Metaverse<\/a> l'\u00e9quipe. Ce travail a \u00e9t\u00e9 financ\u00e9 par la <a href=\"https:\/\/perma.earth\/fr\/projet\/festival-emergent\/\">Festival Emergent<\/a> dans le cadre de la <a href=\"https:\/\/perma.earth\/fr\/projet\/projet-prochaines-etapes-2\/\">Projet \"Next Steps\".<\/a><\/p>\n<p>&nbsp;<\/p>\n<div id=\"meta-origin\" data-coolorigin=\"https%3A%2F%2Fcollabora.collective.tools%2Fcool%2Fclipboard%3FWOPISrc%3Dhttps%253A%252F%252Fcloud.perma.earth%252Findex.php%252Fapps%252Frichdocuments%252Fwopi%252Ffiles%252F1090528_ocrwh2195e7x%26ServerId%3D74d25f04%26ViewId%3D5%26Tag%3D8d1371c1973b9b47\">\n<p>Nous avons cr\u00e9\u00e9 un court sondage pour les personnes qui t\u00e9l\u00e9chargent nos ressources. Si vous avez quelques minutes, nous appr\u00e9cierions grandement votre aide pour le remplir. Cela nous aidera \u00e0 am\u00e9liorer la qualit\u00e9 de nos ressources et \u00e0 mieux comprendre comment elles sont utilis\u00e9es.<\/p>\n<p><a href=\"https:\/\/cloud.perma.earth\/index.php\/apps\/forms\/s\/46if5A4NkE8nPHNDk4ZGarNL\">Remplissez le sondage ici. <\/a><\/p>\n<\/div>","protected":false},"excerpt":{"rendered":"<p>Research into and development of permaculture-themed virtual 3D worlds for the open-source Mozilla Hubs platform. This document outlines the meeting notes and includes links to the finished meeting room scene and to a video tour. This document was produced by the Permaculture Places in the Metaverse team. This work was funded by the Emergent Festival [&hellip;]<\/p>\n","protected":false},"featured_media":0,"comment_status":"open","ping_status":"closed","template":"","meta":{"_acf_changed":false,"_et_pb_use_builder":"","_et_pb_old_content":"","_et_gb_content_width":""},"product_brand":[],"product_cat":[193,271],"product_tag":[],"class_list":{"0":"post-7001","1":"product","2":"type-product","3":"status-publish","5":"product_cat-next-steps-project","6":"product_cat-research-case-study","8":"first","9":"instock","10":"downloadable","11":"shipping-taxable","12":"purchasable","13":"product-type-simple"},"acf":[],"featured_image_urls":{"full":"","thumbnail":"","medium":"","medium_large":"","large":"","1536x1536":"","2048x2048":"","trp-custom-language-flag":"","et-pb-post-main-image":"","et-pb-post-main-image-fullwidth":"","et-pb-portfolio-image":"","et-pb-portfolio-module-image":"","et-pb-portfolio-image-single":"","et-pb-gallery-module-image-portrait":"","et-pb-post-main-image-fullwidth-large":"","et-pb-image--responsive--desktop":"","et-pb-image--responsive--tablet":"","et-pb-image--responsive--phone":"","mailpoet_newsletter_max":"","woocommerce_thumbnail":"","woocommerce_single":"","woocommerce_gallery_thumbnail":""},"post_excerpt_stackable":"<p>Research into and development of permaculture-themed virtual 3D worlds for the open-source Mozilla Hubs platform. This document outlines the meeting notes and includes links to the finished meeting room scene and to a video tour. This document was produced by the Permaculture Places in the Metaverse team. This work was funded by the Emergent Festival as part of the Next Steps project. &nbsp; We have a created a short survey for people who are downloading our resources. If you have a couple of minutes we would greatly appreciate your help in filling it out. This will help to improve the\u2026<\/p>\n","category_list":"","author_info":{"name":"","url":""},"comments_num":"0 commentaire","featured_image_urls_v2":{"full":"","thumbnail":"","medium":"","medium_large":"","large":"","1536x1536":"","2048x2048":"","trp-custom-language-flag":"","et-pb-post-main-image":"","et-pb-post-main-image-fullwidth":"","et-pb-portfolio-image":"","et-pb-portfolio-module-image":"","et-pb-portfolio-image-single":"","et-pb-gallery-module-image-portrait":"","et-pb-post-main-image-fullwidth-large":"","et-pb-image--responsive--desktop":"","et-pb-image--responsive--tablet":"","et-pb-image--responsive--phone":"","mailpoet_newsletter_max":"","woocommerce_thumbnail":"","woocommerce_single":"","woocommerce_gallery_thumbnail":""},"post_excerpt_stackable_v2":"<p>Research into and development of permaculture-themed virtual 3D worlds for the open-source Mozilla Hubs platform. This document outlines the meeting notes and includes links to the finished meeting room scene and to a video tour. This document was produced by the Permaculture Places in the Metaverse team. This work was funded by the Emergent Festival as part of the Next Steps project. &nbsp; We have a created a short survey for people who are downloading our resources. If you have a couple of minutes we would greatly appreciate your help in filling it out. This will help to improve the\u2026<\/p>\n","category_list_v2":"","author_info_v2":{"name":"","url":""},"comments_num_v2":"0 commentaire","_links":{"self":[{"href":"https:\/\/perma.earth\/fr\/wp-json\/wp\/v2\/product\/7001","targetHints":{"allow":["GET"]}}],"collection":[{"href":"https:\/\/perma.earth\/fr\/wp-json\/wp\/v2\/product"}],"about":[{"href":"https:\/\/perma.earth\/fr\/wp-json\/wp\/v2\/types\/product"}],"replies":[{"embeddable":true,"href":"https:\/\/perma.earth\/fr\/wp-json\/wp\/v2\/comments?post=7001"}],"wp:attachment":[{"href":"https:\/\/perma.earth\/fr\/wp-json\/wp\/v2\/media?parent=7001"}],"wp:term":[{"taxonomy":"product_brand","embeddable":true,"href":"https:\/\/perma.earth\/fr\/wp-json\/wp\/v2\/product_brand?post=7001"},{"taxonomy":"product_cat","embeddable":true,"href":"https:\/\/perma.earth\/fr\/wp-json\/wp\/v2\/product_cat?post=7001"},{"taxonomy":"product_tag","embeddable":true,"href":"https:\/\/perma.earth\/fr\/wp-json\/wp\/v2\/product_tag?post=7001"}],"curies":[{"name":"wp","href":"https:\/\/api.w.org\/{rel}","templated":true}]}}