{"id":7445,"date":"2024-10-28T14:34:16","date_gmt":"2024-10-28T14:34:16","guid":{"rendered":"https:\/\/perma.earth\/?post_type=product&#038;p=7445"},"modified":"2026-03-23T21:48:16","modified_gmt":"2026-03-23T21:48:16","slug":"colab-blog-post-submission-guidelines","status":"publish","type":"product","link":"https:\/\/perma.earth\/fr\/product\/colab-blog-post-submission-guidelines\/","title":{"rendered":"Soumissions d'articles de blog du CoLab"},"content":{"rendered":"<p>Nous sommes ravis et nous nous sentons privil\u00e9gi\u00e9s de pouvoir offrir un espace sur la <a href=\"https:\/\/perma.earth\/fr\/\">perma.earth<\/a> site web destin\u00e9 aux membres de CoLab et aux r\u00e9seaux alli\u00e9s pour communiquer, informer et \u00e9duquer. Nous proposons une plateforme pour promouvoir les cercles CoLab, les groupes de travail et le travail des membres de CoLab dans tous les domaines de la permaculture. Des liens vers ces articles seront ajout\u00e9s aux newsletters mensuelles de CoLab et promus sur les comptes de m\u00e9dias sociaux de CoLab. Avant de soumettre un article de blog, veuillez lire ces directives.<\/p>\n<p>Ces lignes directrices ont \u00e9t\u00e9 produites par <a href=\"https:\/\/perma.earth\/fr\/projet\/activites-de-communication-et-dengagement\/\">Communication, sensibilisation et engagement<\/a> l'\u00e9quipe. Ce travail a \u00e9t\u00e9 financ\u00e9 par la <a href=\"https:\/\/perma.earth\/fr\/projet\/projet-prochaines-etapes-2\/\">Projet Next Steps<\/a> dans le cadre de la <a href=\"https:\/\/perma.earth\/fr\/\">International Permaculture CoLab.<\/a><\/p>","protected":false},"excerpt":{"rendered":"<p>We are excited and feel privileged to be able to offer space on the perma.earth website for CoLab members and Allied Networks to communicate, inform, and educate. We are offering a platform to promote CoLab circles, working groups and CoLab member\u2019s work across all permaculture domains. Links to these articles will be added to the [&hellip;]<\/p>\n","protected":false},"featured_media":8972,"comment_status":"open","ping_status":"closed","template":"","meta":{"_acf_changed":false,"_et_pb_use_builder":"off","_et_pb_old_content":"We are excited and feel privileged to be able to offer space on the www.perma.earth website for CoLab members and Allied Networks to communicate, inform, and educate. We are offering a platform to promote CoLab circles, working groups and member\u2019s work across all permaculture domains. Links to these articles will be added to the CoLab\u2019s monthly newsletters and promoted in the CoLab\u2019s social media accounts.","_et_gb_content_width":""},"product_brand":[],"product_cat":[192,193],"product_tag":[],"class_list":{"0":"post-7445","1":"product","2":"type-product","3":"status-publish","4":"has-post-thumbnail","6":"product_cat-community-organisation-templates","7":"product_cat-next-steps-project","9":"first","10":"instock","11":"downloadable","12":"shipping-taxable","13":"purchasable","14":"product-type-simple"},"acf":[],"featured_image_urls":{"full":["https:\/\/perma.earth\/wp-content\/uploads\/2026\/03\/Copy-of-wordpress-plus2.jpg",800,800,false],"thumbnail":["https:\/\/perma.earth\/wp-content\/uploads\/2026\/03\/Copy-of-wordpress-plus2-150x150.jpg",150,150,true],"medium":["https:\/\/perma.earth\/wp-content\/uploads\/2026\/03\/Copy-of-wordpress-plus2-300x300.jpg",300,300,true],"medium_large":["https:\/\/perma.earth\/wp-content\/uploads\/2026\/03\/Copy-of-wordpress-plus2-768x768.jpg",768,768,true],"large":["https:\/\/perma.earth\/wp-content\/uploads\/2026\/03\/Copy-of-wordpress-plus2.jpg",800,800,false],"1536x1536":["https:\/\/perma.earth\/wp-content\/uploads\/2026\/03\/Copy-of-wordpress-plus2.jpg",800,800,false],"2048x2048":["https:\/\/perma.earth\/wp-content\/uploads\/2026\/03\/Copy-of-wordpress-plus2.jpg",800,800,false],"trp-custom-language-flag":["https:\/\/perma.earth\/wp-content\/uploads\/2026\/03\/Copy-of-wordpress-plus2-12x12.jpg",12,12,true],"et-pb-post-main-image":["https:\/\/perma.earth\/wp-content\/uploads\/2026\/03\/Copy-of-wordpress-plus2-400x250.jpg",400,250,true],"et-pb-post-main-image-fullwidth":["https:\/\/perma.earth\/wp-content\/uploads\/2026\/03\/Copy-of-wordpress-plus2-800x675.jpg",800,675,true],"et-pb-portfolio-image":["https:\/\/perma.earth\/wp-content\/uploads\/2026\/03\/Copy-of-wordpress-plus2-400x284.jpg",400,284,true],"et-pb-portfolio-module-image":["https:\/\/perma.earth\/wp-content\/uploads\/2026\/03\/Copy-of-wordpress-plus2-510x382.jpg",510,382,true],"et-pb-portfolio-image-single":["https:\/\/perma.earth\/wp-content\/uploads\/2026\/03\/Copy-of-wordpress-plus2.jpg",800,800,false],"et-pb-gallery-module-image-portrait":["https:\/\/perma.earth\/wp-content\/uploads\/2026\/03\/Copy-of-wordpress-plus2-400x516.jpg",400,516,true],"et-pb-post-main-image-fullwidth-large":["https:\/\/perma.earth\/wp-content\/uploads\/2026\/03\/Copy-of-wordpress-plus2.jpg",800,800,false],"et-pb-image--responsive--desktop":["https:\/\/perma.earth\/wp-content\/uploads\/2026\/03\/Copy-of-wordpress-plus2.jpg",720,720,false],"et-pb-image--responsive--tablet":["https:\/\/perma.earth\/wp-content\/uploads\/2026\/03\/Copy-of-wordpress-plus2.jpg",551,551,false],"et-pb-image--responsive--phone":["https:\/\/perma.earth\/wp-content\/uploads\/2026\/03\/Copy-of-wordpress-plus2-480x480.jpg",270,270,true],"mailpoet_newsletter_max":["https:\/\/perma.earth\/wp-content\/uploads\/2026\/03\/Copy-of-wordpress-plus2.jpg",800,800,false],"woocommerce_thumbnail":["https:\/\/perma.earth\/wp-content\/uploads\/2026\/03\/Copy-of-wordpress-plus2-300x300.jpg",300,300,true],"woocommerce_single":["https:\/\/perma.earth\/wp-content\/uploads\/2026\/03\/Copy-of-wordpress-plus2-600x600.jpg",600,600,true],"woocommerce_gallery_thumbnail":["https:\/\/perma.earth\/wp-content\/uploads\/2026\/03\/Copy-of-wordpress-plus2-100x100.jpg",100,100,true]},"post_excerpt_stackable":"<p>We are excited and feel privileged to be able to offer space on the perma.earth website for CoLab members and Allied Networks to communicate, inform, and educate. We are offering a platform to promote CoLab circles, working groups and CoLab member\u2019s work across all permaculture domains. Links to these articles will be added to the CoLab\u2019s monthly newsletters and promoted in the CoLab\u2019s social media accounts. Before submitting a blog post, please read through these guidelines. These guidelines were produced by the Comms, Outreach and Engagement team. This work was funded by the Next Steps Project as part of the\u2026<\/p>\n","category_list":"","author_info":{"name":"","url":""},"comments_num":"0 commentaire","featured_image_urls_v2":{"full":["https:\/\/perma.earth\/wp-content\/uploads\/2026\/03\/Copy-of-wordpress-plus2.jpg",800,800,false],"thumbnail":["https:\/\/perma.earth\/wp-content\/uploads\/2026\/03\/Copy-of-wordpress-plus2-150x150.jpg",150,150,true],"medium":["https:\/\/perma.earth\/wp-content\/uploads\/2026\/03\/Copy-of-wordpress-plus2-300x300.jpg",300,300,true],"medium_large":["https:\/\/perma.earth\/wp-content\/uploads\/2026\/03\/Copy-of-wordpress-plus2-768x768.jpg",768,768,true],"large":["https:\/\/perma.earth\/wp-content\/uploads\/2026\/03\/Copy-of-wordpress-plus2.jpg",800,800,false],"1536x1536":["https:\/\/perma.earth\/wp-content\/uploads\/2026\/03\/Copy-of-wordpress-plus2.jpg",800,800,false],"2048x2048":["https:\/\/perma.earth\/wp-content\/uploads\/2026\/03\/Copy-of-wordpress-plus2.jpg",800,800,false],"trp-custom-language-flag":["https:\/\/perma.earth\/wp-content\/uploads\/2026\/03\/Copy-of-wordpress-plus2-12x12.jpg",12,12,true],"et-pb-post-main-image":["https:\/\/perma.earth\/wp-content\/uploads\/2026\/03\/Copy-of-wordpress-plus2-400x250.jpg",400,250,true],"et-pb-post-main-image-fullwidth":["https:\/\/perma.earth\/wp-content\/uploads\/2026\/03\/Copy-of-wordpress-plus2-800x675.jpg",800,675,true],"et-pb-portfolio-image":["https:\/\/perma.earth\/wp-content\/uploads\/2026\/03\/Copy-of-wordpress-plus2-400x284.jpg",400,284,true],"et-pb-portfolio-module-image":["https:\/\/perma.earth\/wp-content\/uploads\/2026\/03\/Copy-of-wordpress-plus2-510x382.jpg",510,382,true],"et-pb-portfolio-image-single":["https:\/\/perma.earth\/wp-content\/uploads\/2026\/03\/Copy-of-wordpress-plus2.jpg",800,800,false],"et-pb-gallery-module-image-portrait":["https:\/\/perma.earth\/wp-content\/uploads\/2026\/03\/Copy-of-wordpress-plus2-400x516.jpg",400,516,true],"et-pb-post-main-image-fullwidth-large":["https:\/\/perma.earth\/wp-content\/uploads\/2026\/03\/Copy-of-wordpress-plus2.jpg",800,800,false],"et-pb-image--responsive--desktop":["https:\/\/perma.earth\/wp-content\/uploads\/2026\/03\/Copy-of-wordpress-plus2.jpg",720,720,false],"et-pb-image--responsive--tablet":["https:\/\/perma.earth\/wp-content\/uploads\/2026\/03\/Copy-of-wordpress-plus2.jpg",551,551,false],"et-pb-image--responsive--phone":["https:\/\/perma.earth\/wp-content\/uploads\/2026\/03\/Copy-of-wordpress-plus2-480x480.jpg",270,270,true],"mailpoet_newsletter_max":["https:\/\/perma.earth\/wp-content\/uploads\/2026\/03\/Copy-of-wordpress-plus2.jpg",800,800,false],"woocommerce_thumbnail":["https:\/\/perma.earth\/wp-content\/uploads\/2026\/03\/Copy-of-wordpress-plus2-300x300.jpg",300,300,true],"woocommerce_single":["https:\/\/perma.earth\/wp-content\/uploads\/2026\/03\/Copy-of-wordpress-plus2-600x600.jpg",600,600,true],"woocommerce_gallery_thumbnail":["https:\/\/perma.earth\/wp-content\/uploads\/2026\/03\/Copy-of-wordpress-plus2-100x100.jpg",100,100,true]},"post_excerpt_stackable_v2":"<p>We are excited and feel privileged to be able to offer space on the perma.earth website for CoLab members and Allied Networks to communicate, inform, and educate. We are offering a platform to promote CoLab circles, working groups and CoLab member\u2019s work across all permaculture domains. Links to these articles will be added to the CoLab\u2019s monthly newsletters and promoted in the CoLab\u2019s social media accounts. Before submitting a blog post, please read through these guidelines. These guidelines were produced by the Comms, Outreach and Engagement team. This work was funded by the Next Steps Project as part of the\u2026<\/p>\n","category_list_v2":"","author_info_v2":{"name":"","url":""},"comments_num_v2":"0 commentaire","_links":{"self":[{"href":"https:\/\/perma.earth\/fr\/wp-json\/wp\/v2\/product\/7445","targetHints":{"allow":["GET"]}}],"collection":[{"href":"https:\/\/perma.earth\/fr\/wp-json\/wp\/v2\/product"}],"about":[{"href":"https:\/\/perma.earth\/fr\/wp-json\/wp\/v2\/types\/product"}],"replies":[{"embeddable":true,"href":"https:\/\/perma.earth\/fr\/wp-json\/wp\/v2\/comments?post=7445"}],"wp:featuredmedia":[{"embeddable":true,"href":"https:\/\/perma.earth\/fr\/wp-json\/wp\/v2\/media\/8972"}],"wp:attachment":[{"href":"https:\/\/perma.earth\/fr\/wp-json\/wp\/v2\/media?parent=7445"}],"wp:term":[{"taxonomy":"product_brand","embeddable":true,"href":"https:\/\/perma.earth\/fr\/wp-json\/wp\/v2\/product_brand?post=7445"},{"taxonomy":"product_cat","embeddable":true,"href":"https:\/\/perma.earth\/fr\/wp-json\/wp\/v2\/product_cat?post=7445"},{"taxonomy":"product_tag","embeddable":true,"href":"https:\/\/perma.earth\/fr\/wp-json\/wp\/v2\/product_tag?post=7445"}],"curies":[{"name":"wp","href":"https:\/\/api.w.org\/{rel}","templated":true}]}}