{"id":7449,"date":"2024-10-28T14:59:30","date_gmt":"2024-10-28T14:59:30","guid":{"rendered":"https:\/\/perma.earth\/?post_type=product&#038;p=7449"},"modified":"2026-03-23T21:53:59","modified_gmt":"2026-03-23T21:53:59","slug":"ecosocial-design-ebook","status":"publish","type":"product","link":"https:\/\/perma.earth\/fr\/product\/ecosocial-design-ebook\/","title":{"rendered":"EcoSocial Design eBook - Mettre le leadership et l'esprit d'entreprise au service d'un mode de vie r\u00e9g\u00e9n\u00e9rateur"},"content":{"rendered":"<p>Conception \u00e9cosociale :<br \/>\nMettre le leadership et l'esprit d'entreprise au service d'une vie r\u00e9g\u00e9n\u00e9ratrice<br \/>\npar Andrew Langford, membre du CoLab<\/p>\n<p>La conception \u00e9cosociale est un appel \u00e0 l'am\u00e9lioration de nos actions en faveur des personnes, de la plan\u00e8te et de toutes les formes de vie. Il \u00e9tend les notions de soin de la terre de la permaculture au domaine culturel. La pr\u00e9sentation vous imagine \u00e9galement en tant qu'acteur important de ce travail critique et vous propose des moyens d'obtenir du soutien.<\/p>\n<p>Pr\u00e9sent\u00e9 par <a href=\"https:\/\/gaiauniversity.org\/\">Universit\u00e9 Gaia<\/a>, En outre, des d\u00e9tails de ce livre complet font partie de leur programme d'\u00e9tudes pour le certificat Gaia U en conception \u00e9cosociale.<\/p>\n<p>\u201cIl s'agit d'un programme d'\u00e9tudes tr\u00e8s vari\u00e9 qui suppose, comme une sorte de pr\u00e9requis, une connaissance de la conception de la permaculture au niveau du praticien. La pratique de la permaculture est notre m\u00e9thode pr\u00e9f\u00e9r\u00e9e pour nous reconnecter \u00e0 la nature, en particulier parce qu'elle respecte ce que l'on appelle l'\u00e9thique verte profonde - le soin de la Terre, le soin des gens et les limites \u00e0 la consommation et \u00e0 la population. Ces \u00e9thiques essentielles d\u00e9passent le point de vue anthropocentrique au profit d'une perspective de la toile de vie : les humains font partie de cette toile de vie, ils n'en sont pas s\u00e9par\u00e9s, et donc, si les int\u00e9r\u00eats humains imm\u00e9diats entrent en conflit avec les int\u00e9r\u00eats de l'\u00e9cosyst\u00e8me, nous nous effor\u00e7ons de donner la priorit\u00e9 \u00e0 ce dernier. *Si vous n'avez pas de connaissances de base sur la conception de la permaculture, trouvez un cours de conception de la permaculture et commencez \u00e0 le mettre en pratique.\u201d<\/p>","protected":false},"excerpt":{"rendered":"<p>EcoSocial Design: Using Leadership and Enterprise in Service to Regenerative Living by CoLab member Andrew Langford Ecosocial Design is a call to upgrade our actions for people, planet and all life forms. It extends the substantial earth-care notions of permaculture into the cultural realm. The presentation also imagines you as a significant actor in this [&hellip;]<\/p>\n","protected":false},"featured_media":8974,"comment_status":"open","ping_status":"closed","template":"","meta":{"_acf_changed":false,"_et_pb_use_builder":"","_et_pb_old_content":"","_et_gb_content_width":""},"product_brand":[],"product_cat":[265],"product_tag":[],"class_list":{"0":"post-7449","1":"product","2":"type-product","3":"status-publish","4":"has-post-thumbnail","6":"product_cat-book","8":"first","9":"instock","10":"downloadable","11":"shipping-taxable","12":"purchasable","13":"product-type-simple"},"acf":[],"featured_image_urls":{"full":["https:\/\/perma.earth\/wp-content\/uploads\/2026\/03\/Copy-of-wordpress-plus.jpg",800,800,false],"thumbnail":["https:\/\/perma.earth\/wp-content\/uploads\/2026\/03\/Copy-of-wordpress-plus-150x150.jpg",150,150,true],"medium":["https:\/\/perma.earth\/wp-content\/uploads\/2026\/03\/Copy-of-wordpress-plus-300x300.jpg",300,300,true],"medium_large":["https:\/\/perma.earth\/wp-content\/uploads\/2026\/03\/Copy-of-wordpress-plus-768x768.jpg",768,768,true],"large":["https:\/\/perma.earth\/wp-content\/uploads\/2026\/03\/Copy-of-wordpress-plus.jpg",800,800,false],"1536x1536":["https:\/\/perma.earth\/wp-content\/uploads\/2026\/03\/Copy-of-wordpress-plus.jpg",800,800,false],"2048x2048":["https:\/\/perma.earth\/wp-content\/uploads\/2026\/03\/Copy-of-wordpress-plus.jpg",800,800,false],"trp-custom-language-flag":["https:\/\/perma.earth\/wp-content\/uploads\/2026\/03\/Copy-of-wordpress-plus-12x12.jpg",12,12,true],"et-pb-post-main-image":["https:\/\/perma.earth\/wp-content\/uploads\/2026\/03\/Copy-of-wordpress-plus-400x250.jpg",400,250,true],"et-pb-post-main-image-fullwidth":["https:\/\/perma.earth\/wp-content\/uploads\/2026\/03\/Copy-of-wordpress-plus-800x675.jpg",800,675,true],"et-pb-portfolio-image":["https:\/\/perma.earth\/wp-content\/uploads\/2026\/03\/Copy-of-wordpress-plus-400x284.jpg",400,284,true],"et-pb-portfolio-module-image":["https:\/\/perma.earth\/wp-content\/uploads\/2026\/03\/Copy-of-wordpress-plus-510x382.jpg",510,382,true],"et-pb-portfolio-image-single":["https:\/\/perma.earth\/wp-content\/uploads\/2026\/03\/Copy-of-wordpress-plus.jpg",800,800,false],"et-pb-gallery-module-image-portrait":["https:\/\/perma.earth\/wp-content\/uploads\/2026\/03\/Copy-of-wordpress-plus-400x516.jpg",400,516,true],"et-pb-post-main-image-fullwidth-large":["https:\/\/perma.earth\/wp-content\/uploads\/2026\/03\/Copy-of-wordpress-plus.jpg",800,800,false],"et-pb-image--responsive--desktop":["https:\/\/perma.earth\/wp-content\/uploads\/2026\/03\/Copy-of-wordpress-plus.jpg",720,720,false],"et-pb-image--responsive--tablet":["https:\/\/perma.earth\/wp-content\/uploads\/2026\/03\/Copy-of-wordpress-plus.jpg",551,551,false],"et-pb-image--responsive--phone":["https:\/\/perma.earth\/wp-content\/uploads\/2026\/03\/Copy-of-wordpress-plus-480x480.jpg",270,270,true],"mailpoet_newsletter_max":["https:\/\/perma.earth\/wp-content\/uploads\/2026\/03\/Copy-of-wordpress-plus.jpg",800,800,false],"woocommerce_thumbnail":["https:\/\/perma.earth\/wp-content\/uploads\/2026\/03\/Copy-of-wordpress-plus-300x300.jpg",300,300,true],"woocommerce_single":["https:\/\/perma.earth\/wp-content\/uploads\/2026\/03\/Copy-of-wordpress-plus-600x600.jpg",600,600,true],"woocommerce_gallery_thumbnail":["https:\/\/perma.earth\/wp-content\/uploads\/2026\/03\/Copy-of-wordpress-plus-100x100.jpg",100,100,true]},"post_excerpt_stackable":"<p>EcoSocial Design: Using Leadership and Enterprise in Service to Regenerative Living by CoLab member Andrew Langford Ecosocial Design is a call to upgrade our actions for people, planet and all life forms. It extends the substantial earth-care notions of permaculture into the cultural realm. The presentation also imagines you as a significant actor in this critical work and provides some means whereby you might access support. Presented by Gaia University, details from this full-length book are a part of their curriculum for their Gaia U Certificate in Ecosocial Design. \u201cIt is a wide ranging curriculum that assumes, as a kind\u2026<\/p>\n","category_list":"","author_info":{"name":"","url":""},"comments_num":"0 commentaire","featured_image_urls_v2":{"full":["https:\/\/perma.earth\/wp-content\/uploads\/2026\/03\/Copy-of-wordpress-plus.jpg",800,800,false],"thumbnail":["https:\/\/perma.earth\/wp-content\/uploads\/2026\/03\/Copy-of-wordpress-plus-150x150.jpg",150,150,true],"medium":["https:\/\/perma.earth\/wp-content\/uploads\/2026\/03\/Copy-of-wordpress-plus-300x300.jpg",300,300,true],"medium_large":["https:\/\/perma.earth\/wp-content\/uploads\/2026\/03\/Copy-of-wordpress-plus-768x768.jpg",768,768,true],"large":["https:\/\/perma.earth\/wp-content\/uploads\/2026\/03\/Copy-of-wordpress-plus.jpg",800,800,false],"1536x1536":["https:\/\/perma.earth\/wp-content\/uploads\/2026\/03\/Copy-of-wordpress-plus.jpg",800,800,false],"2048x2048":["https:\/\/perma.earth\/wp-content\/uploads\/2026\/03\/Copy-of-wordpress-plus.jpg",800,800,false],"trp-custom-language-flag":["https:\/\/perma.earth\/wp-content\/uploads\/2026\/03\/Copy-of-wordpress-plus-12x12.jpg",12,12,true],"et-pb-post-main-image":["https:\/\/perma.earth\/wp-content\/uploads\/2026\/03\/Copy-of-wordpress-plus-400x250.jpg",400,250,true],"et-pb-post-main-image-fullwidth":["https:\/\/perma.earth\/wp-content\/uploads\/2026\/03\/Copy-of-wordpress-plus-800x675.jpg",800,675,true],"et-pb-portfolio-image":["https:\/\/perma.earth\/wp-content\/uploads\/2026\/03\/Copy-of-wordpress-plus-400x284.jpg",400,284,true],"et-pb-portfolio-module-image":["https:\/\/perma.earth\/wp-content\/uploads\/2026\/03\/Copy-of-wordpress-plus-510x382.jpg",510,382,true],"et-pb-portfolio-image-single":["https:\/\/perma.earth\/wp-content\/uploads\/2026\/03\/Copy-of-wordpress-plus.jpg",800,800,false],"et-pb-gallery-module-image-portrait":["https:\/\/perma.earth\/wp-content\/uploads\/2026\/03\/Copy-of-wordpress-plus-400x516.jpg",400,516,true],"et-pb-post-main-image-fullwidth-large":["https:\/\/perma.earth\/wp-content\/uploads\/2026\/03\/Copy-of-wordpress-plus.jpg",800,800,false],"et-pb-image--responsive--desktop":["https:\/\/perma.earth\/wp-content\/uploads\/2026\/03\/Copy-of-wordpress-plus.jpg",720,720,false],"et-pb-image--responsive--tablet":["https:\/\/perma.earth\/wp-content\/uploads\/2026\/03\/Copy-of-wordpress-plus.jpg",551,551,false],"et-pb-image--responsive--phone":["https:\/\/perma.earth\/wp-content\/uploads\/2026\/03\/Copy-of-wordpress-plus-480x480.jpg",270,270,true],"mailpoet_newsletter_max":["https:\/\/perma.earth\/wp-content\/uploads\/2026\/03\/Copy-of-wordpress-plus.jpg",800,800,false],"woocommerce_thumbnail":["https:\/\/perma.earth\/wp-content\/uploads\/2026\/03\/Copy-of-wordpress-plus-300x300.jpg",300,300,true],"woocommerce_single":["https:\/\/perma.earth\/wp-content\/uploads\/2026\/03\/Copy-of-wordpress-plus-600x600.jpg",600,600,true],"woocommerce_gallery_thumbnail":["https:\/\/perma.earth\/wp-content\/uploads\/2026\/03\/Copy-of-wordpress-plus-100x100.jpg",100,100,true]},"post_excerpt_stackable_v2":"<p>EcoSocial Design: Using Leadership and Enterprise in Service to Regenerative Living by CoLab member Andrew Langford Ecosocial Design is a call to upgrade our actions for people, planet and all life forms. It extends the substantial earth-care notions of permaculture into the cultural realm. The presentation also imagines you as a significant actor in this critical work and provides some means whereby you might access support. Presented by Gaia University, details from this full-length book are a part of their curriculum for their Gaia U Certificate in Ecosocial Design. \u201cIt is a wide ranging curriculum that assumes, as a kind\u2026<\/p>\n","category_list_v2":"","author_info_v2":{"name":"","url":""},"comments_num_v2":"0 commentaire","_links":{"self":[{"href":"https:\/\/perma.earth\/fr\/wp-json\/wp\/v2\/product\/7449","targetHints":{"allow":["GET"]}}],"collection":[{"href":"https:\/\/perma.earth\/fr\/wp-json\/wp\/v2\/product"}],"about":[{"href":"https:\/\/perma.earth\/fr\/wp-json\/wp\/v2\/types\/product"}],"replies":[{"embeddable":true,"href":"https:\/\/perma.earth\/fr\/wp-json\/wp\/v2\/comments?post=7449"}],"wp:featuredmedia":[{"embeddable":true,"href":"https:\/\/perma.earth\/fr\/wp-json\/wp\/v2\/media\/8974"}],"wp:attachment":[{"href":"https:\/\/perma.earth\/fr\/wp-json\/wp\/v2\/media?parent=7449"}],"wp:term":[{"taxonomy":"product_brand","embeddable":true,"href":"https:\/\/perma.earth\/fr\/wp-json\/wp\/v2\/product_brand?post=7449"},{"taxonomy":"product_cat","embeddable":true,"href":"https:\/\/perma.earth\/fr\/wp-json\/wp\/v2\/product_cat?post=7449"},{"taxonomy":"product_tag","embeddable":true,"href":"https:\/\/perma.earth\/fr\/wp-json\/wp\/v2\/product_tag?post=7449"}],"curies":[{"name":"wp","href":"https:\/\/api.w.org\/{rel}","templated":true}]}}