{"id":8778,"date":"2026-01-28T12:45:46","date_gmt":"2026-01-28T12:45:46","guid":{"rendered":"https:\/\/perma.earth\/?post_type=product&#038;p=8778"},"modified":"2026-03-23T20:49:42","modified_gmt":"2026-03-23T20:49:42","slug":"opensource-slack-alternative","status":"publish","type":"product","link":"https:\/\/perma.earth\/fr\/product\/opensource-slack-alternative\/","title":{"rendered":"Recherche et d\u00e9veloppement d'outils num\u00e9riques : Recherche alternative Open Source Slack"},"content":{"rendered":"<p>Un ensemble de recommandations qui r\u00e9sume le(s) candidat(s) le(s) plus appropri\u00e9(s) pouvant \u00eatre utilis\u00e9(s) \u00e0 la place de Slack. L'ensemble des recommandations comprendra la comparaison des fonctionnalit\u00e9s, l'impact \u00e9thique de la transition vers chacune d'entre elles et la facilit\u00e9 de la migration.<\/p>\n<p>Soutenir des entreprises multimilliardaires est incompatible avec les id\u00e9aux de la permaculture (PC). Dans l'exemple de Slack, qui appartient \u00e0 Salesforce, leur revenu annuel en 2024 \u00e9tait de $ 34,86 milliards - revenu $ 4,136 milliards. D'un c\u00f4t\u00e9, nous avons des entreprises qui n'\u00e9coutent pas les utilisateurs et qui sont uniquement motiv\u00e9es par le profit. D'autre part, nous avons des projets de loisir d'une seule personne qui sont incapables de fournir les fonctionnalit\u00e9s dont les gens ont besoin. Entre les deux, il existe une couche de groupes qui cr\u00e9ent des logiciels offrant des fonctionnalit\u00e9s sans \u00eatre ax\u00e9s sur le profit. Pour d\u00e9terminer dans quelle mesure, ou dans quelle mesure, nous pourrions nous rapprocher d'un id\u00e9al qui s'aligne sur le PC tout en offrant la plupart des fonctionnalit\u00e9s auxquelles les gens sont habitu\u00e9s et qu'ils consid\u00e8rent comme n\u00e9cessaires, il est n\u00e9cessaire de se pencher sur la question. Les groupes qui d\u00e9veloppent des logiciels ont \u00e9galement des valeurs non mon\u00e9taires qui diff\u00e8rent d'un projet \u00e0 l'autre. Il serait utile d'\u00e9tudier dans quelle mesure elles s'alignent sur les valeurs de la PC.<\/p>\n<p>Si vous souhaitez que votre communaut\u00e9, votre association ou votre r\u00e9seau adopte des outils plus \u00e9thiques, vous pouvez envoyer un courriel \u00e0 l'\u00e9quipe de recherche \u00e0 l'adresse suivante <a href=\"mailto:contact@thedigitalcircle.org\">contact@thedigitalcircle.org<\/a><\/p>","protected":false},"excerpt":{"rendered":"<p>A set of recommendations that summarises the most suitable candidate(s) that can be used instead of Slack. The set of recommendations will include the comparison of the features, the ethical impact of transitioning to each, and the ease of migration. Supporting multi-billion dollar corporations is incompatible with the ideals of Permaculture (PC). In the example [&hellip;]<\/p>\n","protected":false},"featured_media":8973,"comment_status":"closed","ping_status":"closed","template":"","meta":{"_acf_changed":false,"_et_pb_use_builder":"","_et_pb_old_content":"","_et_gb_content_width":""},"product_brand":[],"product_cat":[193,271],"product_tag":[],"class_list":{"0":"post-8778","1":"product","2":"type-product","3":"status-publish","4":"has-post-thumbnail","6":"product_cat-next-steps-project","7":"product_cat-research-case-study","9":"first","10":"instock","11":"downloadable","12":"virtual","13":"purchasable","14":"product-type-simple"},"acf":[],"featured_image_urls":{"full":["https:\/\/perma.earth\/wp-content\/uploads\/2026\/03\/Copy-of-wordpress-plus1.jpg",800,800,false],"thumbnail":["https:\/\/perma.earth\/wp-content\/uploads\/2026\/03\/Copy-of-wordpress-plus1-150x150.jpg",150,150,true],"medium":["https:\/\/perma.earth\/wp-content\/uploads\/2026\/03\/Copy-of-wordpress-plus1-300x300.jpg",300,300,true],"medium_large":["https:\/\/perma.earth\/wp-content\/uploads\/2026\/03\/Copy-of-wordpress-plus1-768x768.jpg",768,768,true],"large":["https:\/\/perma.earth\/wp-content\/uploads\/2026\/03\/Copy-of-wordpress-plus1.jpg",800,800,false],"1536x1536":["https:\/\/perma.earth\/wp-content\/uploads\/2026\/03\/Copy-of-wordpress-plus1.jpg",800,800,false],"2048x2048":["https:\/\/perma.earth\/wp-content\/uploads\/2026\/03\/Copy-of-wordpress-plus1.jpg",800,800,false],"trp-custom-language-flag":["https:\/\/perma.earth\/wp-content\/uploads\/2026\/03\/Copy-of-wordpress-plus1-12x12.jpg",12,12,true],"et-pb-post-main-image":["https:\/\/perma.earth\/wp-content\/uploads\/2026\/03\/Copy-of-wordpress-plus1-400x250.jpg",400,250,true],"et-pb-post-main-image-fullwidth":["https:\/\/perma.earth\/wp-content\/uploads\/2026\/03\/Copy-of-wordpress-plus1-800x675.jpg",800,675,true],"et-pb-portfolio-image":["https:\/\/perma.earth\/wp-content\/uploads\/2026\/03\/Copy-of-wordpress-plus1-400x284.jpg",400,284,true],"et-pb-portfolio-module-image":["https:\/\/perma.earth\/wp-content\/uploads\/2026\/03\/Copy-of-wordpress-plus1-510x382.jpg",510,382,true],"et-pb-portfolio-image-single":["https:\/\/perma.earth\/wp-content\/uploads\/2026\/03\/Copy-of-wordpress-plus1.jpg",800,800,false],"et-pb-gallery-module-image-portrait":["https:\/\/perma.earth\/wp-content\/uploads\/2026\/03\/Copy-of-wordpress-plus1-400x516.jpg",400,516,true],"et-pb-post-main-image-fullwidth-large":["https:\/\/perma.earth\/wp-content\/uploads\/2026\/03\/Copy-of-wordpress-plus1.jpg",800,800,false],"et-pb-image--responsive--desktop":["https:\/\/perma.earth\/wp-content\/uploads\/2026\/03\/Copy-of-wordpress-plus1.jpg",720,720,false],"et-pb-image--responsive--tablet":["https:\/\/perma.earth\/wp-content\/uploads\/2026\/03\/Copy-of-wordpress-plus1.jpg",551,551,false],"et-pb-image--responsive--phone":["https:\/\/perma.earth\/wp-content\/uploads\/2026\/03\/Copy-of-wordpress-plus1-480x480.jpg",270,270,true],"mailpoet_newsletter_max":["https:\/\/perma.earth\/wp-content\/uploads\/2026\/03\/Copy-of-wordpress-plus1.jpg",800,800,false],"woocommerce_thumbnail":["https:\/\/perma.earth\/wp-content\/uploads\/2026\/03\/Copy-of-wordpress-plus1-300x300.jpg",300,300,true],"woocommerce_single":["https:\/\/perma.earth\/wp-content\/uploads\/2026\/03\/Copy-of-wordpress-plus1-600x600.jpg",600,600,true],"woocommerce_gallery_thumbnail":["https:\/\/perma.earth\/wp-content\/uploads\/2026\/03\/Copy-of-wordpress-plus1-100x100.jpg",100,100,true]},"post_excerpt_stackable":"<p>A set of recommendations that summarises the most suitable candidate(s) that can be used instead of Slack. The set of recommendations will include the comparison of the features, the ethical impact of transitioning to each, and the ease of migration. Supporting multi-billion dollar corporations is incompatible with the ideals of Permaculture (PC). In the example of Slack, which is owned by Salesforce, their yearly revenue in 2024 was $ 34.86 billion \u2013 income $ 4.136 billion. On one hand we have corporations that do not listen to users and are purely driven by profit. On the other hand we have\u2026<\/p>\n","category_list":"","author_info":{"name":"","url":""},"comments_num":"0 commentaire","featured_image_urls_v2":{"full":["https:\/\/perma.earth\/wp-content\/uploads\/2026\/03\/Copy-of-wordpress-plus1.jpg",800,800,false],"thumbnail":["https:\/\/perma.earth\/wp-content\/uploads\/2026\/03\/Copy-of-wordpress-plus1-150x150.jpg",150,150,true],"medium":["https:\/\/perma.earth\/wp-content\/uploads\/2026\/03\/Copy-of-wordpress-plus1-300x300.jpg",300,300,true],"medium_large":["https:\/\/perma.earth\/wp-content\/uploads\/2026\/03\/Copy-of-wordpress-plus1-768x768.jpg",768,768,true],"large":["https:\/\/perma.earth\/wp-content\/uploads\/2026\/03\/Copy-of-wordpress-plus1.jpg",800,800,false],"1536x1536":["https:\/\/perma.earth\/wp-content\/uploads\/2026\/03\/Copy-of-wordpress-plus1.jpg",800,800,false],"2048x2048":["https:\/\/perma.earth\/wp-content\/uploads\/2026\/03\/Copy-of-wordpress-plus1.jpg",800,800,false],"trp-custom-language-flag":["https:\/\/perma.earth\/wp-content\/uploads\/2026\/03\/Copy-of-wordpress-plus1-12x12.jpg",12,12,true],"et-pb-post-main-image":["https:\/\/perma.earth\/wp-content\/uploads\/2026\/03\/Copy-of-wordpress-plus1-400x250.jpg",400,250,true],"et-pb-post-main-image-fullwidth":["https:\/\/perma.earth\/wp-content\/uploads\/2026\/03\/Copy-of-wordpress-plus1-800x675.jpg",800,675,true],"et-pb-portfolio-image":["https:\/\/perma.earth\/wp-content\/uploads\/2026\/03\/Copy-of-wordpress-plus1-400x284.jpg",400,284,true],"et-pb-portfolio-module-image":["https:\/\/perma.earth\/wp-content\/uploads\/2026\/03\/Copy-of-wordpress-plus1-510x382.jpg",510,382,true],"et-pb-portfolio-image-single":["https:\/\/perma.earth\/wp-content\/uploads\/2026\/03\/Copy-of-wordpress-plus1.jpg",800,800,false],"et-pb-gallery-module-image-portrait":["https:\/\/perma.earth\/wp-content\/uploads\/2026\/03\/Copy-of-wordpress-plus1-400x516.jpg",400,516,true],"et-pb-post-main-image-fullwidth-large":["https:\/\/perma.earth\/wp-content\/uploads\/2026\/03\/Copy-of-wordpress-plus1.jpg",800,800,false],"et-pb-image--responsive--desktop":["https:\/\/perma.earth\/wp-content\/uploads\/2026\/03\/Copy-of-wordpress-plus1.jpg",720,720,false],"et-pb-image--responsive--tablet":["https:\/\/perma.earth\/wp-content\/uploads\/2026\/03\/Copy-of-wordpress-plus1.jpg",551,551,false],"et-pb-image--responsive--phone":["https:\/\/perma.earth\/wp-content\/uploads\/2026\/03\/Copy-of-wordpress-plus1-480x480.jpg",270,270,true],"mailpoet_newsletter_max":["https:\/\/perma.earth\/wp-content\/uploads\/2026\/03\/Copy-of-wordpress-plus1.jpg",800,800,false],"woocommerce_thumbnail":["https:\/\/perma.earth\/wp-content\/uploads\/2026\/03\/Copy-of-wordpress-plus1-300x300.jpg",300,300,true],"woocommerce_single":["https:\/\/perma.earth\/wp-content\/uploads\/2026\/03\/Copy-of-wordpress-plus1-600x600.jpg",600,600,true],"woocommerce_gallery_thumbnail":["https:\/\/perma.earth\/wp-content\/uploads\/2026\/03\/Copy-of-wordpress-plus1-100x100.jpg",100,100,true]},"post_excerpt_stackable_v2":"<p>A set of recommendations that summarises the most suitable candidate(s) that can be used instead of Slack. The set of recommendations will include the comparison of the features, the ethical impact of transitioning to each, and the ease of migration. Supporting multi-billion dollar corporations is incompatible with the ideals of Permaculture (PC). In the example of Slack, which is owned by Salesforce, their yearly revenue in 2024 was $ 34.86 billion \u2013 income $ 4.136 billion. On one hand we have corporations that do not listen to users and are purely driven by profit. On the other hand we have\u2026<\/p>\n","category_list_v2":"","author_info_v2":{"name":"","url":""},"comments_num_v2":"0 commentaire","_links":{"self":[{"href":"https:\/\/perma.earth\/fr\/wp-json\/wp\/v2\/product\/8778","targetHints":{"allow":["GET"]}}],"collection":[{"href":"https:\/\/perma.earth\/fr\/wp-json\/wp\/v2\/product"}],"about":[{"href":"https:\/\/perma.earth\/fr\/wp-json\/wp\/v2\/types\/product"}],"replies":[{"embeddable":true,"href":"https:\/\/perma.earth\/fr\/wp-json\/wp\/v2\/comments?post=8778"}],"wp:featuredmedia":[{"embeddable":true,"href":"https:\/\/perma.earth\/fr\/wp-json\/wp\/v2\/media\/8973"}],"wp:attachment":[{"href":"https:\/\/perma.earth\/fr\/wp-json\/wp\/v2\/media?parent=8778"}],"wp:term":[{"taxonomy":"product_brand","embeddable":true,"href":"https:\/\/perma.earth\/fr\/wp-json\/wp\/v2\/product_brand?post=8778"},{"taxonomy":"product_cat","embeddable":true,"href":"https:\/\/perma.earth\/fr\/wp-json\/wp\/v2\/product_cat?post=8778"},{"taxonomy":"product_tag","embeddable":true,"href":"https:\/\/perma.earth\/fr\/wp-json\/wp\/v2\/product_tag?post=8778"}],"curies":[{"name":"wp","href":"https:\/\/api.w.org\/{rel}","templated":true}]}}