{"id":9404,"date":"2026-05-04T12:05:56","date_gmt":"2026-05-04T12:05:56","guid":{"rendered":"https:\/\/perma.earth\/?post_type=product&#038;p=9404"},"modified":"2026-05-04T12:05:56","modified_gmt":"2026-05-04T12:05:56","slug":"icaafs-continued-development","status":"publish","type":"product","link":"https:\/\/perma.earth\/fr\/product\/icaafs-continued-development\/","title":{"rendered":"D\u00e9veloppement continu d'iCAAFS"},"content":{"rendered":"<p>Ce t\u00e9l\u00e9chargement comprend 4 documents pr\u00e9sentant les travaux en cours sur le projet iCAAFS en 2025.<\/p>\n<p>&nbsp;<\/p>\n<div id=\"meta-origin\" data-coolorigin=\"https%3A%2F%2Fcollabora.collective.tools%2Fcool%2Fclipboard%3FWOPISrc%3Dhttps%253A%252F%252Fcloud.perma.earth%252Findex.php%252Fapps%252Frichdocuments%252Fwopi%252Ffiles%252F1084665_ocrwh2195e7x%26ServerId%3D74d25f04%26ViewId%3D4%26Tag%3D2fe595d9e9b0f4bb\">\n<div id=\"meta-origin\" data-coolorigin=\"https%3A%2F%2Fcollabora.collective.tools%2Fcool%2Fclipboard%3FWOPISrc%3Dhttps%253A%252F%252Fcloud.perma.earth%252Findex.php%252Fapps%252Frichdocuments%252Fwopi%252Ffiles%252F1084665_ocrwh2195e7x%26ServerId%3D74d25f04%26ViewId%3D4%26Tag%3D2fe595d9e9b0f4bb\">\n<p>Le premier t\u00e9l\u00e9chargement est un diaporama et une session d'information enregistr\u00e9e, intitul\u00e9e \u201c Session d'information sur l'acc\u00e8s continu \u00e0 iCAAFS CoLab 2026-2027 \u201d. Elle pr\u00e9sente la CoIFAE (Collaboration internationale pour l'accr\u00e9ditation des comp\u00e9tences anciennes et futures). Elle explique les badges ouverts et l'\u00e9ducation modulaire, expose le nouveau mod\u00e8le d'acc\u00e8s pour les membres de CoLab jusqu'en 2027 (y compris le statut de membre fondateur, les badges gratuits et les r\u00f4les de v\u00e9rificateur), et r\u00e9sume les services et l'\u00e9quipe principale derri\u00e8re l'initiative, avec un lien vers l'enregistrement complet sur Zoom pour ceux qui n'ont pas pu y assister en direct.<\/p>\n<p>Le deuxi\u00e8me t\u00e9l\u00e9chargement est un diaporama d'int\u00e9gration, \u201c iCAAFS Onboarding 2025 \u201d. Il pr\u00e9sente la Collaboration Internationale pour l'Accr\u00e9ditation des Comp\u00e9tences Anciennes et Futures (iCAAFS) comme un collectif d\u00e9centralis\u00e9 utilisant des badges ouverts et une \u00e9ducation modulaire pour aider les organisations r\u00e9g\u00e9n\u00e9ratives \u00e0 d\u00e9finir leur propre accr\u00e9ditation. Il guide les participants \u00e0 travers la n\u00e9cessit\u00e9 de l'iCAAFS, ce que sont les badges ouverts, quels types d'accr\u00e9ditations ils peuvent cr\u00e9er (\u00e9ducation, certification de produits, suivi et \u00e9valuation, adh\u00e9sion), les services offerts par l'\u00e9quipe, et ce qui est attendu des partenaires d'\u00e9tude de cas, avec un espace pour le check-in\/check-out et les prochaines actions.<\/p>\n<p>Le troisi\u00e8me t\u00e9l\u00e9chargement est une pr\u00e9sentation et une session enregistr\u00e9e, \u201c\u00a0S\u00e9ance de conception participative : \u00e9ducation modulaire en permaculture\u00a0\u201d, anim\u00e9e par iCAAFS et soutenue par le projet Next Steps du Permaculture CoLab. Elle pr\u00e9sente iCAAFS, les badges ouverts, les badges de jalon et le concept d\u00e9centralis\u00e9 et modulaire de PDC, puis guide les participants \u00e0 travers un processus participatif structur\u00e9 : visualisation guid\u00e9e, rondes d'expansion et de contraction, cartographie du contenu de base\/secondaire\/optionnel, et exploration des \u00e9quivalences et de l'\u00e9valuation des acquis de l'exp\u00e9rience (VAE). Les diapositives comprennent des notes collect\u00e9es \u00e0 partir d'un travail en direct avec des post-it, un ordre du jour clair, des questions de cl\u00f4ture, les coordonn\u00e9es et un lien vers l'enregistrement complet de la session Zoom.<\/p>\n<p>Le quatri\u00e8me t\u00e9l\u00e9chargement est un accord \u00e9crit de gouvernance et d'acc\u00e8s, \u201cCoLab Access to iCAAFS Badge Services: Governance Agreement 2026\u20132027\u201d. Il d\u00e9crit comment les membres du Permaculture CoLab peuvent continuer \u00e0 acc\u00e9der aux services de badges ouverts iCAAFS apr\u00e8s la fin de la p\u00e9riode de financement Next Steps. Il explique les phases de d\u00e9veloppement d'iCAAFS, clarifie que tout le mat\u00e9riel p\u00e9dagogique reste sous licence CC BY-SA, puis d\u00e9finit en langage clair ce qui est inclus pour les membres individuels du CoLab, pour le CoLab en tant qu'organisation et pour les participants aux \u00e9tudes de cas, ainsi que les conditions applicables aux badges \u201cgrand-p\u00e8re\u201d, les attentes en mati\u00e8re de r\u00e9ciprocit\u00e9, les exigences de v\u00e9rification, le maintien de l'adh\u00e9sion, et les motifs de suspension ou de retrait, avec un point de r\u00e9vision fix\u00e9 \u00e0 d\u00e9cembre 2027.<\/p>\n<p>&nbsp;<\/p>\n<\/div>\n<p><a href=\"https:\/\/perma.earth\/fr\/produit\/research-paper-introduction-to-icaafs-empowering-decentralised-accreditation-for-regenerative-practices-including-supplementary-materials\/\">Voici le lien vers les travaux pr\u00e9c\u00e9dents sur le projet iCAAFS.<\/a><\/p>\n<p>&nbsp;<\/p>\n<div id=\"meta-origin\" data-coolorigin=\"https%3A%2F%2Fcollabora.collective.tools%2Fcool%2Fclipboard%3FWOPISrc%3Dhttps%253A%252F%252Fcloud.perma.earth%252Findex.php%252Fapps%252Frichdocuments%252Fwopi%252Ffiles%252F1090528_ocrwh2195e7x%26ServerId%3D74d25f04%26ViewId%3D4%26Tag%3Dbbd25bd40f26e0e5\">\n<p>Ce travail a \u00e9t\u00e9 financ\u00e9 par la\u00a0<a href=\"https:\/\/perma.earth\/fr\/projet\/projet-prochaines-etapes-2\/\">Projet Next Steps<\/a>\u00a0dans le cadre de la\u00a0<a href=\"https:\/\/perma.earth\/fr\/\">International Permaculture CoLab.<\/a><\/p>\n<p>Nous avons cr\u00e9\u00e9 un court sondage pour les personnes qui t\u00e9l\u00e9chargent nos ressources. Si vous avez quelques minutes, nous appr\u00e9cierions grandement votre aide pour le remplir. Cela nous aidera \u00e0 am\u00e9liorer la qualit\u00e9 de nos ressources et \u00e0 mieux comprendre comment elles sont utilis\u00e9es.<\/p>\n<p><a href=\"https:\/\/cloud.perma.earth\/index.php\/apps\/forms\/s\/46if5A4NkE8nPHNDk4ZGarNL\">Remplissez le sondage ici. <\/a><\/p>\n<\/div>\n<\/div>","protected":false},"excerpt":{"rendered":"<p>Ce t\u00e9l\u00e9chargement comprend 4 documents pr\u00e9sentant les travaux en cours sur le projet iCAAFS en 2025.<\/p>","protected":false},"featured_media":8973,"comment_status":"closed","ping_status":"closed","template":"","meta":{"_acf_changed":false,"_et_pb_use_builder":"","_et_pb_old_content":"","_et_gb_content_width":""},"product_brand":[],"product_cat":[294,193,271],"product_tag":[],"class_list":{"0":"post-9404","1":"product","2":"type-product","3":"status-publish","4":"has-post-thumbnail","6":"product_cat-all-resources","7":"product_cat-next-steps-project","8":"product_cat-research-case-study","10":"first","11":"instock","12":"downloadable","13":"shipping-taxable","14":"purchasable","15":"product-type-simple"},"acf":[],"featured_image_urls":{"full":["https:\/\/perma.earth\/wp-content\/uploads\/2026\/03\/Copy-of-wordpress-plus1.jpg",800,800,false],"thumbnail":["https:\/\/perma.earth\/wp-content\/uploads\/2026\/03\/Copy-of-wordpress-plus1-150x150.jpg",150,150,true],"medium":["https:\/\/perma.earth\/wp-content\/uploads\/2026\/03\/Copy-of-wordpress-plus1-300x300.jpg",300,300,true],"medium_large":["https:\/\/perma.earth\/wp-content\/uploads\/2026\/03\/Copy-of-wordpress-plus1-768x768.jpg",768,768,true],"large":["https:\/\/perma.earth\/wp-content\/uploads\/2026\/03\/Copy-of-wordpress-plus1.jpg",800,800,false],"1536x1536":["https:\/\/perma.earth\/wp-content\/uploads\/2026\/03\/Copy-of-wordpress-plus1.jpg",800,800,false],"2048x2048":["https:\/\/perma.earth\/wp-content\/uploads\/2026\/03\/Copy-of-wordpress-plus1.jpg",800,800,false],"trp-custom-language-flag":["https:\/\/perma.earth\/wp-content\/uploads\/2026\/03\/Copy-of-wordpress-plus1-12x12.jpg",12,12,true],"et-pb-post-main-image":["https:\/\/perma.earth\/wp-content\/uploads\/2026\/03\/Copy-of-wordpress-plus1-400x250.jpg",400,250,true],"et-pb-post-main-image-fullwidth":["https:\/\/perma.earth\/wp-content\/uploads\/2026\/03\/Copy-of-wordpress-plus1-800x675.jpg",800,675,true],"et-pb-portfolio-image":["https:\/\/perma.earth\/wp-content\/uploads\/2026\/03\/Copy-of-wordpress-plus1-400x284.jpg",400,284,true],"et-pb-portfolio-module-image":["https:\/\/perma.earth\/wp-content\/uploads\/2026\/03\/Copy-of-wordpress-plus1-510x382.jpg",510,382,true],"et-pb-portfolio-image-single":["https:\/\/perma.earth\/wp-content\/uploads\/2026\/03\/Copy-of-wordpress-plus1.jpg",800,800,false],"et-pb-gallery-module-image-portrait":["https:\/\/perma.earth\/wp-content\/uploads\/2026\/03\/Copy-of-wordpress-plus1-400x516.jpg",400,516,true],"et-pb-post-main-image-fullwidth-large":["https:\/\/perma.earth\/wp-content\/uploads\/2026\/03\/Copy-of-wordpress-plus1.jpg",800,800,false],"et-pb-image--responsive--desktop":["https:\/\/perma.earth\/wp-content\/uploads\/2026\/03\/Copy-of-wordpress-plus1.jpg",720,720,false],"et-pb-image--responsive--tablet":["https:\/\/perma.earth\/wp-content\/uploads\/2026\/03\/Copy-of-wordpress-plus1.jpg",551,551,false],"et-pb-image--responsive--phone":["https:\/\/perma.earth\/wp-content\/uploads\/2026\/03\/Copy-of-wordpress-plus1-480x480.jpg",270,270,true],"mailpoet_newsletter_max":["https:\/\/perma.earth\/wp-content\/uploads\/2026\/03\/Copy-of-wordpress-plus1.jpg",800,800,false],"woocommerce_thumbnail":["https:\/\/perma.earth\/wp-content\/uploads\/2026\/03\/Copy-of-wordpress-plus1-300x300.jpg",300,300,true],"woocommerce_single":["https:\/\/perma.earth\/wp-content\/uploads\/2026\/03\/Copy-of-wordpress-plus1-600x600.jpg",600,600,true],"woocommerce_gallery_thumbnail":["https:\/\/perma.earth\/wp-content\/uploads\/2026\/03\/Copy-of-wordpress-plus1-100x100.jpg",100,100,true]},"post_excerpt_stackable":"<p>This download includes 4 documents showing the continued work on the iCAAFS project in 2025.<\/p>\n","category_list":"","author_info":{"name":"","url":""},"comments_num":"0 commentaire","featured_image_urls_v2":{"full":["https:\/\/perma.earth\/wp-content\/uploads\/2026\/03\/Copy-of-wordpress-plus1.jpg",800,800,false],"thumbnail":["https:\/\/perma.earth\/wp-content\/uploads\/2026\/03\/Copy-of-wordpress-plus1-150x150.jpg",150,150,true],"medium":["https:\/\/perma.earth\/wp-content\/uploads\/2026\/03\/Copy-of-wordpress-plus1-300x300.jpg",300,300,true],"medium_large":["https:\/\/perma.earth\/wp-content\/uploads\/2026\/03\/Copy-of-wordpress-plus1-768x768.jpg",768,768,true],"large":["https:\/\/perma.earth\/wp-content\/uploads\/2026\/03\/Copy-of-wordpress-plus1.jpg",800,800,false],"1536x1536":["https:\/\/perma.earth\/wp-content\/uploads\/2026\/03\/Copy-of-wordpress-plus1.jpg",800,800,false],"2048x2048":["https:\/\/perma.earth\/wp-content\/uploads\/2026\/03\/Copy-of-wordpress-plus1.jpg",800,800,false],"trp-custom-language-flag":["https:\/\/perma.earth\/wp-content\/uploads\/2026\/03\/Copy-of-wordpress-plus1-12x12.jpg",12,12,true],"et-pb-post-main-image":["https:\/\/perma.earth\/wp-content\/uploads\/2026\/03\/Copy-of-wordpress-plus1-400x250.jpg",400,250,true],"et-pb-post-main-image-fullwidth":["https:\/\/perma.earth\/wp-content\/uploads\/2026\/03\/Copy-of-wordpress-plus1-800x675.jpg",800,675,true],"et-pb-portfolio-image":["https:\/\/perma.earth\/wp-content\/uploads\/2026\/03\/Copy-of-wordpress-plus1-400x284.jpg",400,284,true],"et-pb-portfolio-module-image":["https:\/\/perma.earth\/wp-content\/uploads\/2026\/03\/Copy-of-wordpress-plus1-510x382.jpg",510,382,true],"et-pb-portfolio-image-single":["https:\/\/perma.earth\/wp-content\/uploads\/2026\/03\/Copy-of-wordpress-plus1.jpg",800,800,false],"et-pb-gallery-module-image-portrait":["https:\/\/perma.earth\/wp-content\/uploads\/2026\/03\/Copy-of-wordpress-plus1-400x516.jpg",400,516,true],"et-pb-post-main-image-fullwidth-large":["https:\/\/perma.earth\/wp-content\/uploads\/2026\/03\/Copy-of-wordpress-plus1.jpg",800,800,false],"et-pb-image--responsive--desktop":["https:\/\/perma.earth\/wp-content\/uploads\/2026\/03\/Copy-of-wordpress-plus1.jpg",720,720,false],"et-pb-image--responsive--tablet":["https:\/\/perma.earth\/wp-content\/uploads\/2026\/03\/Copy-of-wordpress-plus1.jpg",551,551,false],"et-pb-image--responsive--phone":["https:\/\/perma.earth\/wp-content\/uploads\/2026\/03\/Copy-of-wordpress-plus1-480x480.jpg",270,270,true],"mailpoet_newsletter_max":["https:\/\/perma.earth\/wp-content\/uploads\/2026\/03\/Copy-of-wordpress-plus1.jpg",800,800,false],"woocommerce_thumbnail":["https:\/\/perma.earth\/wp-content\/uploads\/2026\/03\/Copy-of-wordpress-plus1-300x300.jpg",300,300,true],"woocommerce_single":["https:\/\/perma.earth\/wp-content\/uploads\/2026\/03\/Copy-of-wordpress-plus1-600x600.jpg",600,600,true],"woocommerce_gallery_thumbnail":["https:\/\/perma.earth\/wp-content\/uploads\/2026\/03\/Copy-of-wordpress-plus1-100x100.jpg",100,100,true]},"post_excerpt_stackable_v2":"<p>This download includes 4 documents showing the continued work on the iCAAFS project in 2025.<\/p>\n","category_list_v2":"","author_info_v2":{"name":"","url":""},"comments_num_v2":"0 commentaire","_links":{"self":[{"href":"https:\/\/perma.earth\/fr\/wp-json\/wp\/v2\/product\/9404","targetHints":{"allow":["GET"]}}],"collection":[{"href":"https:\/\/perma.earth\/fr\/wp-json\/wp\/v2\/product"}],"about":[{"href":"https:\/\/perma.earth\/fr\/wp-json\/wp\/v2\/types\/product"}],"replies":[{"embeddable":true,"href":"https:\/\/perma.earth\/fr\/wp-json\/wp\/v2\/comments?post=9404"}],"wp:featuredmedia":[{"embeddable":true,"href":"https:\/\/perma.earth\/fr\/wp-json\/wp\/v2\/media\/8973"}],"wp:attachment":[{"href":"https:\/\/perma.earth\/fr\/wp-json\/wp\/v2\/media?parent=9404"}],"wp:term":[{"taxonomy":"product_brand","embeddable":true,"href":"https:\/\/perma.earth\/fr\/wp-json\/wp\/v2\/product_brand?post=9404"},{"taxonomy":"product_cat","embeddable":true,"href":"https:\/\/perma.earth\/fr\/wp-json\/wp\/v2\/product_cat?post=9404"},{"taxonomy":"product_tag","embeddable":true,"href":"https:\/\/perma.earth\/fr\/wp-json\/wp\/v2\/product_tag?post=9404"}],"curies":[{"name":"wp","href":"https:\/\/api.w.org\/{rel}","templated":true}]}}